{"id":8855,"date":"2018-09-22T17:43:00","date_gmt":"2018-09-22T16:43:00","guid":{"rendered":"https:\/\/avtoprevleke.si\/product\/import-placeholder-for-15080\/"},"modified":"2026-03-30T11:46:31","modified_gmt":"2026-03-30T10:46:31","slug":"avtoprevleka-po-meri-za-fiat-opel-doblo-2-combo","status":"publish","type":"product","link":"https:\/\/avtoprevleke.si\/it\/izdelki\/avtoprevleka-po-meri-za-fiat-opel-doblo-2-combo\/","title":{"rendered":"Avtoprevleka po meri za Fiat\/ Opel Doblo 2\/ Combo (2009-2015, 2015- \/ 2012+)"},"content":{"rendered":"<p>zadnji  naslon in sede\u017ei deljivi 1\/3 plus 2\/3, tretji pas (za osebo v sredini) izhaja iz naslona, isofix-pritrditev za otro\u0161ki sede\u017e,sprednji naslon je pritrjen na naslon voznika, \u0160ifra: 15080<\/p>","protected":false},"excerpt":{"rendered":"<p>zadnji  naslon in sede\u017ei deljivi 1\/3 plus 2\/3, tretji pas (za osebo v sredini) izhaja iz naslona, isofix-pritrditev za otro\u0161ki sede\u017e,sprednji naslon je pritrjen na naslon voznika<\/p>","protected":false},"featured_media":30133,"comment_status":"open","ping_status":"closed","template":"","meta":[],"product_brand":[],"product_cat":[1212,1213],"product_tag":[306,673],"class_list":{"0":"post-8855","1":"product","2":"type-product","3":"status-publish","4":"has-post-thumbnail","6":"product_cat-2009-2015-2012-2015","7":"product_cat-2009-2015-2012-2015-combo","8":"product_tag-fiat","9":"product_tag-opel","11":"first","12":"instock","13":"sale","14":"shipping-taxable","15":"purchasable","16":"product-type-variable"},"yoast_head":"<!-- This site is optimized with the Yoast SEO plugin v27.5 - https:\/\/yoast.com\/product\/yoast-seo-wordpress\/ -->\n<title>Avtoprevleka po meri za Fiat\/ Opel Doblo 2\/ Combo (2009-2015, 2015- \/ 2012+) - Avtoprevleke po meri | TECH PLUS<\/title>\n<meta name=\"robots\" content=\"index, follow, max-snippet:-1, max-image-preview:large, max-video-preview:-1\" \/>\n<link rel=\"canonical\" href=\"https:\/\/avtoprevleke.si\/it\/izdelki\/avtoprevleka-po-meri-za-fiat-opel-doblo-2-combo\/\" \/>\n<meta property=\"og:locale\" content=\"it_IT\" \/>\n<meta property=\"og:type\" content=\"article\" \/>\n<meta property=\"og:title\" content=\"Avtoprevleka po meri za Fiat\/ Opel Doblo 2\/ Combo (2009-2015, 2015- \/ 2012+) - Avtoprevleke po meri | TECH PLUS\" \/>\n<meta property=\"og:description\" content=\"zadnji naslon in sede\u017ei deljivi 1\/3 plus 2\/3, tretji pas (za osebo v sredini) izhaja iz naslona, isofix-pritrditev za otro\u0161ki sede\u017e,sprednji naslon je pritrjen na naslon voznika\" \/>\n<meta property=\"og:url\" content=\"https:\/\/avtoprevleke.si\/it\/izdelki\/avtoprevleka-po-meri-za-fiat-opel-doblo-2-combo\/\" \/>\n<meta property=\"og:site_name\" content=\"Avtoprevleke po meri | TECH PLUS\" \/>\n<meta property=\"article:modified_time\" content=\"2026-03-30T10:46:31+00:00\" \/>\n<meta property=\"og:image\" content=\"https:\/\/avtoprevleke.si\/wp-content\/uploads\/2018\/09\/avtoprevleka-za-fiat-Doblo2-Combinato_2.jpg\" \/>\n\t<meta property=\"og:image:width\" content=\"520\" \/>\n\t<meta property=\"og:image:height\" content=\"520\" \/>\n\t<meta property=\"og:image:type\" content=\"image\/jpeg\" \/>\n<meta name=\"twitter:card\" content=\"summary_large_image\" \/>\n<script type=\"application\/ld+json\" class=\"yoast-schema-graph\">{\"@context\":\"https:\\\/\\\/schema.org\",\"@graph\":[{\"@type\":\"WebPage\",\"@id\":\"https:\\\/\\\/avtoprevleke.si\\\/izdelki\\\/avtoprevleka-po-meri-za-fiat-opel-doblo-2-combo\\\/\",\"url\":\"https:\\\/\\\/avtoprevleke.si\\\/izdelki\\\/avtoprevleka-po-meri-za-fiat-opel-doblo-2-combo\\\/\",\"name\":\"Avtoprevleka po meri za Fiat\\\/ Opel Doblo 2\\\/ Combo (2009-2015, 2015- \\\/ 2012+) - Avtoprevleke po meri | TECH PLUS\",\"isPartOf\":{\"@id\":\"https:\\\/\\\/avtoprevleke.si\\\/#website\"},\"primaryImageOfPage\":{\"@id\":\"https:\\\/\\\/avtoprevleke.si\\\/izdelki\\\/avtoprevleka-po-meri-za-fiat-opel-doblo-2-combo\\\/#primaryimage\"},\"image\":{\"@id\":\"https:\\\/\\\/avtoprevleke.si\\\/izdelki\\\/avtoprevleka-po-meri-za-fiat-opel-doblo-2-combo\\\/#primaryimage\"},\"thumbnailUrl\":\"https:\\\/\\\/avtoprevleke.si\\\/wp-content\\\/uploads\\\/2018\\\/09\\\/avtoprevleka-za-fiat-Doblo2-Combinato_2.jpg\",\"datePublished\":\"2018-09-22T16:43:00+00:00\",\"dateModified\":\"2026-03-30T10:46:31+00:00\",\"breadcrumb\":{\"@id\":\"https:\\\/\\\/avtoprevleke.si\\\/izdelki\\\/avtoprevleka-po-meri-za-fiat-opel-doblo-2-combo\\\/#breadcrumb\"},\"inLanguage\":\"it-IT\",\"potentialAction\":[{\"@type\":\"ReadAction\",\"target\":[\"https:\\\/\\\/avtoprevleke.si\\\/izdelki\\\/avtoprevleka-po-meri-za-fiat-opel-doblo-2-combo\\\/\"]}]},{\"@type\":\"ImageObject\",\"inLanguage\":\"it-IT\",\"@id\":\"https:\\\/\\\/avtoprevleke.si\\\/izdelki\\\/avtoprevleka-po-meri-za-fiat-opel-doblo-2-combo\\\/#primaryimage\",\"url\":\"https:\\\/\\\/avtoprevleke.si\\\/wp-content\\\/uploads\\\/2018\\\/09\\\/avtoprevleka-za-fiat-Doblo2-Combinato_2.jpg\",\"contentUrl\":\"https:\\\/\\\/avtoprevleke.si\\\/wp-content\\\/uploads\\\/2018\\\/09\\\/avtoprevleka-za-fiat-Doblo2-Combinato_2.jpg\",\"width\":520,\"height\":520,\"caption\":\"Avtoprevleke za Fiat Doblo 2 Combinato\"},{\"@type\":\"BreadcrumbList\",\"@id\":\"https:\\\/\\\/avtoprevleke.si\\\/izdelki\\\/avtoprevleka-po-meri-za-fiat-opel-doblo-2-combo\\\/#breadcrumb\",\"itemListElement\":[{\"@type\":\"ListItem\",\"position\":1,\"name\":\"Home\",\"item\":\"https:\\\/\\\/avtoprevleke.si\\\/\"},{\"@type\":\"ListItem\",\"position\":2,\"name\":\"Prevleke po meri\",\"item\":\"https:\\\/\\\/avtoprevleke.si\\\/de\\\/individuelle-abdeckungen\\\/\"},{\"@type\":\"ListItem\",\"position\":3,\"name\":\"Avtoprevleka po meri za Fiat\\\/ Opel Doblo 2\\\/ Combo (2009-2015, 2015- \\\/ 2012+)\"}]},{\"@type\":\"WebSite\",\"@id\":\"https:\\\/\\\/avtoprevleke.si\\\/#website\",\"url\":\"https:\\\/\\\/avtoprevleke.si\\\/\",\"name\":\"Avtoprevleke po meri | TECH PLUS\",\"description\":\"Tipske avtoprevleke - sede\u017ene prevleke za avto\",\"publisher\":{\"@id\":\"https:\\\/\\\/avtoprevleke.si\\\/#organization\"},\"potentialAction\":[{\"@type\":\"SearchAction\",\"target\":{\"@type\":\"EntryPoint\",\"urlTemplate\":\"https:\\\/\\\/avtoprevleke.si\\\/?s={search_term_string}\"},\"query-input\":{\"@type\":\"PropertyValueSpecification\",\"valueRequired\":true,\"valueName\":\"search_term_string\"}}],\"inLanguage\":\"it-IT\"},{\"@type\":\"Organization\",\"@id\":\"https:\\\/\\\/avtoprevleke.si\\\/#organization\",\"name\":\"Avtoprevleke po meri | TECH PLUS\",\"url\":\"https:\\\/\\\/avtoprevleke.si\\\/\",\"logo\":{\"@type\":\"ImageObject\",\"inLanguage\":\"it-IT\",\"@id\":\"https:\\\/\\\/avtoprevleke.si\\\/#\\\/schema\\\/logo\\\/image\\\/\",\"url\":\"https:\\\/\\\/avtoprevleke.si\\\/wp-content\\\/uploads\\\/2018\\\/09\\\/avtoprevleke-logo.png\",\"contentUrl\":\"https:\\\/\\\/avtoprevleke.si\\\/wp-content\\\/uploads\\\/2018\\\/09\\\/avtoprevleke-logo.png\",\"width\":856,\"height\":330,\"caption\":\"Avtoprevleke po meri | TECH PLUS\"},\"image\":{\"@id\":\"https:\\\/\\\/avtoprevleke.si\\\/#\\\/schema\\\/logo\\\/image\\\/\"}}]}<\/script>\n<!-- \/ Yoast SEO plugin. -->","yoast_head_json":{"title":"Avtoprevleka po meri za Fiat\/ Opel Doblo 2\/ Combo (2009-2015, 2015- \/ 2012+) - Avtoprevleke po meri | TECH PLUS","robots":{"index":"index","follow":"follow","max-snippet":"max-snippet:-1","max-image-preview":"max-image-preview:large","max-video-preview":"max-video-preview:-1"},"canonical":"https:\/\/avtoprevleke.si\/it\/izdelki\/avtoprevleka-po-meri-za-fiat-opel-doblo-2-combo\/","og_locale":"it_IT","og_type":"article","og_title":"Avtoprevleka po meri za Fiat\/ Opel Doblo 2\/ Combo (2009-2015, 2015- \/ 2012+) - Avtoprevleke po meri | TECH PLUS","og_description":"zadnji naslon in sede\u017ei deljivi 1\/3 plus 2\/3, tretji pas (za osebo v sredini) izhaja iz naslona, isofix-pritrditev za otro\u0161ki sede\u017e,sprednji naslon je pritrjen na naslon voznika","og_url":"https:\/\/avtoprevleke.si\/it\/izdelki\/avtoprevleka-po-meri-za-fiat-opel-doblo-2-combo\/","og_site_name":"Avtoprevleke po meri | TECH PLUS","article_modified_time":"2026-03-30T10:46:31+00:00","og_image":[{"width":520,"height":520,"url":"https:\/\/avtoprevleke.si\/wp-content\/uploads\/2018\/09\/avtoprevleka-za-fiat-Doblo2-Combinato_2.jpg","type":"image\/jpeg"}],"twitter_card":"summary_large_image","schema":{"@context":"https:\/\/schema.org","@graph":[{"@type":"WebPage","@id":"https:\/\/avtoprevleke.si\/izdelki\/avtoprevleka-po-meri-za-fiat-opel-doblo-2-combo\/","url":"https:\/\/avtoprevleke.si\/izdelki\/avtoprevleka-po-meri-za-fiat-opel-doblo-2-combo\/","name":"Avtoprevleka po meri za Fiat\/ Opel Doblo 2\/ Combo (2009-2015, 2015- \/ 2012+) - Avtoprevleke po meri | TECH PLUS","isPartOf":{"@id":"https:\/\/avtoprevleke.si\/#website"},"primaryImageOfPage":{"@id":"https:\/\/avtoprevleke.si\/izdelki\/avtoprevleka-po-meri-za-fiat-opel-doblo-2-combo\/#primaryimage"},"image":{"@id":"https:\/\/avtoprevleke.si\/izdelki\/avtoprevleka-po-meri-za-fiat-opel-doblo-2-combo\/#primaryimage"},"thumbnailUrl":"https:\/\/avtoprevleke.si\/wp-content\/uploads\/2018\/09\/avtoprevleka-za-fiat-Doblo2-Combinato_2.jpg","datePublished":"2018-09-22T16:43:00+00:00","dateModified":"2026-03-30T10:46:31+00:00","breadcrumb":{"@id":"https:\/\/avtoprevleke.si\/izdelki\/avtoprevleka-po-meri-za-fiat-opel-doblo-2-combo\/#breadcrumb"},"inLanguage":"it-IT","potentialAction":[{"@type":"ReadAction","target":["https:\/\/avtoprevleke.si\/izdelki\/avtoprevleka-po-meri-za-fiat-opel-doblo-2-combo\/"]}]},{"@type":"ImageObject","inLanguage":"it-IT","@id":"https:\/\/avtoprevleke.si\/izdelki\/avtoprevleka-po-meri-za-fiat-opel-doblo-2-combo\/#primaryimage","url":"https:\/\/avtoprevleke.si\/wp-content\/uploads\/2018\/09\/avtoprevleka-za-fiat-Doblo2-Combinato_2.jpg","contentUrl":"https:\/\/avtoprevleke.si\/wp-content\/uploads\/2018\/09\/avtoprevleka-za-fiat-Doblo2-Combinato_2.jpg","width":520,"height":520,"caption":"Avtoprevleke za Fiat Doblo 2 Combinato"},{"@type":"BreadcrumbList","@id":"https:\/\/avtoprevleke.si\/izdelki\/avtoprevleka-po-meri-za-fiat-opel-doblo-2-combo\/#breadcrumb","itemListElement":[{"@type":"ListItem","position":1,"name":"Home","item":"https:\/\/avtoprevleke.si\/"},{"@type":"ListItem","position":2,"name":"Prevleke po meri","item":"https:\/\/avtoprevleke.si\/de\/individuelle-abdeckungen\/"},{"@type":"ListItem","position":3,"name":"Avtoprevleka po meri za Fiat\/ Opel Doblo 2\/ Combo (2009-2015, 2015- \/ 2012+)"}]},{"@type":"WebSite","@id":"https:\/\/avtoprevleke.si\/#website","url":"https:\/\/avtoprevleke.si\/","name":"Avtoprevleke po meri | TECH PLUS","description":"Tipske avtoprevleke - sede\u017ene prevleke za avto","publisher":{"@id":"https:\/\/avtoprevleke.si\/#organization"},"potentialAction":[{"@type":"SearchAction","target":{"@type":"EntryPoint","urlTemplate":"https:\/\/avtoprevleke.si\/?s={search_term_string}"},"query-input":{"@type":"PropertyValueSpecification","valueRequired":true,"valueName":"search_term_string"}}],"inLanguage":"it-IT"},{"@type":"Organization","@id":"https:\/\/avtoprevleke.si\/#organization","name":"Avtoprevleke po meri | TECH PLUS","url":"https:\/\/avtoprevleke.si\/","logo":{"@type":"ImageObject","inLanguage":"it-IT","@id":"https:\/\/avtoprevleke.si\/#\/schema\/logo\/image\/","url":"https:\/\/avtoprevleke.si\/wp-content\/uploads\/2018\/09\/avtoprevleke-logo.png","contentUrl":"https:\/\/avtoprevleke.si\/wp-content\/uploads\/2018\/09\/avtoprevleke-logo.png","width":856,"height":330,"caption":"Avtoprevleke po meri | TECH PLUS"},"image":{"@id":"https:\/\/avtoprevleke.si\/#\/schema\/logo\/image\/"}}]}},"_links":{"self":[{"href":"https:\/\/avtoprevleke.si\/it\/wp-json\/wp\/v2\/product\/8855","targetHints":{"allow":["GET"]}}],"collection":[{"href":"https:\/\/avtoprevleke.si\/it\/wp-json\/wp\/v2\/product"}],"about":[{"href":"https:\/\/avtoprevleke.si\/it\/wp-json\/wp\/v2\/types\/product"}],"replies":[{"embeddable":true,"href":"https:\/\/avtoprevleke.si\/it\/wp-json\/wp\/v2\/comments?post=8855"}],"wp:featuredmedia":[{"embeddable":true,"href":"https:\/\/avtoprevleke.si\/it\/wp-json\/wp\/v2\/media\/30133"}],"wp:attachment":[{"href":"https:\/\/avtoprevleke.si\/it\/wp-json\/wp\/v2\/media?parent=8855"}],"wp:term":[{"taxonomy":"product_brand","embeddable":true,"href":"https:\/\/avtoprevleke.si\/it\/wp-json\/wp\/v2\/product_brand?post=8855"},{"taxonomy":"product_cat","embeddable":true,"href":"https:\/\/avtoprevleke.si\/it\/wp-json\/wp\/v2\/product_cat?post=8855"},{"taxonomy":"product_tag","embeddable":true,"href":"https:\/\/avtoprevleke.si\/it\/wp-json\/wp\/v2\/product_tag?post=8855"}],"curies":[{"name":"wp","href":"https:\/\/api.w.org\/{rel}","templated":true}]}}