{"id":551,"date":"2018-09-17T21:26:09","date_gmt":"2018-09-17T20:26:09","guid":{"rendered":"https:\/\/avtoprevleke.si\/?post_type=product&#038;p=551"},"modified":"2024-02-13T10:30:51","modified_gmt":"2024-02-13T09:30:51","slug":"11-delne-univerzalne-prevleke-za-avto-finish-line-v-sivi-barvi","status":"publish","type":"product","link":"https:\/\/avtoprevleke.si\/it\/izdelki\/11-delne-univerzalne-prevleke-za-avto-finish-line-v-sivi-barvi\/","title":{"rendered":"11-delne univerzalne prevleke za avto v sivi barvi"},"content":{"rendered":"<p>Sede\u017ene prevleke za avto v sivi barvi poskrbijo za\u00a0preprost in moderen izgled\u00a0ter\u00a0za\u0161\u010dito sede\u017eev. Univerzalne prevleke za sede\u017ee so izdelane iz\u00a0100\u00a0% poliestra\u00a0in so primerne\u00a0za vsa vozila, tudi za vozila s\u00a0stranskimi zra\u010dnimi blazinami. Zadnji sede\u017ei so NEDELJIVI. V\u00a011-delnem setu sta 2\u00a0prevleki za sprednja sede\u017ea, prevleka za zadnji sede\u017e, prevleka za zadnje naslonjalo in 5\u00a0prevlek za naslonjalo\u00a0glave. \u0160ifra: RX57584<\/p>","protected":false},"excerpt":{"rendered":"<p>Sede\u017ene prevleke za avto v sivi barvi poskrbijo za preprost in moderen izgled ter za\u0161\u010dito sede\u017eev. Univerzalne prevleke za sede\u017ee so izdelane iz 100 % poliestra in so primerne za vsa vozila, tudi za vozila s stranskimi zra\u010dnimi blazinami. Zadnji sede\u017ei so NEDELJIVI.<\/p>\n<p>V 11-delnem setu sta 2 prevleki za sprednja sede\u017ea, prevleka za zadnji sede\u017e, prevleka za zadnje naslonjalo in 5 prevlek za naslonjalo glave.<\/p>","protected":false},"featured_media":33186,"comment_status":"open","ping_status":"closed","template":"","meta":[],"product_brand":[],"product_cat":[78],"product_tag":[],"class_list":{"0":"post-551","1":"product","2":"type-product","3":"status-publish","4":"has-post-thumbnail","6":"product_cat-univerzalne-prevleke","8":"first","9":"instock","10":"sale","11":"shipping-taxable","12":"purchasable","13":"product-type-simple"},"yoast_head":"<!-- This site is optimized with the Yoast SEO plugin v27.5 - https:\/\/yoast.com\/product\/yoast-seo-wordpress\/ -->\n<title>11-delne univerzalne prevleke za avto v sivi barvi - Avtoprevleke po meri | TECH PLUS<\/title>\n<meta name=\"robots\" content=\"index, follow, max-snippet:-1, max-image-preview:large, max-video-preview:-1\" \/>\n<link rel=\"canonical\" href=\"https:\/\/avtoprevleke.si\/it\/izdelki\/11-delne-univerzalne-prevleke-za-avto-finish-line-v-sivi-barvi\/\" \/>\n<meta property=\"og:locale\" content=\"it_IT\" \/>\n<meta property=\"og:type\" content=\"article\" \/>\n<meta property=\"og:title\" content=\"11-delne univerzalne prevleke za avto v sivi barvi - Avtoprevleke po meri | TECH PLUS\" \/>\n<meta property=\"og:description\" content=\"Sede\u017ene prevleke za avto v sivi barvi poskrbijo za preprost in moderen izgled ter za\u0161\u010dito sede\u017eev. Univerzalne prevleke za sede\u017ee so izdelane iz 100 % poliestra in so primerne za vsa vozila, tudi za vozila s stranskimi zra\u010dnimi blazinami. Zadnji sede\u017ei so NEDELJIVI.  V 11-delnem setu sta 2 prevleki za sprednja sede\u017ea, prevleka za zadnji sede\u017e, prevleka za zadnje naslonjalo in 5 prevlek za naslonjalo glave.\" \/>\n<meta property=\"og:url\" content=\"https:\/\/avtoprevleke.si\/it\/izdelki\/11-delne-univerzalne-prevleke-za-avto-finish-line-v-sivi-barvi\/\" \/>\n<meta property=\"og:site_name\" content=\"Avtoprevleke po meri | TECH PLUS\" \/>\n<meta property=\"article:modified_time\" content=\"2024-02-13T09:30:51+00:00\" \/>\n<meta property=\"og:image\" content=\"https:\/\/avtoprevleke.si\/wp-content\/uploads\/2018\/09\/prevleka-sedeza-sport-11-delna-siva.jpg\" \/>\n\t<meta property=\"og:image:width\" content=\"600\" \/>\n\t<meta property=\"og:image:height\" content=\"600\" \/>\n\t<meta property=\"og:image:type\" content=\"image\/jpeg\" \/>\n<meta name=\"twitter:card\" content=\"summary_large_image\" \/>\n<script type=\"application\/ld+json\" class=\"yoast-schema-graph\">{\"@context\":\"https:\\\/\\\/schema.org\",\"@graph\":[{\"@type\":\"WebPage\",\"@id\":\"https:\\\/\\\/avtoprevleke.si\\\/izdelki\\\/11-delne-univerzalne-prevleke-za-avto-finish-line-v-sivi-barvi\\\/\",\"url\":\"https:\\\/\\\/avtoprevleke.si\\\/izdelki\\\/11-delne-univerzalne-prevleke-za-avto-finish-line-v-sivi-barvi\\\/\",\"name\":\"11-delne univerzalne prevleke za avto v sivi barvi - Avtoprevleke po meri | TECH PLUS\",\"isPartOf\":{\"@id\":\"https:\\\/\\\/avtoprevleke.si\\\/#website\"},\"primaryImageOfPage\":{\"@id\":\"https:\\\/\\\/avtoprevleke.si\\\/izdelki\\\/11-delne-univerzalne-prevleke-za-avto-finish-line-v-sivi-barvi\\\/#primaryimage\"},\"image\":{\"@id\":\"https:\\\/\\\/avtoprevleke.si\\\/izdelki\\\/11-delne-univerzalne-prevleke-za-avto-finish-line-v-sivi-barvi\\\/#primaryimage\"},\"thumbnailUrl\":\"https:\\\/\\\/avtoprevleke.si\\\/wp-content\\\/uploads\\\/2018\\\/09\\\/prevleka-sedeza-sport-11-delna-siva.jpg\",\"datePublished\":\"2018-09-17T20:26:09+00:00\",\"dateModified\":\"2024-02-13T09:30:51+00:00\",\"breadcrumb\":{\"@id\":\"https:\\\/\\\/avtoprevleke.si\\\/izdelki\\\/11-delne-univerzalne-prevleke-za-avto-finish-line-v-sivi-barvi\\\/#breadcrumb\"},\"inLanguage\":\"it-IT\",\"potentialAction\":[{\"@type\":\"ReadAction\",\"target\":[\"https:\\\/\\\/avtoprevleke.si\\\/izdelki\\\/11-delne-univerzalne-prevleke-za-avto-finish-line-v-sivi-barvi\\\/\"]}]},{\"@type\":\"ImageObject\",\"inLanguage\":\"it-IT\",\"@id\":\"https:\\\/\\\/avtoprevleke.si\\\/izdelki\\\/11-delne-univerzalne-prevleke-za-avto-finish-line-v-sivi-barvi\\\/#primaryimage\",\"url\":\"https:\\\/\\\/avtoprevleke.si\\\/wp-content\\\/uploads\\\/2018\\\/09\\\/prevleka-sedeza-sport-11-delna-siva.jpg\",\"contentUrl\":\"https:\\\/\\\/avtoprevleke.si\\\/wp-content\\\/uploads\\\/2018\\\/09\\\/prevleka-sedeza-sport-11-delna-siva.jpg\",\"width\":600,\"height\":600,\"caption\":\"Prevleka sede\u017ea za avto\"},{\"@type\":\"BreadcrumbList\",\"@id\":\"https:\\\/\\\/avtoprevleke.si\\\/izdelki\\\/11-delne-univerzalne-prevleke-za-avto-finish-line-v-sivi-barvi\\\/#breadcrumb\",\"itemListElement\":[{\"@type\":\"ListItem\",\"position\":1,\"name\":\"Home\",\"item\":\"https:\\\/\\\/avtoprevleke.si\\\/\"},{\"@type\":\"ListItem\",\"position\":2,\"name\":\"Prevleke po meri\",\"item\":\"https:\\\/\\\/avtoprevleke.si\\\/de\\\/individuelle-abdeckungen\\\/\"},{\"@type\":\"ListItem\",\"position\":3,\"name\":\"11-delne univerzalne prevleke za avto v sivi barvi\"}]},{\"@type\":\"WebSite\",\"@id\":\"https:\\\/\\\/avtoprevleke.si\\\/#website\",\"url\":\"https:\\\/\\\/avtoprevleke.si\\\/\",\"name\":\"Avtoprevleke po meri | TECH PLUS\",\"description\":\"Tipske avtoprevleke - sede\u017ene prevleke za avto\",\"publisher\":{\"@id\":\"https:\\\/\\\/avtoprevleke.si\\\/#organization\"},\"potentialAction\":[{\"@type\":\"SearchAction\",\"target\":{\"@type\":\"EntryPoint\",\"urlTemplate\":\"https:\\\/\\\/avtoprevleke.si\\\/?s={search_term_string}\"},\"query-input\":{\"@type\":\"PropertyValueSpecification\",\"valueRequired\":true,\"valueName\":\"search_term_string\"}}],\"inLanguage\":\"it-IT\"},{\"@type\":\"Organization\",\"@id\":\"https:\\\/\\\/avtoprevleke.si\\\/#organization\",\"name\":\"Avtoprevleke po meri | TECH PLUS\",\"url\":\"https:\\\/\\\/avtoprevleke.si\\\/\",\"logo\":{\"@type\":\"ImageObject\",\"inLanguage\":\"it-IT\",\"@id\":\"https:\\\/\\\/avtoprevleke.si\\\/#\\\/schema\\\/logo\\\/image\\\/\",\"url\":\"https:\\\/\\\/avtoprevleke.si\\\/wp-content\\\/uploads\\\/2018\\\/09\\\/avtoprevleke-logo.png\",\"contentUrl\":\"https:\\\/\\\/avtoprevleke.si\\\/wp-content\\\/uploads\\\/2018\\\/09\\\/avtoprevleke-logo.png\",\"width\":856,\"height\":330,\"caption\":\"Avtoprevleke po meri | TECH PLUS\"},\"image\":{\"@id\":\"https:\\\/\\\/avtoprevleke.si\\\/#\\\/schema\\\/logo\\\/image\\\/\"}}]}<\/script>\n<!-- \/ Yoast SEO plugin. -->","yoast_head_json":{"title":"11-delne univerzalne prevleke za avto v sivi barvi - Avtoprevleke po meri | TECH PLUS","robots":{"index":"index","follow":"follow","max-snippet":"max-snippet:-1","max-image-preview":"max-image-preview:large","max-video-preview":"max-video-preview:-1"},"canonical":"https:\/\/avtoprevleke.si\/it\/izdelki\/11-delne-univerzalne-prevleke-za-avto-finish-line-v-sivi-barvi\/","og_locale":"it_IT","og_type":"article","og_title":"11-delne univerzalne prevleke za avto v sivi barvi - Avtoprevleke po meri | TECH PLUS","og_description":"Sede\u017ene prevleke za avto v sivi barvi poskrbijo za preprost in moderen izgled ter za\u0161\u010dito sede\u017eev. Univerzalne prevleke za sede\u017ee so izdelane iz 100 % poliestra in so primerne za vsa vozila, tudi za vozila s stranskimi zra\u010dnimi blazinami. Zadnji sede\u017ei so NEDELJIVI.  V 11-delnem setu sta 2 prevleki za sprednja sede\u017ea, prevleka za zadnji sede\u017e, prevleka za zadnje naslonjalo in 5 prevlek za naslonjalo glave.","og_url":"https:\/\/avtoprevleke.si\/it\/izdelki\/11-delne-univerzalne-prevleke-za-avto-finish-line-v-sivi-barvi\/","og_site_name":"Avtoprevleke po meri | TECH PLUS","article_modified_time":"2024-02-13T09:30:51+00:00","og_image":[{"width":600,"height":600,"url":"https:\/\/avtoprevleke.si\/wp-content\/uploads\/2018\/09\/prevleka-sedeza-sport-11-delna-siva.jpg","type":"image\/jpeg"}],"twitter_card":"summary_large_image","schema":{"@context":"https:\/\/schema.org","@graph":[{"@type":"WebPage","@id":"https:\/\/avtoprevleke.si\/izdelki\/11-delne-univerzalne-prevleke-za-avto-finish-line-v-sivi-barvi\/","url":"https:\/\/avtoprevleke.si\/izdelki\/11-delne-univerzalne-prevleke-za-avto-finish-line-v-sivi-barvi\/","name":"11-delne univerzalne prevleke za avto v sivi barvi - Avtoprevleke po meri | TECH PLUS","isPartOf":{"@id":"https:\/\/avtoprevleke.si\/#website"},"primaryImageOfPage":{"@id":"https:\/\/avtoprevleke.si\/izdelki\/11-delne-univerzalne-prevleke-za-avto-finish-line-v-sivi-barvi\/#primaryimage"},"image":{"@id":"https:\/\/avtoprevleke.si\/izdelki\/11-delne-univerzalne-prevleke-za-avto-finish-line-v-sivi-barvi\/#primaryimage"},"thumbnailUrl":"https:\/\/avtoprevleke.si\/wp-content\/uploads\/2018\/09\/prevleka-sedeza-sport-11-delna-siva.jpg","datePublished":"2018-09-17T20:26:09+00:00","dateModified":"2024-02-13T09:30:51+00:00","breadcrumb":{"@id":"https:\/\/avtoprevleke.si\/izdelki\/11-delne-univerzalne-prevleke-za-avto-finish-line-v-sivi-barvi\/#breadcrumb"},"inLanguage":"it-IT","potentialAction":[{"@type":"ReadAction","target":["https:\/\/avtoprevleke.si\/izdelki\/11-delne-univerzalne-prevleke-za-avto-finish-line-v-sivi-barvi\/"]}]},{"@type":"ImageObject","inLanguage":"it-IT","@id":"https:\/\/avtoprevleke.si\/izdelki\/11-delne-univerzalne-prevleke-za-avto-finish-line-v-sivi-barvi\/#primaryimage","url":"https:\/\/avtoprevleke.si\/wp-content\/uploads\/2018\/09\/prevleka-sedeza-sport-11-delna-siva.jpg","contentUrl":"https:\/\/avtoprevleke.si\/wp-content\/uploads\/2018\/09\/prevleka-sedeza-sport-11-delna-siva.jpg","width":600,"height":600,"caption":"Prevleka sede\u017ea za avto"},{"@type":"BreadcrumbList","@id":"https:\/\/avtoprevleke.si\/izdelki\/11-delne-univerzalne-prevleke-za-avto-finish-line-v-sivi-barvi\/#breadcrumb","itemListElement":[{"@type":"ListItem","position":1,"name":"Home","item":"https:\/\/avtoprevleke.si\/"},{"@type":"ListItem","position":2,"name":"Prevleke po meri","item":"https:\/\/avtoprevleke.si\/de\/individuelle-abdeckungen\/"},{"@type":"ListItem","position":3,"name":"11-delne univerzalne prevleke za avto v sivi barvi"}]},{"@type":"WebSite","@id":"https:\/\/avtoprevleke.si\/#website","url":"https:\/\/avtoprevleke.si\/","name":"Avtoprevleke po meri | TECH PLUS","description":"Tipske avtoprevleke - sede\u017ene prevleke za avto","publisher":{"@id":"https:\/\/avtoprevleke.si\/#organization"},"potentialAction":[{"@type":"SearchAction","target":{"@type":"EntryPoint","urlTemplate":"https:\/\/avtoprevleke.si\/?s={search_term_string}"},"query-input":{"@type":"PropertyValueSpecification","valueRequired":true,"valueName":"search_term_string"}}],"inLanguage":"it-IT"},{"@type":"Organization","@id":"https:\/\/avtoprevleke.si\/#organization","name":"Avtoprevleke po meri | TECH PLUS","url":"https:\/\/avtoprevleke.si\/","logo":{"@type":"ImageObject","inLanguage":"it-IT","@id":"https:\/\/avtoprevleke.si\/#\/schema\/logo\/image\/","url":"https:\/\/avtoprevleke.si\/wp-content\/uploads\/2018\/09\/avtoprevleke-logo.png","contentUrl":"https:\/\/avtoprevleke.si\/wp-content\/uploads\/2018\/09\/avtoprevleke-logo.png","width":856,"height":330,"caption":"Avtoprevleke po meri | TECH PLUS"},"image":{"@id":"https:\/\/avtoprevleke.si\/#\/schema\/logo\/image\/"}}]}},"_links":{"self":[{"href":"https:\/\/avtoprevleke.si\/it\/wp-json\/wp\/v2\/product\/551","targetHints":{"allow":["GET"]}}],"collection":[{"href":"https:\/\/avtoprevleke.si\/it\/wp-json\/wp\/v2\/product"}],"about":[{"href":"https:\/\/avtoprevleke.si\/it\/wp-json\/wp\/v2\/types\/product"}],"replies":[{"embeddable":true,"href":"https:\/\/avtoprevleke.si\/it\/wp-json\/wp\/v2\/comments?post=551"}],"wp:featuredmedia":[{"embeddable":true,"href":"https:\/\/avtoprevleke.si\/it\/wp-json\/wp\/v2\/media\/33186"}],"wp:attachment":[{"href":"https:\/\/avtoprevleke.si\/it\/wp-json\/wp\/v2\/media?parent=551"}],"wp:term":[{"taxonomy":"product_brand","embeddable":true,"href":"https:\/\/avtoprevleke.si\/it\/wp-json\/wp\/v2\/product_brand?post=551"},{"taxonomy":"product_cat","embeddable":true,"href":"https:\/\/avtoprevleke.si\/it\/wp-json\/wp\/v2\/product_cat?post=551"},{"taxonomy":"product_tag","embeddable":true,"href":"https:\/\/avtoprevleke.si\/it\/wp-json\/wp\/v2\/product_tag?post=551"}],"curies":[{"name":"wp","href":"https:\/\/api.w.org\/{rel}","templated":true}]}}