{"id":536,"date":"2018-09-17T20:26:25","date_gmt":"2018-09-17T19:26:25","guid":{"rendered":"https:\/\/avtoprevleke.si\/?post_type=product&#038;p=536"},"modified":"2024-02-13T10:30:51","modified_gmt":"2024-02-13T09:30:51","slug":"univerzalna-avto-prevleka-trendy-bordo-crna","status":"publish","type":"product","link":"https:\/\/avtoprevleke.si\/it\/izdelki\/univerzalna-avto-prevleka-trendy-bordo-crna\/","title":{"rendered":"Univerzalna avto prevleka Trendy bordo\/\u010drna"},"content":{"rendered":"<p>Avto prevleka TRENDY v bordo-\u010drni barvni kombinaciji nam daje posebno udobje ter \u0161\u010diti sede\u017ee va\u0161ega vozila. Avto prevleke so iz trpe\u017enega materiala &#8211; poliester. Perete jih lahko na 40\u00b0. Komplet je sestavljen iz devetih delov: 4 + 5 (sedalni+naslon+5x vzglavnik). Monta\u017ea avto prevlek je enostavna monta\u017ea. \u0160ifra: GM07028<\/p>","protected":false},"excerpt":{"rendered":"<p>Avto prevleka TRENDY v bordo-\u010drni barvni kombinaciji nam daje posebno udobje ter \u0161\u010diti sede\u017ee va\u0161ega vozila. Avto prevleke so iz trpe\u017enega materiala &#8211; poliester. Perete jih lahko na 40\u00b0. Komplet je sestavljen iz devetih delov: 4 + 5 (sedalni+naslon+5x vzglavnik). Monta\u017ea avto prevlek je enostavna monta\u017ea. \u0160ifra: GM07028<\/p>","protected":false},"featured_media":538,"comment_status":"open","ping_status":"closed","template":"","meta":[],"product_brand":[],"product_cat":[78],"product_tag":[],"class_list":{"0":"post-536","1":"product","2":"type-product","3":"status-publish","4":"has-post-thumbnail","6":"product_cat-univerzalne-prevleke","8":"first","9":"instock","10":"sale","11":"shipping-taxable","12":"purchasable","13":"product-type-simple"},"yoast_head":"<!-- This site is optimized with the Yoast SEO plugin v27.5 - https:\/\/yoast.com\/product\/yoast-seo-wordpress\/ -->\n<title>Univerzalna avto prevleka Trendy bordo\/\u010drna - Avtoprevleke po meri | TECH PLUS<\/title>\n<meta name=\"robots\" content=\"index, follow, max-snippet:-1, max-image-preview:large, max-video-preview:-1\" \/>\n<link rel=\"canonical\" href=\"https:\/\/avtoprevleke.si\/it\/izdelki\/univerzalna-avto-prevleka-trendy-bordo-crna\/\" \/>\n<meta property=\"og:locale\" content=\"it_IT\" \/>\n<meta property=\"og:type\" content=\"article\" \/>\n<meta property=\"og:title\" content=\"Univerzalna avto prevleka Trendy bordo\/\u010drna - Avtoprevleke po meri | TECH PLUS\" \/>\n<meta property=\"og:description\" content=\"Avto prevleka TRENDY v bordo-\u010drni barvni kombinaciji nam daje posebno udobje ter \u0161\u010diti sede\u017ee va\u0161ega vozila. Avto prevleke so iz trpe\u017enega materiala &#8211; poliester. Perete jih lahko na 40\u00b0. Komplet je sestavljen iz devetih delov: 4 + 5 (sedalni+naslon+5x vzglavnik). Monta\u017ea avto prevlek je enostavna monta\u017ea. \u0160ifra: GM07028\" \/>\n<meta property=\"og:url\" content=\"https:\/\/avtoprevleke.si\/it\/izdelki\/univerzalna-avto-prevleka-trendy-bordo-crna\/\" \/>\n<meta property=\"og:site_name\" content=\"Avtoprevleke po meri | TECH PLUS\" \/>\n<meta property=\"article:modified_time\" content=\"2024-02-13T09:30:51+00:00\" \/>\n<meta property=\"og:image\" content=\"https:\/\/avtoprevleke.si\/wp-content\/uploads\/2018\/09\/univerzalna-avtoprevleka-trendy-bordo-crna.jpg\" \/>\n\t<meta property=\"og:image:width\" content=\"540\" \/>\n\t<meta property=\"og:image:height\" content=\"540\" \/>\n\t<meta property=\"og:image:type\" content=\"image\/jpeg\" \/>\n<meta name=\"twitter:card\" content=\"summary_large_image\" \/>\n<script type=\"application\/ld+json\" class=\"yoast-schema-graph\">{\"@context\":\"https:\\\/\\\/schema.org\",\"@graph\":[{\"@type\":\"WebPage\",\"@id\":\"https:\\\/\\\/avtoprevleke.si\\\/izdelki\\\/univerzalna-avto-prevleka-trendy-bordo-crna\\\/\",\"url\":\"https:\\\/\\\/avtoprevleke.si\\\/izdelki\\\/univerzalna-avto-prevleka-trendy-bordo-crna\\\/\",\"name\":\"Univerzalna avto prevleka Trendy bordo\\\/\u010drna - Avtoprevleke po meri | TECH PLUS\",\"isPartOf\":{\"@id\":\"https:\\\/\\\/avtoprevleke.si\\\/#website\"},\"primaryImageOfPage\":{\"@id\":\"https:\\\/\\\/avtoprevleke.si\\\/izdelki\\\/univerzalna-avto-prevleka-trendy-bordo-crna\\\/#primaryimage\"},\"image\":{\"@id\":\"https:\\\/\\\/avtoprevleke.si\\\/izdelki\\\/univerzalna-avto-prevleka-trendy-bordo-crna\\\/#primaryimage\"},\"thumbnailUrl\":\"https:\\\/\\\/avtoprevleke.si\\\/wp-content\\\/uploads\\\/2018\\\/09\\\/univerzalna-avtoprevleka-trendy-bordo-crna.jpg\",\"datePublished\":\"2018-09-17T19:26:25+00:00\",\"dateModified\":\"2024-02-13T09:30:51+00:00\",\"breadcrumb\":{\"@id\":\"https:\\\/\\\/avtoprevleke.si\\\/izdelki\\\/univerzalna-avto-prevleka-trendy-bordo-crna\\\/#breadcrumb\"},\"inLanguage\":\"it-IT\",\"potentialAction\":[{\"@type\":\"ReadAction\",\"target\":[\"https:\\\/\\\/avtoprevleke.si\\\/izdelki\\\/univerzalna-avto-prevleka-trendy-bordo-crna\\\/\"]}]},{\"@type\":\"ImageObject\",\"inLanguage\":\"it-IT\",\"@id\":\"https:\\\/\\\/avtoprevleke.si\\\/izdelki\\\/univerzalna-avto-prevleka-trendy-bordo-crna\\\/#primaryimage\",\"url\":\"https:\\\/\\\/avtoprevleke.si\\\/wp-content\\\/uploads\\\/2018\\\/09\\\/univerzalna-avtoprevleka-trendy-bordo-crna.jpg\",\"contentUrl\":\"https:\\\/\\\/avtoprevleke.si\\\/wp-content\\\/uploads\\\/2018\\\/09\\\/univerzalna-avtoprevleka-trendy-bordo-crna.jpg\",\"width\":540,\"height\":540,\"caption\":\"Univerzalna avto prevleka Trendy\"},{\"@type\":\"BreadcrumbList\",\"@id\":\"https:\\\/\\\/avtoprevleke.si\\\/izdelki\\\/univerzalna-avto-prevleka-trendy-bordo-crna\\\/#breadcrumb\",\"itemListElement\":[{\"@type\":\"ListItem\",\"position\":1,\"name\":\"Home\",\"item\":\"https:\\\/\\\/avtoprevleke.si\\\/\"},{\"@type\":\"ListItem\",\"position\":2,\"name\":\"Prevleke po meri\",\"item\":\"https:\\\/\\\/avtoprevleke.si\\\/de\\\/individuelle-abdeckungen\\\/\"},{\"@type\":\"ListItem\",\"position\":3,\"name\":\"Univerzalna avto prevleka Trendy bordo\\\/\u010drna\"}]},{\"@type\":\"WebSite\",\"@id\":\"https:\\\/\\\/avtoprevleke.si\\\/#website\",\"url\":\"https:\\\/\\\/avtoprevleke.si\\\/\",\"name\":\"Avtoprevleke po meri | TECH PLUS\",\"description\":\"Tipske avtoprevleke - sede\u017ene prevleke za avto\",\"publisher\":{\"@id\":\"https:\\\/\\\/avtoprevleke.si\\\/#organization\"},\"potentialAction\":[{\"@type\":\"SearchAction\",\"target\":{\"@type\":\"EntryPoint\",\"urlTemplate\":\"https:\\\/\\\/avtoprevleke.si\\\/?s={search_term_string}\"},\"query-input\":{\"@type\":\"PropertyValueSpecification\",\"valueRequired\":true,\"valueName\":\"search_term_string\"}}],\"inLanguage\":\"it-IT\"},{\"@type\":\"Organization\",\"@id\":\"https:\\\/\\\/avtoprevleke.si\\\/#organization\",\"name\":\"Avtoprevleke po meri | TECH PLUS\",\"url\":\"https:\\\/\\\/avtoprevleke.si\\\/\",\"logo\":{\"@type\":\"ImageObject\",\"inLanguage\":\"it-IT\",\"@id\":\"https:\\\/\\\/avtoprevleke.si\\\/#\\\/schema\\\/logo\\\/image\\\/\",\"url\":\"https:\\\/\\\/avtoprevleke.si\\\/wp-content\\\/uploads\\\/2018\\\/09\\\/avtoprevleke-logo.png\",\"contentUrl\":\"https:\\\/\\\/avtoprevleke.si\\\/wp-content\\\/uploads\\\/2018\\\/09\\\/avtoprevleke-logo.png\",\"width\":856,\"height\":330,\"caption\":\"Avtoprevleke po meri | TECH PLUS\"},\"image\":{\"@id\":\"https:\\\/\\\/avtoprevleke.si\\\/#\\\/schema\\\/logo\\\/image\\\/\"}}]}<\/script>\n<!-- \/ Yoast SEO plugin. -->","yoast_head_json":{"title":"Univerzalna avto prevleka Trendy bordo\/\u010drna - Avtoprevleke po meri | TECH PLUS","robots":{"index":"index","follow":"follow","max-snippet":"max-snippet:-1","max-image-preview":"max-image-preview:large","max-video-preview":"max-video-preview:-1"},"canonical":"https:\/\/avtoprevleke.si\/it\/izdelki\/univerzalna-avto-prevleka-trendy-bordo-crna\/","og_locale":"it_IT","og_type":"article","og_title":"Univerzalna avto prevleka Trendy bordo\/\u010drna - Avtoprevleke po meri | TECH PLUS","og_description":"Avto prevleka TRENDY v bordo-\u010drni barvni kombinaciji nam daje posebno udobje ter \u0161\u010diti sede\u017ee va\u0161ega vozila. Avto prevleke so iz trpe\u017enega materiala &#8211; poliester. Perete jih lahko na 40\u00b0. Komplet je sestavljen iz devetih delov: 4 + 5 (sedalni+naslon+5x vzglavnik). Monta\u017ea avto prevlek je enostavna monta\u017ea. \u0160ifra: GM07028","og_url":"https:\/\/avtoprevleke.si\/it\/izdelki\/univerzalna-avto-prevleka-trendy-bordo-crna\/","og_site_name":"Avtoprevleke po meri | TECH PLUS","article_modified_time":"2024-02-13T09:30:51+00:00","og_image":[{"width":540,"height":540,"url":"https:\/\/avtoprevleke.si\/wp-content\/uploads\/2018\/09\/univerzalna-avtoprevleka-trendy-bordo-crna.jpg","type":"image\/jpeg"}],"twitter_card":"summary_large_image","schema":{"@context":"https:\/\/schema.org","@graph":[{"@type":"WebPage","@id":"https:\/\/avtoprevleke.si\/izdelki\/univerzalna-avto-prevleka-trendy-bordo-crna\/","url":"https:\/\/avtoprevleke.si\/izdelki\/univerzalna-avto-prevleka-trendy-bordo-crna\/","name":"Univerzalna avto prevleka Trendy bordo\/\u010drna - Avtoprevleke po meri | TECH PLUS","isPartOf":{"@id":"https:\/\/avtoprevleke.si\/#website"},"primaryImageOfPage":{"@id":"https:\/\/avtoprevleke.si\/izdelki\/univerzalna-avto-prevleka-trendy-bordo-crna\/#primaryimage"},"image":{"@id":"https:\/\/avtoprevleke.si\/izdelki\/univerzalna-avto-prevleka-trendy-bordo-crna\/#primaryimage"},"thumbnailUrl":"https:\/\/avtoprevleke.si\/wp-content\/uploads\/2018\/09\/univerzalna-avtoprevleka-trendy-bordo-crna.jpg","datePublished":"2018-09-17T19:26:25+00:00","dateModified":"2024-02-13T09:30:51+00:00","breadcrumb":{"@id":"https:\/\/avtoprevleke.si\/izdelki\/univerzalna-avto-prevleka-trendy-bordo-crna\/#breadcrumb"},"inLanguage":"it-IT","potentialAction":[{"@type":"ReadAction","target":["https:\/\/avtoprevleke.si\/izdelki\/univerzalna-avto-prevleka-trendy-bordo-crna\/"]}]},{"@type":"ImageObject","inLanguage":"it-IT","@id":"https:\/\/avtoprevleke.si\/izdelki\/univerzalna-avto-prevleka-trendy-bordo-crna\/#primaryimage","url":"https:\/\/avtoprevleke.si\/wp-content\/uploads\/2018\/09\/univerzalna-avtoprevleka-trendy-bordo-crna.jpg","contentUrl":"https:\/\/avtoprevleke.si\/wp-content\/uploads\/2018\/09\/univerzalna-avtoprevleka-trendy-bordo-crna.jpg","width":540,"height":540,"caption":"Univerzalna avto prevleka Trendy"},{"@type":"BreadcrumbList","@id":"https:\/\/avtoprevleke.si\/izdelki\/univerzalna-avto-prevleka-trendy-bordo-crna\/#breadcrumb","itemListElement":[{"@type":"ListItem","position":1,"name":"Home","item":"https:\/\/avtoprevleke.si\/"},{"@type":"ListItem","position":2,"name":"Prevleke po meri","item":"https:\/\/avtoprevleke.si\/de\/individuelle-abdeckungen\/"},{"@type":"ListItem","position":3,"name":"Univerzalna avto prevleka Trendy bordo\/\u010drna"}]},{"@type":"WebSite","@id":"https:\/\/avtoprevleke.si\/#website","url":"https:\/\/avtoprevleke.si\/","name":"Avtoprevleke po meri | TECH PLUS","description":"Tipske avtoprevleke - sede\u017ene prevleke za avto","publisher":{"@id":"https:\/\/avtoprevleke.si\/#organization"},"potentialAction":[{"@type":"SearchAction","target":{"@type":"EntryPoint","urlTemplate":"https:\/\/avtoprevleke.si\/?s={search_term_string}"},"query-input":{"@type":"PropertyValueSpecification","valueRequired":true,"valueName":"search_term_string"}}],"inLanguage":"it-IT"},{"@type":"Organization","@id":"https:\/\/avtoprevleke.si\/#organization","name":"Avtoprevleke po meri | TECH PLUS","url":"https:\/\/avtoprevleke.si\/","logo":{"@type":"ImageObject","inLanguage":"it-IT","@id":"https:\/\/avtoprevleke.si\/#\/schema\/logo\/image\/","url":"https:\/\/avtoprevleke.si\/wp-content\/uploads\/2018\/09\/avtoprevleke-logo.png","contentUrl":"https:\/\/avtoprevleke.si\/wp-content\/uploads\/2018\/09\/avtoprevleke-logo.png","width":856,"height":330,"caption":"Avtoprevleke po meri | TECH PLUS"},"image":{"@id":"https:\/\/avtoprevleke.si\/#\/schema\/logo\/image\/"}}]}},"_links":{"self":[{"href":"https:\/\/avtoprevleke.si\/it\/wp-json\/wp\/v2\/product\/536","targetHints":{"allow":["GET"]}}],"collection":[{"href":"https:\/\/avtoprevleke.si\/it\/wp-json\/wp\/v2\/product"}],"about":[{"href":"https:\/\/avtoprevleke.si\/it\/wp-json\/wp\/v2\/types\/product"}],"replies":[{"embeddable":true,"href":"https:\/\/avtoprevleke.si\/it\/wp-json\/wp\/v2\/comments?post=536"}],"wp:featuredmedia":[{"embeddable":true,"href":"https:\/\/avtoprevleke.si\/it\/wp-json\/wp\/v2\/media\/538"}],"wp:attachment":[{"href":"https:\/\/avtoprevleke.si\/it\/wp-json\/wp\/v2\/media?parent=536"}],"wp:term":[{"taxonomy":"product_brand","embeddable":true,"href":"https:\/\/avtoprevleke.si\/it\/wp-json\/wp\/v2\/product_brand?post=536"},{"taxonomy":"product_cat","embeddable":true,"href":"https:\/\/avtoprevleke.si\/it\/wp-json\/wp\/v2\/product_cat?post=536"},{"taxonomy":"product_tag","embeddable":true,"href":"https:\/\/avtoprevleke.si\/it\/wp-json\/wp\/v2\/product_tag?post=536"}],"curies":[{"name":"wp","href":"https:\/\/api.w.org\/{rel}","templated":true}]}}