{"id":523,"date":"2018-09-16T21:19:15","date_gmt":"2018-09-16T20:19:15","guid":{"rendered":"https:\/\/avtoprevleke.si\/product\/import-placeholder-for-519\/"},"modified":"2026-05-04T10:08:21","modified_gmt":"2026-05-04T09:08:21","slug":"univerzalna-avto-prevleka-deluxe-spring-modro-crna","status":"publish","type":"product","link":"https:\/\/avtoprevleke.si\/it\/izdelki\/univerzalna-avto-prevleka-deluxe-spring-modro-crna\/","title":{"rendered":"Univerzalna avto prevleka DELUXE Spring  modro-\u010drna"},"content":{"rendered":"<p>Avto prevleka DELUXE je univerzalna in primerna za vsa vozila s stranskimi zra\u010dnimi blazinami. Set vsebuje prevleki za sprednja dva sede\u017ea, ravno tako za zadnji sede\u017e, ki je lahko deljiv tako za voznikom, kot za sovoznikom. Set je 11-delni in je v modro-\u010drni kombinaciji. \u0160ifra: PM8412P<\/p>","protected":false},"excerpt":{"rendered":"<p>Set je 11-delni in je v modro-\u010drni kombinaciji.<\/p>","protected":false},"featured_media":526,"comment_status":"open","ping_status":"closed","template":"","meta":[],"product_brand":[],"product_cat":[78],"product_tag":[],"class_list":{"0":"post-523","1":"product","2":"type-product","3":"status-publish","4":"has-post-thumbnail","6":"product_cat-univerzalne-prevleke","8":"first","9":"instock","10":"sale","11":"shipping-taxable","12":"purchasable","13":"product-type-simple"},"yoast_head":"<!-- This site is optimized with the Yoast SEO plugin v27.5 - https:\/\/yoast.com\/product\/yoast-seo-wordpress\/ -->\n<title>Univerzalna avto prevleka DELUXE Spring modro-\u010drna - Avtoprevleke po meri | TECH PLUS<\/title>\n<meta name=\"robots\" content=\"index, follow, max-snippet:-1, max-image-preview:large, max-video-preview:-1\" \/>\n<link rel=\"canonical\" href=\"https:\/\/avtoprevleke.si\/it\/izdelki\/univerzalna-avto-prevleka-deluxe-spring-modro-crna\/\" \/>\n<meta property=\"og:locale\" content=\"it_IT\" \/>\n<meta property=\"og:type\" content=\"article\" \/>\n<meta property=\"og:title\" content=\"Univerzalna avto prevleka DELUXE Spring modro-\u010drna - Avtoprevleke po meri | TECH PLUS\" \/>\n<meta property=\"og:description\" content=\"Set je 11-delni in je v modro-\u010drni kombinaciji.\" \/>\n<meta property=\"og:url\" content=\"https:\/\/avtoprevleke.si\/it\/izdelki\/univerzalna-avto-prevleka-deluxe-spring-modro-crna\/\" \/>\n<meta property=\"og:site_name\" content=\"Avtoprevleke po meri | TECH PLUS\" \/>\n<meta property=\"article:modified_time\" content=\"2026-05-04T09:08:21+00:00\" \/>\n<meta property=\"og:image\" content=\"https:\/\/avtoprevleke.si\/wp-content\/uploads\/2018\/09\/Deluxe-Spring-modro-crna-avtoprevleka.jpg\" \/>\n\t<meta property=\"og:image:width\" content=\"540\" \/>\n\t<meta property=\"og:image:height\" content=\"540\" \/>\n\t<meta property=\"og:image:type\" content=\"image\/jpeg\" \/>\n<meta name=\"twitter:card\" content=\"summary_large_image\" \/>\n<meta name=\"twitter:label1\" content=\"Tempo di lettura stimato\" \/>\n\t<meta name=\"twitter:data1\" content=\"1 minuto\" \/>\n<script type=\"application\/ld+json\" class=\"yoast-schema-graph\">{\"@context\":\"https:\\\/\\\/schema.org\",\"@graph\":[{\"@type\":\"WebPage\",\"@id\":\"https:\\\/\\\/avtoprevleke.si\\\/izdelki\\\/univerzalna-avto-prevleka-deluxe-spring-modro-crna\\\/\",\"url\":\"https:\\\/\\\/avtoprevleke.si\\\/izdelki\\\/univerzalna-avto-prevleka-deluxe-spring-modro-crna\\\/\",\"name\":\"Univerzalna avto prevleka DELUXE Spring modro-\u010drna - Avtoprevleke po meri | TECH PLUS\",\"isPartOf\":{\"@id\":\"https:\\\/\\\/avtoprevleke.si\\\/#website\"},\"primaryImageOfPage\":{\"@id\":\"https:\\\/\\\/avtoprevleke.si\\\/izdelki\\\/univerzalna-avto-prevleka-deluxe-spring-modro-crna\\\/#primaryimage\"},\"image\":{\"@id\":\"https:\\\/\\\/avtoprevleke.si\\\/izdelki\\\/univerzalna-avto-prevleka-deluxe-spring-modro-crna\\\/#primaryimage\"},\"thumbnailUrl\":\"https:\\\/\\\/avtoprevleke.si\\\/wp-content\\\/uploads\\\/2018\\\/09\\\/Deluxe-Spring-modro-crna-avtoprevleka.jpg\",\"datePublished\":\"2018-09-16T20:19:15+00:00\",\"dateModified\":\"2026-05-04T09:08:21+00:00\",\"breadcrumb\":{\"@id\":\"https:\\\/\\\/avtoprevleke.si\\\/izdelki\\\/univerzalna-avto-prevleka-deluxe-spring-modro-crna\\\/#breadcrumb\"},\"inLanguage\":\"it-IT\",\"potentialAction\":[{\"@type\":\"ReadAction\",\"target\":[\"https:\\\/\\\/avtoprevleke.si\\\/izdelki\\\/univerzalna-avto-prevleka-deluxe-spring-modro-crna\\\/\"]}]},{\"@type\":\"ImageObject\",\"inLanguage\":\"it-IT\",\"@id\":\"https:\\\/\\\/avtoprevleke.si\\\/izdelki\\\/univerzalna-avto-prevleka-deluxe-spring-modro-crna\\\/#primaryimage\",\"url\":\"https:\\\/\\\/avtoprevleke.si\\\/wp-content\\\/uploads\\\/2018\\\/09\\\/Deluxe-Spring-modro-crna-avtoprevleka.jpg\",\"contentUrl\":\"https:\\\/\\\/avtoprevleke.si\\\/wp-content\\\/uploads\\\/2018\\\/09\\\/Deluxe-Spring-modro-crna-avtoprevleka.jpg\",\"width\":540,\"height\":540,\"caption\":\"Modro-\u010drna avtoprevleka DELUXE Spring\"},{\"@type\":\"BreadcrumbList\",\"@id\":\"https:\\\/\\\/avtoprevleke.si\\\/izdelki\\\/univerzalna-avto-prevleka-deluxe-spring-modro-crna\\\/#breadcrumb\",\"itemListElement\":[{\"@type\":\"ListItem\",\"position\":1,\"name\":\"Home\",\"item\":\"https:\\\/\\\/avtoprevleke.si\\\/\"},{\"@type\":\"ListItem\",\"position\":2,\"name\":\"Prevleke po meri\",\"item\":\"https:\\\/\\\/avtoprevleke.si\\\/de\\\/individuelle-abdeckungen\\\/\"},{\"@type\":\"ListItem\",\"position\":3,\"name\":\"Univerzalna avto prevleka DELUXE Spring modro-\u010drna\"}]},{\"@type\":\"WebSite\",\"@id\":\"https:\\\/\\\/avtoprevleke.si\\\/#website\",\"url\":\"https:\\\/\\\/avtoprevleke.si\\\/\",\"name\":\"Avtoprevleke po meri | TECH PLUS\",\"description\":\"Tipske avtoprevleke - sede\u017ene prevleke za avto\",\"publisher\":{\"@id\":\"https:\\\/\\\/avtoprevleke.si\\\/#organization\"},\"potentialAction\":[{\"@type\":\"SearchAction\",\"target\":{\"@type\":\"EntryPoint\",\"urlTemplate\":\"https:\\\/\\\/avtoprevleke.si\\\/?s={search_term_string}\"},\"query-input\":{\"@type\":\"PropertyValueSpecification\",\"valueRequired\":true,\"valueName\":\"search_term_string\"}}],\"inLanguage\":\"it-IT\"},{\"@type\":\"Organization\",\"@id\":\"https:\\\/\\\/avtoprevleke.si\\\/#organization\",\"name\":\"Avtoprevleke po meri | TECH PLUS\",\"url\":\"https:\\\/\\\/avtoprevleke.si\\\/\",\"logo\":{\"@type\":\"ImageObject\",\"inLanguage\":\"it-IT\",\"@id\":\"https:\\\/\\\/avtoprevleke.si\\\/#\\\/schema\\\/logo\\\/image\\\/\",\"url\":\"https:\\\/\\\/avtoprevleke.si\\\/wp-content\\\/uploads\\\/2018\\\/09\\\/avtoprevleke-logo.png\",\"contentUrl\":\"https:\\\/\\\/avtoprevleke.si\\\/wp-content\\\/uploads\\\/2018\\\/09\\\/avtoprevleke-logo.png\",\"width\":856,\"height\":330,\"caption\":\"Avtoprevleke po meri | TECH PLUS\"},\"image\":{\"@id\":\"https:\\\/\\\/avtoprevleke.si\\\/#\\\/schema\\\/logo\\\/image\\\/\"}}]}<\/script>\n<!-- \/ Yoast SEO plugin. -->","yoast_head_json":{"title":"Univerzalna avto prevleka DELUXE Spring modro-\u010drna - Avtoprevleke po meri | TECH PLUS","robots":{"index":"index","follow":"follow","max-snippet":"max-snippet:-1","max-image-preview":"max-image-preview:large","max-video-preview":"max-video-preview:-1"},"canonical":"https:\/\/avtoprevleke.si\/it\/izdelki\/univerzalna-avto-prevleka-deluxe-spring-modro-crna\/","og_locale":"it_IT","og_type":"article","og_title":"Univerzalna avto prevleka DELUXE Spring modro-\u010drna - Avtoprevleke po meri | TECH PLUS","og_description":"Set je 11-delni in je v modro-\u010drni kombinaciji.","og_url":"https:\/\/avtoprevleke.si\/it\/izdelki\/univerzalna-avto-prevleka-deluxe-spring-modro-crna\/","og_site_name":"Avtoprevleke po meri | TECH PLUS","article_modified_time":"2026-05-04T09:08:21+00:00","og_image":[{"width":540,"height":540,"url":"https:\/\/avtoprevleke.si\/wp-content\/uploads\/2018\/09\/Deluxe-Spring-modro-crna-avtoprevleka.jpg","type":"image\/jpeg"}],"twitter_card":"summary_large_image","twitter_misc":{"Tempo di lettura stimato":"1 minuto"},"schema":{"@context":"https:\/\/schema.org","@graph":[{"@type":"WebPage","@id":"https:\/\/avtoprevleke.si\/izdelki\/univerzalna-avto-prevleka-deluxe-spring-modro-crna\/","url":"https:\/\/avtoprevleke.si\/izdelki\/univerzalna-avto-prevleka-deluxe-spring-modro-crna\/","name":"Univerzalna avto prevleka DELUXE Spring modro-\u010drna - Avtoprevleke po meri | TECH PLUS","isPartOf":{"@id":"https:\/\/avtoprevleke.si\/#website"},"primaryImageOfPage":{"@id":"https:\/\/avtoprevleke.si\/izdelki\/univerzalna-avto-prevleka-deluxe-spring-modro-crna\/#primaryimage"},"image":{"@id":"https:\/\/avtoprevleke.si\/izdelki\/univerzalna-avto-prevleka-deluxe-spring-modro-crna\/#primaryimage"},"thumbnailUrl":"https:\/\/avtoprevleke.si\/wp-content\/uploads\/2018\/09\/Deluxe-Spring-modro-crna-avtoprevleka.jpg","datePublished":"2018-09-16T20:19:15+00:00","dateModified":"2026-05-04T09:08:21+00:00","breadcrumb":{"@id":"https:\/\/avtoprevleke.si\/izdelki\/univerzalna-avto-prevleka-deluxe-spring-modro-crna\/#breadcrumb"},"inLanguage":"it-IT","potentialAction":[{"@type":"ReadAction","target":["https:\/\/avtoprevleke.si\/izdelki\/univerzalna-avto-prevleka-deluxe-spring-modro-crna\/"]}]},{"@type":"ImageObject","inLanguage":"it-IT","@id":"https:\/\/avtoprevleke.si\/izdelki\/univerzalna-avto-prevleka-deluxe-spring-modro-crna\/#primaryimage","url":"https:\/\/avtoprevleke.si\/wp-content\/uploads\/2018\/09\/Deluxe-Spring-modro-crna-avtoprevleka.jpg","contentUrl":"https:\/\/avtoprevleke.si\/wp-content\/uploads\/2018\/09\/Deluxe-Spring-modro-crna-avtoprevleka.jpg","width":540,"height":540,"caption":"Modro-\u010drna avtoprevleka DELUXE Spring"},{"@type":"BreadcrumbList","@id":"https:\/\/avtoprevleke.si\/izdelki\/univerzalna-avto-prevleka-deluxe-spring-modro-crna\/#breadcrumb","itemListElement":[{"@type":"ListItem","position":1,"name":"Home","item":"https:\/\/avtoprevleke.si\/"},{"@type":"ListItem","position":2,"name":"Prevleke po meri","item":"https:\/\/avtoprevleke.si\/de\/individuelle-abdeckungen\/"},{"@type":"ListItem","position":3,"name":"Univerzalna avto prevleka DELUXE Spring modro-\u010drna"}]},{"@type":"WebSite","@id":"https:\/\/avtoprevleke.si\/#website","url":"https:\/\/avtoprevleke.si\/","name":"Avtoprevleke po meri | TECH PLUS","description":"Tipske avtoprevleke - sede\u017ene prevleke za avto","publisher":{"@id":"https:\/\/avtoprevleke.si\/#organization"},"potentialAction":[{"@type":"SearchAction","target":{"@type":"EntryPoint","urlTemplate":"https:\/\/avtoprevleke.si\/?s={search_term_string}"},"query-input":{"@type":"PropertyValueSpecification","valueRequired":true,"valueName":"search_term_string"}}],"inLanguage":"it-IT"},{"@type":"Organization","@id":"https:\/\/avtoprevleke.si\/#organization","name":"Avtoprevleke po meri | TECH PLUS","url":"https:\/\/avtoprevleke.si\/","logo":{"@type":"ImageObject","inLanguage":"it-IT","@id":"https:\/\/avtoprevleke.si\/#\/schema\/logo\/image\/","url":"https:\/\/avtoprevleke.si\/wp-content\/uploads\/2018\/09\/avtoprevleke-logo.png","contentUrl":"https:\/\/avtoprevleke.si\/wp-content\/uploads\/2018\/09\/avtoprevleke-logo.png","width":856,"height":330,"caption":"Avtoprevleke po meri | TECH PLUS"},"image":{"@id":"https:\/\/avtoprevleke.si\/#\/schema\/logo\/image\/"}}]}},"_links":{"self":[{"href":"https:\/\/avtoprevleke.si\/it\/wp-json\/wp\/v2\/product\/523","targetHints":{"allow":["GET"]}}],"collection":[{"href":"https:\/\/avtoprevleke.si\/it\/wp-json\/wp\/v2\/product"}],"about":[{"href":"https:\/\/avtoprevleke.si\/it\/wp-json\/wp\/v2\/types\/product"}],"replies":[{"embeddable":true,"href":"https:\/\/avtoprevleke.si\/it\/wp-json\/wp\/v2\/comments?post=523"}],"wp:featuredmedia":[{"embeddable":true,"href":"https:\/\/avtoprevleke.si\/it\/wp-json\/wp\/v2\/media\/526"}],"wp:attachment":[{"href":"https:\/\/avtoprevleke.si\/it\/wp-json\/wp\/v2\/media?parent=523"}],"wp:term":[{"taxonomy":"product_brand","embeddable":true,"href":"https:\/\/avtoprevleke.si\/it\/wp-json\/wp\/v2\/product_brand?post=523"},{"taxonomy":"product_cat","embeddable":true,"href":"https:\/\/avtoprevleke.si\/it\/wp-json\/wp\/v2\/product_cat?post=523"},{"taxonomy":"product_tag","embeddable":true,"href":"https:\/\/avtoprevleke.si\/it\/wp-json\/wp\/v2\/product_tag?post=523"}],"curies":[{"name":"wp","href":"https:\/\/api.w.org\/{rel}","templated":true}]}}