{"id":4597,"date":"2018-09-22T15:16:49","date_gmt":"2018-09-22T14:16:49","guid":{"rendered":"https:\/\/avtoprevleke.si\/product\/import-placeholder-for-13028\/"},"modified":"2026-03-30T11:42:54","modified_gmt":"2026-03-30T10:42:54","slug":"avtoprevleka-po-meri-za-citroen-c4-picasso-exclusive-seduction-2013-2016-5-vrat-3","status":"publish","type":"product","link":"https:\/\/avtoprevleke.si\/it\/izdelki\/avtoprevleka-po-meri-za-citroen-c4-picasso-exclusive-seduction-2013-2016-5-vrat-3\/","title":{"rendered":"Avtoprevleka po meri za Citro\u00ebn C4 Picasso (2013-2016) 5 vrat"},"content":{"rendered":"<p>dva sprednja vrsta naslona za roke, dva sprednja vrsta naslona za roke sta pritrjena na naslon sede\u017ea, bo\u010dna zra\u010dna blazina (airbag), hrbti\u0161\u010de sprednjih sede\u017eev je iz plastike,na hrbti\u0161\u010du sprednjega naslona, se lahko sovoznikov sede\u017e zlo\u017ei v mizico,sprednji nasloni za glavo so razklopni, zadnji  naslon in sede\u017ei deljivi 1\/3 plus 1\/3 plus 1\/3,ro\u010dke za nastavitev naslona v drugi vrsti, zadnji nasloni za glavo so razklopni (2 plus 1), \u0160ifra: 13028<\/p>","protected":false},"excerpt":{"rendered":"<p>dva sprednja vrsta naslona za roke, dva sprednja vrsta naslona za roke sta pritrjena na naslon sede\u017ea, bo\u010dna zra\u010dna blazina (airbag), hrbti\u0161\u010de sprednjih sede\u017eev je iz plastike,na hrbti\u0161\u010du sprednjega naslona, se lahko sovoznikov sede\u017e zlo\u017ei v mizico,sprednji nasloni za glavo so razklopni, zadnji  naslon in sede\u017ei deljivi 1\/3 plus 1\/3 plus 1\/3,ro\u010dke za nastavitev naslona v drugi vrsti, zadnji nasloni za glavo so razklopni (2 plus 1)<\/p>","protected":false},"featured_media":30039,"comment_status":"open","ping_status":"closed","template":"","meta":[],"product_brand":[],"product_cat":[236],"product_tag":[194],"class_list":{"0":"post-4597","1":"product","2":"type-product","3":"status-publish","4":"has-post-thumbnail","6":"product_cat-2013-2016-c4-picasso","7":"product_tag-citroen","9":"first","10":"instock","11":"sale","12":"shipping-taxable","13":"purchasable","14":"product-type-variable"},"yoast_head":"<!-- This site is optimized with the Yoast SEO plugin v27.5 - https:\/\/yoast.com\/product\/yoast-seo-wordpress\/ -->\n<title>Avtoprevleka po meri za Citro\u00ebn C4 Picasso (2013-2016) 5 vrat - Avtoprevleke po meri | TECH PLUS<\/title>\n<meta name=\"robots\" content=\"index, follow, max-snippet:-1, max-image-preview:large, max-video-preview:-1\" \/>\n<link rel=\"canonical\" href=\"https:\/\/avtoprevleke.si\/it\/izdelki\/avtoprevleka-po-meri-za-citroen-c4-picasso-exclusive-seduction-2013-2016-5-vrat-3\/\" \/>\n<meta property=\"og:locale\" content=\"it_IT\" \/>\n<meta property=\"og:type\" content=\"article\" \/>\n<meta property=\"og:title\" content=\"Avtoprevleka po meri za Citro\u00ebn C4 Picasso (2013-2016) 5 vrat - Avtoprevleke po meri | TECH PLUS\" \/>\n<meta property=\"og:description\" content=\"dva sprednja vrsta naslona za roke, dva sprednja vrsta naslona za roke sta pritrjena na naslon sede\u017ea, bo\u010dna zra\u010dna blazina (airbag), hrbti\u0161\u010de sprednjih sede\u017eev je iz plastike,na hrbti\u0161\u010du sprednjega naslona, se lahko sovoznikov sede\u017e zlo\u017ei v mizico,sprednji nasloni za glavo so razklopni, zadnji naslon in sede\u017ei deljivi 1\/3 plus 1\/3 plus 1\/3,ro\u010dke za nastavitev naslona v drugi vrsti, zadnji nasloni za glavo so razklopni (2 plus 1)\" \/>\n<meta property=\"og:url\" content=\"https:\/\/avtoprevleke.si\/it\/izdelki\/avtoprevleka-po-meri-za-citroen-c4-picasso-exclusive-seduction-2013-2016-5-vrat-3\/\" \/>\n<meta property=\"og:site_name\" content=\"Avtoprevleke po meri | TECH PLUS\" \/>\n<meta property=\"article:modified_time\" content=\"2026-03-30T10:42:54+00:00\" \/>\n<meta property=\"og:image\" content=\"https:\/\/avtoprevleke.si\/wp-content\/uploads\/2018\/09\/Avtoprevleka-za-citroen-c4_picasso_3_4.jpg\" \/>\n\t<meta property=\"og:image:width\" content=\"520\" \/>\n\t<meta property=\"og:image:height\" content=\"520\" \/>\n\t<meta property=\"og:image:type\" content=\"image\/jpeg\" \/>\n<meta name=\"twitter:card\" content=\"summary_large_image\" \/>\n<script type=\"application\/ld+json\" class=\"yoast-schema-graph\">{\"@context\":\"https:\\\/\\\/schema.org\",\"@graph\":[{\"@type\":\"WebPage\",\"@id\":\"https:\\\/\\\/avtoprevleke.si\\\/izdelki\\\/avtoprevleka-po-meri-za-citroen-c4-picasso-exclusive-seduction-2013-2016-5-vrat-3\\\/\",\"url\":\"https:\\\/\\\/avtoprevleke.si\\\/izdelki\\\/avtoprevleka-po-meri-za-citroen-c4-picasso-exclusive-seduction-2013-2016-5-vrat-3\\\/\",\"name\":\"Avtoprevleka po meri za Citro\u00ebn C4 Picasso (2013-2016) 5 vrat - Avtoprevleke po meri | TECH PLUS\",\"isPartOf\":{\"@id\":\"https:\\\/\\\/avtoprevleke.si\\\/#website\"},\"primaryImageOfPage\":{\"@id\":\"https:\\\/\\\/avtoprevleke.si\\\/izdelki\\\/avtoprevleka-po-meri-za-citroen-c4-picasso-exclusive-seduction-2013-2016-5-vrat-3\\\/#primaryimage\"},\"image\":{\"@id\":\"https:\\\/\\\/avtoprevleke.si\\\/izdelki\\\/avtoprevleka-po-meri-za-citroen-c4-picasso-exclusive-seduction-2013-2016-5-vrat-3\\\/#primaryimage\"},\"thumbnailUrl\":\"https:\\\/\\\/avtoprevleke.si\\\/wp-content\\\/uploads\\\/2018\\\/09\\\/Avtoprevleka-za-citroen-c4_picasso_3_4.jpg\",\"datePublished\":\"2018-09-22T14:16:49+00:00\",\"dateModified\":\"2026-03-30T10:42:54+00:00\",\"breadcrumb\":{\"@id\":\"https:\\\/\\\/avtoprevleke.si\\\/izdelki\\\/avtoprevleka-po-meri-za-citroen-c4-picasso-exclusive-seduction-2013-2016-5-vrat-3\\\/#breadcrumb\"},\"inLanguage\":\"it-IT\",\"potentialAction\":[{\"@type\":\"ReadAction\",\"target\":[\"https:\\\/\\\/avtoprevleke.si\\\/izdelki\\\/avtoprevleka-po-meri-za-citroen-c4-picasso-exclusive-seduction-2013-2016-5-vrat-3\\\/\"]}]},{\"@type\":\"ImageObject\",\"inLanguage\":\"it-IT\",\"@id\":\"https:\\\/\\\/avtoprevleke.si\\\/izdelki\\\/avtoprevleka-po-meri-za-citroen-c4-picasso-exclusive-seduction-2013-2016-5-vrat-3\\\/#primaryimage\",\"url\":\"https:\\\/\\\/avtoprevleke.si\\\/wp-content\\\/uploads\\\/2018\\\/09\\\/Avtoprevleka-za-citroen-c4_picasso_3_4.jpg\",\"contentUrl\":\"https:\\\/\\\/avtoprevleke.si\\\/wp-content\\\/uploads\\\/2018\\\/09\\\/Avtoprevleka-za-citroen-c4_picasso_3_4.jpg\",\"width\":520,\"height\":520,\"caption\":\"Avtoprevleka za Citroen C4 Picasso\"},{\"@type\":\"BreadcrumbList\",\"@id\":\"https:\\\/\\\/avtoprevleke.si\\\/izdelki\\\/avtoprevleka-po-meri-za-citroen-c4-picasso-exclusive-seduction-2013-2016-5-vrat-3\\\/#breadcrumb\",\"itemListElement\":[{\"@type\":\"ListItem\",\"position\":1,\"name\":\"Home\",\"item\":\"https:\\\/\\\/avtoprevleke.si\\\/\"},{\"@type\":\"ListItem\",\"position\":2,\"name\":\"Prevleke po meri\",\"item\":\"https:\\\/\\\/avtoprevleke.si\\\/de\\\/individuelle-abdeckungen\\\/\"},{\"@type\":\"ListItem\",\"position\":3,\"name\":\"Avtoprevleka po meri za Citro\u00ebn C4 Picasso (2013-2016) 5 vrat\"}]},{\"@type\":\"WebSite\",\"@id\":\"https:\\\/\\\/avtoprevleke.si\\\/#website\",\"url\":\"https:\\\/\\\/avtoprevleke.si\\\/\",\"name\":\"Avtoprevleke po meri | TECH PLUS\",\"description\":\"Tipske avtoprevleke - sede\u017ene prevleke za avto\",\"publisher\":{\"@id\":\"https:\\\/\\\/avtoprevleke.si\\\/#organization\"},\"potentialAction\":[{\"@type\":\"SearchAction\",\"target\":{\"@type\":\"EntryPoint\",\"urlTemplate\":\"https:\\\/\\\/avtoprevleke.si\\\/?s={search_term_string}\"},\"query-input\":{\"@type\":\"PropertyValueSpecification\",\"valueRequired\":true,\"valueName\":\"search_term_string\"}}],\"inLanguage\":\"it-IT\"},{\"@type\":\"Organization\",\"@id\":\"https:\\\/\\\/avtoprevleke.si\\\/#organization\",\"name\":\"Avtoprevleke po meri | TECH PLUS\",\"url\":\"https:\\\/\\\/avtoprevleke.si\\\/\",\"logo\":{\"@type\":\"ImageObject\",\"inLanguage\":\"it-IT\",\"@id\":\"https:\\\/\\\/avtoprevleke.si\\\/#\\\/schema\\\/logo\\\/image\\\/\",\"url\":\"https:\\\/\\\/avtoprevleke.si\\\/wp-content\\\/uploads\\\/2018\\\/09\\\/avtoprevleke-logo.png\",\"contentUrl\":\"https:\\\/\\\/avtoprevleke.si\\\/wp-content\\\/uploads\\\/2018\\\/09\\\/avtoprevleke-logo.png\",\"width\":856,\"height\":330,\"caption\":\"Avtoprevleke po meri | TECH PLUS\"},\"image\":{\"@id\":\"https:\\\/\\\/avtoprevleke.si\\\/#\\\/schema\\\/logo\\\/image\\\/\"}}]}<\/script>\n<!-- \/ Yoast SEO plugin. -->","yoast_head_json":{"title":"Avtoprevleka po meri za Citro\u00ebn C4 Picasso (2013-2016) 5 vrat - Avtoprevleke po meri | TECH PLUS","robots":{"index":"index","follow":"follow","max-snippet":"max-snippet:-1","max-image-preview":"max-image-preview:large","max-video-preview":"max-video-preview:-1"},"canonical":"https:\/\/avtoprevleke.si\/it\/izdelki\/avtoprevleka-po-meri-za-citroen-c4-picasso-exclusive-seduction-2013-2016-5-vrat-3\/","og_locale":"it_IT","og_type":"article","og_title":"Avtoprevleka po meri za Citro\u00ebn C4 Picasso (2013-2016) 5 vrat - Avtoprevleke po meri | TECH PLUS","og_description":"dva sprednja vrsta naslona za roke, dva sprednja vrsta naslona za roke sta pritrjena na naslon sede\u017ea, bo\u010dna zra\u010dna blazina (airbag), hrbti\u0161\u010de sprednjih sede\u017eev je iz plastike,na hrbti\u0161\u010du sprednjega naslona, se lahko sovoznikov sede\u017e zlo\u017ei v mizico,sprednji nasloni za glavo so razklopni, zadnji naslon in sede\u017ei deljivi 1\/3 plus 1\/3 plus 1\/3,ro\u010dke za nastavitev naslona v drugi vrsti, zadnji nasloni za glavo so razklopni (2 plus 1)","og_url":"https:\/\/avtoprevleke.si\/it\/izdelki\/avtoprevleka-po-meri-za-citroen-c4-picasso-exclusive-seduction-2013-2016-5-vrat-3\/","og_site_name":"Avtoprevleke po meri | TECH PLUS","article_modified_time":"2026-03-30T10:42:54+00:00","og_image":[{"width":520,"height":520,"url":"https:\/\/avtoprevleke.si\/wp-content\/uploads\/2018\/09\/Avtoprevleka-za-citroen-c4_picasso_3_4.jpg","type":"image\/jpeg"}],"twitter_card":"summary_large_image","schema":{"@context":"https:\/\/schema.org","@graph":[{"@type":"WebPage","@id":"https:\/\/avtoprevleke.si\/izdelki\/avtoprevleka-po-meri-za-citroen-c4-picasso-exclusive-seduction-2013-2016-5-vrat-3\/","url":"https:\/\/avtoprevleke.si\/izdelki\/avtoprevleka-po-meri-za-citroen-c4-picasso-exclusive-seduction-2013-2016-5-vrat-3\/","name":"Avtoprevleka po meri za Citro\u00ebn C4 Picasso (2013-2016) 5 vrat - Avtoprevleke po meri | TECH PLUS","isPartOf":{"@id":"https:\/\/avtoprevleke.si\/#website"},"primaryImageOfPage":{"@id":"https:\/\/avtoprevleke.si\/izdelki\/avtoprevleka-po-meri-za-citroen-c4-picasso-exclusive-seduction-2013-2016-5-vrat-3\/#primaryimage"},"image":{"@id":"https:\/\/avtoprevleke.si\/izdelki\/avtoprevleka-po-meri-za-citroen-c4-picasso-exclusive-seduction-2013-2016-5-vrat-3\/#primaryimage"},"thumbnailUrl":"https:\/\/avtoprevleke.si\/wp-content\/uploads\/2018\/09\/Avtoprevleka-za-citroen-c4_picasso_3_4.jpg","datePublished":"2018-09-22T14:16:49+00:00","dateModified":"2026-03-30T10:42:54+00:00","breadcrumb":{"@id":"https:\/\/avtoprevleke.si\/izdelki\/avtoprevleka-po-meri-za-citroen-c4-picasso-exclusive-seduction-2013-2016-5-vrat-3\/#breadcrumb"},"inLanguage":"it-IT","potentialAction":[{"@type":"ReadAction","target":["https:\/\/avtoprevleke.si\/izdelki\/avtoprevleka-po-meri-za-citroen-c4-picasso-exclusive-seduction-2013-2016-5-vrat-3\/"]}]},{"@type":"ImageObject","inLanguage":"it-IT","@id":"https:\/\/avtoprevleke.si\/izdelki\/avtoprevleka-po-meri-za-citroen-c4-picasso-exclusive-seduction-2013-2016-5-vrat-3\/#primaryimage","url":"https:\/\/avtoprevleke.si\/wp-content\/uploads\/2018\/09\/Avtoprevleka-za-citroen-c4_picasso_3_4.jpg","contentUrl":"https:\/\/avtoprevleke.si\/wp-content\/uploads\/2018\/09\/Avtoprevleka-za-citroen-c4_picasso_3_4.jpg","width":520,"height":520,"caption":"Avtoprevleka za Citroen C4 Picasso"},{"@type":"BreadcrumbList","@id":"https:\/\/avtoprevleke.si\/izdelki\/avtoprevleka-po-meri-za-citroen-c4-picasso-exclusive-seduction-2013-2016-5-vrat-3\/#breadcrumb","itemListElement":[{"@type":"ListItem","position":1,"name":"Home","item":"https:\/\/avtoprevleke.si\/"},{"@type":"ListItem","position":2,"name":"Prevleke po meri","item":"https:\/\/avtoprevleke.si\/de\/individuelle-abdeckungen\/"},{"@type":"ListItem","position":3,"name":"Avtoprevleka po meri za Citro\u00ebn C4 Picasso (2013-2016) 5 vrat"}]},{"@type":"WebSite","@id":"https:\/\/avtoprevleke.si\/#website","url":"https:\/\/avtoprevleke.si\/","name":"Avtoprevleke po meri | TECH PLUS","description":"Tipske avtoprevleke - sede\u017ene prevleke za avto","publisher":{"@id":"https:\/\/avtoprevleke.si\/#organization"},"potentialAction":[{"@type":"SearchAction","target":{"@type":"EntryPoint","urlTemplate":"https:\/\/avtoprevleke.si\/?s={search_term_string}"},"query-input":{"@type":"PropertyValueSpecification","valueRequired":true,"valueName":"search_term_string"}}],"inLanguage":"it-IT"},{"@type":"Organization","@id":"https:\/\/avtoprevleke.si\/#organization","name":"Avtoprevleke po meri | TECH PLUS","url":"https:\/\/avtoprevleke.si\/","logo":{"@type":"ImageObject","inLanguage":"it-IT","@id":"https:\/\/avtoprevleke.si\/#\/schema\/logo\/image\/","url":"https:\/\/avtoprevleke.si\/wp-content\/uploads\/2018\/09\/avtoprevleke-logo.png","contentUrl":"https:\/\/avtoprevleke.si\/wp-content\/uploads\/2018\/09\/avtoprevleke-logo.png","width":856,"height":330,"caption":"Avtoprevleke po meri | TECH PLUS"},"image":{"@id":"https:\/\/avtoprevleke.si\/#\/schema\/logo\/image\/"}}]}},"_links":{"self":[{"href":"https:\/\/avtoprevleke.si\/it\/wp-json\/wp\/v2\/product\/4597","targetHints":{"allow":["GET"]}}],"collection":[{"href":"https:\/\/avtoprevleke.si\/it\/wp-json\/wp\/v2\/product"}],"about":[{"href":"https:\/\/avtoprevleke.si\/it\/wp-json\/wp\/v2\/types\/product"}],"replies":[{"embeddable":true,"href":"https:\/\/avtoprevleke.si\/it\/wp-json\/wp\/v2\/comments?post=4597"}],"wp:featuredmedia":[{"embeddable":true,"href":"https:\/\/avtoprevleke.si\/it\/wp-json\/wp\/v2\/media\/30039"}],"wp:attachment":[{"href":"https:\/\/avtoprevleke.si\/it\/wp-json\/wp\/v2\/media?parent=4597"}],"wp:term":[{"taxonomy":"product_brand","embeddable":true,"href":"https:\/\/avtoprevleke.si\/it\/wp-json\/wp\/v2\/product_brand?post=4597"},{"taxonomy":"product_cat","embeddable":true,"href":"https:\/\/avtoprevleke.si\/it\/wp-json\/wp\/v2\/product_cat?post=4597"},{"taxonomy":"product_tag","embeddable":true,"href":"https:\/\/avtoprevleke.si\/it\/wp-json\/wp\/v2\/product_tag?post=4597"}],"curies":[{"name":"wp","href":"https:\/\/api.w.org\/{rel}","templated":true}]}}