{"id":3937,"date":"2018-09-22T15:14:14","date_gmt":"2018-09-22T14:14:14","guid":{"rendered":"https:\/\/avtoprevleke.si\/product\/import-placeholder-for-13008\/"},"modified":"2026-03-30T11:41:33","modified_gmt":"2026-03-30T10:41:33","slug":"avtoprevleka-po-meri-za-citroen-toyota-peugeot-c1-aygo-107-urban-2005-2012-3-vrata-5-vrat","status":"publish","type":"product","link":"https:\/\/avtoprevleke.si\/it\/izdelki\/avtoprevleka-po-meri-za-citroen-toyota-peugeot-c1-aygo-107-urban-2005-2012-3-vrata-5-vrat\/","title":{"rendered":"Avtoprevleka po meri za Citro\u00ebn\/ Toyota\/ Peugeot C1\/ Aygo\/ 107 (2005-2012) 3 vrata\/5 vrat"},"content":{"rendered":"<p>sprednja vrsta sede\u017ea sta avio (v enem celem kosu), zadnji naslon in sede\u017ei so v enem kosu, bo\u010dna zra\u010dna blazina (airbag), \u0160ifra: 13008<\/p>","protected":false},"excerpt":{"rendered":"<p>sprednja vrsta sede\u017ea sta avio (v enem celem kosu), zadnji naslon in sede\u017ei so v enem kosu, bo\u010dna zra\u010dna blazina (airbag)<\/p>","protected":false},"featured_media":30009,"comment_status":"open","ping_status":"closed","template":"","meta":[],"product_brand":[],"product_cat":[1191,1193,1195],"product_tag":[194,728,964],"class_list":{"0":"post-3937","1":"product","2":"type-product","3":"status-publish","4":"has-post-thumbnail","6":"product_cat-2005-2012-107","7":"product_cat-2005-2012-aygo","8":"product_cat-2005-2012-c1","9":"product_tag-citroen","10":"product_tag-peugeot","11":"product_tag-toyota","13":"first","14":"instock","15":"sale","16":"shipping-taxable","17":"purchasable","18":"product-type-variable"},"yoast_head":"<!-- This site is optimized with the Yoast SEO plugin v27.5 - https:\/\/yoast.com\/product\/yoast-seo-wordpress\/ -->\n<title>Avtoprevleka po meri za Citro\u00ebn\/ Toyota\/ Peugeot C1\/ Aygo\/ 107 (2005-2012) 3 vrata\/5 vrat - Avtoprevleke po meri | TECH PLUS<\/title>\n<meta name=\"robots\" content=\"index, follow, max-snippet:-1, max-image-preview:large, max-video-preview:-1\" \/>\n<link rel=\"canonical\" href=\"https:\/\/avtoprevleke.si\/it\/izdelki\/avtoprevleka-po-meri-za-citroen-toyota-peugeot-c1-aygo-107-urban-2005-2012-3-vrata-5-vrat\/\" \/>\n<meta property=\"og:locale\" content=\"it_IT\" \/>\n<meta property=\"og:type\" content=\"article\" \/>\n<meta property=\"og:title\" content=\"Avtoprevleka po meri za Citro\u00ebn\/ Toyota\/ Peugeot C1\/ Aygo\/ 107 (2005-2012) 3 vrata\/5 vrat - Avtoprevleke po meri | TECH PLUS\" \/>\n<meta property=\"og:description\" content=\"sprednja vrsta sede\u017ea sta avio (v enem celem kosu), zadnji naslon in sede\u017ei so v enem kosu, bo\u010dna zra\u010dna blazina (airbag)\" \/>\n<meta property=\"og:url\" content=\"https:\/\/avtoprevleke.si\/it\/izdelki\/avtoprevleka-po-meri-za-citroen-toyota-peugeot-c1-aygo-107-urban-2005-2012-3-vrata-5-vrat\/\" \/>\n<meta property=\"og:site_name\" content=\"Avtoprevleke po meri | TECH PLUS\" \/>\n<meta property=\"article:modified_time\" content=\"2026-03-30T10:41:33+00:00\" \/>\n<meta property=\"og:image\" content=\"https:\/\/avtoprevleke.si\/wp-content\/uploads\/2018\/09\/Avtoprevleka-za-citroen-c1_toyota-aygo_peugeot_107.jpg\" \/>\n\t<meta property=\"og:image:width\" content=\"520\" \/>\n\t<meta property=\"og:image:height\" content=\"520\" \/>\n\t<meta property=\"og:image:type\" content=\"image\/jpeg\" \/>\n<meta name=\"twitter:card\" content=\"summary_large_image\" \/>\n<script type=\"application\/ld+json\" class=\"yoast-schema-graph\">{\"@context\":\"https:\\\/\\\/schema.org\",\"@graph\":[{\"@type\":\"WebPage\",\"@id\":\"https:\\\/\\\/avtoprevleke.si\\\/izdelki\\\/avtoprevleka-po-meri-za-citroen-toyota-peugeot-c1-aygo-107-urban-2005-2012-3-vrata-5-vrat\\\/\",\"url\":\"https:\\\/\\\/avtoprevleke.si\\\/izdelki\\\/avtoprevleka-po-meri-za-citroen-toyota-peugeot-c1-aygo-107-urban-2005-2012-3-vrata-5-vrat\\\/\",\"name\":\"Avtoprevleka po meri za Citro\u00ebn\\\/ Toyota\\\/ Peugeot C1\\\/ Aygo\\\/ 107 (2005-2012) 3 vrata\\\/5 vrat - Avtoprevleke po meri | TECH PLUS\",\"isPartOf\":{\"@id\":\"https:\\\/\\\/avtoprevleke.si\\\/#website\"},\"primaryImageOfPage\":{\"@id\":\"https:\\\/\\\/avtoprevleke.si\\\/izdelki\\\/avtoprevleka-po-meri-za-citroen-toyota-peugeot-c1-aygo-107-urban-2005-2012-3-vrata-5-vrat\\\/#primaryimage\"},\"image\":{\"@id\":\"https:\\\/\\\/avtoprevleke.si\\\/izdelki\\\/avtoprevleka-po-meri-za-citroen-toyota-peugeot-c1-aygo-107-urban-2005-2012-3-vrata-5-vrat\\\/#primaryimage\"},\"thumbnailUrl\":\"https:\\\/\\\/avtoprevleke.si\\\/wp-content\\\/uploads\\\/2018\\\/09\\\/Avtoprevleka-za-citroen-c1_toyota-aygo_peugeot_107.jpg\",\"datePublished\":\"2018-09-22T14:14:14+00:00\",\"dateModified\":\"2026-03-30T10:41:33+00:00\",\"breadcrumb\":{\"@id\":\"https:\\\/\\\/avtoprevleke.si\\\/izdelki\\\/avtoprevleka-po-meri-za-citroen-toyota-peugeot-c1-aygo-107-urban-2005-2012-3-vrata-5-vrat\\\/#breadcrumb\"},\"inLanguage\":\"it-IT\",\"potentialAction\":[{\"@type\":\"ReadAction\",\"target\":[\"https:\\\/\\\/avtoprevleke.si\\\/izdelki\\\/avtoprevleka-po-meri-za-citroen-toyota-peugeot-c1-aygo-107-urban-2005-2012-3-vrata-5-vrat\\\/\"]}]},{\"@type\":\"ImageObject\",\"inLanguage\":\"it-IT\",\"@id\":\"https:\\\/\\\/avtoprevleke.si\\\/izdelki\\\/avtoprevleka-po-meri-za-citroen-toyota-peugeot-c1-aygo-107-urban-2005-2012-3-vrata-5-vrat\\\/#primaryimage\",\"url\":\"https:\\\/\\\/avtoprevleke.si\\\/wp-content\\\/uploads\\\/2018\\\/09\\\/Avtoprevleka-za-citroen-c1_toyota-aygo_peugeot_107.jpg\",\"contentUrl\":\"https:\\\/\\\/avtoprevleke.si\\\/wp-content\\\/uploads\\\/2018\\\/09\\\/Avtoprevleka-za-citroen-c1_toyota-aygo_peugeot_107.jpg\",\"width\":520,\"height\":520,\"caption\":\"Avtoprevleka za Citroen C1\"},{\"@type\":\"BreadcrumbList\",\"@id\":\"https:\\\/\\\/avtoprevleke.si\\\/izdelki\\\/avtoprevleka-po-meri-za-citroen-toyota-peugeot-c1-aygo-107-urban-2005-2012-3-vrata-5-vrat\\\/#breadcrumb\",\"itemListElement\":[{\"@type\":\"ListItem\",\"position\":1,\"name\":\"Home\",\"item\":\"https:\\\/\\\/avtoprevleke.si\\\/\"},{\"@type\":\"ListItem\",\"position\":2,\"name\":\"Prevleke po meri\",\"item\":\"https:\\\/\\\/avtoprevleke.si\\\/de\\\/individuelle-abdeckungen\\\/\"},{\"@type\":\"ListItem\",\"position\":3,\"name\":\"Avtoprevleka po meri za Citro\u00ebn\\\/ Toyota\\\/ Peugeot C1\\\/ Aygo\\\/ 107 (2005-2012) 3 vrata\\\/5 vrat\"}]},{\"@type\":\"WebSite\",\"@id\":\"https:\\\/\\\/avtoprevleke.si\\\/#website\",\"url\":\"https:\\\/\\\/avtoprevleke.si\\\/\",\"name\":\"Avtoprevleke po meri | TECH PLUS\",\"description\":\"Tipske avtoprevleke - sede\u017ene prevleke za avto\",\"publisher\":{\"@id\":\"https:\\\/\\\/avtoprevleke.si\\\/#organization\"},\"potentialAction\":[{\"@type\":\"SearchAction\",\"target\":{\"@type\":\"EntryPoint\",\"urlTemplate\":\"https:\\\/\\\/avtoprevleke.si\\\/?s={search_term_string}\"},\"query-input\":{\"@type\":\"PropertyValueSpecification\",\"valueRequired\":true,\"valueName\":\"search_term_string\"}}],\"inLanguage\":\"it-IT\"},{\"@type\":\"Organization\",\"@id\":\"https:\\\/\\\/avtoprevleke.si\\\/#organization\",\"name\":\"Avtoprevleke po meri | TECH PLUS\",\"url\":\"https:\\\/\\\/avtoprevleke.si\\\/\",\"logo\":{\"@type\":\"ImageObject\",\"inLanguage\":\"it-IT\",\"@id\":\"https:\\\/\\\/avtoprevleke.si\\\/#\\\/schema\\\/logo\\\/image\\\/\",\"url\":\"https:\\\/\\\/avtoprevleke.si\\\/wp-content\\\/uploads\\\/2018\\\/09\\\/avtoprevleke-logo.png\",\"contentUrl\":\"https:\\\/\\\/avtoprevleke.si\\\/wp-content\\\/uploads\\\/2018\\\/09\\\/avtoprevleke-logo.png\",\"width\":856,\"height\":330,\"caption\":\"Avtoprevleke po meri | TECH PLUS\"},\"image\":{\"@id\":\"https:\\\/\\\/avtoprevleke.si\\\/#\\\/schema\\\/logo\\\/image\\\/\"}}]}<\/script>\n<!-- \/ Yoast SEO plugin. -->","yoast_head_json":{"title":"Avtoprevleka po meri za Citro\u00ebn\/ Toyota\/ Peugeot C1\/ Aygo\/ 107 (2005-2012) 3 vrata\/5 vrat - Avtoprevleke po meri | TECH PLUS","robots":{"index":"index","follow":"follow","max-snippet":"max-snippet:-1","max-image-preview":"max-image-preview:large","max-video-preview":"max-video-preview:-1"},"canonical":"https:\/\/avtoprevleke.si\/it\/izdelki\/avtoprevleka-po-meri-za-citroen-toyota-peugeot-c1-aygo-107-urban-2005-2012-3-vrata-5-vrat\/","og_locale":"it_IT","og_type":"article","og_title":"Avtoprevleka po meri za Citro\u00ebn\/ Toyota\/ Peugeot C1\/ Aygo\/ 107 (2005-2012) 3 vrata\/5 vrat - Avtoprevleke po meri | TECH PLUS","og_description":"sprednja vrsta sede\u017ea sta avio (v enem celem kosu), zadnji naslon in sede\u017ei so v enem kosu, bo\u010dna zra\u010dna blazina (airbag)","og_url":"https:\/\/avtoprevleke.si\/it\/izdelki\/avtoprevleka-po-meri-za-citroen-toyota-peugeot-c1-aygo-107-urban-2005-2012-3-vrata-5-vrat\/","og_site_name":"Avtoprevleke po meri | TECH PLUS","article_modified_time":"2026-03-30T10:41:33+00:00","og_image":[{"width":520,"height":520,"url":"https:\/\/avtoprevleke.si\/wp-content\/uploads\/2018\/09\/Avtoprevleka-za-citroen-c1_toyota-aygo_peugeot_107.jpg","type":"image\/jpeg"}],"twitter_card":"summary_large_image","schema":{"@context":"https:\/\/schema.org","@graph":[{"@type":"WebPage","@id":"https:\/\/avtoprevleke.si\/izdelki\/avtoprevleka-po-meri-za-citroen-toyota-peugeot-c1-aygo-107-urban-2005-2012-3-vrata-5-vrat\/","url":"https:\/\/avtoprevleke.si\/izdelki\/avtoprevleka-po-meri-za-citroen-toyota-peugeot-c1-aygo-107-urban-2005-2012-3-vrata-5-vrat\/","name":"Avtoprevleka po meri za Citro\u00ebn\/ Toyota\/ Peugeot C1\/ Aygo\/ 107 (2005-2012) 3 vrata\/5 vrat - Avtoprevleke po meri | TECH PLUS","isPartOf":{"@id":"https:\/\/avtoprevleke.si\/#website"},"primaryImageOfPage":{"@id":"https:\/\/avtoprevleke.si\/izdelki\/avtoprevleka-po-meri-za-citroen-toyota-peugeot-c1-aygo-107-urban-2005-2012-3-vrata-5-vrat\/#primaryimage"},"image":{"@id":"https:\/\/avtoprevleke.si\/izdelki\/avtoprevleka-po-meri-za-citroen-toyota-peugeot-c1-aygo-107-urban-2005-2012-3-vrata-5-vrat\/#primaryimage"},"thumbnailUrl":"https:\/\/avtoprevleke.si\/wp-content\/uploads\/2018\/09\/Avtoprevleka-za-citroen-c1_toyota-aygo_peugeot_107.jpg","datePublished":"2018-09-22T14:14:14+00:00","dateModified":"2026-03-30T10:41:33+00:00","breadcrumb":{"@id":"https:\/\/avtoprevleke.si\/izdelki\/avtoprevleka-po-meri-za-citroen-toyota-peugeot-c1-aygo-107-urban-2005-2012-3-vrata-5-vrat\/#breadcrumb"},"inLanguage":"it-IT","potentialAction":[{"@type":"ReadAction","target":["https:\/\/avtoprevleke.si\/izdelki\/avtoprevleka-po-meri-za-citroen-toyota-peugeot-c1-aygo-107-urban-2005-2012-3-vrata-5-vrat\/"]}]},{"@type":"ImageObject","inLanguage":"it-IT","@id":"https:\/\/avtoprevleke.si\/izdelki\/avtoprevleka-po-meri-za-citroen-toyota-peugeot-c1-aygo-107-urban-2005-2012-3-vrata-5-vrat\/#primaryimage","url":"https:\/\/avtoprevleke.si\/wp-content\/uploads\/2018\/09\/Avtoprevleka-za-citroen-c1_toyota-aygo_peugeot_107.jpg","contentUrl":"https:\/\/avtoprevleke.si\/wp-content\/uploads\/2018\/09\/Avtoprevleka-za-citroen-c1_toyota-aygo_peugeot_107.jpg","width":520,"height":520,"caption":"Avtoprevleka za Citroen C1"},{"@type":"BreadcrumbList","@id":"https:\/\/avtoprevleke.si\/izdelki\/avtoprevleka-po-meri-za-citroen-toyota-peugeot-c1-aygo-107-urban-2005-2012-3-vrata-5-vrat\/#breadcrumb","itemListElement":[{"@type":"ListItem","position":1,"name":"Home","item":"https:\/\/avtoprevleke.si\/"},{"@type":"ListItem","position":2,"name":"Prevleke po meri","item":"https:\/\/avtoprevleke.si\/de\/individuelle-abdeckungen\/"},{"@type":"ListItem","position":3,"name":"Avtoprevleka po meri za Citro\u00ebn\/ Toyota\/ Peugeot C1\/ Aygo\/ 107 (2005-2012) 3 vrata\/5 vrat"}]},{"@type":"WebSite","@id":"https:\/\/avtoprevleke.si\/#website","url":"https:\/\/avtoprevleke.si\/","name":"Avtoprevleke po meri | TECH PLUS","description":"Tipske avtoprevleke - sede\u017ene prevleke za avto","publisher":{"@id":"https:\/\/avtoprevleke.si\/#organization"},"potentialAction":[{"@type":"SearchAction","target":{"@type":"EntryPoint","urlTemplate":"https:\/\/avtoprevleke.si\/?s={search_term_string}"},"query-input":{"@type":"PropertyValueSpecification","valueRequired":true,"valueName":"search_term_string"}}],"inLanguage":"it-IT"},{"@type":"Organization","@id":"https:\/\/avtoprevleke.si\/#organization","name":"Avtoprevleke po meri | TECH PLUS","url":"https:\/\/avtoprevleke.si\/","logo":{"@type":"ImageObject","inLanguage":"it-IT","@id":"https:\/\/avtoprevleke.si\/#\/schema\/logo\/image\/","url":"https:\/\/avtoprevleke.si\/wp-content\/uploads\/2018\/09\/avtoprevleke-logo.png","contentUrl":"https:\/\/avtoprevleke.si\/wp-content\/uploads\/2018\/09\/avtoprevleke-logo.png","width":856,"height":330,"caption":"Avtoprevleke po meri | TECH PLUS"},"image":{"@id":"https:\/\/avtoprevleke.si\/#\/schema\/logo\/image\/"}}]}},"_links":{"self":[{"href":"https:\/\/avtoprevleke.si\/it\/wp-json\/wp\/v2\/product\/3937","targetHints":{"allow":["GET"]}}],"collection":[{"href":"https:\/\/avtoprevleke.si\/it\/wp-json\/wp\/v2\/product"}],"about":[{"href":"https:\/\/avtoprevleke.si\/it\/wp-json\/wp\/v2\/types\/product"}],"replies":[{"embeddable":true,"href":"https:\/\/avtoprevleke.si\/it\/wp-json\/wp\/v2\/comments?post=3937"}],"wp:featuredmedia":[{"embeddable":true,"href":"https:\/\/avtoprevleke.si\/it\/wp-json\/wp\/v2\/media\/30009"}],"wp:attachment":[{"href":"https:\/\/avtoprevleke.si\/it\/wp-json\/wp\/v2\/media?parent=3937"}],"wp:term":[{"taxonomy":"product_brand","embeddable":true,"href":"https:\/\/avtoprevleke.si\/it\/wp-json\/wp\/v2\/product_brand?post=3937"},{"taxonomy":"product_cat","embeddable":true,"href":"https:\/\/avtoprevleke.si\/it\/wp-json\/wp\/v2\/product_cat?post=3937"},{"taxonomy":"product_tag","embeddable":true,"href":"https:\/\/avtoprevleke.si\/it\/wp-json\/wp\/v2\/product_tag?post=3937"}],"curies":[{"name":"wp","href":"https:\/\/api.w.org\/{rel}","templated":true}]}}