{"id":32967,"date":"2022-03-10T09:16:20","date_gmt":"2022-03-10T08:16:20","guid":{"rendered":"https:\/\/avtoprevleke.si\/?post_type=product&#038;p=32967"},"modified":"2024-02-13T10:30:56","modified_gmt":"2024-02-13T09:30:56","slug":"prevleka-za-sprednji-avto-sedez-california","status":"publish","type":"product","link":"https:\/\/avtoprevleke.si\/it\/izdelki\/prevleka-za-sprednji-avto-sedez-california\/","title":{"rendered":"Prevleka za sprednji avto sede\u017e &#8211; California"},"content":{"rendered":"<p>Prevleka za sprednji avto sede\u017e je s svojo mehko povr\u0161ino idealna za usnjene sede\u017ee. Zra\u010dna prevleka za avto sede\u017e (sede\u017e + naslon + zadnji del) na zadnji strani vsebuje prakti\u010den \u017eep v katerega lahko shranjujete la\u017eje predmete. Prevleka za sprednji avto sede\u017e zagotavlja udobno sedenje in enostavno namestitev. Dimenzije: 46 \u00d7 164 cm, Barva: bela\/be\u017e \u0160ifra: GM12353<\/p>","protected":false},"excerpt":{"rendered":"<p>Prevleka za sprednji avto sede\u017e je s svojo mehko povr\u0161ino idealna za usnjene sede\u017ee. Zra\u010dna prevleka za avto sede\u017e (sede\u017e + naslon + zadnji del) na zadnji strani vsebuje prakti\u010den \u017eep v katerega lahko shranjujete la\u017eje predmete. Prevleka za sprednji avto sede\u017e zagotavlja udobno sedenje in enostavno namestitev. Dimenzije: 46 \u00d7 164 cm, Barva: bela\/be\u017e<\/p>","protected":false},"featured_media":32968,"comment_status":"open","ping_status":"closed","template":"","meta":[],"product_brand":[],"product_cat":[78],"product_tag":[],"class_list":{"0":"post-32967","1":"product","2":"type-product","3":"status-publish","4":"has-post-thumbnail","6":"product_cat-univerzalne-prevleke","8":"first","9":"instock","10":"sale","11":"shipping-taxable","12":"purchasable","13":"product-type-simple"},"yoast_head":"<!-- This site is optimized with the Yoast SEO plugin v27.5 - https:\/\/yoast.com\/product\/yoast-seo-wordpress\/ -->\n<title>Prevleka za sprednji avto sede\u017e - California - Avtoprevleke po meri | TECH PLUS<\/title>\n<meta name=\"robots\" content=\"index, follow, max-snippet:-1, max-image-preview:large, max-video-preview:-1\" \/>\n<link rel=\"canonical\" href=\"https:\/\/avtoprevleke.si\/it\/izdelki\/prevleka-za-sprednji-avto-sedez-california\/\" \/>\n<meta property=\"og:locale\" content=\"it_IT\" \/>\n<meta property=\"og:type\" content=\"article\" \/>\n<meta property=\"og:title\" content=\"Prevleka za sprednji avto sede\u017e - California - Avtoprevleke po meri | TECH PLUS\" \/>\n<meta property=\"og:description\" content=\"Prevleka za sprednji avto sede\u017e je s svojo mehko povr\u0161ino idealna za usnjene sede\u017ee. Zra\u010dna prevleka za avto sede\u017e (sede\u017e + naslon + zadnji del) na zadnji strani vsebuje prakti\u010den \u017eep v katerega lahko shranjujete la\u017eje predmete. Prevleka za sprednji avto sede\u017e zagotavlja udobno sedenje in enostavno namestitev. Dimenzije: 46 \u00d7 164 cm, Barva: bela\/be\u017e\" \/>\n<meta property=\"og:url\" content=\"https:\/\/avtoprevleke.si\/it\/izdelki\/prevleka-za-sprednji-avto-sedez-california\/\" \/>\n<meta property=\"og:site_name\" content=\"Avtoprevleke po meri | TECH PLUS\" \/>\n<meta property=\"article:modified_time\" content=\"2024-02-13T09:30:56+00:00\" \/>\n<meta property=\"og:image\" content=\"https:\/\/avtoprevleke.si\/wp-content\/uploads\/2022\/03\/prevleka-za-sprednji-avto-sedez.jpg\" \/>\n\t<meta property=\"og:image:width\" content=\"600\" \/>\n\t<meta property=\"og:image:height\" content=\"902\" \/>\n\t<meta property=\"og:image:type\" content=\"image\/jpeg\" \/>\n<meta name=\"twitter:card\" content=\"summary_large_image\" \/>\n<script type=\"application\/ld+json\" class=\"yoast-schema-graph\">{\"@context\":\"https:\\\/\\\/schema.org\",\"@graph\":[{\"@type\":\"WebPage\",\"@id\":\"https:\\\/\\\/avtoprevleke.si\\\/izdelki\\\/prevleka-za-sprednji-avto-sedez-california\\\/\",\"url\":\"https:\\\/\\\/avtoprevleke.si\\\/izdelki\\\/prevleka-za-sprednji-avto-sedez-california\\\/\",\"name\":\"Prevleka za sprednji avto sede\u017e - California - Avtoprevleke po meri | TECH PLUS\",\"isPartOf\":{\"@id\":\"https:\\\/\\\/avtoprevleke.si\\\/#website\"},\"primaryImageOfPage\":{\"@id\":\"https:\\\/\\\/avtoprevleke.si\\\/izdelki\\\/prevleka-za-sprednji-avto-sedez-california\\\/#primaryimage\"},\"image\":{\"@id\":\"https:\\\/\\\/avtoprevleke.si\\\/izdelki\\\/prevleka-za-sprednji-avto-sedez-california\\\/#primaryimage\"},\"thumbnailUrl\":\"https:\\\/\\\/avtoprevleke.si\\\/wp-content\\\/uploads\\\/2022\\\/03\\\/prevleka-za-sprednji-avto-sedez.jpg\",\"datePublished\":\"2022-03-10T08:16:20+00:00\",\"dateModified\":\"2024-02-13T09:30:56+00:00\",\"breadcrumb\":{\"@id\":\"https:\\\/\\\/avtoprevleke.si\\\/izdelki\\\/prevleka-za-sprednji-avto-sedez-california\\\/#breadcrumb\"},\"inLanguage\":\"it-IT\",\"potentialAction\":[{\"@type\":\"ReadAction\",\"target\":[\"https:\\\/\\\/avtoprevleke.si\\\/izdelki\\\/prevleka-za-sprednji-avto-sedez-california\\\/\"]}]},{\"@type\":\"ImageObject\",\"inLanguage\":\"it-IT\",\"@id\":\"https:\\\/\\\/avtoprevleke.si\\\/izdelki\\\/prevleka-za-sprednji-avto-sedez-california\\\/#primaryimage\",\"url\":\"https:\\\/\\\/avtoprevleke.si\\\/wp-content\\\/uploads\\\/2022\\\/03\\\/prevleka-za-sprednji-avto-sedez.jpg\",\"contentUrl\":\"https:\\\/\\\/avtoprevleke.si\\\/wp-content\\\/uploads\\\/2022\\\/03\\\/prevleka-za-sprednji-avto-sedez.jpg\",\"width\":600,\"height\":902,\"caption\":\"Prevleka za sprednji sede\u017e\"},{\"@type\":\"BreadcrumbList\",\"@id\":\"https:\\\/\\\/avtoprevleke.si\\\/izdelki\\\/prevleka-za-sprednji-avto-sedez-california\\\/#breadcrumb\",\"itemListElement\":[{\"@type\":\"ListItem\",\"position\":1,\"name\":\"Home\",\"item\":\"https:\\\/\\\/avtoprevleke.si\\\/\"},{\"@type\":\"ListItem\",\"position\":2,\"name\":\"Prevleke po meri\",\"item\":\"https:\\\/\\\/avtoprevleke.si\\\/de\\\/individuelle-abdeckungen\\\/\"},{\"@type\":\"ListItem\",\"position\":3,\"name\":\"Prevleka za sprednji avto sede\u017e &#8211; California\"}]},{\"@type\":\"WebSite\",\"@id\":\"https:\\\/\\\/avtoprevleke.si\\\/#website\",\"url\":\"https:\\\/\\\/avtoprevleke.si\\\/\",\"name\":\"Avtoprevleke po meri | TECH PLUS\",\"description\":\"Tipske avtoprevleke - sede\u017ene prevleke za avto\",\"publisher\":{\"@id\":\"https:\\\/\\\/avtoprevleke.si\\\/#organization\"},\"potentialAction\":[{\"@type\":\"SearchAction\",\"target\":{\"@type\":\"EntryPoint\",\"urlTemplate\":\"https:\\\/\\\/avtoprevleke.si\\\/?s={search_term_string}\"},\"query-input\":{\"@type\":\"PropertyValueSpecification\",\"valueRequired\":true,\"valueName\":\"search_term_string\"}}],\"inLanguage\":\"it-IT\"},{\"@type\":\"Organization\",\"@id\":\"https:\\\/\\\/avtoprevleke.si\\\/#organization\",\"name\":\"Avtoprevleke po meri | TECH PLUS\",\"url\":\"https:\\\/\\\/avtoprevleke.si\\\/\",\"logo\":{\"@type\":\"ImageObject\",\"inLanguage\":\"it-IT\",\"@id\":\"https:\\\/\\\/avtoprevleke.si\\\/#\\\/schema\\\/logo\\\/image\\\/\",\"url\":\"https:\\\/\\\/avtoprevleke.si\\\/wp-content\\\/uploads\\\/2018\\\/09\\\/avtoprevleke-logo.png\",\"contentUrl\":\"https:\\\/\\\/avtoprevleke.si\\\/wp-content\\\/uploads\\\/2018\\\/09\\\/avtoprevleke-logo.png\",\"width\":856,\"height\":330,\"caption\":\"Avtoprevleke po meri | TECH PLUS\"},\"image\":{\"@id\":\"https:\\\/\\\/avtoprevleke.si\\\/#\\\/schema\\\/logo\\\/image\\\/\"}}]}<\/script>\n<!-- \/ Yoast SEO plugin. -->","yoast_head_json":{"title":"Prevleka za sprednji avto sede\u017e - California - Avtoprevleke po meri | TECH PLUS","robots":{"index":"index","follow":"follow","max-snippet":"max-snippet:-1","max-image-preview":"max-image-preview:large","max-video-preview":"max-video-preview:-1"},"canonical":"https:\/\/avtoprevleke.si\/it\/izdelki\/prevleka-za-sprednji-avto-sedez-california\/","og_locale":"it_IT","og_type":"article","og_title":"Prevleka za sprednji avto sede\u017e - California - Avtoprevleke po meri | TECH PLUS","og_description":"Prevleka za sprednji avto sede\u017e je s svojo mehko povr\u0161ino idealna za usnjene sede\u017ee. Zra\u010dna prevleka za avto sede\u017e (sede\u017e + naslon + zadnji del) na zadnji strani vsebuje prakti\u010den \u017eep v katerega lahko shranjujete la\u017eje predmete. Prevleka za sprednji avto sede\u017e zagotavlja udobno sedenje in enostavno namestitev. Dimenzije: 46 \u00d7 164 cm, Barva: bela\/be\u017e","og_url":"https:\/\/avtoprevleke.si\/it\/izdelki\/prevleka-za-sprednji-avto-sedez-california\/","og_site_name":"Avtoprevleke po meri | TECH PLUS","article_modified_time":"2024-02-13T09:30:56+00:00","og_image":[{"width":600,"height":902,"url":"https:\/\/avtoprevleke.si\/wp-content\/uploads\/2022\/03\/prevleka-za-sprednji-avto-sedez.jpg","type":"image\/jpeg"}],"twitter_card":"summary_large_image","schema":{"@context":"https:\/\/schema.org","@graph":[{"@type":"WebPage","@id":"https:\/\/avtoprevleke.si\/izdelki\/prevleka-za-sprednji-avto-sedez-california\/","url":"https:\/\/avtoprevleke.si\/izdelki\/prevleka-za-sprednji-avto-sedez-california\/","name":"Prevleka za sprednji avto sede\u017e - California - Avtoprevleke po meri | TECH PLUS","isPartOf":{"@id":"https:\/\/avtoprevleke.si\/#website"},"primaryImageOfPage":{"@id":"https:\/\/avtoprevleke.si\/izdelki\/prevleka-za-sprednji-avto-sedez-california\/#primaryimage"},"image":{"@id":"https:\/\/avtoprevleke.si\/izdelki\/prevleka-za-sprednji-avto-sedez-california\/#primaryimage"},"thumbnailUrl":"https:\/\/avtoprevleke.si\/wp-content\/uploads\/2022\/03\/prevleka-za-sprednji-avto-sedez.jpg","datePublished":"2022-03-10T08:16:20+00:00","dateModified":"2024-02-13T09:30:56+00:00","breadcrumb":{"@id":"https:\/\/avtoprevleke.si\/izdelki\/prevleka-za-sprednji-avto-sedez-california\/#breadcrumb"},"inLanguage":"it-IT","potentialAction":[{"@type":"ReadAction","target":["https:\/\/avtoprevleke.si\/izdelki\/prevleka-za-sprednji-avto-sedez-california\/"]}]},{"@type":"ImageObject","inLanguage":"it-IT","@id":"https:\/\/avtoprevleke.si\/izdelki\/prevleka-za-sprednji-avto-sedez-california\/#primaryimage","url":"https:\/\/avtoprevleke.si\/wp-content\/uploads\/2022\/03\/prevleka-za-sprednji-avto-sedez.jpg","contentUrl":"https:\/\/avtoprevleke.si\/wp-content\/uploads\/2022\/03\/prevleka-za-sprednji-avto-sedez.jpg","width":600,"height":902,"caption":"Prevleka za sprednji sede\u017e"},{"@type":"BreadcrumbList","@id":"https:\/\/avtoprevleke.si\/izdelki\/prevleka-za-sprednji-avto-sedez-california\/#breadcrumb","itemListElement":[{"@type":"ListItem","position":1,"name":"Home","item":"https:\/\/avtoprevleke.si\/"},{"@type":"ListItem","position":2,"name":"Prevleke po meri","item":"https:\/\/avtoprevleke.si\/de\/individuelle-abdeckungen\/"},{"@type":"ListItem","position":3,"name":"Prevleka za sprednji avto sede\u017e &#8211; California"}]},{"@type":"WebSite","@id":"https:\/\/avtoprevleke.si\/#website","url":"https:\/\/avtoprevleke.si\/","name":"Avtoprevleke po meri | TECH PLUS","description":"Tipske avtoprevleke - sede\u017ene prevleke za avto","publisher":{"@id":"https:\/\/avtoprevleke.si\/#organization"},"potentialAction":[{"@type":"SearchAction","target":{"@type":"EntryPoint","urlTemplate":"https:\/\/avtoprevleke.si\/?s={search_term_string}"},"query-input":{"@type":"PropertyValueSpecification","valueRequired":true,"valueName":"search_term_string"}}],"inLanguage":"it-IT"},{"@type":"Organization","@id":"https:\/\/avtoprevleke.si\/#organization","name":"Avtoprevleke po meri | TECH PLUS","url":"https:\/\/avtoprevleke.si\/","logo":{"@type":"ImageObject","inLanguage":"it-IT","@id":"https:\/\/avtoprevleke.si\/#\/schema\/logo\/image\/","url":"https:\/\/avtoprevleke.si\/wp-content\/uploads\/2018\/09\/avtoprevleke-logo.png","contentUrl":"https:\/\/avtoprevleke.si\/wp-content\/uploads\/2018\/09\/avtoprevleke-logo.png","width":856,"height":330,"caption":"Avtoprevleke po meri | TECH PLUS"},"image":{"@id":"https:\/\/avtoprevleke.si\/#\/schema\/logo\/image\/"}}]}},"_links":{"self":[{"href":"https:\/\/avtoprevleke.si\/it\/wp-json\/wp\/v2\/product\/32967","targetHints":{"allow":["GET"]}}],"collection":[{"href":"https:\/\/avtoprevleke.si\/it\/wp-json\/wp\/v2\/product"}],"about":[{"href":"https:\/\/avtoprevleke.si\/it\/wp-json\/wp\/v2\/types\/product"}],"replies":[{"embeddable":true,"href":"https:\/\/avtoprevleke.si\/it\/wp-json\/wp\/v2\/comments?post=32967"}],"wp:featuredmedia":[{"embeddable":true,"href":"https:\/\/avtoprevleke.si\/it\/wp-json\/wp\/v2\/media\/32968"}],"wp:attachment":[{"href":"https:\/\/avtoprevleke.si\/it\/wp-json\/wp\/v2\/media?parent=32967"}],"wp:term":[{"taxonomy":"product_brand","embeddable":true,"href":"https:\/\/avtoprevleke.si\/it\/wp-json\/wp\/v2\/product_brand?post=32967"},{"taxonomy":"product_cat","embeddable":true,"href":"https:\/\/avtoprevleke.si\/it\/wp-json\/wp\/v2\/product_cat?post=32967"},{"taxonomy":"product_tag","embeddable":true,"href":"https:\/\/avtoprevleke.si\/it\/wp-json\/wp\/v2\/product_tag?post=32967"}],"curies":[{"name":"wp","href":"https:\/\/api.w.org\/{rel}","templated":true}]}}