{"id":32759,"date":"2021-12-10T08:01:56","date_gmt":"2021-12-10T07:01:56","guid":{"rendered":"https:\/\/avtoprevleke.si\/?post_type=product&#038;p=32759"},"modified":"2024-02-13T10:30:56","modified_gmt":"2024-02-13T09:30:56","slug":"univerzalna-avto-prevleka-za-kombi-prestige-12-echo","status":"publish","type":"product","link":"https:\/\/avtoprevleke.si\/it\/izdelki\/univerzalna-avto-prevleka-za-kombi-prestige-12-echo\/","title":{"rendered":"Univerzalna Avto prevleka za kombi &#8211; Prestige 1+2 ECHO"},"content":{"rendered":"<p>Univerzalna Avto prevleka za kombi PRESTIGE v\u00a0univerzalni velikosti iz blagovne znamke\u00a0PRESTIGE\u00a0v\u00a0pakiranju 1+2 je namenjena za vozila kot so\u00a0Peugeot Boxer, Citroen Jumper, Fiat Ducato\u00a0itd. Univerzalna Avto prevleka za kombi je primerno kakovostno\u00a0podlo\u017eena s 0,5 cm pene-ka\u0161irano, kateri dodatno oblo\u017ei in za\u0161\u010diti sedalni del in naslon sede\u017ea. V\u00a0pakiranju najdete prevleko 2+1 (voznik + duo sovoznik +3\u00d7 vzglavnik). Izjemno kvalitetne prevleke, barva ECHO. \u0160ifra: PM00068E<\/p>","protected":false},"excerpt":{"rendered":"<p>Univerzalna Avto prevleka za kombi PRESTIGE v\u00a0univerzalni velikosti iz blagovne znamke\u00a0PRESTIGE\u00a0v\u00a0pakiranju 1+2 je namenjena za vozila kot so\u00a0Peugeot Boxer, Citroen Jumper, Fiat Ducato\u00a0itd. Univerzalna Avto prevleka za kombi je primerno kakovostno\u00a0podlo\u017eena s 0,5 cm pene-ka\u0161irano, kateri dodatno oblo\u017ei in za\u0161\u010diti sedalni del in naslon sede\u017ea. V\u00a0pakiranju najdete prevleko 2+1 (voznik + duo sovoznik +3\u00d7 vzglavnik). Izjemno kvalitetne prevleke, barva ECHO.<\/p>","protected":false},"featured_media":32760,"comment_status":"closed","ping_status":"closed","template":"","meta":[],"product_brand":[],"product_cat":[78],"product_tag":[],"class_list":{"0":"post-32759","1":"product","2":"type-product","3":"status-publish","4":"has-post-thumbnail","6":"product_cat-univerzalne-prevleke","8":"first","9":"instock","10":"sale","11":"shipping-taxable","12":"purchasable","13":"product-type-simple"},"yoast_head":"<!-- This site is optimized with the Yoast SEO plugin v27.5 - https:\/\/yoast.com\/product\/yoast-seo-wordpress\/ -->\n<title>Univerzalna Avto prevleka za kombi - Prestige 1+2 ECHO - Avtoprevleke po meri | TECH PLUS<\/title>\n<meta name=\"robots\" content=\"index, follow, max-snippet:-1, max-image-preview:large, max-video-preview:-1\" \/>\n<link rel=\"canonical\" href=\"http:\/\/avtoprevleke.si\/it\/izdelki\/univerzalna-avto-prevleka-za-kombi-prestige-12-echo\/\" \/>\n<meta property=\"og:locale\" content=\"it_IT\" \/>\n<meta property=\"og:type\" content=\"article\" \/>\n<meta property=\"og:title\" content=\"Univerzalna Avto prevleka za kombi - Prestige 1+2 ECHO - Avtoprevleke po meri | TECH PLUS\" \/>\n<meta property=\"og:description\" content=\"Univerzalna Avto prevleka za kombi PRESTIGE v\u00a0univerzalni velikosti iz blagovne znamke\u00a0PRESTIGE\u00a0v\u00a0pakiranju 1+2 je namenjena za vozila kot so\u00a0Peugeot Boxer, Citroen Jumper, Fiat Ducato\u00a0itd. Univerzalna Avto prevleka za kombi je primerno kakovostno\u00a0podlo\u017eena s 0,5 cm pene-ka\u0161irano, kateri dodatno oblo\u017ei in za\u0161\u010diti sedalni del in naslon sede\u017ea. V\u00a0pakiranju najdete prevleko 2+1 (voznik + duo sovoznik +3\u00d7 vzglavnik). Izjemno kvalitetne prevleke, barva ECHO.\" \/>\n<meta property=\"og:url\" content=\"http:\/\/avtoprevleke.si\/it\/izdelki\/univerzalna-avto-prevleka-za-kombi-prestige-12-echo\/\" \/>\n<meta property=\"og:site_name\" content=\"Avtoprevleke po meri | TECH PLUS\" \/>\n<meta property=\"article:modified_time\" content=\"2024-02-13T09:30:56+00:00\" \/>\n<meta property=\"og:image\" content=\"https:\/\/avtoprevleke.si\/wp-content\/uploads\/2021\/12\/univerzalna-avto-prevleka-za-kombi-echo.jpg\" \/>\n\t<meta property=\"og:image:width\" content=\"667\" \/>\n\t<meta property=\"og:image:height\" content=\"800\" \/>\n\t<meta property=\"og:image:type\" content=\"image\/jpeg\" \/>\n<meta name=\"twitter:card\" content=\"summary_large_image\" \/>\n<script type=\"application\/ld+json\" class=\"yoast-schema-graph\">{\"@context\":\"https:\\\/\\\/schema.org\",\"@graph\":[{\"@type\":\"WebPage\",\"@id\":\"http:\\\/\\\/avtoprevleke.si\\\/de\\\/produkte\\\/univerzalna-avto-prevleka-za-kombi-prestige-12-echo\\\/\",\"url\":\"http:\\\/\\\/avtoprevleke.si\\\/de\\\/produkte\\\/univerzalna-avto-prevleka-za-kombi-prestige-12-echo\\\/\",\"name\":\"Univerzalna Avto prevleka za kombi - Prestige 1+2 ECHO - Avtoprevleke po meri | TECH PLUS\",\"isPartOf\":{\"@id\":\"https:\\\/\\\/avtoprevleke.si\\\/#website\"},\"primaryImageOfPage\":{\"@id\":\"http:\\\/\\\/avtoprevleke.si\\\/de\\\/produkte\\\/univerzalna-avto-prevleka-za-kombi-prestige-12-echo\\\/#primaryimage\"},\"image\":{\"@id\":\"http:\\\/\\\/avtoprevleke.si\\\/de\\\/produkte\\\/univerzalna-avto-prevleka-za-kombi-prestige-12-echo\\\/#primaryimage\"},\"thumbnailUrl\":\"https:\\\/\\\/avtoprevleke.si\\\/wp-content\\\/uploads\\\/2021\\\/12\\\/univerzalna-avto-prevleka-za-kombi-echo.jpg\",\"datePublished\":\"2021-12-10T07:01:56+00:00\",\"dateModified\":\"2024-02-13T09:30:56+00:00\",\"breadcrumb\":{\"@id\":\"http:\\\/\\\/avtoprevleke.si\\\/de\\\/produkte\\\/univerzalna-avto-prevleka-za-kombi-prestige-12-echo\\\/#breadcrumb\"},\"inLanguage\":\"it-IT\",\"potentialAction\":[{\"@type\":\"ReadAction\",\"target\":[\"http:\\\/\\\/avtoprevleke.si\\\/de\\\/produkte\\\/univerzalna-avto-prevleka-za-kombi-prestige-12-echo\\\/\"]}]},{\"@type\":\"ImageObject\",\"inLanguage\":\"it-IT\",\"@id\":\"http:\\\/\\\/avtoprevleke.si\\\/de\\\/produkte\\\/univerzalna-avto-prevleka-za-kombi-prestige-12-echo\\\/#primaryimage\",\"url\":\"https:\\\/\\\/avtoprevleke.si\\\/wp-content\\\/uploads\\\/2021\\\/12\\\/univerzalna-avto-prevleka-za-kombi-echo.jpg\",\"contentUrl\":\"https:\\\/\\\/avtoprevleke.si\\\/wp-content\\\/uploads\\\/2021\\\/12\\\/univerzalna-avto-prevleka-za-kombi-echo.jpg\",\"width\":667,\"height\":800,\"caption\":\"Univerzalna Avto prevleka za kombi je namenjena za vozila kot so\u00a0Peugeot Boxer, Citroen Jumper, Fiat Ducato\"},{\"@type\":\"BreadcrumbList\",\"@id\":\"http:\\\/\\\/avtoprevleke.si\\\/de\\\/produkte\\\/univerzalna-avto-prevleka-za-kombi-prestige-12-echo\\\/#breadcrumb\",\"itemListElement\":[{\"@type\":\"ListItem\",\"position\":1,\"name\":\"Home\",\"item\":\"https:\\\/\\\/avtoprevleke.si\\\/\"},{\"@type\":\"ListItem\",\"position\":2,\"name\":\"Prevleke po meri\",\"item\":\"https:\\\/\\\/avtoprevleke.si\\\/de\\\/individuelle-abdeckungen\\\/\"},{\"@type\":\"ListItem\",\"position\":3,\"name\":\"Univerzalna Avto prevleka za kombi &#8211; Prestige 1+2 ECHO\"}]},{\"@type\":\"WebSite\",\"@id\":\"https:\\\/\\\/avtoprevleke.si\\\/#website\",\"url\":\"https:\\\/\\\/avtoprevleke.si\\\/\",\"name\":\"Avtoprevleke po meri | TECH PLUS\",\"description\":\"Tipske avtoprevleke - sede\u017ene prevleke za avto\",\"publisher\":{\"@id\":\"https:\\\/\\\/avtoprevleke.si\\\/#organization\"},\"potentialAction\":[{\"@type\":\"SearchAction\",\"target\":{\"@type\":\"EntryPoint\",\"urlTemplate\":\"https:\\\/\\\/avtoprevleke.si\\\/?s={search_term_string}\"},\"query-input\":{\"@type\":\"PropertyValueSpecification\",\"valueRequired\":true,\"valueName\":\"search_term_string\"}}],\"inLanguage\":\"it-IT\"},{\"@type\":\"Organization\",\"@id\":\"https:\\\/\\\/avtoprevleke.si\\\/#organization\",\"name\":\"Avtoprevleke po meri | TECH PLUS\",\"url\":\"https:\\\/\\\/avtoprevleke.si\\\/\",\"logo\":{\"@type\":\"ImageObject\",\"inLanguage\":\"it-IT\",\"@id\":\"https:\\\/\\\/avtoprevleke.si\\\/#\\\/schema\\\/logo\\\/image\\\/\",\"url\":\"https:\\\/\\\/avtoprevleke.si\\\/wp-content\\\/uploads\\\/2018\\\/09\\\/avtoprevleke-logo.png\",\"contentUrl\":\"https:\\\/\\\/avtoprevleke.si\\\/wp-content\\\/uploads\\\/2018\\\/09\\\/avtoprevleke-logo.png\",\"width\":856,\"height\":330,\"caption\":\"Avtoprevleke po meri | TECH PLUS\"},\"image\":{\"@id\":\"https:\\\/\\\/avtoprevleke.si\\\/#\\\/schema\\\/logo\\\/image\\\/\"}}]}<\/script>\n<!-- \/ Yoast SEO plugin. -->","yoast_head_json":{"title":"Univerzalna Avto prevleka za kombi - Prestige 1+2 ECHO - Avtoprevleke po meri | TECH PLUS","robots":{"index":"index","follow":"follow","max-snippet":"max-snippet:-1","max-image-preview":"max-image-preview:large","max-video-preview":"max-video-preview:-1"},"canonical":"http:\/\/avtoprevleke.si\/it\/izdelki\/univerzalna-avto-prevleka-za-kombi-prestige-12-echo\/","og_locale":"it_IT","og_type":"article","og_title":"Univerzalna Avto prevleka za kombi - Prestige 1+2 ECHO - Avtoprevleke po meri | TECH PLUS","og_description":"Univerzalna Avto prevleka za kombi PRESTIGE v\u00a0univerzalni velikosti iz blagovne znamke\u00a0PRESTIGE\u00a0v\u00a0pakiranju 1+2 je namenjena za vozila kot so\u00a0Peugeot Boxer, Citroen Jumper, Fiat Ducato\u00a0itd. Univerzalna Avto prevleka za kombi je primerno kakovostno\u00a0podlo\u017eena s 0,5 cm pene-ka\u0161irano, kateri dodatno oblo\u017ei in za\u0161\u010diti sedalni del in naslon sede\u017ea. V\u00a0pakiranju najdete prevleko 2+1 (voznik + duo sovoznik +3\u00d7 vzglavnik). Izjemno kvalitetne prevleke, barva ECHO.","og_url":"http:\/\/avtoprevleke.si\/it\/izdelki\/univerzalna-avto-prevleka-za-kombi-prestige-12-echo\/","og_site_name":"Avtoprevleke po meri | TECH PLUS","article_modified_time":"2024-02-13T09:30:56+00:00","og_image":[{"width":667,"height":800,"url":"https:\/\/avtoprevleke.si\/wp-content\/uploads\/2021\/12\/univerzalna-avto-prevleka-za-kombi-echo.jpg","type":"image\/jpeg"}],"twitter_card":"summary_large_image","schema":{"@context":"https:\/\/schema.org","@graph":[{"@type":"WebPage","@id":"http:\/\/avtoprevleke.si\/de\/produkte\/univerzalna-avto-prevleka-za-kombi-prestige-12-echo\/","url":"http:\/\/avtoprevleke.si\/de\/produkte\/univerzalna-avto-prevleka-za-kombi-prestige-12-echo\/","name":"Univerzalna Avto prevleka za kombi - Prestige 1+2 ECHO - Avtoprevleke po meri | TECH PLUS","isPartOf":{"@id":"https:\/\/avtoprevleke.si\/#website"},"primaryImageOfPage":{"@id":"http:\/\/avtoprevleke.si\/de\/produkte\/univerzalna-avto-prevleka-za-kombi-prestige-12-echo\/#primaryimage"},"image":{"@id":"http:\/\/avtoprevleke.si\/de\/produkte\/univerzalna-avto-prevleka-za-kombi-prestige-12-echo\/#primaryimage"},"thumbnailUrl":"https:\/\/avtoprevleke.si\/wp-content\/uploads\/2021\/12\/univerzalna-avto-prevleka-za-kombi-echo.jpg","datePublished":"2021-12-10T07:01:56+00:00","dateModified":"2024-02-13T09:30:56+00:00","breadcrumb":{"@id":"http:\/\/avtoprevleke.si\/de\/produkte\/univerzalna-avto-prevleka-za-kombi-prestige-12-echo\/#breadcrumb"},"inLanguage":"it-IT","potentialAction":[{"@type":"ReadAction","target":["http:\/\/avtoprevleke.si\/de\/produkte\/univerzalna-avto-prevleka-za-kombi-prestige-12-echo\/"]}]},{"@type":"ImageObject","inLanguage":"it-IT","@id":"http:\/\/avtoprevleke.si\/de\/produkte\/univerzalna-avto-prevleka-za-kombi-prestige-12-echo\/#primaryimage","url":"https:\/\/avtoprevleke.si\/wp-content\/uploads\/2021\/12\/univerzalna-avto-prevleka-za-kombi-echo.jpg","contentUrl":"https:\/\/avtoprevleke.si\/wp-content\/uploads\/2021\/12\/univerzalna-avto-prevleka-za-kombi-echo.jpg","width":667,"height":800,"caption":"Univerzalna Avto prevleka za kombi je namenjena za vozila kot so\u00a0Peugeot Boxer, Citroen Jumper, Fiat Ducato"},{"@type":"BreadcrumbList","@id":"http:\/\/avtoprevleke.si\/de\/produkte\/univerzalna-avto-prevleka-za-kombi-prestige-12-echo\/#breadcrumb","itemListElement":[{"@type":"ListItem","position":1,"name":"Home","item":"https:\/\/avtoprevleke.si\/"},{"@type":"ListItem","position":2,"name":"Prevleke po meri","item":"https:\/\/avtoprevleke.si\/de\/individuelle-abdeckungen\/"},{"@type":"ListItem","position":3,"name":"Univerzalna Avto prevleka za kombi &#8211; Prestige 1+2 ECHO"}]},{"@type":"WebSite","@id":"https:\/\/avtoprevleke.si\/#website","url":"https:\/\/avtoprevleke.si\/","name":"Avtoprevleke po meri | TECH PLUS","description":"Tipske avtoprevleke - sede\u017ene prevleke za avto","publisher":{"@id":"https:\/\/avtoprevleke.si\/#organization"},"potentialAction":[{"@type":"SearchAction","target":{"@type":"EntryPoint","urlTemplate":"https:\/\/avtoprevleke.si\/?s={search_term_string}"},"query-input":{"@type":"PropertyValueSpecification","valueRequired":true,"valueName":"search_term_string"}}],"inLanguage":"it-IT"},{"@type":"Organization","@id":"https:\/\/avtoprevleke.si\/#organization","name":"Avtoprevleke po meri | TECH PLUS","url":"https:\/\/avtoprevleke.si\/","logo":{"@type":"ImageObject","inLanguage":"it-IT","@id":"https:\/\/avtoprevleke.si\/#\/schema\/logo\/image\/","url":"https:\/\/avtoprevleke.si\/wp-content\/uploads\/2018\/09\/avtoprevleke-logo.png","contentUrl":"https:\/\/avtoprevleke.si\/wp-content\/uploads\/2018\/09\/avtoprevleke-logo.png","width":856,"height":330,"caption":"Avtoprevleke po meri | TECH PLUS"},"image":{"@id":"https:\/\/avtoprevleke.si\/#\/schema\/logo\/image\/"}}]}},"_links":{"self":[{"href":"https:\/\/avtoprevleke.si\/it\/wp-json\/wp\/v2\/product\/32759","targetHints":{"allow":["GET"]}}],"collection":[{"href":"https:\/\/avtoprevleke.si\/it\/wp-json\/wp\/v2\/product"}],"about":[{"href":"https:\/\/avtoprevleke.si\/it\/wp-json\/wp\/v2\/types\/product"}],"replies":[{"embeddable":true,"href":"https:\/\/avtoprevleke.si\/it\/wp-json\/wp\/v2\/comments?post=32759"}],"wp:featuredmedia":[{"embeddable":true,"href":"https:\/\/avtoprevleke.si\/it\/wp-json\/wp\/v2\/media\/32760"}],"wp:attachment":[{"href":"https:\/\/avtoprevleke.si\/it\/wp-json\/wp\/v2\/media?parent=32759"}],"wp:term":[{"taxonomy":"product_brand","embeddable":true,"href":"https:\/\/avtoprevleke.si\/it\/wp-json\/wp\/v2\/product_brand?post=32759"},{"taxonomy":"product_cat","embeddable":true,"href":"https:\/\/avtoprevleke.si\/it\/wp-json\/wp\/v2\/product_cat?post=32759"},{"taxonomy":"product_tag","embeddable":true,"href":"https:\/\/avtoprevleke.si\/it\/wp-json\/wp\/v2\/product_tag?post=32759"}],"curies":[{"name":"wp","href":"https:\/\/api.w.org\/{rel}","templated":true}]}}