{"id":32733,"date":"2021-11-18T20:50:24","date_gmt":"2021-11-18T19:50:24","guid":{"rendered":"https:\/\/avtoprevleke.si\/?post_type=product&#038;p=32733"},"modified":"2024-02-13T10:30:55","modified_gmt":"2024-02-13T09:30:55","slug":"avto-prevleka-universal-prestige-vzorec-blaga-delta-za-voznika-sovoznika","status":"publish","type":"product","link":"https:\/\/avtoprevleke.si\/it\/izdelki\/avto-prevleka-universal-prestige-vzorec-blaga-delta-za-voznika-sovoznika\/","title":{"rendered":"Avto prevleka Universal \/ Prestige &#8211; Vzorec blaga DELTA (za voznika + sovoznika)"},"content":{"rendered":"<p>Avto prevleka Universal\/Prestige DELTA je narejena v EU. Visoko kvalitetna avto prevleka za voznikov in sovoznikov sede\u017e za\u0161\u010diti in ohranja va\u0161e sede\u017ee v avtomobilu. 4 delni set je v modro\/\u010drni barvni kombinaciji. Set je sestavljen iz: sedalo\/naslonjalo voznik in sovoznik, naslon za glavo voznik in sovoznik. Kroj je izdelan na ra\u010dunalni\u0161kem stolu CAD\/CAM. Gre za povsem nov dizajn z dekorativnim dvojnim \u0161ivom. Enostavna monta\u017ea in demonta\u017ea. Materiali imajo potrebne certifikate. Italijanske tkanine in dizajni. Lahko \u010di\u0161\u010denje in pranje tudi v pralnem stroju na 40 \u00b0C. \u0160ifra: PM102D<\/p>","protected":false},"excerpt":{"rendered":"<p>Avto prevleka Universal\/Prestige DELTA je narejena v EU. Visoko kvalitetna avto prevleka za voznikov in sovoznikov sede\u017e za\u0161\u010diti in ohranja va\u0161e sede\u017ee v avtomobilu. 4 delni set je v modro\/\u010drni barvni kombinaciji. Set je sestavljen iz: sedalo\/naslonjalo voznik in sovoznik, naslon za glavo voznik in sovoznik. Kroj je izdelan na ra\u010dunalni\u0161kem stolu CAD\/CAM. Gre za povsem nov dizajn z dekorativnim dvojnim \u0161ivom. Enostavna monta\u017ea in demonta\u017ea. Materiali imajo potrebne certifikate. Italijanske tkanine in dizajni. Lahko \u010di\u0161\u010denje in pranje tudi v pralnem stroju na 40 \u00b0C.<\/p>","protected":false},"featured_media":32734,"comment_status":"open","ping_status":"closed","template":"","meta":[],"product_brand":[],"product_cat":[78],"product_tag":[],"class_list":{"0":"post-32733","1":"product","2":"type-product","3":"status-publish","4":"has-post-thumbnail","6":"product_cat-univerzalne-prevleke","8":"first","9":"instock","10":"sale","11":"shipping-taxable","12":"purchasable","13":"product-type-simple"},"yoast_head":"<!-- This site is optimized with the Yoast SEO plugin v27.5 - https:\/\/yoast.com\/product\/yoast-seo-wordpress\/ -->\n<title>Avto prevleka Universal \/ Prestige - Vzorec blaga DELTA (za voznika + sovoznika) - Avtoprevleke po meri | TECH PLUS<\/title>\n<meta name=\"robots\" content=\"index, follow, max-snippet:-1, max-image-preview:large, max-video-preview:-1\" \/>\n<link rel=\"canonical\" href=\"https:\/\/avtoprevleke.si\/it\/izdelki\/avto-prevleka-universal-prestige-vzorec-blaga-delta-za-voznika-sovoznika\/\" \/>\n<meta property=\"og:locale\" content=\"it_IT\" \/>\n<meta property=\"og:type\" content=\"article\" \/>\n<meta property=\"og:title\" content=\"Avto prevleka Universal \/ Prestige - Vzorec blaga DELTA (za voznika + sovoznika) - Avtoprevleke po meri | TECH PLUS\" \/>\n<meta property=\"og:description\" content=\"Avto prevleka Universal\/Prestige DELTA je narejena v EU. Visoko kvalitetna avto prevleka za voznikov in sovoznikov sede\u017e za\u0161\u010diti in ohranja va\u0161e sede\u017ee v avtomobilu. 4 delni set je v modro\/\u010drni barvni kombinaciji. Set je sestavljen iz: sedalo\/naslonjalo voznik in sovoznik, naslon za glavo voznik in sovoznik. Kroj je izdelan na ra\u010dunalni\u0161kem stolu CAD\/CAM. Gre za povsem nov dizajn z dekorativnim dvojnim \u0161ivom. Enostavna monta\u017ea in demonta\u017ea. Materiali imajo potrebne certifikate. Italijanske tkanine in dizajni. Lahko \u010di\u0161\u010denje in pranje tudi v pralnem stroju na 40 \u00b0C.\" \/>\n<meta property=\"og:url\" content=\"https:\/\/avtoprevleke.si\/it\/izdelki\/avto-prevleka-universal-prestige-vzorec-blaga-delta-za-voznika-sovoznika\/\" \/>\n<meta property=\"og:site_name\" content=\"Avtoprevleke po meri | TECH PLUS\" \/>\n<meta property=\"article:modified_time\" content=\"2024-02-13T09:30:55+00:00\" \/>\n<meta property=\"og:image\" content=\"https:\/\/avtoprevleke.si\/wp-content\/uploads\/2021\/11\/avtoprevleka-universal-prestige-delta.jpg\" \/>\n\t<meta property=\"og:image:width\" content=\"960\" \/>\n\t<meta property=\"og:image:height\" content=\"960\" \/>\n\t<meta property=\"og:image:type\" content=\"image\/jpeg\" \/>\n<meta name=\"twitter:card\" content=\"summary_large_image\" \/>\n<script type=\"application\/ld+json\" class=\"yoast-schema-graph\">{\"@context\":\"https:\\\/\\\/schema.org\",\"@graph\":[{\"@type\":\"WebPage\",\"@id\":\"https:\\\/\\\/avtoprevleke.si\\\/izdelki\\\/avto-prevleka-universal-prestige-vzorec-blaga-delta-za-voznika-sovoznika\\\/\",\"url\":\"https:\\\/\\\/avtoprevleke.si\\\/izdelki\\\/avto-prevleka-universal-prestige-vzorec-blaga-delta-za-voznika-sovoznika\\\/\",\"name\":\"Avto prevleka Universal \\\/ Prestige - Vzorec blaga DELTA (za voznika + sovoznika) - Avtoprevleke po meri | TECH PLUS\",\"isPartOf\":{\"@id\":\"https:\\\/\\\/avtoprevleke.si\\\/#website\"},\"primaryImageOfPage\":{\"@id\":\"https:\\\/\\\/avtoprevleke.si\\\/izdelki\\\/avto-prevleka-universal-prestige-vzorec-blaga-delta-za-voznika-sovoznika\\\/#primaryimage\"},\"image\":{\"@id\":\"https:\\\/\\\/avtoprevleke.si\\\/izdelki\\\/avto-prevleka-universal-prestige-vzorec-blaga-delta-za-voznika-sovoznika\\\/#primaryimage\"},\"thumbnailUrl\":\"https:\\\/\\\/avtoprevleke.si\\\/wp-content\\\/uploads\\\/2021\\\/11\\\/avtoprevleka-universal-prestige-delta.jpg\",\"datePublished\":\"2021-11-18T19:50:24+00:00\",\"dateModified\":\"2024-02-13T09:30:55+00:00\",\"breadcrumb\":{\"@id\":\"https:\\\/\\\/avtoprevleke.si\\\/izdelki\\\/avto-prevleka-universal-prestige-vzorec-blaga-delta-za-voznika-sovoznika\\\/#breadcrumb\"},\"inLanguage\":\"it-IT\",\"potentialAction\":[{\"@type\":\"ReadAction\",\"target\":[\"https:\\\/\\\/avtoprevleke.si\\\/izdelki\\\/avto-prevleka-universal-prestige-vzorec-blaga-delta-za-voznika-sovoznika\\\/\"]}]},{\"@type\":\"ImageObject\",\"inLanguage\":\"it-IT\",\"@id\":\"https:\\\/\\\/avtoprevleke.si\\\/izdelki\\\/avto-prevleka-universal-prestige-vzorec-blaga-delta-za-voznika-sovoznika\\\/#primaryimage\",\"url\":\"https:\\\/\\\/avtoprevleke.si\\\/wp-content\\\/uploads\\\/2021\\\/11\\\/avtoprevleka-universal-prestige-delta.jpg\",\"contentUrl\":\"https:\\\/\\\/avtoprevleke.si\\\/wp-content\\\/uploads\\\/2021\\\/11\\\/avtoprevleka-universal-prestige-delta.jpg\",\"width\":960,\"height\":960,\"caption\":\"Avtoprevleka za\u0161\u010diti in ohranja va\u0161e sede\u017ee v avtomobilu.\"},{\"@type\":\"BreadcrumbList\",\"@id\":\"https:\\\/\\\/avtoprevleke.si\\\/izdelki\\\/avto-prevleka-universal-prestige-vzorec-blaga-delta-za-voznika-sovoznika\\\/#breadcrumb\",\"itemListElement\":[{\"@type\":\"ListItem\",\"position\":1,\"name\":\"Home\",\"item\":\"https:\\\/\\\/avtoprevleke.si\\\/\"},{\"@type\":\"ListItem\",\"position\":2,\"name\":\"Prevleke po meri\",\"item\":\"https:\\\/\\\/avtoprevleke.si\\\/de\\\/individuelle-abdeckungen\\\/\"},{\"@type\":\"ListItem\",\"position\":3,\"name\":\"Avto prevleka Universal \\\/ Prestige &#8211; Vzorec blaga DELTA (za voznika + sovoznika)\"}]},{\"@type\":\"WebSite\",\"@id\":\"https:\\\/\\\/avtoprevleke.si\\\/#website\",\"url\":\"https:\\\/\\\/avtoprevleke.si\\\/\",\"name\":\"Avtoprevleke po meri | TECH PLUS\",\"description\":\"Tipske avtoprevleke - sede\u017ene prevleke za avto\",\"publisher\":{\"@id\":\"https:\\\/\\\/avtoprevleke.si\\\/#organization\"},\"potentialAction\":[{\"@type\":\"SearchAction\",\"target\":{\"@type\":\"EntryPoint\",\"urlTemplate\":\"https:\\\/\\\/avtoprevleke.si\\\/?s={search_term_string}\"},\"query-input\":{\"@type\":\"PropertyValueSpecification\",\"valueRequired\":true,\"valueName\":\"search_term_string\"}}],\"inLanguage\":\"it-IT\"},{\"@type\":\"Organization\",\"@id\":\"https:\\\/\\\/avtoprevleke.si\\\/#organization\",\"name\":\"Avtoprevleke po meri | TECH PLUS\",\"url\":\"https:\\\/\\\/avtoprevleke.si\\\/\",\"logo\":{\"@type\":\"ImageObject\",\"inLanguage\":\"it-IT\",\"@id\":\"https:\\\/\\\/avtoprevleke.si\\\/#\\\/schema\\\/logo\\\/image\\\/\",\"url\":\"https:\\\/\\\/avtoprevleke.si\\\/wp-content\\\/uploads\\\/2018\\\/09\\\/avtoprevleke-logo.png\",\"contentUrl\":\"https:\\\/\\\/avtoprevleke.si\\\/wp-content\\\/uploads\\\/2018\\\/09\\\/avtoprevleke-logo.png\",\"width\":856,\"height\":330,\"caption\":\"Avtoprevleke po meri | TECH PLUS\"},\"image\":{\"@id\":\"https:\\\/\\\/avtoprevleke.si\\\/#\\\/schema\\\/logo\\\/image\\\/\"}}]}<\/script>\n<!-- \/ Yoast SEO plugin. -->","yoast_head_json":{"title":"Avto prevleka Universal \/ Prestige - Vzorec blaga DELTA (za voznika + sovoznika) - Avtoprevleke po meri | TECH PLUS","robots":{"index":"index","follow":"follow","max-snippet":"max-snippet:-1","max-image-preview":"max-image-preview:large","max-video-preview":"max-video-preview:-1"},"canonical":"https:\/\/avtoprevleke.si\/it\/izdelki\/avto-prevleka-universal-prestige-vzorec-blaga-delta-za-voznika-sovoznika\/","og_locale":"it_IT","og_type":"article","og_title":"Avto prevleka Universal \/ Prestige - Vzorec blaga DELTA (za voznika + sovoznika) - Avtoprevleke po meri | TECH PLUS","og_description":"Avto prevleka Universal\/Prestige DELTA je narejena v EU. Visoko kvalitetna avto prevleka za voznikov in sovoznikov sede\u017e za\u0161\u010diti in ohranja va\u0161e sede\u017ee v avtomobilu. 4 delni set je v modro\/\u010drni barvni kombinaciji. Set je sestavljen iz: sedalo\/naslonjalo voznik in sovoznik, naslon za glavo voznik in sovoznik. Kroj je izdelan na ra\u010dunalni\u0161kem stolu CAD\/CAM. Gre za povsem nov dizajn z dekorativnim dvojnim \u0161ivom. Enostavna monta\u017ea in demonta\u017ea. Materiali imajo potrebne certifikate. Italijanske tkanine in dizajni. Lahko \u010di\u0161\u010denje in pranje tudi v pralnem stroju na 40 \u00b0C.","og_url":"https:\/\/avtoprevleke.si\/it\/izdelki\/avto-prevleka-universal-prestige-vzorec-blaga-delta-za-voznika-sovoznika\/","og_site_name":"Avtoprevleke po meri | TECH PLUS","article_modified_time":"2024-02-13T09:30:55+00:00","og_image":[{"width":960,"height":960,"url":"https:\/\/avtoprevleke.si\/wp-content\/uploads\/2021\/11\/avtoprevleka-universal-prestige-delta.jpg","type":"image\/jpeg"}],"twitter_card":"summary_large_image","schema":{"@context":"https:\/\/schema.org","@graph":[{"@type":"WebPage","@id":"https:\/\/avtoprevleke.si\/izdelki\/avto-prevleka-universal-prestige-vzorec-blaga-delta-za-voznika-sovoznika\/","url":"https:\/\/avtoprevleke.si\/izdelki\/avto-prevleka-universal-prestige-vzorec-blaga-delta-za-voznika-sovoznika\/","name":"Avto prevleka Universal \/ Prestige - Vzorec blaga DELTA (za voznika + sovoznika) - Avtoprevleke po meri | TECH PLUS","isPartOf":{"@id":"https:\/\/avtoprevleke.si\/#website"},"primaryImageOfPage":{"@id":"https:\/\/avtoprevleke.si\/izdelki\/avto-prevleka-universal-prestige-vzorec-blaga-delta-za-voznika-sovoznika\/#primaryimage"},"image":{"@id":"https:\/\/avtoprevleke.si\/izdelki\/avto-prevleka-universal-prestige-vzorec-blaga-delta-za-voznika-sovoznika\/#primaryimage"},"thumbnailUrl":"https:\/\/avtoprevleke.si\/wp-content\/uploads\/2021\/11\/avtoprevleka-universal-prestige-delta.jpg","datePublished":"2021-11-18T19:50:24+00:00","dateModified":"2024-02-13T09:30:55+00:00","breadcrumb":{"@id":"https:\/\/avtoprevleke.si\/izdelki\/avto-prevleka-universal-prestige-vzorec-blaga-delta-za-voznika-sovoznika\/#breadcrumb"},"inLanguage":"it-IT","potentialAction":[{"@type":"ReadAction","target":["https:\/\/avtoprevleke.si\/izdelki\/avto-prevleka-universal-prestige-vzorec-blaga-delta-za-voznika-sovoznika\/"]}]},{"@type":"ImageObject","inLanguage":"it-IT","@id":"https:\/\/avtoprevleke.si\/izdelki\/avto-prevleka-universal-prestige-vzorec-blaga-delta-za-voznika-sovoznika\/#primaryimage","url":"https:\/\/avtoprevleke.si\/wp-content\/uploads\/2021\/11\/avtoprevleka-universal-prestige-delta.jpg","contentUrl":"https:\/\/avtoprevleke.si\/wp-content\/uploads\/2021\/11\/avtoprevleka-universal-prestige-delta.jpg","width":960,"height":960,"caption":"Avtoprevleka za\u0161\u010diti in ohranja va\u0161e sede\u017ee v avtomobilu."},{"@type":"BreadcrumbList","@id":"https:\/\/avtoprevleke.si\/izdelki\/avto-prevleka-universal-prestige-vzorec-blaga-delta-za-voznika-sovoznika\/#breadcrumb","itemListElement":[{"@type":"ListItem","position":1,"name":"Home","item":"https:\/\/avtoprevleke.si\/"},{"@type":"ListItem","position":2,"name":"Prevleke po meri","item":"https:\/\/avtoprevleke.si\/de\/individuelle-abdeckungen\/"},{"@type":"ListItem","position":3,"name":"Avto prevleka Universal \/ Prestige &#8211; Vzorec blaga DELTA (za voznika + sovoznika)"}]},{"@type":"WebSite","@id":"https:\/\/avtoprevleke.si\/#website","url":"https:\/\/avtoprevleke.si\/","name":"Avtoprevleke po meri | TECH PLUS","description":"Tipske avtoprevleke - sede\u017ene prevleke za avto","publisher":{"@id":"https:\/\/avtoprevleke.si\/#organization"},"potentialAction":[{"@type":"SearchAction","target":{"@type":"EntryPoint","urlTemplate":"https:\/\/avtoprevleke.si\/?s={search_term_string}"},"query-input":{"@type":"PropertyValueSpecification","valueRequired":true,"valueName":"search_term_string"}}],"inLanguage":"it-IT"},{"@type":"Organization","@id":"https:\/\/avtoprevleke.si\/#organization","name":"Avtoprevleke po meri | TECH PLUS","url":"https:\/\/avtoprevleke.si\/","logo":{"@type":"ImageObject","inLanguage":"it-IT","@id":"https:\/\/avtoprevleke.si\/#\/schema\/logo\/image\/","url":"https:\/\/avtoprevleke.si\/wp-content\/uploads\/2018\/09\/avtoprevleke-logo.png","contentUrl":"https:\/\/avtoprevleke.si\/wp-content\/uploads\/2018\/09\/avtoprevleke-logo.png","width":856,"height":330,"caption":"Avtoprevleke po meri | TECH PLUS"},"image":{"@id":"https:\/\/avtoprevleke.si\/#\/schema\/logo\/image\/"}}]}},"_links":{"self":[{"href":"https:\/\/avtoprevleke.si\/it\/wp-json\/wp\/v2\/product\/32733","targetHints":{"allow":["GET"]}}],"collection":[{"href":"https:\/\/avtoprevleke.si\/it\/wp-json\/wp\/v2\/product"}],"about":[{"href":"https:\/\/avtoprevleke.si\/it\/wp-json\/wp\/v2\/types\/product"}],"replies":[{"embeddable":true,"href":"https:\/\/avtoprevleke.si\/it\/wp-json\/wp\/v2\/comments?post=32733"}],"wp:featuredmedia":[{"embeddable":true,"href":"https:\/\/avtoprevleke.si\/it\/wp-json\/wp\/v2\/media\/32734"}],"wp:attachment":[{"href":"https:\/\/avtoprevleke.si\/it\/wp-json\/wp\/v2\/media?parent=32733"}],"wp:term":[{"taxonomy":"product_brand","embeddable":true,"href":"https:\/\/avtoprevleke.si\/it\/wp-json\/wp\/v2\/product_brand?post=32733"},{"taxonomy":"product_cat","embeddable":true,"href":"https:\/\/avtoprevleke.si\/it\/wp-json\/wp\/v2\/product_cat?post=32733"},{"taxonomy":"product_tag","embeddable":true,"href":"https:\/\/avtoprevleke.si\/it\/wp-json\/wp\/v2\/product_tag?post=32733"}],"curies":[{"name":"wp","href":"https:\/\/api.w.org\/{rel}","templated":true}]}}