{"id":32582,"date":"2021-05-29T18:43:25","date_gmt":"2021-05-29T17:43:25","guid":{"rendered":"https:\/\/avtoprevleke.si\/?post_type=product&#038;p=32582"},"modified":"2024-02-13T10:30:52","modified_gmt":"2024-02-13T09:30:52","slug":"avto-prevleka-univerzalna-siva-1x-voznik-2x-sovoznik","status":"publish","type":"product","link":"https:\/\/avtoprevleke.si\/it\/izdelki\/avto-prevleka-univerzalna-siva-1x-voznik-2x-sovoznik\/","title":{"rendered":"Avto prevleka Univerzalna Siva &#8211; 1x voznik + 2x sovoznik"},"content":{"rendered":"<p>Avto prevleka za kombi v sivi barvi za voznika in dva sovoznika, znamke Natur Fresh. Namenjena je za vozila kot so Peugeot Boxer, Citroen Jumper, Fiat Ducato itd. Kvalitetna prevleka je podlo\u017eena s termofilom, ki dodatno oblo\u017ei in za\u0161\u010diti sedalni del in naslon sede\u017ea. V\u00a0garnituri je prevleka 2+1 (voznik + duo sovoznik + 3x vzglavnik). \u0160ifra: PM106S<\/p>","protected":false},"excerpt":{"rendered":"<p>Avto prevleka za kombi v sivi barvi za voznika in dva sovoznika, znamke Natur Fresh. Namenjena je za vozila kot so Peugeot Boxer, Citroen Jumper, Fiat Ducato itd. Kvalitetna prevleka je podlo\u017eena s termofilom, ki dodatno oblo\u017ei in za\u0161\u010diti sedalni del in naslon sede\u017ea. V\u00a0garnituri je prevleka 2+1 (voznik + duo sovoznik + 3x vzglavnik).<\/p>","protected":false},"featured_media":32586,"comment_status":"closed","ping_status":"closed","template":"","meta":[],"product_brand":[],"product_cat":[78],"product_tag":[],"class_list":{"0":"post-32582","1":"product","2":"type-product","3":"status-publish","4":"has-post-thumbnail","6":"product_cat-univerzalne-prevleke","8":"first","9":"instock","10":"sale","11":"shipping-taxable","12":"purchasable","13":"product-type-simple"},"yoast_head":"<!-- This site is optimized with the Yoast SEO plugin v27.5 - https:\/\/yoast.com\/product\/yoast-seo-wordpress\/ -->\n<title>Avto prevleka Univerzalna Siva - 1x voznik + 2x sovoznik - Avtoprevleke po meri | TECH PLUS<\/title>\n<meta name=\"robots\" content=\"index, follow, max-snippet:-1, max-image-preview:large, max-video-preview:-1\" \/>\n<link rel=\"canonical\" href=\"https:\/\/avtoprevleke.si\/it\/izdelki\/avto-prevleka-univerzalna-siva-1x-voznik-2x-sovoznik\/\" \/>\n<meta property=\"og:locale\" content=\"it_IT\" \/>\n<meta property=\"og:type\" content=\"article\" \/>\n<meta property=\"og:title\" content=\"Avto prevleka Univerzalna Siva - 1x voznik + 2x sovoznik - Avtoprevleke po meri | TECH PLUS\" \/>\n<meta property=\"og:description\" content=\"Avto prevleka za kombi v sivi barvi za voznika in dva sovoznika, znamke Natur Fresh. Namenjena je za vozila kot so Peugeot Boxer, Citroen Jumper, Fiat Ducato itd. Kvalitetna prevleka je podlo\u017eena s termofilom, ki dodatno oblo\u017ei in za\u0161\u010diti sedalni del in naslon sede\u017ea. V\u00a0garnituri je prevleka 2+1 (voznik + duo sovoznik + 3x vzglavnik).\" \/>\n<meta property=\"og:url\" content=\"https:\/\/avtoprevleke.si\/it\/izdelki\/avto-prevleka-univerzalna-siva-1x-voznik-2x-sovoznik\/\" \/>\n<meta property=\"og:site_name\" content=\"Avtoprevleke po meri | TECH PLUS\" \/>\n<meta property=\"article:modified_time\" content=\"2024-02-13T09:30:52+00:00\" \/>\n<meta property=\"og:image\" content=\"https:\/\/avtoprevleke.si\/wp-content\/uploads\/2021\/05\/AVTO-PREVLEKA-UNI-SIVA-1x-voznik-2x-sovoznik.jpg\" \/>\n\t<meta property=\"og:image:width\" content=\"500\" \/>\n\t<meta property=\"og:image:height\" content=\"423\" \/>\n\t<meta property=\"og:image:type\" content=\"image\/jpeg\" \/>\n<meta name=\"twitter:card\" content=\"summary_large_image\" \/>\n<script type=\"application\/ld+json\" class=\"yoast-schema-graph\">{\"@context\":\"https:\\\/\\\/schema.org\",\"@graph\":[{\"@type\":\"WebPage\",\"@id\":\"https:\\\/\\\/avtoprevleke.si\\\/izdelki\\\/avto-prevleka-univerzalna-siva-1x-voznik-2x-sovoznik\\\/\",\"url\":\"https:\\\/\\\/avtoprevleke.si\\\/izdelki\\\/avto-prevleka-univerzalna-siva-1x-voznik-2x-sovoznik\\\/\",\"name\":\"Avto prevleka Univerzalna Siva - 1x voznik + 2x sovoznik - Avtoprevleke po meri | TECH PLUS\",\"isPartOf\":{\"@id\":\"https:\\\/\\\/avtoprevleke.si\\\/#website\"},\"primaryImageOfPage\":{\"@id\":\"https:\\\/\\\/avtoprevleke.si\\\/izdelki\\\/avto-prevleka-univerzalna-siva-1x-voznik-2x-sovoznik\\\/#primaryimage\"},\"image\":{\"@id\":\"https:\\\/\\\/avtoprevleke.si\\\/izdelki\\\/avto-prevleka-univerzalna-siva-1x-voznik-2x-sovoznik\\\/#primaryimage\"},\"thumbnailUrl\":\"https:\\\/\\\/avtoprevleke.si\\\/wp-content\\\/uploads\\\/2021\\\/05\\\/AVTO-PREVLEKA-UNI-SIVA-1x-voznik-2x-sovoznik.jpg\",\"datePublished\":\"2021-05-29T17:43:25+00:00\",\"dateModified\":\"2024-02-13T09:30:52+00:00\",\"breadcrumb\":{\"@id\":\"https:\\\/\\\/avtoprevleke.si\\\/izdelki\\\/avto-prevleka-univerzalna-siva-1x-voznik-2x-sovoznik\\\/#breadcrumb\"},\"inLanguage\":\"it-IT\",\"potentialAction\":[{\"@type\":\"ReadAction\",\"target\":[\"https:\\\/\\\/avtoprevleke.si\\\/izdelki\\\/avto-prevleka-univerzalna-siva-1x-voznik-2x-sovoznik\\\/\"]}]},{\"@type\":\"ImageObject\",\"inLanguage\":\"it-IT\",\"@id\":\"https:\\\/\\\/avtoprevleke.si\\\/izdelki\\\/avto-prevleka-univerzalna-siva-1x-voznik-2x-sovoznik\\\/#primaryimage\",\"url\":\"https:\\\/\\\/avtoprevleke.si\\\/wp-content\\\/uploads\\\/2021\\\/05\\\/AVTO-PREVLEKA-UNI-SIVA-1x-voznik-2x-sovoznik.jpg\",\"contentUrl\":\"https:\\\/\\\/avtoprevleke.si\\\/wp-content\\\/uploads\\\/2021\\\/05\\\/AVTO-PREVLEKA-UNI-SIVA-1x-voznik-2x-sovoznik.jpg\",\"width\":500,\"height\":423,\"caption\":\"Avto prevleka univerzalna siva za voznika in dva sovoznika\"},{\"@type\":\"BreadcrumbList\",\"@id\":\"https:\\\/\\\/avtoprevleke.si\\\/izdelki\\\/avto-prevleka-univerzalna-siva-1x-voznik-2x-sovoznik\\\/#breadcrumb\",\"itemListElement\":[{\"@type\":\"ListItem\",\"position\":1,\"name\":\"Home\",\"item\":\"https:\\\/\\\/avtoprevleke.si\\\/\"},{\"@type\":\"ListItem\",\"position\":2,\"name\":\"Prevleke po meri\",\"item\":\"https:\\\/\\\/avtoprevleke.si\\\/de\\\/individuelle-abdeckungen\\\/\"},{\"@type\":\"ListItem\",\"position\":3,\"name\":\"Avto prevleka Univerzalna Siva &#8211; 1x voznik + 2x sovoznik\"}]},{\"@type\":\"WebSite\",\"@id\":\"https:\\\/\\\/avtoprevleke.si\\\/#website\",\"url\":\"https:\\\/\\\/avtoprevleke.si\\\/\",\"name\":\"Avtoprevleke po meri | TECH PLUS\",\"description\":\"Tipske avtoprevleke - sede\u017ene prevleke za avto\",\"publisher\":{\"@id\":\"https:\\\/\\\/avtoprevleke.si\\\/#organization\"},\"potentialAction\":[{\"@type\":\"SearchAction\",\"target\":{\"@type\":\"EntryPoint\",\"urlTemplate\":\"https:\\\/\\\/avtoprevleke.si\\\/?s={search_term_string}\"},\"query-input\":{\"@type\":\"PropertyValueSpecification\",\"valueRequired\":true,\"valueName\":\"search_term_string\"}}],\"inLanguage\":\"it-IT\"},{\"@type\":\"Organization\",\"@id\":\"https:\\\/\\\/avtoprevleke.si\\\/#organization\",\"name\":\"Avtoprevleke po meri | TECH PLUS\",\"url\":\"https:\\\/\\\/avtoprevleke.si\\\/\",\"logo\":{\"@type\":\"ImageObject\",\"inLanguage\":\"it-IT\",\"@id\":\"https:\\\/\\\/avtoprevleke.si\\\/#\\\/schema\\\/logo\\\/image\\\/\",\"url\":\"https:\\\/\\\/avtoprevleke.si\\\/wp-content\\\/uploads\\\/2018\\\/09\\\/avtoprevleke-logo.png\",\"contentUrl\":\"https:\\\/\\\/avtoprevleke.si\\\/wp-content\\\/uploads\\\/2018\\\/09\\\/avtoprevleke-logo.png\",\"width\":856,\"height\":330,\"caption\":\"Avtoprevleke po meri | TECH PLUS\"},\"image\":{\"@id\":\"https:\\\/\\\/avtoprevleke.si\\\/#\\\/schema\\\/logo\\\/image\\\/\"}}]}<\/script>\n<!-- \/ Yoast SEO plugin. -->","yoast_head_json":{"title":"Avto prevleka Univerzalna Siva - 1x voznik + 2x sovoznik - Avtoprevleke po meri | TECH PLUS","robots":{"index":"index","follow":"follow","max-snippet":"max-snippet:-1","max-image-preview":"max-image-preview:large","max-video-preview":"max-video-preview:-1"},"canonical":"https:\/\/avtoprevleke.si\/it\/izdelki\/avto-prevleka-univerzalna-siva-1x-voznik-2x-sovoznik\/","og_locale":"it_IT","og_type":"article","og_title":"Avto prevleka Univerzalna Siva - 1x voznik + 2x sovoznik - Avtoprevleke po meri | TECH PLUS","og_description":"Avto prevleka za kombi v sivi barvi za voznika in dva sovoznika, znamke Natur Fresh. Namenjena je za vozila kot so Peugeot Boxer, Citroen Jumper, Fiat Ducato itd. Kvalitetna prevleka je podlo\u017eena s termofilom, ki dodatno oblo\u017ei in za\u0161\u010diti sedalni del in naslon sede\u017ea. V\u00a0garnituri je prevleka 2+1 (voznik + duo sovoznik + 3x vzglavnik).","og_url":"https:\/\/avtoprevleke.si\/it\/izdelki\/avto-prevleka-univerzalna-siva-1x-voznik-2x-sovoznik\/","og_site_name":"Avtoprevleke po meri | TECH PLUS","article_modified_time":"2024-02-13T09:30:52+00:00","og_image":[{"width":500,"height":423,"url":"https:\/\/avtoprevleke.si\/wp-content\/uploads\/2021\/05\/AVTO-PREVLEKA-UNI-SIVA-1x-voznik-2x-sovoznik.jpg","type":"image\/jpeg"}],"twitter_card":"summary_large_image","schema":{"@context":"https:\/\/schema.org","@graph":[{"@type":"WebPage","@id":"https:\/\/avtoprevleke.si\/izdelki\/avto-prevleka-univerzalna-siva-1x-voznik-2x-sovoznik\/","url":"https:\/\/avtoprevleke.si\/izdelki\/avto-prevleka-univerzalna-siva-1x-voznik-2x-sovoznik\/","name":"Avto prevleka Univerzalna Siva - 1x voznik + 2x sovoznik - Avtoprevleke po meri | TECH PLUS","isPartOf":{"@id":"https:\/\/avtoprevleke.si\/#website"},"primaryImageOfPage":{"@id":"https:\/\/avtoprevleke.si\/izdelki\/avto-prevleka-univerzalna-siva-1x-voznik-2x-sovoznik\/#primaryimage"},"image":{"@id":"https:\/\/avtoprevleke.si\/izdelki\/avto-prevleka-univerzalna-siva-1x-voznik-2x-sovoznik\/#primaryimage"},"thumbnailUrl":"https:\/\/avtoprevleke.si\/wp-content\/uploads\/2021\/05\/AVTO-PREVLEKA-UNI-SIVA-1x-voznik-2x-sovoznik.jpg","datePublished":"2021-05-29T17:43:25+00:00","dateModified":"2024-02-13T09:30:52+00:00","breadcrumb":{"@id":"https:\/\/avtoprevleke.si\/izdelki\/avto-prevleka-univerzalna-siva-1x-voznik-2x-sovoznik\/#breadcrumb"},"inLanguage":"it-IT","potentialAction":[{"@type":"ReadAction","target":["https:\/\/avtoprevleke.si\/izdelki\/avto-prevleka-univerzalna-siva-1x-voznik-2x-sovoznik\/"]}]},{"@type":"ImageObject","inLanguage":"it-IT","@id":"https:\/\/avtoprevleke.si\/izdelki\/avto-prevleka-univerzalna-siva-1x-voznik-2x-sovoznik\/#primaryimage","url":"https:\/\/avtoprevleke.si\/wp-content\/uploads\/2021\/05\/AVTO-PREVLEKA-UNI-SIVA-1x-voznik-2x-sovoznik.jpg","contentUrl":"https:\/\/avtoprevleke.si\/wp-content\/uploads\/2021\/05\/AVTO-PREVLEKA-UNI-SIVA-1x-voznik-2x-sovoznik.jpg","width":500,"height":423,"caption":"Avto prevleka univerzalna siva za voznika in dva sovoznika"},{"@type":"BreadcrumbList","@id":"https:\/\/avtoprevleke.si\/izdelki\/avto-prevleka-univerzalna-siva-1x-voznik-2x-sovoznik\/#breadcrumb","itemListElement":[{"@type":"ListItem","position":1,"name":"Home","item":"https:\/\/avtoprevleke.si\/"},{"@type":"ListItem","position":2,"name":"Prevleke po meri","item":"https:\/\/avtoprevleke.si\/de\/individuelle-abdeckungen\/"},{"@type":"ListItem","position":3,"name":"Avto prevleka Univerzalna Siva &#8211; 1x voznik + 2x sovoznik"}]},{"@type":"WebSite","@id":"https:\/\/avtoprevleke.si\/#website","url":"https:\/\/avtoprevleke.si\/","name":"Avtoprevleke po meri | TECH PLUS","description":"Tipske avtoprevleke - sede\u017ene prevleke za avto","publisher":{"@id":"https:\/\/avtoprevleke.si\/#organization"},"potentialAction":[{"@type":"SearchAction","target":{"@type":"EntryPoint","urlTemplate":"https:\/\/avtoprevleke.si\/?s={search_term_string}"},"query-input":{"@type":"PropertyValueSpecification","valueRequired":true,"valueName":"search_term_string"}}],"inLanguage":"it-IT"},{"@type":"Organization","@id":"https:\/\/avtoprevleke.si\/#organization","name":"Avtoprevleke po meri | TECH PLUS","url":"https:\/\/avtoprevleke.si\/","logo":{"@type":"ImageObject","inLanguage":"it-IT","@id":"https:\/\/avtoprevleke.si\/#\/schema\/logo\/image\/","url":"https:\/\/avtoprevleke.si\/wp-content\/uploads\/2018\/09\/avtoprevleke-logo.png","contentUrl":"https:\/\/avtoprevleke.si\/wp-content\/uploads\/2018\/09\/avtoprevleke-logo.png","width":856,"height":330,"caption":"Avtoprevleke po meri | TECH PLUS"},"image":{"@id":"https:\/\/avtoprevleke.si\/#\/schema\/logo\/image\/"}}]}},"_links":{"self":[{"href":"https:\/\/avtoprevleke.si\/it\/wp-json\/wp\/v2\/product\/32582","targetHints":{"allow":["GET"]}}],"collection":[{"href":"https:\/\/avtoprevleke.si\/it\/wp-json\/wp\/v2\/product"}],"about":[{"href":"https:\/\/avtoprevleke.si\/it\/wp-json\/wp\/v2\/types\/product"}],"replies":[{"embeddable":true,"href":"https:\/\/avtoprevleke.si\/it\/wp-json\/wp\/v2\/comments?post=32582"}],"wp:featuredmedia":[{"embeddable":true,"href":"https:\/\/avtoprevleke.si\/it\/wp-json\/wp\/v2\/media\/32586"}],"wp:attachment":[{"href":"https:\/\/avtoprevleke.si\/it\/wp-json\/wp\/v2\/media?parent=32582"}],"wp:term":[{"taxonomy":"product_brand","embeddable":true,"href":"https:\/\/avtoprevleke.si\/it\/wp-json\/wp\/v2\/product_brand?post=32582"},{"taxonomy":"product_cat","embeddable":true,"href":"https:\/\/avtoprevleke.si\/it\/wp-json\/wp\/v2\/product_cat?post=32582"},{"taxonomy":"product_tag","embeddable":true,"href":"https:\/\/avtoprevleke.si\/it\/wp-json\/wp\/v2\/product_tag?post=32582"}],"curies":[{"name":"wp","href":"https:\/\/api.w.org\/{rel}","templated":true}]}}