{"id":32179,"date":"2020-02-07T22:03:04","date_gmt":"2020-02-07T21:03:04","guid":{"rendered":"https:\/\/avtoprevleke.si\/?post_type=product&#038;p=32179"},"modified":"2024-02-13T10:30:51","modified_gmt":"2024-02-13T09:30:51","slug":"avto-prevleka-universal-prestige-golf-voznik-sovoznik","status":"publish","type":"product","link":"https:\/\/avtoprevleke.si\/it\/izdelki\/avto-prevleka-universal-prestige-golf-voznik-sovoznik\/","title":{"rendered":"Avto prevleka Universal \/ Prestige &#8211; Vzorec blaga Golf (voznik + sovoznik)"},"content":{"rendered":"<p>Avto prevleka Universal\/Prestige HARMONY je narejena v EU. Visoko kvalitetna avto prevleka za sprednja dva sede\u017ea (voznik + sovoznik) za\u0161\u010diti in ohranja va\u0161e sede\u017ee v avtomobilu. 4 delni set (sedalo\/naslonjalo voznik in sovoznik, naslon za glavo voznik in sovoznik) v barvi GOLF siva\/\u010drna kombinacija, povsem nov dizajn, dekorativni dvojni \u0161iv, kroj izdelan na ra\u010dunalni\u0161kem stolu CAD\/CAM tehnikom zagotavlja preciznost. Enostavna monta\u017ea in demonta\u017ea. Materiali imajo potrebne certifikate (obstojnost, barve, suho in mokro trenje, odpornost na svetlobo in temperaturo, gostoto, kompaktnost, kr\u010denje&#8230;Italijanske tkanine in dizajni. Pomembno-lahko \u010di\u0161\u010denje in pranje v pralnem stroju na 40 \u00b0C. Avto prevleka Universal\/Prestige je v sivo\/\u010drni barvi. Vzorec: GOLF. \u0160ifra: PM102G<\/p>","protected":false},"excerpt":{"rendered":"<p>Avto prevleka Universal\/Prestige HARMONY je narejena v EU. Visoko kvalitetna avto prevleka za sprednja dva sede\u017ea (voznik + sovoznik) za\u0161\u010diti in ohranja va\u0161e sede\u017ee v avtomobilu. 4 delni set (sedalo\/naslonjalo voznik in sovoznik, naslon za glavo voznik in sovoznik) je v sivo\/\u010drni barvi. Kroj izdelan na ra\u010dunalni\u0161kem stolu CAD\/CAM. Enostavna monta\u017ea in demonta\u017ea. Materiali imajo potrebne certifikate. Italijanske tkanine in dizajni. Lahko \u010di\u0161\u010denje in pranje na 40 \u00b0C.<\/p>","protected":false},"featured_media":32180,"comment_status":"open","ping_status":"closed","template":"","meta":[],"product_brand":[],"product_cat":[78],"product_tag":[],"class_list":{"0":"post-32179","1":"product","2":"type-product","3":"status-publish","4":"has-post-thumbnail","6":"product_cat-univerzalne-prevleke","8":"first","9":"instock","10":"sale","11":"shipping-taxable","12":"purchasable","13":"product-type-simple"},"yoast_head":"<!-- This site is optimized with the Yoast SEO plugin v27.6 - https:\/\/yoast.com\/product\/yoast-seo-wordpress\/ -->\n<title>Avto prevleka Universal \/ Prestige - Vzorec blaga Golf (voznik + sovoznik) - Avtoprevleke po meri | TECH PLUS<\/title>\n<meta name=\"robots\" content=\"index, follow, max-snippet:-1, max-image-preview:large, max-video-preview:-1\" \/>\n<link rel=\"canonical\" href=\"http:\/\/avtoprevleke.si\/it\/izdelki\/avto-prevleka-universal-prestige-golf-voznik-sovoznik\/\" \/>\n<meta property=\"og:locale\" content=\"it_IT\" \/>\n<meta property=\"og:type\" content=\"article\" \/>\n<meta property=\"og:title\" content=\"Avto prevleka Universal \/ Prestige - Vzorec blaga Golf (voznik + sovoznik) - Avtoprevleke po meri | TECH PLUS\" \/>\n<meta property=\"og:description\" content=\"Avto prevleka Universal\/Prestige HARMONY je narejena v EU. Visoko kvalitetna avto prevleka za sprednja dva sede\u017ea (voznik + sovoznik) za\u0161\u010diti in ohranja va\u0161e sede\u017ee v avtomobilu. 4 delni set (sedalo\/naslonjalo voznik in sovoznik, naslon za glavo voznik in sovoznik) je v sivo\/\u010drni barvi. Kroj izdelan na ra\u010dunalni\u0161kem stolu CAD\/CAM. Enostavna monta\u017ea in demonta\u017ea. Materiali imajo potrebne certifikate. Italijanske tkanine in dizajni. Lahko \u010di\u0161\u010denje in pranje na 40 \u00b0C.\" \/>\n<meta property=\"og:url\" content=\"http:\/\/avtoprevleke.si\/it\/izdelki\/avto-prevleka-universal-prestige-golf-voznik-sovoznik\/\" \/>\n<meta property=\"og:site_name\" content=\"Avtoprevleke po meri | TECH PLUS\" \/>\n<meta property=\"article:modified_time\" content=\"2024-02-13T09:30:51+00:00\" \/>\n<meta property=\"og:image\" content=\"https:\/\/avtoprevleke.si\/wp-content\/uploads\/2020\/02\/avtoprevleka-universal-prestige-golf.jpg\" \/>\n\t<meta property=\"og:image:width\" content=\"960\" \/>\n\t<meta property=\"og:image:height\" content=\"960\" \/>\n\t<meta property=\"og:image:type\" content=\"image\/jpeg\" \/>\n<meta name=\"twitter:card\" content=\"summary_large_image\" \/>\n<meta name=\"twitter:label1\" content=\"Tempo di lettura stimato\" \/>\n\t<meta name=\"twitter:data1\" content=\"1 minuto\" \/>\n<script type=\"application\/ld+json\" class=\"yoast-schema-graph\">{\"@context\":\"https:\\\/\\\/schema.org\",\"@graph\":[{\"@type\":\"WebPage\",\"@id\":\"http:\\\/\\\/avtoprevleke.si\\\/de\\\/produkte\\\/avto-prevleka-universal-prestige-golf-voznik-sovoznik\\\/\",\"url\":\"http:\\\/\\\/avtoprevleke.si\\\/de\\\/produkte\\\/avto-prevleka-universal-prestige-golf-voznik-sovoznik\\\/\",\"name\":\"Avto prevleka Universal \\\/ Prestige - Vzorec blaga Golf (voznik + sovoznik) - Avtoprevleke po meri | TECH PLUS\",\"isPartOf\":{\"@id\":\"https:\\\/\\\/avtoprevleke.si\\\/#website\"},\"primaryImageOfPage\":{\"@id\":\"http:\\\/\\\/avtoprevleke.si\\\/de\\\/produkte\\\/avto-prevleka-universal-prestige-golf-voznik-sovoznik\\\/#primaryimage\"},\"image\":{\"@id\":\"http:\\\/\\\/avtoprevleke.si\\\/de\\\/produkte\\\/avto-prevleka-universal-prestige-golf-voznik-sovoznik\\\/#primaryimage\"},\"thumbnailUrl\":\"https:\\\/\\\/avtoprevleke.si\\\/wp-content\\\/uploads\\\/2020\\\/02\\\/avtoprevleka-universal-prestige-golf.jpg\",\"datePublished\":\"2020-02-07T21:03:04+00:00\",\"dateModified\":\"2024-02-13T09:30:51+00:00\",\"breadcrumb\":{\"@id\":\"http:\\\/\\\/avtoprevleke.si\\\/de\\\/produkte\\\/avto-prevleka-universal-prestige-golf-voznik-sovoznik\\\/#breadcrumb\"},\"inLanguage\":\"it-IT\",\"potentialAction\":[{\"@type\":\"ReadAction\",\"target\":[\"http:\\\/\\\/avtoprevleke.si\\\/de\\\/produkte\\\/avto-prevleka-universal-prestige-golf-voznik-sovoznik\\\/\"]}]},{\"@type\":\"ImageObject\",\"inLanguage\":\"it-IT\",\"@id\":\"http:\\\/\\\/avtoprevleke.si\\\/de\\\/produkte\\\/avto-prevleka-universal-prestige-golf-voznik-sovoznik\\\/#primaryimage\",\"url\":\"https:\\\/\\\/avtoprevleke.si\\\/wp-content\\\/uploads\\\/2020\\\/02\\\/avtoprevleka-universal-prestige-golf.jpg\",\"contentUrl\":\"https:\\\/\\\/avtoprevleke.si\\\/wp-content\\\/uploads\\\/2020\\\/02\\\/avtoprevleka-universal-prestige-golf.jpg\",\"width\":960,\"height\":960,\"caption\":\"Univerzalna avto prevleka za voznika in sovoznika je narejena v EU.\"},{\"@type\":\"BreadcrumbList\",\"@id\":\"http:\\\/\\\/avtoprevleke.si\\\/de\\\/produkte\\\/avto-prevleka-universal-prestige-golf-voznik-sovoznik\\\/#breadcrumb\",\"itemListElement\":[{\"@type\":\"ListItem\",\"position\":1,\"name\":\"Home\",\"item\":\"https:\\\/\\\/avtoprevleke.si\\\/\"},{\"@type\":\"ListItem\",\"position\":2,\"name\":\"Prevleke po meri\",\"item\":\"https:\\\/\\\/avtoprevleke.si\\\/de\\\/individuelle-abdeckungen\\\/\"},{\"@type\":\"ListItem\",\"position\":3,\"name\":\"Avto prevleka Universal \\\/ Prestige &#8211; Vzorec blaga Golf (voznik + sovoznik)\"}]},{\"@type\":\"WebSite\",\"@id\":\"https:\\\/\\\/avtoprevleke.si\\\/#website\",\"url\":\"https:\\\/\\\/avtoprevleke.si\\\/\",\"name\":\"Avtoprevleke po meri | TECH PLUS\",\"description\":\"Tipske avtoprevleke - sede\u017ene prevleke za avto\",\"publisher\":{\"@id\":\"https:\\\/\\\/avtoprevleke.si\\\/#organization\"},\"potentialAction\":[{\"@type\":\"SearchAction\",\"target\":{\"@type\":\"EntryPoint\",\"urlTemplate\":\"https:\\\/\\\/avtoprevleke.si\\\/?s={search_term_string}\"},\"query-input\":{\"@type\":\"PropertyValueSpecification\",\"valueRequired\":true,\"valueName\":\"search_term_string\"}}],\"inLanguage\":\"it-IT\"},{\"@type\":\"Organization\",\"@id\":\"https:\\\/\\\/avtoprevleke.si\\\/#organization\",\"name\":\"Avtoprevleke po meri | TECH PLUS\",\"url\":\"https:\\\/\\\/avtoprevleke.si\\\/\",\"logo\":{\"@type\":\"ImageObject\",\"inLanguage\":\"it-IT\",\"@id\":\"https:\\\/\\\/avtoprevleke.si\\\/#\\\/schema\\\/logo\\\/image\\\/\",\"url\":\"https:\\\/\\\/avtoprevleke.si\\\/wp-content\\\/uploads\\\/2018\\\/09\\\/avtoprevleke-logo.png\",\"contentUrl\":\"https:\\\/\\\/avtoprevleke.si\\\/wp-content\\\/uploads\\\/2018\\\/09\\\/avtoprevleke-logo.png\",\"width\":856,\"height\":330,\"caption\":\"Avtoprevleke po meri | TECH PLUS\"},\"image\":{\"@id\":\"https:\\\/\\\/avtoprevleke.si\\\/#\\\/schema\\\/logo\\\/image\\\/\"}}]}<\/script>\n<!-- \/ Yoast SEO plugin. -->","yoast_head_json":{"title":"Avto prevleka Universal \/ Prestige - Vzorec blaga Golf (voznik + sovoznik) - Avtoprevleke po meri | TECH PLUS","robots":{"index":"index","follow":"follow","max-snippet":"max-snippet:-1","max-image-preview":"max-image-preview:large","max-video-preview":"max-video-preview:-1"},"canonical":"http:\/\/avtoprevleke.si\/it\/izdelki\/avto-prevleka-universal-prestige-golf-voznik-sovoznik\/","og_locale":"it_IT","og_type":"article","og_title":"Avto prevleka Universal \/ Prestige - Vzorec blaga Golf (voznik + sovoznik) - Avtoprevleke po meri | TECH PLUS","og_description":"Avto prevleka Universal\/Prestige HARMONY je narejena v EU. Visoko kvalitetna avto prevleka za sprednja dva sede\u017ea (voznik + sovoznik) za\u0161\u010diti in ohranja va\u0161e sede\u017ee v avtomobilu. 4 delni set (sedalo\/naslonjalo voznik in sovoznik, naslon za glavo voznik in sovoznik) je v sivo\/\u010drni barvi. Kroj izdelan na ra\u010dunalni\u0161kem stolu CAD\/CAM. Enostavna monta\u017ea in demonta\u017ea. Materiali imajo potrebne certifikate. Italijanske tkanine in dizajni. Lahko \u010di\u0161\u010denje in pranje na 40 \u00b0C.","og_url":"http:\/\/avtoprevleke.si\/it\/izdelki\/avto-prevleka-universal-prestige-golf-voznik-sovoznik\/","og_site_name":"Avtoprevleke po meri | TECH PLUS","article_modified_time":"2024-02-13T09:30:51+00:00","og_image":[{"width":960,"height":960,"url":"https:\/\/avtoprevleke.si\/wp-content\/uploads\/2020\/02\/avtoprevleka-universal-prestige-golf.jpg","type":"image\/jpeg"}],"twitter_card":"summary_large_image","twitter_misc":{"Tempo di lettura stimato":"1 minuto"},"schema":{"@context":"https:\/\/schema.org","@graph":[{"@type":"WebPage","@id":"http:\/\/avtoprevleke.si\/de\/produkte\/avto-prevleka-universal-prestige-golf-voznik-sovoznik\/","url":"http:\/\/avtoprevleke.si\/de\/produkte\/avto-prevleka-universal-prestige-golf-voznik-sovoznik\/","name":"Avto prevleka Universal \/ Prestige - Vzorec blaga Golf (voznik + sovoznik) - Avtoprevleke po meri | TECH PLUS","isPartOf":{"@id":"https:\/\/avtoprevleke.si\/#website"},"primaryImageOfPage":{"@id":"http:\/\/avtoprevleke.si\/de\/produkte\/avto-prevleka-universal-prestige-golf-voznik-sovoznik\/#primaryimage"},"image":{"@id":"http:\/\/avtoprevleke.si\/de\/produkte\/avto-prevleka-universal-prestige-golf-voznik-sovoznik\/#primaryimage"},"thumbnailUrl":"https:\/\/avtoprevleke.si\/wp-content\/uploads\/2020\/02\/avtoprevleka-universal-prestige-golf.jpg","datePublished":"2020-02-07T21:03:04+00:00","dateModified":"2024-02-13T09:30:51+00:00","breadcrumb":{"@id":"http:\/\/avtoprevleke.si\/de\/produkte\/avto-prevleka-universal-prestige-golf-voznik-sovoznik\/#breadcrumb"},"inLanguage":"it-IT","potentialAction":[{"@type":"ReadAction","target":["http:\/\/avtoprevleke.si\/de\/produkte\/avto-prevleka-universal-prestige-golf-voznik-sovoznik\/"]}]},{"@type":"ImageObject","inLanguage":"it-IT","@id":"http:\/\/avtoprevleke.si\/de\/produkte\/avto-prevleka-universal-prestige-golf-voznik-sovoznik\/#primaryimage","url":"https:\/\/avtoprevleke.si\/wp-content\/uploads\/2020\/02\/avtoprevleka-universal-prestige-golf.jpg","contentUrl":"https:\/\/avtoprevleke.si\/wp-content\/uploads\/2020\/02\/avtoprevleka-universal-prestige-golf.jpg","width":960,"height":960,"caption":"Univerzalna avto prevleka za voznika in sovoznika je narejena v EU."},{"@type":"BreadcrumbList","@id":"http:\/\/avtoprevleke.si\/de\/produkte\/avto-prevleka-universal-prestige-golf-voznik-sovoznik\/#breadcrumb","itemListElement":[{"@type":"ListItem","position":1,"name":"Home","item":"https:\/\/avtoprevleke.si\/"},{"@type":"ListItem","position":2,"name":"Prevleke po meri","item":"https:\/\/avtoprevleke.si\/de\/individuelle-abdeckungen\/"},{"@type":"ListItem","position":3,"name":"Avto prevleka Universal \/ Prestige &#8211; Vzorec blaga Golf (voznik + sovoznik)"}]},{"@type":"WebSite","@id":"https:\/\/avtoprevleke.si\/#website","url":"https:\/\/avtoprevleke.si\/","name":"Coprisedili personalizzati per auto | TECH PLUS","description":"Teli copriauto standard - coprisedili per auto","publisher":{"@id":"https:\/\/avtoprevleke.si\/#organization"},"potentialAction":[{"@type":"SearchAction","target":{"@type":"EntryPoint","urlTemplate":"https:\/\/avtoprevleke.si\/?s={search_term_string}"},"query-input":{"@type":"PropertyValueSpecification","valueRequired":true,"valueName":"search_term_string"}}],"inLanguage":"it-IT"},{"@type":"Organization","@id":"https:\/\/avtoprevleke.si\/#organization","name":"Coprisedili personalizzati per auto | TECH PLUS","url":"https:\/\/avtoprevleke.si\/","logo":{"@type":"ImageObject","inLanguage":"it-IT","@id":"https:\/\/avtoprevleke.si\/#\/schema\/logo\/image\/","url":"https:\/\/avtoprevleke.si\/wp-content\/uploads\/2018\/09\/avtoprevleke-logo.png","contentUrl":"https:\/\/avtoprevleke.si\/wp-content\/uploads\/2018\/09\/avtoprevleke-logo.png","width":856,"height":330,"caption":"Avtoprevleke po meri | TECH PLUS"},"image":{"@id":"https:\/\/avtoprevleke.si\/#\/schema\/logo\/image\/"}}]}},"_links":{"self":[{"href":"https:\/\/avtoprevleke.si\/it\/wp-json\/wp\/v2\/product\/32179","targetHints":{"allow":["GET"]}}],"collection":[{"href":"https:\/\/avtoprevleke.si\/it\/wp-json\/wp\/v2\/product"}],"about":[{"href":"https:\/\/avtoprevleke.si\/it\/wp-json\/wp\/v2\/types\/product"}],"replies":[{"embeddable":true,"href":"https:\/\/avtoprevleke.si\/it\/wp-json\/wp\/v2\/comments?post=32179"}],"wp:featuredmedia":[{"embeddable":true,"href":"https:\/\/avtoprevleke.si\/it\/wp-json\/wp\/v2\/media\/32180"}],"wp:attachment":[{"href":"https:\/\/avtoprevleke.si\/it\/wp-json\/wp\/v2\/media?parent=32179"}],"wp:term":[{"taxonomy":"product_brand","embeddable":true,"href":"https:\/\/avtoprevleke.si\/it\/wp-json\/wp\/v2\/product_brand?post=32179"},{"taxonomy":"product_cat","embeddable":true,"href":"https:\/\/avtoprevleke.si\/it\/wp-json\/wp\/v2\/product_cat?post=32179"},{"taxonomy":"product_tag","embeddable":true,"href":"https:\/\/avtoprevleke.si\/it\/wp-json\/wp\/v2\/product_tag?post=32179"}],"curies":[{"name":"wp","href":"https:\/\/api.w.org\/{rel}","templated":true}]}}