{"id":31755,"date":"2019-02-11T18:09:52","date_gmt":"2019-02-11T17:09:52","guid":{"rendered":"https:\/\/avtoprevleke.si\/?post_type=product&#038;p=31755"},"modified":"2026-03-30T12:29:19","modified_gmt":"2026-03-30T11:29:19","slug":"avtoprevleka-po-meri-za-audi-q5-2017","status":"publish","type":"product","link":"https:\/\/avtoprevleke.si\/it\/izdelki\/avtoprevleka-po-meri-za-audi-q5-2017\/","title":{"rendered":"Avtoprevleka po meri za Audi Q5 (2017+) 5 vrat"},"content":{"rendered":"<p>Sprednji sede\u017ei so navadni, bo\u010dni zra\u010dni airbag, hrbti\u0161\u010de sprednjih naslonov je iz plastike, sprednji nasloni za glavo so aktivni, sprednji naslon za roko konzolni (ni pritrjen na naslon), zadnji naslon deljiv 1\/3 plus 1\/3 plus 1\/3, zadnje sede\u017ei deljivo 1\/3 plus 2\/3, bo\u010dni stebri, zadnji naslon za roko, v zadnjem naslonu za roko je integrirani nosilec za steklenico (kvadratni), zadnji naslon se preklopi, ro\u010dka za preklapljanje srednjega zadnjega naslona, isofix je povezan s prevleko, tretji pas izhaja iz naslona, zadnji nasloni za glavo so spu\u0161\u010deni., \u0160ifra: 11046<\/p>","protected":false},"excerpt":{"rendered":"<p>Sprednji sede\u017ei so navadni, bo\u010dni zra\u010dni airbag, hrbti\u0161\u010de sprednjih naslonov je iz plastike, sprednji nasloni za glavo so aktivni, sprednji naslon za roko konzolni (ni pritrjen na naslon), zadnji naslon deljiv 1\/3 plus 1\/3 plus 1\/3, zadnje sede\u017ei deljivo 1\/3 plus 2\/3, bo\u010dni stebri, zadnji naslon za roko, v zadnjem naslonu za roko je integrirani nosilec za steklenico (kvadratni), zadnji naslon se preklopi, ro\u010dka za preklapljanje srednjega zadnjega naslona, isofix je povezan s prevleko, tretji pas izhaja iz naslona, zadnji nasloni za glavo so spu\u0161\u010deni<\/p>","protected":false},"featured_media":31773,"comment_status":"open","ping_status":"closed","template":"","meta":[],"product_brand":[],"product_cat":[1225],"product_tag":[94],"class_list":{"0":"post-31755","1":"product","2":"type-product","3":"status-publish","4":"has-post-thumbnail","6":"product_cat-2017-audi-q5","7":"product_tag-audi","9":"first","10":"instock","11":"sale","12":"shipping-taxable","13":"purchasable","14":"product-type-variable"},"yoast_head":"<!-- This site is optimized with the Yoast SEO plugin v27.5 - https:\/\/yoast.com\/product\/yoast-seo-wordpress\/ -->\n<title>Avtoprevleka po meri za Audi Q5 (2017+) 5 vrat - Avtoprevleke po meri | TECH PLUS<\/title>\n<meta name=\"robots\" content=\"index, follow, max-snippet:-1, max-image-preview:large, max-video-preview:-1\" \/>\n<link rel=\"canonical\" href=\"https:\/\/avtoprevleke.si\/it\/izdelki\/avtoprevleka-po-meri-za-audi-q5-2017\/\" \/>\n<meta property=\"og:locale\" content=\"it_IT\" \/>\n<meta property=\"og:type\" content=\"article\" \/>\n<meta property=\"og:title\" content=\"Avtoprevleka po meri za Audi Q5 (2017+) 5 vrat - Avtoprevleke po meri | TECH PLUS\" \/>\n<meta property=\"og:description\" content=\"Sprednji sede\u017ei so navadni, bo\u010dni zra\u010dni airbag, hrbti\u0161\u010de sprednjih naslonov je iz plastike, sprednji nasloni za glavo so aktivni, sprednji naslon za roko konzolni (ni pritrjen na naslon), zadnji naslon deljiv 1\/3 plus 1\/3 plus 1\/3, zadnje sede\u017ei deljivo 1\/3 plus 2\/3, bo\u010dni stebri, zadnji naslon za roko, v zadnjem naslonu za roko je integrirani nosilec za steklenico (kvadratni), zadnji naslon se preklopi, ro\u010dka za preklapljanje srednjega zadnjega naslona, isofix je povezan s prevleko, tretji pas izhaja iz naslona, zadnji nasloni za glavo so spu\u0161\u010deni\" \/>\n<meta property=\"og:url\" content=\"https:\/\/avtoprevleke.si\/it\/izdelki\/avtoprevleka-po-meri-za-audi-q5-2017\/\" \/>\n<meta property=\"og:site_name\" content=\"Avtoprevleke po meri | TECH PLUS\" \/>\n<meta property=\"article:modified_time\" content=\"2026-03-30T11:29:19+00:00\" \/>\n<meta property=\"og:image\" content=\"https:\/\/avtoprevleke.si\/wp-content\/uploads\/2019\/02\/Avtoprevleke-za-Audi-Q5.jpg\" \/>\n\t<meta property=\"og:image:width\" content=\"566\" \/>\n\t<meta property=\"og:image:height\" content=\"566\" \/>\n\t<meta property=\"og:image:type\" content=\"image\/jpeg\" \/>\n<meta name=\"twitter:card\" content=\"summary_large_image\" \/>\n<script type=\"application\/ld+json\" class=\"yoast-schema-graph\">{\"@context\":\"https:\\\/\\\/schema.org\",\"@graph\":[{\"@type\":\"WebPage\",\"@id\":\"https:\\\/\\\/avtoprevleke.si\\\/de\\\/produkte\\\/masgefertigte-autoabdeckung-fur-audi-q5-2017\\\/\",\"url\":\"https:\\\/\\\/avtoprevleke.si\\\/de\\\/produkte\\\/masgefertigte-autoabdeckung-fur-audi-q5-2017\\\/\",\"name\":\"Avtoprevleka po meri za Audi Q5 (2017+) 5 vrat - Avtoprevleke po meri | TECH PLUS\",\"isPartOf\":{\"@id\":\"https:\\\/\\\/avtoprevleke.si\\\/#website\"},\"primaryImageOfPage\":{\"@id\":\"https:\\\/\\\/avtoprevleke.si\\\/de\\\/produkte\\\/masgefertigte-autoabdeckung-fur-audi-q5-2017\\\/#primaryimage\"},\"image\":{\"@id\":\"https:\\\/\\\/avtoprevleke.si\\\/de\\\/produkte\\\/masgefertigte-autoabdeckung-fur-audi-q5-2017\\\/#primaryimage\"},\"thumbnailUrl\":\"https:\\\/\\\/avtoprevleke.si\\\/wp-content\\\/uploads\\\/2019\\\/02\\\/Avtoprevleke-za-Audi-Q5.jpg\",\"datePublished\":\"2019-02-11T17:09:52+00:00\",\"dateModified\":\"2026-03-30T11:29:19+00:00\",\"breadcrumb\":{\"@id\":\"https:\\\/\\\/avtoprevleke.si\\\/de\\\/produkte\\\/masgefertigte-autoabdeckung-fur-audi-q5-2017\\\/#breadcrumb\"},\"inLanguage\":\"it-IT\",\"potentialAction\":[{\"@type\":\"ReadAction\",\"target\":[\"https:\\\/\\\/avtoprevleke.si\\\/de\\\/produkte\\\/masgefertigte-autoabdeckung-fur-audi-q5-2017\\\/\"]}]},{\"@type\":\"ImageObject\",\"inLanguage\":\"it-IT\",\"@id\":\"https:\\\/\\\/avtoprevleke.si\\\/de\\\/produkte\\\/masgefertigte-autoabdeckung-fur-audi-q5-2017\\\/#primaryimage\",\"url\":\"https:\\\/\\\/avtoprevleke.si\\\/wp-content\\\/uploads\\\/2019\\\/02\\\/Avtoprevleke-za-Audi-Q5.jpg\",\"contentUrl\":\"https:\\\/\\\/avtoprevleke.si\\\/wp-content\\\/uploads\\\/2019\\\/02\\\/Avtoprevleke-za-Audi-Q5.jpg\",\"width\":566,\"height\":566,\"caption\":\"Avtoprevleke za Audi Q5\"},{\"@type\":\"BreadcrumbList\",\"@id\":\"https:\\\/\\\/avtoprevleke.si\\\/de\\\/produkte\\\/masgefertigte-autoabdeckung-fur-audi-q5-2017\\\/#breadcrumb\",\"itemListElement\":[{\"@type\":\"ListItem\",\"position\":1,\"name\":\"Home\",\"item\":\"https:\\\/\\\/avtoprevleke.si\\\/\"},{\"@type\":\"ListItem\",\"position\":2,\"name\":\"Prevleke po meri\",\"item\":\"https:\\\/\\\/avtoprevleke.si\\\/de\\\/individuelle-abdeckungen\\\/\"},{\"@type\":\"ListItem\",\"position\":3,\"name\":\"Avtoprevleka po meri za Audi Q5 (2017+) 5 vrat\"}]},{\"@type\":\"WebSite\",\"@id\":\"https:\\\/\\\/avtoprevleke.si\\\/#website\",\"url\":\"https:\\\/\\\/avtoprevleke.si\\\/\",\"name\":\"Avtoprevleke po meri | TECH PLUS\",\"description\":\"Tipske avtoprevleke - sede\u017ene prevleke za avto\",\"publisher\":{\"@id\":\"https:\\\/\\\/avtoprevleke.si\\\/#organization\"},\"potentialAction\":[{\"@type\":\"SearchAction\",\"target\":{\"@type\":\"EntryPoint\",\"urlTemplate\":\"https:\\\/\\\/avtoprevleke.si\\\/?s={search_term_string}\"},\"query-input\":{\"@type\":\"PropertyValueSpecification\",\"valueRequired\":true,\"valueName\":\"search_term_string\"}}],\"inLanguage\":\"it-IT\"},{\"@type\":\"Organization\",\"@id\":\"https:\\\/\\\/avtoprevleke.si\\\/#organization\",\"name\":\"Avtoprevleke po meri | TECH PLUS\",\"url\":\"https:\\\/\\\/avtoprevleke.si\\\/\",\"logo\":{\"@type\":\"ImageObject\",\"inLanguage\":\"it-IT\",\"@id\":\"https:\\\/\\\/avtoprevleke.si\\\/#\\\/schema\\\/logo\\\/image\\\/\",\"url\":\"https:\\\/\\\/avtoprevleke.si\\\/wp-content\\\/uploads\\\/2018\\\/09\\\/avtoprevleke-logo.png\",\"contentUrl\":\"https:\\\/\\\/avtoprevleke.si\\\/wp-content\\\/uploads\\\/2018\\\/09\\\/avtoprevleke-logo.png\",\"width\":856,\"height\":330,\"caption\":\"Avtoprevleke po meri | TECH PLUS\"},\"image\":{\"@id\":\"https:\\\/\\\/avtoprevleke.si\\\/#\\\/schema\\\/logo\\\/image\\\/\"}}]}<\/script>\n<!-- \/ Yoast SEO plugin. -->","yoast_head_json":{"title":"Avtoprevleka po meri za Audi Q5 (2017+) 5 vrat - Avtoprevleke po meri | TECH PLUS","robots":{"index":"index","follow":"follow","max-snippet":"max-snippet:-1","max-image-preview":"max-image-preview:large","max-video-preview":"max-video-preview:-1"},"canonical":"https:\/\/avtoprevleke.si\/it\/izdelki\/avtoprevleka-po-meri-za-audi-q5-2017\/","og_locale":"it_IT","og_type":"article","og_title":"Avtoprevleka po meri za Audi Q5 (2017+) 5 vrat - Avtoprevleke po meri | TECH PLUS","og_description":"Sprednji sede\u017ei so navadni, bo\u010dni zra\u010dni airbag, hrbti\u0161\u010de sprednjih naslonov je iz plastike, sprednji nasloni za glavo so aktivni, sprednji naslon za roko konzolni (ni pritrjen na naslon), zadnji naslon deljiv 1\/3 plus 1\/3 plus 1\/3, zadnje sede\u017ei deljivo 1\/3 plus 2\/3, bo\u010dni stebri, zadnji naslon za roko, v zadnjem naslonu za roko je integrirani nosilec za steklenico (kvadratni), zadnji naslon se preklopi, ro\u010dka za preklapljanje srednjega zadnjega naslona, isofix je povezan s prevleko, tretji pas izhaja iz naslona, zadnji nasloni za glavo so spu\u0161\u010deni","og_url":"https:\/\/avtoprevleke.si\/it\/izdelki\/avtoprevleka-po-meri-za-audi-q5-2017\/","og_site_name":"Avtoprevleke po meri | TECH PLUS","article_modified_time":"2026-03-30T11:29:19+00:00","og_image":[{"width":566,"height":566,"url":"https:\/\/avtoprevleke.si\/wp-content\/uploads\/2019\/02\/Avtoprevleke-za-Audi-Q5.jpg","type":"image\/jpeg"}],"twitter_card":"summary_large_image","schema":{"@context":"https:\/\/schema.org","@graph":[{"@type":"WebPage","@id":"https:\/\/avtoprevleke.si\/de\/produkte\/masgefertigte-autoabdeckung-fur-audi-q5-2017\/","url":"https:\/\/avtoprevleke.si\/de\/produkte\/masgefertigte-autoabdeckung-fur-audi-q5-2017\/","name":"Avtoprevleka po meri za Audi Q5 (2017+) 5 vrat - Avtoprevleke po meri | TECH PLUS","isPartOf":{"@id":"https:\/\/avtoprevleke.si\/#website"},"primaryImageOfPage":{"@id":"https:\/\/avtoprevleke.si\/de\/produkte\/masgefertigte-autoabdeckung-fur-audi-q5-2017\/#primaryimage"},"image":{"@id":"https:\/\/avtoprevleke.si\/de\/produkte\/masgefertigte-autoabdeckung-fur-audi-q5-2017\/#primaryimage"},"thumbnailUrl":"https:\/\/avtoprevleke.si\/wp-content\/uploads\/2019\/02\/Avtoprevleke-za-Audi-Q5.jpg","datePublished":"2019-02-11T17:09:52+00:00","dateModified":"2026-03-30T11:29:19+00:00","breadcrumb":{"@id":"https:\/\/avtoprevleke.si\/de\/produkte\/masgefertigte-autoabdeckung-fur-audi-q5-2017\/#breadcrumb"},"inLanguage":"it-IT","potentialAction":[{"@type":"ReadAction","target":["https:\/\/avtoprevleke.si\/de\/produkte\/masgefertigte-autoabdeckung-fur-audi-q5-2017\/"]}]},{"@type":"ImageObject","inLanguage":"it-IT","@id":"https:\/\/avtoprevleke.si\/de\/produkte\/masgefertigte-autoabdeckung-fur-audi-q5-2017\/#primaryimage","url":"https:\/\/avtoprevleke.si\/wp-content\/uploads\/2019\/02\/Avtoprevleke-za-Audi-Q5.jpg","contentUrl":"https:\/\/avtoprevleke.si\/wp-content\/uploads\/2019\/02\/Avtoprevleke-za-Audi-Q5.jpg","width":566,"height":566,"caption":"Avtoprevleke za Audi Q5"},{"@type":"BreadcrumbList","@id":"https:\/\/avtoprevleke.si\/de\/produkte\/masgefertigte-autoabdeckung-fur-audi-q5-2017\/#breadcrumb","itemListElement":[{"@type":"ListItem","position":1,"name":"Home","item":"https:\/\/avtoprevleke.si\/"},{"@type":"ListItem","position":2,"name":"Prevleke po meri","item":"https:\/\/avtoprevleke.si\/de\/individuelle-abdeckungen\/"},{"@type":"ListItem","position":3,"name":"Avtoprevleka po meri za Audi Q5 (2017+) 5 vrat"}]},{"@type":"WebSite","@id":"https:\/\/avtoprevleke.si\/#website","url":"https:\/\/avtoprevleke.si\/","name":"Avtoprevleke po meri | TECH PLUS","description":"Tipske avtoprevleke - sede\u017ene prevleke za avto","publisher":{"@id":"https:\/\/avtoprevleke.si\/#organization"},"potentialAction":[{"@type":"SearchAction","target":{"@type":"EntryPoint","urlTemplate":"https:\/\/avtoprevleke.si\/?s={search_term_string}"},"query-input":{"@type":"PropertyValueSpecification","valueRequired":true,"valueName":"search_term_string"}}],"inLanguage":"it-IT"},{"@type":"Organization","@id":"https:\/\/avtoprevleke.si\/#organization","name":"Avtoprevleke po meri | TECH PLUS","url":"https:\/\/avtoprevleke.si\/","logo":{"@type":"ImageObject","inLanguage":"it-IT","@id":"https:\/\/avtoprevleke.si\/#\/schema\/logo\/image\/","url":"https:\/\/avtoprevleke.si\/wp-content\/uploads\/2018\/09\/avtoprevleke-logo.png","contentUrl":"https:\/\/avtoprevleke.si\/wp-content\/uploads\/2018\/09\/avtoprevleke-logo.png","width":856,"height":330,"caption":"Avtoprevleke po meri | TECH PLUS"},"image":{"@id":"https:\/\/avtoprevleke.si\/#\/schema\/logo\/image\/"}}]}},"_links":{"self":[{"href":"https:\/\/avtoprevleke.si\/it\/wp-json\/wp\/v2\/product\/31755","targetHints":{"allow":["GET"]}}],"collection":[{"href":"https:\/\/avtoprevleke.si\/it\/wp-json\/wp\/v2\/product"}],"about":[{"href":"https:\/\/avtoprevleke.si\/it\/wp-json\/wp\/v2\/types\/product"}],"replies":[{"embeddable":true,"href":"https:\/\/avtoprevleke.si\/it\/wp-json\/wp\/v2\/comments?post=31755"}],"wp:featuredmedia":[{"embeddable":true,"href":"https:\/\/avtoprevleke.si\/it\/wp-json\/wp\/v2\/media\/31773"}],"wp:attachment":[{"href":"https:\/\/avtoprevleke.si\/it\/wp-json\/wp\/v2\/media?parent=31755"}],"wp:term":[{"taxonomy":"product_brand","embeddable":true,"href":"https:\/\/avtoprevleke.si\/it\/wp-json\/wp\/v2\/product_brand?post=31755"},{"taxonomy":"product_cat","embeddable":true,"href":"https:\/\/avtoprevleke.si\/it\/wp-json\/wp\/v2\/product_cat?post=31755"},{"taxonomy":"product_tag","embeddable":true,"href":"https:\/\/avtoprevleke.si\/it\/wp-json\/wp\/v2\/product_tag?post=31755"}],"curies":[{"name":"wp","href":"https:\/\/api.w.org\/{rel}","templated":true}]}}