{"id":29770,"date":"2018-09-27T21:16:59","date_gmt":"2018-09-27T20:16:59","guid":{"rendered":"https:\/\/avtoprevleke.si\/?post_type=product&#038;p=29770"},"modified":"2023-07-05T11:08:36","modified_gmt":"2023-07-05T10:08:36","slug":"navodila-za-montazo-sedeznih-prevlek-za-avto","status":"publish","type":"product","link":"https:\/\/avtoprevleke.si\/it\/izdelki\/navodila-za-montazo-sedeznih-prevlek-za-avto\/","title":{"rendered":"Navodila za monta\u017eo sede\u017enih prevlek za avto"},"content":{"rendered":"<p><iframe loading=\"lazy\" width=\"560\" height=\"315\" src=\"https:\/\/www.youtube.com\/embed\/GzoZdFRmlLU\" title=\"Monta\u017ea sede\u017enih prevlek\" frameborder=\"0\" allow=\"accelerometer; autoplay; clipboard-write; encrypted-media; gyroscope; picture-in-picture; web-share\" allowfullscreen><\/iframe><\/p>\n<p><iframe loading=\"lazy\" width=\"560\" height=\"315\" src=\"https:\/\/www.youtube.com\/embed\/CNBUqAvnwYk\" title=\"YouTube video player\" frameborder=\"0\" allow=\"accelerometer; autoplay; clipboard-write; encrypted-media; gyroscope; picture-in-picture\" allowfullscreen><\/iframe><\/p>\n<h1>NAVODILA ZA MONTA\u017dO SEDE\u017dNIH PREVLEK:<\/h1>\n<p>Vsak del sede\u017ene prevleke je z notranje strani ozna\u010den s pripadajo\u010do oznako.<\/p>\n<h3>MONTA\u017dA PREDNJIH SEDE\u017dEV:<\/h3>\n<p><strong>1.<\/strong> Izvlecite prednje naslone za glavo (\u010de je to mogo\u010de) in spustite sede\u017e v le\u017ee\u010di polo\u017eaj.<br \/>\n<strong>2.<\/strong> Potegnite elastike med naslonom in sedi\u0161\u010dem. Namestite sedi\u0161\u010de na sredino in ga s kljukicami pri\u010dvrstite pod sede\u017eem. V primeru, da ima sede\u017e bo\u010dno plastiko \u2013 je prevleko potrebno potisniti pod plastiko.<br \/>\n<strong>3.<\/strong> \u010ce ima prevleka bo\u010dno gumo po celi dol\u017eini namesto kljukic, jih je potrebno zavezati (eno za drugo) pod sede\u017eem).<br \/>\n<strong>4.<\/strong> Navlecite\/namestite prevleko prednjega naslona (hrbti\u0161\u010da). Paziti na polo\u017eaj bo\u010dne varnostne blazine. Prevleko napeti in gumice potegniti med naslonom in sedi\u0161\u010dem. Gumice pri\u010dvrstite s kljukicami pod sedi\u0161\u010dem.<br \/>\n<strong>5.<\/strong> V primeru, da se na robu naslona nahaja trak in je\u017eek: napnite trak in pri\u010dvrstite z je\u017ekom.<\/p>\n<figure id=\"attachment_29644\" aria-describedby=\"caption-attachment-29644\" style=\"width: 800px\" class=\"wp-caption aligncenter\"><img loading=\"lazy\" decoding=\"async\" class=\"size-medium wp-image-29644\" src=\"https:\/\/avtoprevleke.si\/wp-content\/uploads\/2018\/09\/navodila-za-monatzo-sedeznih-prevlek-800x396.jpg\" alt=\"Namestitev avto prevlek\" width=\"800\" height=\"396\" srcset=\"https:\/\/avtoprevleke.si\/wp-content\/uploads\/2018\/09\/navodila-za-monatzo-sedeznih-prevlek-800x396.jpg 800w, https:\/\/avtoprevleke.si\/wp-content\/uploads\/2018\/09\/navodila-za-monatzo-sedeznih-prevlek-768x380.jpg 768w, https:\/\/avtoprevleke.si\/wp-content\/uploads\/2018\/09\/navodila-za-monatzo-sedeznih-prevlek-600x297.jpg 600w, https:\/\/avtoprevleke.si\/wp-content\/uploads\/2018\/09\/navodila-za-monatzo-sedeznih-prevlek.jpg 825w\" sizes=\"auto, (max-width: 800px) 100vw, 800px\" \/><figcaption id=\"caption-attachment-29644\" class=\"wp-caption-text\">Navodila za monta\u017eo sede\u017enih prevlek<\/figcaption><\/figure>\n<h3>MONTA\u017dA ZADNJIH SEDE\u017dEV:<\/h3>\n<p><strong>6.<\/strong> V primeru, da je to mogo\u010de, zadnje sede\u017ee vzemite izven vozila. Namestite prevleko glede na skico. Gumice potegnite in u\u010dvrstite s kljukicami za \u017ei\u010dnati del pod sedi\u0161\u010dem ali med seboj. \u010ce je sede\u017e sestavljen iz ve\u010d delov, ponovite postopek. Bodite pozorni, da so odprtine na sredini. \u010ce je mo\u017eno, potegnite prevleko pod plastiko. Zadnji naslon za roke namestite glede na skico.<br \/>\n<strong>7.<\/strong> Zadnji naslon se name\u0161\u010da po enakem postopku kot prednji. Pazite, da so vse odprtine za luknje na sredini in jih povlecite pod plastiko. Prevleke je potrebno zategniti in jih pri\u010dvrstiti z gumicami in kljukicami (ali s trakom in je\u017eki). \u010ce je naslon sestavljen iz ve\u010d delov, postopek ponovite. \u010ce imate bo\u010dne stebri\u010dke, jih montirajte po oznakah in med seboj u\u010dvrstite s povezovanjem gumic.<br \/>\n<strong>8.<\/strong> Navlecite prevleke za naslone glave po oznakah. V primeru, da imajo vezice (trakove za vezanje), jih pove\u017eite.<\/p>\n<p>*V kolikor ima vozilo tri vrste sede\u017eev, polo\u017eite oznake glede na legendo in namestiti prevleke po enakem postopku kot prvi dve vrsti.<\/p>\n<p>*V kolikor menite, da potrebujete strokovno pomo\u010d pri monta\u017ei, jo lahko naro\u010dite tudi pri nas: <strong><a href=\"https:\/\/avtoprevleke.si\/it\/izdelki\/montaza-avtoprevlek\/\">MONTA\u017dA AVTOPREVLEK<\/a><\/strong><\/p>","protected":false},"excerpt":{"rendered":"<p>Za vas smo pripravili video vodi\u010d, kako namestiti avtoprevleke. Vabljeni k ogledu!<\/p>","protected":false},"featured_media":29771,"comment_status":"open","ping_status":"closed","template":"","meta":[],"product_brand":[],"product_cat":[95],"product_tag":[],"class_list":{"0":"post-29770","1":"product","2":"type-product","3":"status-publish","4":"has-post-thumbnail","6":"product_cat-montaza-avtoprevlek","8":"first","9":"instock","10":"virtual","11":"product-type-simple"},"yoast_head":"<!-- This site is optimized with the Yoast SEO plugin v27.6 - https:\/\/yoast.com\/product\/yoast-seo-wordpress\/ -->\n<title>Navodila za monta\u017eo sede\u017enih prevlek za avto - Avtoprevleke po meri | TECH PLUS<\/title>\n<meta name=\"robots\" content=\"index, follow, max-snippet:-1, max-image-preview:large, max-video-preview:-1\" \/>\n<link rel=\"canonical\" href=\"http:\/\/avtoprevleke.si\/it\/izdelki\/navodila-za-montazo-sedeznih-prevlek-za-avto\/\" \/>\n<meta property=\"og:locale\" content=\"it_IT\" \/>\n<meta property=\"og:type\" content=\"article\" \/>\n<meta property=\"og:title\" content=\"Navodila za monta\u017eo sede\u017enih prevlek za avto - Avtoprevleke po meri | TECH PLUS\" \/>\n<meta property=\"og:description\" content=\"Za vas smo pripravili video vodi\u010d, kako namestiti avtoprevleke. Vabljeni k ogledu!\" \/>\n<meta property=\"og:url\" content=\"http:\/\/avtoprevleke.si\/it\/izdelki\/navodila-za-montazo-sedeznih-prevlek-za-avto\/\" \/>\n<meta property=\"og:site_name\" content=\"Avtoprevleke po meri | TECH PLUS\" \/>\n<meta property=\"article:modified_time\" content=\"2023-07-05T10:08:36+00:00\" \/>\n<meta property=\"og:image\" content=\"https:\/\/avtoprevleke.si\/wp-content\/uploads\/2018\/09\/navodila-za-montazo-avtoprevlek.jpg\" \/>\n\t<meta property=\"og:image:width\" content=\"640\" \/>\n\t<meta property=\"og:image:height\" content=\"640\" \/>\n\t<meta property=\"og:image:type\" content=\"image\/jpeg\" \/>\n<meta name=\"twitter:card\" content=\"summary_large_image\" \/>\n<meta name=\"twitter:label1\" content=\"Tempo di lettura stimato\" \/>\n\t<meta name=\"twitter:data1\" content=\"2 minuti\" \/>\n<script type=\"application\/ld+json\" class=\"yoast-schema-graph\">{\"@context\":\"https:\\\/\\\/schema.org\",\"@graph\":[{\"@type\":\"WebPage\",\"@id\":\"http:\\\/\\\/avtoprevleke.si\\\/de\\\/produkte\\\/navodila-za-montazo-sedeznih-prevlek-za-avto\\\/\",\"url\":\"http:\\\/\\\/avtoprevleke.si\\\/de\\\/produkte\\\/navodila-za-montazo-sedeznih-prevlek-za-avto\\\/\",\"name\":\"Navodila za monta\u017eo sede\u017enih prevlek za avto - Avtoprevleke po meri | TECH PLUS\",\"isPartOf\":{\"@id\":\"https:\\\/\\\/avtoprevleke.si\\\/#website\"},\"primaryImageOfPage\":{\"@id\":\"http:\\\/\\\/avtoprevleke.si\\\/de\\\/produkte\\\/navodila-za-montazo-sedeznih-prevlek-za-avto\\\/#primaryimage\"},\"image\":{\"@id\":\"http:\\\/\\\/avtoprevleke.si\\\/de\\\/produkte\\\/navodila-za-montazo-sedeznih-prevlek-za-avto\\\/#primaryimage\"},\"thumbnailUrl\":\"https:\\\/\\\/avtoprevleke.si\\\/wp-content\\\/uploads\\\/2018\\\/09\\\/navodila-za-montazo-avtoprevlek.jpg\",\"datePublished\":\"2018-09-27T20:16:59+00:00\",\"dateModified\":\"2023-07-05T10:08:36+00:00\",\"breadcrumb\":{\"@id\":\"http:\\\/\\\/avtoprevleke.si\\\/de\\\/produkte\\\/navodila-za-montazo-sedeznih-prevlek-za-avto\\\/#breadcrumb\"},\"inLanguage\":\"it-IT\",\"potentialAction\":[{\"@type\":\"ReadAction\",\"target\":[\"http:\\\/\\\/avtoprevleke.si\\\/de\\\/produkte\\\/navodila-za-montazo-sedeznih-prevlek-za-avto\\\/\"]}]},{\"@type\":\"ImageObject\",\"inLanguage\":\"it-IT\",\"@id\":\"http:\\\/\\\/avtoprevleke.si\\\/de\\\/produkte\\\/navodila-za-montazo-sedeznih-prevlek-za-avto\\\/#primaryimage\",\"url\":\"https:\\\/\\\/avtoprevleke.si\\\/wp-content\\\/uploads\\\/2018\\\/09\\\/navodila-za-montazo-avtoprevlek.jpg\",\"contentUrl\":\"https:\\\/\\\/avtoprevleke.si\\\/wp-content\\\/uploads\\\/2018\\\/09\\\/navodila-za-montazo-avtoprevlek.jpg\",\"width\":640,\"height\":640,\"caption\":\"Navodila za monta\u017eo avtoprevlek\"},{\"@type\":\"BreadcrumbList\",\"@id\":\"http:\\\/\\\/avtoprevleke.si\\\/de\\\/produkte\\\/navodila-za-montazo-sedeznih-prevlek-za-avto\\\/#breadcrumb\",\"itemListElement\":[{\"@type\":\"ListItem\",\"position\":1,\"name\":\"Home\",\"item\":\"https:\\\/\\\/avtoprevleke.si\\\/\"},{\"@type\":\"ListItem\",\"position\":2,\"name\":\"Prevleke po meri\",\"item\":\"https:\\\/\\\/avtoprevleke.si\\\/de\\\/individuelle-abdeckungen\\\/\"},{\"@type\":\"ListItem\",\"position\":3,\"name\":\"Navodila za monta\u017eo sede\u017enih prevlek za avto\"}]},{\"@type\":\"WebSite\",\"@id\":\"https:\\\/\\\/avtoprevleke.si\\\/#website\",\"url\":\"https:\\\/\\\/avtoprevleke.si\\\/\",\"name\":\"Avtoprevleke po meri | TECH PLUS\",\"description\":\"Tipske avtoprevleke - sede\u017ene prevleke za avto\",\"publisher\":{\"@id\":\"https:\\\/\\\/avtoprevleke.si\\\/#organization\"},\"potentialAction\":[{\"@type\":\"SearchAction\",\"target\":{\"@type\":\"EntryPoint\",\"urlTemplate\":\"https:\\\/\\\/avtoprevleke.si\\\/?s={search_term_string}\"},\"query-input\":{\"@type\":\"PropertyValueSpecification\",\"valueRequired\":true,\"valueName\":\"search_term_string\"}}],\"inLanguage\":\"it-IT\"},{\"@type\":\"Organization\",\"@id\":\"https:\\\/\\\/avtoprevleke.si\\\/#organization\",\"name\":\"Avtoprevleke po meri | TECH PLUS\",\"url\":\"https:\\\/\\\/avtoprevleke.si\\\/\",\"logo\":{\"@type\":\"ImageObject\",\"inLanguage\":\"it-IT\",\"@id\":\"https:\\\/\\\/avtoprevleke.si\\\/#\\\/schema\\\/logo\\\/image\\\/\",\"url\":\"https:\\\/\\\/avtoprevleke.si\\\/wp-content\\\/uploads\\\/2018\\\/09\\\/avtoprevleke-logo.png\",\"contentUrl\":\"https:\\\/\\\/avtoprevleke.si\\\/wp-content\\\/uploads\\\/2018\\\/09\\\/avtoprevleke-logo.png\",\"width\":856,\"height\":330,\"caption\":\"Avtoprevleke po meri | TECH PLUS\"},\"image\":{\"@id\":\"https:\\\/\\\/avtoprevleke.si\\\/#\\\/schema\\\/logo\\\/image\\\/\"}}]}<\/script>\n<!-- \/ Yoast SEO plugin. -->","yoast_head_json":{"title":"Navodila za monta\u017eo sede\u017enih prevlek za avto - Avtoprevleke po meri | TECH PLUS","robots":{"index":"index","follow":"follow","max-snippet":"max-snippet:-1","max-image-preview":"max-image-preview:large","max-video-preview":"max-video-preview:-1"},"canonical":"http:\/\/avtoprevleke.si\/it\/izdelki\/navodila-za-montazo-sedeznih-prevlek-za-avto\/","og_locale":"it_IT","og_type":"article","og_title":"Navodila za monta\u017eo sede\u017enih prevlek za avto - Avtoprevleke po meri | TECH PLUS","og_description":"Za vas smo pripravili video vodi\u010d, kako namestiti avtoprevleke. Vabljeni k ogledu!","og_url":"http:\/\/avtoprevleke.si\/it\/izdelki\/navodila-za-montazo-sedeznih-prevlek-za-avto\/","og_site_name":"Avtoprevleke po meri | TECH PLUS","article_modified_time":"2023-07-05T10:08:36+00:00","og_image":[{"width":640,"height":640,"url":"https:\/\/avtoprevleke.si\/wp-content\/uploads\/2018\/09\/navodila-za-montazo-avtoprevlek.jpg","type":"image\/jpeg"}],"twitter_card":"summary_large_image","twitter_misc":{"Tempo di lettura stimato":"2 minuti"},"schema":{"@context":"https:\/\/schema.org","@graph":[{"@type":"WebPage","@id":"http:\/\/avtoprevleke.si\/de\/produkte\/navodila-za-montazo-sedeznih-prevlek-za-avto\/","url":"http:\/\/avtoprevleke.si\/de\/produkte\/navodila-za-montazo-sedeznih-prevlek-za-avto\/","name":"Navodila za monta\u017eo sede\u017enih prevlek za avto - Avtoprevleke po meri | TECH PLUS","isPartOf":{"@id":"https:\/\/avtoprevleke.si\/#website"},"primaryImageOfPage":{"@id":"http:\/\/avtoprevleke.si\/de\/produkte\/navodila-za-montazo-sedeznih-prevlek-za-avto\/#primaryimage"},"image":{"@id":"http:\/\/avtoprevleke.si\/de\/produkte\/navodila-za-montazo-sedeznih-prevlek-za-avto\/#primaryimage"},"thumbnailUrl":"https:\/\/avtoprevleke.si\/wp-content\/uploads\/2018\/09\/navodila-za-montazo-avtoprevlek.jpg","datePublished":"2018-09-27T20:16:59+00:00","dateModified":"2023-07-05T10:08:36+00:00","breadcrumb":{"@id":"http:\/\/avtoprevleke.si\/de\/produkte\/navodila-za-montazo-sedeznih-prevlek-za-avto\/#breadcrumb"},"inLanguage":"it-IT","potentialAction":[{"@type":"ReadAction","target":["http:\/\/avtoprevleke.si\/de\/produkte\/navodila-za-montazo-sedeznih-prevlek-za-avto\/"]}]},{"@type":"ImageObject","inLanguage":"it-IT","@id":"http:\/\/avtoprevleke.si\/de\/produkte\/navodila-za-montazo-sedeznih-prevlek-za-avto\/#primaryimage","url":"https:\/\/avtoprevleke.si\/wp-content\/uploads\/2018\/09\/navodila-za-montazo-avtoprevlek.jpg","contentUrl":"https:\/\/avtoprevleke.si\/wp-content\/uploads\/2018\/09\/navodila-za-montazo-avtoprevlek.jpg","width":640,"height":640,"caption":"Navodila za monta\u017eo avtoprevlek"},{"@type":"BreadcrumbList","@id":"http:\/\/avtoprevleke.si\/de\/produkte\/navodila-za-montazo-sedeznih-prevlek-za-avto\/#breadcrumb","itemListElement":[{"@type":"ListItem","position":1,"name":"Home","item":"https:\/\/avtoprevleke.si\/"},{"@type":"ListItem","position":2,"name":"Prevleke po meri","item":"https:\/\/avtoprevleke.si\/de\/individuelle-abdeckungen\/"},{"@type":"ListItem","position":3,"name":"Navodila za monta\u017eo sede\u017enih prevlek za avto"}]},{"@type":"WebSite","@id":"https:\/\/avtoprevleke.si\/#website","url":"https:\/\/avtoprevleke.si\/","name":"Coprisedili personalizzati per auto | TECH PLUS","description":"Teli copriauto standard - coprisedili per auto","publisher":{"@id":"https:\/\/avtoprevleke.si\/#organization"},"potentialAction":[{"@type":"SearchAction","target":{"@type":"EntryPoint","urlTemplate":"https:\/\/avtoprevleke.si\/?s={search_term_string}"},"query-input":{"@type":"PropertyValueSpecification","valueRequired":true,"valueName":"search_term_string"}}],"inLanguage":"it-IT"},{"@type":"Organization","@id":"https:\/\/avtoprevleke.si\/#organization","name":"Coprisedili personalizzati per auto | TECH PLUS","url":"https:\/\/avtoprevleke.si\/","logo":{"@type":"ImageObject","inLanguage":"it-IT","@id":"https:\/\/avtoprevleke.si\/#\/schema\/logo\/image\/","url":"https:\/\/avtoprevleke.si\/wp-content\/uploads\/2018\/09\/avtoprevleke-logo.png","contentUrl":"https:\/\/avtoprevleke.si\/wp-content\/uploads\/2018\/09\/avtoprevleke-logo.png","width":856,"height":330,"caption":"Avtoprevleke po meri | TECH PLUS"},"image":{"@id":"https:\/\/avtoprevleke.si\/#\/schema\/logo\/image\/"}}]}},"_links":{"self":[{"href":"https:\/\/avtoprevleke.si\/it\/wp-json\/wp\/v2\/product\/29770","targetHints":{"allow":["GET"]}}],"collection":[{"href":"https:\/\/avtoprevleke.si\/it\/wp-json\/wp\/v2\/product"}],"about":[{"href":"https:\/\/avtoprevleke.si\/it\/wp-json\/wp\/v2\/types\/product"}],"replies":[{"embeddable":true,"href":"https:\/\/avtoprevleke.si\/it\/wp-json\/wp\/v2\/comments?post=29770"}],"wp:featuredmedia":[{"embeddable":true,"href":"https:\/\/avtoprevleke.si\/it\/wp-json\/wp\/v2\/media\/29771"}],"wp:attachment":[{"href":"https:\/\/avtoprevleke.si\/it\/wp-json\/wp\/v2\/media?parent=29770"}],"wp:term":[{"taxonomy":"product_brand","embeddable":true,"href":"https:\/\/avtoprevleke.si\/it\/wp-json\/wp\/v2\/product_brand?post=29770"},{"taxonomy":"product_cat","embeddable":true,"href":"https:\/\/avtoprevleke.si\/it\/wp-json\/wp\/v2\/product_cat?post=29770"},{"taxonomy":"product_tag","embeddable":true,"href":"https:\/\/avtoprevleke.si\/it\/wp-json\/wp\/v2\/product_tag?post=29770"}],"curies":[{"name":"wp","href":"https:\/\/api.w.org\/{rel}","templated":true}]}}