{"id":21584,"date":"2018-09-22T22:19:47","date_gmt":"2018-09-22T21:19:47","guid":{"rendered":"https:\/\/avtoprevleke.si\/product\/import-placeholder-for-31002\/"},"modified":"2026-03-30T12:13:04","modified_gmt":"2026-03-30T11:13:04","slug":"avtoprevleka-po-meri-za-seat-altea-xl-2006-5-vrat","status":"publish","type":"product","link":"https:\/\/avtoprevleke.si\/it\/izdelki\/avtoprevleka-po-meri-za-seat-altea-xl-2006-5-vrat\/","title":{"rendered":"Avtoprevleka po meri za Seat Altea XL (2006+) 5 vrat"},"content":{"rendered":"<p>sprednji naslon za roko, zadnji naslon za roko, tretji pas (za osebo v sredini) izhaja iz naslona, zadnji naslon deljiv 1\/3 plus 2\/3,prvi nasloni za glavo, se pomaknejo v naslon sede\u017ea, na hrbti\u0161\u010du sprednjega naslona je lahko mizica za voznika, \u0160ifra: 31002<\/p>","protected":false},"excerpt":{"rendered":"<p>sprednji naslon za roko, zadnji naslon za roko, tretji pas (za osebo v sredini) izhaja iz naslona, zadnji naslon deljiv 1\/3 plus 2\/3,prvi nasloni za glavo, se pomaknejo v naslon sede\u017ea, na hrbti\u0161\u010du sprednjega naslona je lahko mizica za voznika<\/p>","protected":false},"featured_media":31131,"comment_status":"open","ping_status":"closed","template":"","meta":[],"product_brand":[],"product_cat":[862],"product_tag":[861],"class_list":{"0":"post-21584","1":"product","2":"type-product","3":"status-publish","4":"has-post-thumbnail","6":"product_cat-2006-altea","7":"product_tag-seat","9":"first","10":"instock","11":"sale","12":"shipping-taxable","13":"purchasable","14":"product-type-variable"},"yoast_head":"<!-- This site is optimized with the Yoast SEO plugin v27.5 - https:\/\/yoast.com\/product\/yoast-seo-wordpress\/ -->\n<title>Avtoprevleka po meri za Seat Altea XL (2006+) 5 vrat - Avtoprevleke po meri | TECH PLUS<\/title>\n<meta name=\"robots\" content=\"index, follow, max-snippet:-1, max-image-preview:large, max-video-preview:-1\" \/>\n<link rel=\"canonical\" href=\"https:\/\/avtoprevleke.si\/it\/izdelki\/avtoprevleka-po-meri-za-seat-altea-xl-2006-5-vrat\/\" \/>\n<meta property=\"og:locale\" content=\"it_IT\" \/>\n<meta property=\"og:type\" content=\"article\" \/>\n<meta property=\"og:title\" content=\"Avtoprevleka po meri za Seat Altea XL (2006+) 5 vrat - Avtoprevleke po meri | TECH PLUS\" \/>\n<meta property=\"og:description\" content=\"sprednji naslon za roko, zadnji naslon za roko, tretji pas (za osebo v sredini) izhaja iz naslona, zadnji naslon deljiv 1\/3 plus 2\/3,prvi nasloni za glavo, se pomaknejo v naslon sede\u017ea, na hrbti\u0161\u010du sprednjega naslona je lahko mizica za voznika\" \/>\n<meta property=\"og:url\" content=\"https:\/\/avtoprevleke.si\/it\/izdelki\/avtoprevleka-po-meri-za-seat-altea-xl-2006-5-vrat\/\" \/>\n<meta property=\"og:site_name\" content=\"Avtoprevleke po meri | TECH PLUS\" \/>\n<meta property=\"article:modified_time\" content=\"2026-03-30T11:13:04+00:00\" \/>\n<meta property=\"og:image\" content=\"https:\/\/avtoprevleke.si\/wp-content\/uploads\/2018\/09\/avtoprevleke-za-seat-altea-xl.jpg\" \/>\n\t<meta property=\"og:image:width\" content=\"520\" \/>\n\t<meta property=\"og:image:height\" content=\"520\" \/>\n\t<meta property=\"og:image:type\" content=\"image\/jpeg\" \/>\n<meta name=\"twitter:card\" content=\"summary_large_image\" \/>\n<script type=\"application\/ld+json\" class=\"yoast-schema-graph\">{\"@context\":\"https:\\\/\\\/schema.org\",\"@graph\":[{\"@type\":\"WebPage\",\"@id\":\"https:\\\/\\\/avtoprevleke.si\\\/en\\\/products\\\/custom-car-cover-for-seat-altea-xl-2006-5-doors\\\/\",\"url\":\"https:\\\/\\\/avtoprevleke.si\\\/en\\\/products\\\/custom-car-cover-for-seat-altea-xl-2006-5-doors\\\/\",\"name\":\"Avtoprevleka po meri za Seat Altea XL (2006+) 5 vrat - Avtoprevleke po meri | TECH PLUS\",\"isPartOf\":{\"@id\":\"https:\\\/\\\/avtoprevleke.si\\\/#website\"},\"primaryImageOfPage\":{\"@id\":\"https:\\\/\\\/avtoprevleke.si\\\/en\\\/products\\\/custom-car-cover-for-seat-altea-xl-2006-5-doors\\\/#primaryimage\"},\"image\":{\"@id\":\"https:\\\/\\\/avtoprevleke.si\\\/en\\\/products\\\/custom-car-cover-for-seat-altea-xl-2006-5-doors\\\/#primaryimage\"},\"thumbnailUrl\":\"https:\\\/\\\/avtoprevleke.si\\\/wp-content\\\/uploads\\\/2018\\\/09\\\/avtoprevleke-za-seat-altea-xl.jpg\",\"datePublished\":\"2018-09-22T21:19:47+00:00\",\"dateModified\":\"2026-03-30T11:13:04+00:00\",\"breadcrumb\":{\"@id\":\"https:\\\/\\\/avtoprevleke.si\\\/en\\\/products\\\/custom-car-cover-for-seat-altea-xl-2006-5-doors\\\/#breadcrumb\"},\"inLanguage\":\"it-IT\",\"potentialAction\":[{\"@type\":\"ReadAction\",\"target\":[\"https:\\\/\\\/avtoprevleke.si\\\/en\\\/products\\\/custom-car-cover-for-seat-altea-xl-2006-5-doors\\\/\"]}]},{\"@type\":\"ImageObject\",\"inLanguage\":\"it-IT\",\"@id\":\"https:\\\/\\\/avtoprevleke.si\\\/en\\\/products\\\/custom-car-cover-for-seat-altea-xl-2006-5-doors\\\/#primaryimage\",\"url\":\"https:\\\/\\\/avtoprevleke.si\\\/wp-content\\\/uploads\\\/2018\\\/09\\\/avtoprevleke-za-seat-altea-xl.jpg\",\"contentUrl\":\"https:\\\/\\\/avtoprevleke.si\\\/wp-content\\\/uploads\\\/2018\\\/09\\\/avtoprevleke-za-seat-altea-xl.jpg\",\"width\":520,\"height\":520,\"caption\":\"Prevleka po meri za Seat Altea XL\"},{\"@type\":\"BreadcrumbList\",\"@id\":\"https:\\\/\\\/avtoprevleke.si\\\/en\\\/products\\\/custom-car-cover-for-seat-altea-xl-2006-5-doors\\\/#breadcrumb\",\"itemListElement\":[{\"@type\":\"ListItem\",\"position\":1,\"name\":\"Home\",\"item\":\"https:\\\/\\\/avtoprevleke.si\\\/\"},{\"@type\":\"ListItem\",\"position\":2,\"name\":\"Prevleke po meri\",\"item\":\"https:\\\/\\\/avtoprevleke.si\\\/de\\\/individuelle-abdeckungen\\\/\"},{\"@type\":\"ListItem\",\"position\":3,\"name\":\"Avtoprevleka po meri za Seat Altea XL (2006+) 5 vrat\"}]},{\"@type\":\"WebSite\",\"@id\":\"https:\\\/\\\/avtoprevleke.si\\\/#website\",\"url\":\"https:\\\/\\\/avtoprevleke.si\\\/\",\"name\":\"Avtoprevleke po meri | TECH PLUS\",\"description\":\"Tipske avtoprevleke - sede\u017ene prevleke za avto\",\"publisher\":{\"@id\":\"https:\\\/\\\/avtoprevleke.si\\\/#organization\"},\"potentialAction\":[{\"@type\":\"SearchAction\",\"target\":{\"@type\":\"EntryPoint\",\"urlTemplate\":\"https:\\\/\\\/avtoprevleke.si\\\/?s={search_term_string}\"},\"query-input\":{\"@type\":\"PropertyValueSpecification\",\"valueRequired\":true,\"valueName\":\"search_term_string\"}}],\"inLanguage\":\"it-IT\"},{\"@type\":\"Organization\",\"@id\":\"https:\\\/\\\/avtoprevleke.si\\\/#organization\",\"name\":\"Avtoprevleke po meri | TECH PLUS\",\"url\":\"https:\\\/\\\/avtoprevleke.si\\\/\",\"logo\":{\"@type\":\"ImageObject\",\"inLanguage\":\"it-IT\",\"@id\":\"https:\\\/\\\/avtoprevleke.si\\\/#\\\/schema\\\/logo\\\/image\\\/\",\"url\":\"https:\\\/\\\/avtoprevleke.si\\\/wp-content\\\/uploads\\\/2018\\\/09\\\/avtoprevleke-logo.png\",\"contentUrl\":\"https:\\\/\\\/avtoprevleke.si\\\/wp-content\\\/uploads\\\/2018\\\/09\\\/avtoprevleke-logo.png\",\"width\":856,\"height\":330,\"caption\":\"Avtoprevleke po meri | TECH PLUS\"},\"image\":{\"@id\":\"https:\\\/\\\/avtoprevleke.si\\\/#\\\/schema\\\/logo\\\/image\\\/\"}}]}<\/script>\n<!-- \/ Yoast SEO plugin. -->","yoast_head_json":{"title":"Avtoprevleka po meri za Seat Altea XL (2006+) 5 vrat - Avtoprevleke po meri | TECH PLUS","robots":{"index":"index","follow":"follow","max-snippet":"max-snippet:-1","max-image-preview":"max-image-preview:large","max-video-preview":"max-video-preview:-1"},"canonical":"https:\/\/avtoprevleke.si\/it\/izdelki\/avtoprevleka-po-meri-za-seat-altea-xl-2006-5-vrat\/","og_locale":"it_IT","og_type":"article","og_title":"Avtoprevleka po meri za Seat Altea XL (2006+) 5 vrat - Avtoprevleke po meri | TECH PLUS","og_description":"sprednji naslon za roko, zadnji naslon za roko, tretji pas (za osebo v sredini) izhaja iz naslona, zadnji naslon deljiv 1\/3 plus 2\/3,prvi nasloni za glavo, se pomaknejo v naslon sede\u017ea, na hrbti\u0161\u010du sprednjega naslona je lahko mizica za voznika","og_url":"https:\/\/avtoprevleke.si\/it\/izdelki\/avtoprevleka-po-meri-za-seat-altea-xl-2006-5-vrat\/","og_site_name":"Avtoprevleke po meri | TECH PLUS","article_modified_time":"2026-03-30T11:13:04+00:00","og_image":[{"width":520,"height":520,"url":"https:\/\/avtoprevleke.si\/wp-content\/uploads\/2018\/09\/avtoprevleke-za-seat-altea-xl.jpg","type":"image\/jpeg"}],"twitter_card":"summary_large_image","schema":{"@context":"https:\/\/schema.org","@graph":[{"@type":"WebPage","@id":"https:\/\/avtoprevleke.si\/en\/products\/custom-car-cover-for-seat-altea-xl-2006-5-doors\/","url":"https:\/\/avtoprevleke.si\/en\/products\/custom-car-cover-for-seat-altea-xl-2006-5-doors\/","name":"Avtoprevleka po meri za Seat Altea XL (2006+) 5 vrat - Avtoprevleke po meri | TECH PLUS","isPartOf":{"@id":"https:\/\/avtoprevleke.si\/#website"},"primaryImageOfPage":{"@id":"https:\/\/avtoprevleke.si\/en\/products\/custom-car-cover-for-seat-altea-xl-2006-5-doors\/#primaryimage"},"image":{"@id":"https:\/\/avtoprevleke.si\/en\/products\/custom-car-cover-for-seat-altea-xl-2006-5-doors\/#primaryimage"},"thumbnailUrl":"https:\/\/avtoprevleke.si\/wp-content\/uploads\/2018\/09\/avtoprevleke-za-seat-altea-xl.jpg","datePublished":"2018-09-22T21:19:47+00:00","dateModified":"2026-03-30T11:13:04+00:00","breadcrumb":{"@id":"https:\/\/avtoprevleke.si\/en\/products\/custom-car-cover-for-seat-altea-xl-2006-5-doors\/#breadcrumb"},"inLanguage":"it-IT","potentialAction":[{"@type":"ReadAction","target":["https:\/\/avtoprevleke.si\/en\/products\/custom-car-cover-for-seat-altea-xl-2006-5-doors\/"]}]},{"@type":"ImageObject","inLanguage":"it-IT","@id":"https:\/\/avtoprevleke.si\/en\/products\/custom-car-cover-for-seat-altea-xl-2006-5-doors\/#primaryimage","url":"https:\/\/avtoprevleke.si\/wp-content\/uploads\/2018\/09\/avtoprevleke-za-seat-altea-xl.jpg","contentUrl":"https:\/\/avtoprevleke.si\/wp-content\/uploads\/2018\/09\/avtoprevleke-za-seat-altea-xl.jpg","width":520,"height":520,"caption":"Prevleka po meri za Seat Altea XL"},{"@type":"BreadcrumbList","@id":"https:\/\/avtoprevleke.si\/en\/products\/custom-car-cover-for-seat-altea-xl-2006-5-doors\/#breadcrumb","itemListElement":[{"@type":"ListItem","position":1,"name":"Home","item":"https:\/\/avtoprevleke.si\/"},{"@type":"ListItem","position":2,"name":"Prevleke po meri","item":"https:\/\/avtoprevleke.si\/de\/individuelle-abdeckungen\/"},{"@type":"ListItem","position":3,"name":"Avtoprevleka po meri za Seat Altea XL (2006+) 5 vrat"}]},{"@type":"WebSite","@id":"https:\/\/avtoprevleke.si\/#website","url":"https:\/\/avtoprevleke.si\/","name":"Avtoprevleke po meri | TECH PLUS","description":"Tipske avtoprevleke - sede\u017ene prevleke za avto","publisher":{"@id":"https:\/\/avtoprevleke.si\/#organization"},"potentialAction":[{"@type":"SearchAction","target":{"@type":"EntryPoint","urlTemplate":"https:\/\/avtoprevleke.si\/?s={search_term_string}"},"query-input":{"@type":"PropertyValueSpecification","valueRequired":true,"valueName":"search_term_string"}}],"inLanguage":"it-IT"},{"@type":"Organization","@id":"https:\/\/avtoprevleke.si\/#organization","name":"Avtoprevleke po meri | TECH PLUS","url":"https:\/\/avtoprevleke.si\/","logo":{"@type":"ImageObject","inLanguage":"it-IT","@id":"https:\/\/avtoprevleke.si\/#\/schema\/logo\/image\/","url":"https:\/\/avtoprevleke.si\/wp-content\/uploads\/2018\/09\/avtoprevleke-logo.png","contentUrl":"https:\/\/avtoprevleke.si\/wp-content\/uploads\/2018\/09\/avtoprevleke-logo.png","width":856,"height":330,"caption":"Avtoprevleke po meri | TECH PLUS"},"image":{"@id":"https:\/\/avtoprevleke.si\/#\/schema\/logo\/image\/"}}]}},"_links":{"self":[{"href":"https:\/\/avtoprevleke.si\/it\/wp-json\/wp\/v2\/product\/21584","targetHints":{"allow":["GET"]}}],"collection":[{"href":"https:\/\/avtoprevleke.si\/it\/wp-json\/wp\/v2\/product"}],"about":[{"href":"https:\/\/avtoprevleke.si\/it\/wp-json\/wp\/v2\/types\/product"}],"replies":[{"embeddable":true,"href":"https:\/\/avtoprevleke.si\/it\/wp-json\/wp\/v2\/comments?post=21584"}],"wp:featuredmedia":[{"embeddable":true,"href":"https:\/\/avtoprevleke.si\/it\/wp-json\/wp\/v2\/media\/31131"}],"wp:attachment":[{"href":"https:\/\/avtoprevleke.si\/it\/wp-json\/wp\/v2\/media?parent=21584"}],"wp:term":[{"taxonomy":"product_brand","embeddable":true,"href":"https:\/\/avtoprevleke.si\/it\/wp-json\/wp\/v2\/product_brand?post=21584"},{"taxonomy":"product_cat","embeddable":true,"href":"https:\/\/avtoprevleke.si\/it\/wp-json\/wp\/v2\/product_cat?post=21584"},{"taxonomy":"product_tag","embeddable":true,"href":"https:\/\/avtoprevleke.si\/it\/wp-json\/wp\/v2\/product_tag?post=21584"}],"curies":[{"name":"wp","href":"https:\/\/api.w.org\/{rel}","templated":true}]}}