{"id":1701,"date":"2018-09-20T22:05:14","date_gmt":"2018-09-20T21:05:14","guid":{"rendered":"https:\/\/avtoprevleke.si\/product\/import-placeholder-for-11026\/"},"modified":"2026-03-30T11:39:09","modified_gmt":"2026-03-30T10:39:09","slug":"avtoprevleka-po-meri-za-audi-a6-2010-2014-sedan-4-vrata-3","status":"publish","type":"product","link":"https:\/\/avtoprevleke.si\/it\/izdelki\/avtoprevleka-po-meri-za-audi-a6-2010-2014-sedan-4-vrata-3\/","title":{"rendered":"Avtoprevleka po meri za Audi A6 (2010-2014) Sedan 4 vrata"},"content":{"rendered":"<p>sprednja vrsta sede\u017ea sta navadna, hrbti\u0161\u010de sprednjih naslonov je iz plastike, bo\u010dna zra\u010dna blazina (airbag),sprednji naslon za roko konzolni (ni pritrjen na naslon sede\u017ea),sprednji nasloni za glavo so aktivni, zadnji naslon deljiv 2\/3 plus 1\/3, zadnji sede\u017ei v enem kosu, zadnji naslon za roko, tretji pas (za osebo v sredini) izhaja iz naslona, bo\u010dna stebra, v svrstanjem zadnjem naslonu se nahaja odprtina za smu\u010di, isofix-pritrditev za otro\u0161ki sede\u017e je povezan s prevleko, zadnji nasloni za glavo so razklopni (2 plus 1), \u0160ifra: 11026<\/p>","protected":false},"excerpt":{"rendered":"<p>sprednja vrsta sede\u017ea sta navadna, hrbti\u0161\u010de sprednjih naslonov je iz plastike, bo\u010dna zra\u010dna blazina (airbag),sprednji naslon za roko konzolni (ni pritrjen na naslon sede\u017ea),sprednji nasloni za glavo so aktivni, zadnji naslon deljiv 2\/3 plus 1\/3, zadnji sede\u017ei v enem kosu, zadnji naslon za roko, tretji pas (za osebo v sredini) izhaja iz naslona, bo\u010dna stebra, v svrstanjem zadnjem naslonu se nahaja odprtina za smu\u010di, isofix-pritrditev za otro\u0161ki sede\u017e je povezan s prevleko, zadnji nasloni za glavo so razklopni (2 plus 1)<\/p>","protected":false},"featured_media":29850,"comment_status":"open","ping_status":"closed","template":"","meta":[],"product_brand":[],"product_cat":[145],"product_tag":[94],"class_list":{"0":"post-1701","1":"product","2":"type-product","3":"status-publish","4":"has-post-thumbnail","6":"product_cat-2010-2014","7":"product_tag-audi","9":"first","10":"instock","11":"sale","12":"shipping-taxable","13":"purchasable","14":"product-type-variable"},"yoast_head":"<!-- This site is optimized with the Yoast SEO plugin v27.5 - https:\/\/yoast.com\/product\/yoast-seo-wordpress\/ -->\n<title>Avtoprevleka po meri za Audi A6 (2010-2014) Sedan 4 vrata - Avtoprevleke po meri | TECH PLUS<\/title>\n<meta name=\"robots\" content=\"index, follow, max-snippet:-1, max-image-preview:large, max-video-preview:-1\" \/>\n<link rel=\"canonical\" href=\"https:\/\/avtoprevleke.si\/it\/izdelki\/avtoprevleka-po-meri-za-audi-a6-2010-2014-sedan-4-vrata-3\/\" \/>\n<meta property=\"og:locale\" content=\"it_IT\" \/>\n<meta property=\"og:type\" content=\"article\" \/>\n<meta property=\"og:title\" content=\"Avtoprevleka po meri za Audi A6 (2010-2014) Sedan 4 vrata - Avtoprevleke po meri | TECH PLUS\" \/>\n<meta property=\"og:description\" content=\"sprednja vrsta sede\u017ea sta navadna, hrbti\u0161\u010de sprednjih naslonov je iz plastike, bo\u010dna zra\u010dna blazina (airbag),sprednji naslon za roko konzolni (ni pritrjen na naslon sede\u017ea),sprednji nasloni za glavo so aktivni, zadnji naslon deljiv 2\/3 plus 1\/3, zadnji sede\u017ei v enem kosu, zadnji naslon za roko, tretji pas (za osebo v sredini) izhaja iz naslona, bo\u010dna stebra, v svrstanjem zadnjem naslonu se nahaja odprtina za smu\u010di, isofix-pritrditev za otro\u0161ki sede\u017e je povezan s prevleko, zadnji nasloni za glavo so razklopni (2 plus 1)\" \/>\n<meta property=\"og:url\" content=\"https:\/\/avtoprevleke.si\/it\/izdelki\/avtoprevleka-po-meri-za-audi-a6-2010-2014-sedan-4-vrata-3\/\" \/>\n<meta property=\"og:site_name\" content=\"Avtoprevleke po meri | TECH PLUS\" \/>\n<meta property=\"article:modified_time\" content=\"2026-03-30T10:39:09+00:00\" \/>\n<meta property=\"og:image\" content=\"https:\/\/avtoprevleke.si\/wp-content\/uploads\/2018\/09\/Avtoprevleke-za-Audi-Audi-A6_6.jpg\" \/>\n\t<meta property=\"og:image:width\" content=\"520\" \/>\n\t<meta property=\"og:image:height\" content=\"520\" \/>\n\t<meta property=\"og:image:type\" content=\"image\/jpeg\" \/>\n<meta name=\"twitter:card\" content=\"summary_large_image\" \/>\n<script type=\"application\/ld+json\" class=\"yoast-schema-graph\">{\"@context\":\"https:\\\/\\\/schema.org\",\"@graph\":[{\"@type\":\"WebPage\",\"@id\":\"https:\\\/\\\/avtoprevleke.si\\\/izdelki\\\/avtoprevleka-po-meri-za-audi-a6-2010-2014-sedan-4-vrata-3\\\/\",\"url\":\"https:\\\/\\\/avtoprevleke.si\\\/izdelki\\\/avtoprevleka-po-meri-za-audi-a6-2010-2014-sedan-4-vrata-3\\\/\",\"name\":\"Avtoprevleka po meri za Audi A6 (2010-2014) Sedan 4 vrata - Avtoprevleke po meri | TECH PLUS\",\"isPartOf\":{\"@id\":\"https:\\\/\\\/avtoprevleke.si\\\/#website\"},\"primaryImageOfPage\":{\"@id\":\"https:\\\/\\\/avtoprevleke.si\\\/izdelki\\\/avtoprevleka-po-meri-za-audi-a6-2010-2014-sedan-4-vrata-3\\\/#primaryimage\"},\"image\":{\"@id\":\"https:\\\/\\\/avtoprevleke.si\\\/izdelki\\\/avtoprevleka-po-meri-za-audi-a6-2010-2014-sedan-4-vrata-3\\\/#primaryimage\"},\"thumbnailUrl\":\"https:\\\/\\\/avtoprevleke.si\\\/wp-content\\\/uploads\\\/2018\\\/09\\\/Avtoprevleke-za-Audi-Audi-A6_6.jpg\",\"datePublished\":\"2018-09-20T21:05:14+00:00\",\"dateModified\":\"2026-03-30T10:39:09+00:00\",\"breadcrumb\":{\"@id\":\"https:\\\/\\\/avtoprevleke.si\\\/izdelki\\\/avtoprevleka-po-meri-za-audi-a6-2010-2014-sedan-4-vrata-3\\\/#breadcrumb\"},\"inLanguage\":\"it-IT\",\"potentialAction\":[{\"@type\":\"ReadAction\",\"target\":[\"https:\\\/\\\/avtoprevleke.si\\\/izdelki\\\/avtoprevleka-po-meri-za-audi-a6-2010-2014-sedan-4-vrata-3\\\/\"]}]},{\"@type\":\"ImageObject\",\"inLanguage\":\"it-IT\",\"@id\":\"https:\\\/\\\/avtoprevleke.si\\\/izdelki\\\/avtoprevleka-po-meri-za-audi-a6-2010-2014-sedan-4-vrata-3\\\/#primaryimage\",\"url\":\"https:\\\/\\\/avtoprevleke.si\\\/wp-content\\\/uploads\\\/2018\\\/09\\\/Avtoprevleke-za-Audi-Audi-A6_6.jpg\",\"contentUrl\":\"https:\\\/\\\/avtoprevleke.si\\\/wp-content\\\/uploads\\\/2018\\\/09\\\/Avtoprevleke-za-Audi-Audi-A6_6.jpg\",\"width\":520,\"height\":520},{\"@type\":\"BreadcrumbList\",\"@id\":\"https:\\\/\\\/avtoprevleke.si\\\/izdelki\\\/avtoprevleka-po-meri-za-audi-a6-2010-2014-sedan-4-vrata-3\\\/#breadcrumb\",\"itemListElement\":[{\"@type\":\"ListItem\",\"position\":1,\"name\":\"Home\",\"item\":\"https:\\\/\\\/avtoprevleke.si\\\/\"},{\"@type\":\"ListItem\",\"position\":2,\"name\":\"Prevleke po meri\",\"item\":\"https:\\\/\\\/avtoprevleke.si\\\/de\\\/individuelle-abdeckungen\\\/\"},{\"@type\":\"ListItem\",\"position\":3,\"name\":\"Avtoprevleka po meri za Audi A6 (2010-2014) Sedan 4 vrata\"}]},{\"@type\":\"WebSite\",\"@id\":\"https:\\\/\\\/avtoprevleke.si\\\/#website\",\"url\":\"https:\\\/\\\/avtoprevleke.si\\\/\",\"name\":\"Avtoprevleke po meri | TECH PLUS\",\"description\":\"Tipske avtoprevleke - sede\u017ene prevleke za avto\",\"publisher\":{\"@id\":\"https:\\\/\\\/avtoprevleke.si\\\/#organization\"},\"potentialAction\":[{\"@type\":\"SearchAction\",\"target\":{\"@type\":\"EntryPoint\",\"urlTemplate\":\"https:\\\/\\\/avtoprevleke.si\\\/?s={search_term_string}\"},\"query-input\":{\"@type\":\"PropertyValueSpecification\",\"valueRequired\":true,\"valueName\":\"search_term_string\"}}],\"inLanguage\":\"it-IT\"},{\"@type\":\"Organization\",\"@id\":\"https:\\\/\\\/avtoprevleke.si\\\/#organization\",\"name\":\"Avtoprevleke po meri | TECH PLUS\",\"url\":\"https:\\\/\\\/avtoprevleke.si\\\/\",\"logo\":{\"@type\":\"ImageObject\",\"inLanguage\":\"it-IT\",\"@id\":\"https:\\\/\\\/avtoprevleke.si\\\/#\\\/schema\\\/logo\\\/image\\\/\",\"url\":\"https:\\\/\\\/avtoprevleke.si\\\/wp-content\\\/uploads\\\/2018\\\/09\\\/avtoprevleke-logo.png\",\"contentUrl\":\"https:\\\/\\\/avtoprevleke.si\\\/wp-content\\\/uploads\\\/2018\\\/09\\\/avtoprevleke-logo.png\",\"width\":856,\"height\":330,\"caption\":\"Avtoprevleke po meri | TECH PLUS\"},\"image\":{\"@id\":\"https:\\\/\\\/avtoprevleke.si\\\/#\\\/schema\\\/logo\\\/image\\\/\"}}]}<\/script>\n<!-- \/ Yoast SEO plugin. -->","yoast_head_json":{"title":"Avtoprevleka po meri za Audi A6 (2010-2014) Sedan 4 vrata - Avtoprevleke po meri | TECH PLUS","robots":{"index":"index","follow":"follow","max-snippet":"max-snippet:-1","max-image-preview":"max-image-preview:large","max-video-preview":"max-video-preview:-1"},"canonical":"https:\/\/avtoprevleke.si\/it\/izdelki\/avtoprevleka-po-meri-za-audi-a6-2010-2014-sedan-4-vrata-3\/","og_locale":"it_IT","og_type":"article","og_title":"Avtoprevleka po meri za Audi A6 (2010-2014) Sedan 4 vrata - Avtoprevleke po meri | TECH PLUS","og_description":"sprednja vrsta sede\u017ea sta navadna, hrbti\u0161\u010de sprednjih naslonov je iz plastike, bo\u010dna zra\u010dna blazina (airbag),sprednji naslon za roko konzolni (ni pritrjen na naslon sede\u017ea),sprednji nasloni za glavo so aktivni, zadnji naslon deljiv 2\/3 plus 1\/3, zadnji sede\u017ei v enem kosu, zadnji naslon za roko, tretji pas (za osebo v sredini) izhaja iz naslona, bo\u010dna stebra, v svrstanjem zadnjem naslonu se nahaja odprtina za smu\u010di, isofix-pritrditev za otro\u0161ki sede\u017e je povezan s prevleko, zadnji nasloni za glavo so razklopni (2 plus 1)","og_url":"https:\/\/avtoprevleke.si\/it\/izdelki\/avtoprevleka-po-meri-za-audi-a6-2010-2014-sedan-4-vrata-3\/","og_site_name":"Avtoprevleke po meri | TECH PLUS","article_modified_time":"2026-03-30T10:39:09+00:00","og_image":[{"width":520,"height":520,"url":"https:\/\/avtoprevleke.si\/wp-content\/uploads\/2018\/09\/Avtoprevleke-za-Audi-Audi-A6_6.jpg","type":"image\/jpeg"}],"twitter_card":"summary_large_image","schema":{"@context":"https:\/\/schema.org","@graph":[{"@type":"WebPage","@id":"https:\/\/avtoprevleke.si\/izdelki\/avtoprevleka-po-meri-za-audi-a6-2010-2014-sedan-4-vrata-3\/","url":"https:\/\/avtoprevleke.si\/izdelki\/avtoprevleka-po-meri-za-audi-a6-2010-2014-sedan-4-vrata-3\/","name":"Avtoprevleka po meri za Audi A6 (2010-2014) Sedan 4 vrata - Avtoprevleke po meri | TECH PLUS","isPartOf":{"@id":"https:\/\/avtoprevleke.si\/#website"},"primaryImageOfPage":{"@id":"https:\/\/avtoprevleke.si\/izdelki\/avtoprevleka-po-meri-za-audi-a6-2010-2014-sedan-4-vrata-3\/#primaryimage"},"image":{"@id":"https:\/\/avtoprevleke.si\/izdelki\/avtoprevleka-po-meri-za-audi-a6-2010-2014-sedan-4-vrata-3\/#primaryimage"},"thumbnailUrl":"https:\/\/avtoprevleke.si\/wp-content\/uploads\/2018\/09\/Avtoprevleke-za-Audi-Audi-A6_6.jpg","datePublished":"2018-09-20T21:05:14+00:00","dateModified":"2026-03-30T10:39:09+00:00","breadcrumb":{"@id":"https:\/\/avtoprevleke.si\/izdelki\/avtoprevleka-po-meri-za-audi-a6-2010-2014-sedan-4-vrata-3\/#breadcrumb"},"inLanguage":"it-IT","potentialAction":[{"@type":"ReadAction","target":["https:\/\/avtoprevleke.si\/izdelki\/avtoprevleka-po-meri-za-audi-a6-2010-2014-sedan-4-vrata-3\/"]}]},{"@type":"ImageObject","inLanguage":"it-IT","@id":"https:\/\/avtoprevleke.si\/izdelki\/avtoprevleka-po-meri-za-audi-a6-2010-2014-sedan-4-vrata-3\/#primaryimage","url":"https:\/\/avtoprevleke.si\/wp-content\/uploads\/2018\/09\/Avtoprevleke-za-Audi-Audi-A6_6.jpg","contentUrl":"https:\/\/avtoprevleke.si\/wp-content\/uploads\/2018\/09\/Avtoprevleke-za-Audi-Audi-A6_6.jpg","width":520,"height":520},{"@type":"BreadcrumbList","@id":"https:\/\/avtoprevleke.si\/izdelki\/avtoprevleka-po-meri-za-audi-a6-2010-2014-sedan-4-vrata-3\/#breadcrumb","itemListElement":[{"@type":"ListItem","position":1,"name":"Home","item":"https:\/\/avtoprevleke.si\/"},{"@type":"ListItem","position":2,"name":"Prevleke po meri","item":"https:\/\/avtoprevleke.si\/de\/individuelle-abdeckungen\/"},{"@type":"ListItem","position":3,"name":"Avtoprevleka po meri za Audi A6 (2010-2014) Sedan 4 vrata"}]},{"@type":"WebSite","@id":"https:\/\/avtoprevleke.si\/#website","url":"https:\/\/avtoprevleke.si\/","name":"Avtoprevleke po meri | TECH PLUS","description":"Tipske avtoprevleke - sede\u017ene prevleke za avto","publisher":{"@id":"https:\/\/avtoprevleke.si\/#organization"},"potentialAction":[{"@type":"SearchAction","target":{"@type":"EntryPoint","urlTemplate":"https:\/\/avtoprevleke.si\/?s={search_term_string}"},"query-input":{"@type":"PropertyValueSpecification","valueRequired":true,"valueName":"search_term_string"}}],"inLanguage":"it-IT"},{"@type":"Organization","@id":"https:\/\/avtoprevleke.si\/#organization","name":"Avtoprevleke po meri | TECH PLUS","url":"https:\/\/avtoprevleke.si\/","logo":{"@type":"ImageObject","inLanguage":"it-IT","@id":"https:\/\/avtoprevleke.si\/#\/schema\/logo\/image\/","url":"https:\/\/avtoprevleke.si\/wp-content\/uploads\/2018\/09\/avtoprevleke-logo.png","contentUrl":"https:\/\/avtoprevleke.si\/wp-content\/uploads\/2018\/09\/avtoprevleke-logo.png","width":856,"height":330,"caption":"Avtoprevleke po meri | TECH PLUS"},"image":{"@id":"https:\/\/avtoprevleke.si\/#\/schema\/logo\/image\/"}}]}},"_links":{"self":[{"href":"https:\/\/avtoprevleke.si\/it\/wp-json\/wp\/v2\/product\/1701","targetHints":{"allow":["GET"]}}],"collection":[{"href":"https:\/\/avtoprevleke.si\/it\/wp-json\/wp\/v2\/product"}],"about":[{"href":"https:\/\/avtoprevleke.si\/it\/wp-json\/wp\/v2\/types\/product"}],"replies":[{"embeddable":true,"href":"https:\/\/avtoprevleke.si\/it\/wp-json\/wp\/v2\/comments?post=1701"}],"wp:featuredmedia":[{"embeddable":true,"href":"https:\/\/avtoprevleke.si\/it\/wp-json\/wp\/v2\/media\/29850"}],"wp:attachment":[{"href":"https:\/\/avtoprevleke.si\/it\/wp-json\/wp\/v2\/media?parent=1701"}],"wp:term":[{"taxonomy":"product_brand","embeddable":true,"href":"https:\/\/avtoprevleke.si\/it\/wp-json\/wp\/v2\/product_brand?post=1701"},{"taxonomy":"product_cat","embeddable":true,"href":"https:\/\/avtoprevleke.si\/it\/wp-json\/wp\/v2\/product_cat?post=1701"},{"taxonomy":"product_tag","embeddable":true,"href":"https:\/\/avtoprevleke.si\/it\/wp-json\/wp\/v2\/product_tag?post=1701"}],"curies":[{"name":"wp","href":"https:\/\/api.w.org\/{rel}","templated":true}]}}