{"id":11227,"date":"2018-09-22T18:27:30","date_gmt":"2018-09-22T17:27:30","guid":{"rendered":"https:\/\/avtoprevleke.si\/product\/import-placeholder-for-16066\/"},"modified":"2026-03-30T11:51:47","modified_gmt":"2026-03-30T10:51:47","slug":"avtoprevleka-po-meri-za-ford-tourneo-courier-2014-5-vrat","status":"publish","type":"product","link":"https:\/\/avtoprevleke.si\/it\/izdelki\/avtoprevleka-po-meri-za-ford-tourneo-courier-2014-5-vrat\/","title":{"rendered":"Avtoprevleka po meri za Ford Tourneo Courier (2014+) 5 vrat"},"content":{"rendered":"<p>sprednja vrsta sede\u017ea sta navadna,sprednji naslon je pritrjen na naslon voznika, na hrbti\u0161\u010du sprednjega naslona je lahko mizica za voznika,sprednji nasloni za glavo so normalni, zadnji  naslon in sede\u017ei deljivi 1\/3 plus 2\/3, zadnji nasloni za glavo so razklopni, isofix-pritrditev za otro\u0161ki sede\u017e je povezan s prevleko,tretji pas izhaja iz strehe, \u0160ifra: 16066<\/p>","protected":false},"excerpt":{"rendered":"<p>sprednja vrsta sede\u017ea sta navadna,sprednji naslon je pritrjen na naslon voznika, na hrbti\u0161\u010du sprednjega naslona je lahko mizica za voznika,sprednji nasloni za glavo so normalni, zadnji  naslon in sede\u017ei deljivi 1\/3 plus 2\/3, zadnji nasloni za glavo so razklopni, isofix-pritrditev za otro\u0161ki sede\u017e je povezan s prevleko,tretji pas izhaja iz strehe<\/p>","protected":false},"featured_media":30297,"comment_status":"open","ping_status":"closed","template":"","meta":[],"product_brand":[],"product_cat":[411],"product_tag":[375],"class_list":{"0":"post-11227","1":"product","2":"type-product","3":"status-publish","4":"has-post-thumbnail","6":"product_cat-2014-tourneo","7":"product_tag-ford","9":"first","10":"instock","11":"sale","12":"shipping-taxable","13":"purchasable","14":"product-type-variable"},"yoast_head":"<!-- This site is optimized with the Yoast SEO plugin v27.5 - https:\/\/yoast.com\/product\/yoast-seo-wordpress\/ -->\n<title>Avtoprevleka po meri za Ford Tourneo Courier (2014+) 5 vrat - Avtoprevleke po meri | TECH PLUS<\/title>\n<meta name=\"robots\" content=\"index, follow, max-snippet:-1, max-image-preview:large, max-video-preview:-1\" \/>\n<link rel=\"canonical\" href=\"https:\/\/avtoprevleke.si\/it\/izdelki\/avtoprevleka-po-meri-za-ford-tourneo-courier-2014-5-vrat\/\" \/>\n<meta property=\"og:locale\" content=\"it_IT\" \/>\n<meta property=\"og:type\" content=\"article\" \/>\n<meta property=\"og:title\" content=\"Avtoprevleka po meri za Ford Tourneo Courier (2014+) 5 vrat - Avtoprevleke po meri | TECH PLUS\" \/>\n<meta property=\"og:description\" content=\"sprednja vrsta sede\u017ea sta navadna,sprednji naslon je pritrjen na naslon voznika, na hrbti\u0161\u010du sprednjega naslona je lahko mizica za voznika,sprednji nasloni za glavo so normalni, zadnji naslon in sede\u017ei deljivi 1\/3 plus 2\/3, zadnji nasloni za glavo so razklopni, isofix-pritrditev za otro\u0161ki sede\u017e je povezan s prevleko,tretji pas izhaja iz strehe\" \/>\n<meta property=\"og:url\" content=\"https:\/\/avtoprevleke.si\/it\/izdelki\/avtoprevleka-po-meri-za-ford-tourneo-courier-2014-5-vrat\/\" \/>\n<meta property=\"og:site_name\" content=\"Avtoprevleke po meri | TECH PLUS\" \/>\n<meta property=\"article:modified_time\" content=\"2026-03-30T10:51:47+00:00\" \/>\n<meta property=\"og:image\" content=\"https:\/\/avtoprevleke.si\/wp-content\/uploads\/2018\/09\/avtoprevleke-za-ford-tourneo.jpg\" \/>\n\t<meta property=\"og:image:width\" content=\"520\" \/>\n\t<meta property=\"og:image:height\" content=\"520\" \/>\n\t<meta property=\"og:image:type\" content=\"image\/jpeg\" \/>\n<meta name=\"twitter:card\" content=\"summary_large_image\" \/>\n<script type=\"application\/ld+json\" class=\"yoast-schema-graph\">{\"@context\":\"https:\\\/\\\/schema.org\",\"@graph\":[{\"@type\":\"WebPage\",\"@id\":\"https:\\\/\\\/avtoprevleke.si\\\/de\\\/produkte\\\/avtoprevleka-po-meri-za-ford-tourneo-courier-2014-5-vrat\\\/\",\"url\":\"https:\\\/\\\/avtoprevleke.si\\\/de\\\/produkte\\\/avtoprevleka-po-meri-za-ford-tourneo-courier-2014-5-vrat\\\/\",\"name\":\"Avtoprevleka po meri za Ford Tourneo Courier (2014+) 5 vrat - Avtoprevleke po meri | TECH PLUS\",\"isPartOf\":{\"@id\":\"https:\\\/\\\/avtoprevleke.si\\\/#website\"},\"primaryImageOfPage\":{\"@id\":\"https:\\\/\\\/avtoprevleke.si\\\/de\\\/produkte\\\/avtoprevleka-po-meri-za-ford-tourneo-courier-2014-5-vrat\\\/#primaryimage\"},\"image\":{\"@id\":\"https:\\\/\\\/avtoprevleke.si\\\/de\\\/produkte\\\/avtoprevleka-po-meri-za-ford-tourneo-courier-2014-5-vrat\\\/#primaryimage\"},\"thumbnailUrl\":\"https:\\\/\\\/avtoprevleke.si\\\/wp-content\\\/uploads\\\/2018\\\/09\\\/avtoprevleke-za-ford-tourneo.jpg\",\"datePublished\":\"2018-09-22T17:27:30+00:00\",\"dateModified\":\"2026-03-30T10:51:47+00:00\",\"breadcrumb\":{\"@id\":\"https:\\\/\\\/avtoprevleke.si\\\/de\\\/produkte\\\/avtoprevleka-po-meri-za-ford-tourneo-courier-2014-5-vrat\\\/#breadcrumb\"},\"inLanguage\":\"it-IT\",\"potentialAction\":[{\"@type\":\"ReadAction\",\"target\":[\"https:\\\/\\\/avtoprevleke.si\\\/de\\\/produkte\\\/avtoprevleka-po-meri-za-ford-tourneo-courier-2014-5-vrat\\\/\"]}]},{\"@type\":\"ImageObject\",\"inLanguage\":\"it-IT\",\"@id\":\"https:\\\/\\\/avtoprevleke.si\\\/de\\\/produkte\\\/avtoprevleka-po-meri-za-ford-tourneo-courier-2014-5-vrat\\\/#primaryimage\",\"url\":\"https:\\\/\\\/avtoprevleke.si\\\/wp-content\\\/uploads\\\/2018\\\/09\\\/avtoprevleke-za-ford-tourneo.jpg\",\"contentUrl\":\"https:\\\/\\\/avtoprevleke.si\\\/wp-content\\\/uploads\\\/2018\\\/09\\\/avtoprevleke-za-ford-tourneo.jpg\",\"width\":520,\"height\":520,\"caption\":\"Avtoprevleka za Ford Tourneo\"},{\"@type\":\"BreadcrumbList\",\"@id\":\"https:\\\/\\\/avtoprevleke.si\\\/de\\\/produkte\\\/avtoprevleka-po-meri-za-ford-tourneo-courier-2014-5-vrat\\\/#breadcrumb\",\"itemListElement\":[{\"@type\":\"ListItem\",\"position\":1,\"name\":\"Home\",\"item\":\"https:\\\/\\\/avtoprevleke.si\\\/\"},{\"@type\":\"ListItem\",\"position\":2,\"name\":\"Prevleke po meri\",\"item\":\"https:\\\/\\\/avtoprevleke.si\\\/de\\\/individuelle-abdeckungen\\\/\"},{\"@type\":\"ListItem\",\"position\":3,\"name\":\"Avtoprevleka po meri za Ford Tourneo Courier (2014+) 5 vrat\"}]},{\"@type\":\"WebSite\",\"@id\":\"https:\\\/\\\/avtoprevleke.si\\\/#website\",\"url\":\"https:\\\/\\\/avtoprevleke.si\\\/\",\"name\":\"Avtoprevleke po meri | TECH PLUS\",\"description\":\"Tipske avtoprevleke - sede\u017ene prevleke za avto\",\"publisher\":{\"@id\":\"https:\\\/\\\/avtoprevleke.si\\\/#organization\"},\"potentialAction\":[{\"@type\":\"SearchAction\",\"target\":{\"@type\":\"EntryPoint\",\"urlTemplate\":\"https:\\\/\\\/avtoprevleke.si\\\/?s={search_term_string}\"},\"query-input\":{\"@type\":\"PropertyValueSpecification\",\"valueRequired\":true,\"valueName\":\"search_term_string\"}}],\"inLanguage\":\"it-IT\"},{\"@type\":\"Organization\",\"@id\":\"https:\\\/\\\/avtoprevleke.si\\\/#organization\",\"name\":\"Avtoprevleke po meri | TECH PLUS\",\"url\":\"https:\\\/\\\/avtoprevleke.si\\\/\",\"logo\":{\"@type\":\"ImageObject\",\"inLanguage\":\"it-IT\",\"@id\":\"https:\\\/\\\/avtoprevleke.si\\\/#\\\/schema\\\/logo\\\/image\\\/\",\"url\":\"https:\\\/\\\/avtoprevleke.si\\\/wp-content\\\/uploads\\\/2018\\\/09\\\/avtoprevleke-logo.png\",\"contentUrl\":\"https:\\\/\\\/avtoprevleke.si\\\/wp-content\\\/uploads\\\/2018\\\/09\\\/avtoprevleke-logo.png\",\"width\":856,\"height\":330,\"caption\":\"Avtoprevleke po meri | TECH PLUS\"},\"image\":{\"@id\":\"https:\\\/\\\/avtoprevleke.si\\\/#\\\/schema\\\/logo\\\/image\\\/\"}}]}<\/script>\n<!-- \/ Yoast SEO plugin. -->","yoast_head_json":{"title":"Avtoprevleka po meri za Ford Tourneo Courier (2014+) 5 vrat - Avtoprevleke po meri | TECH PLUS","robots":{"index":"index","follow":"follow","max-snippet":"max-snippet:-1","max-image-preview":"max-image-preview:large","max-video-preview":"max-video-preview:-1"},"canonical":"https:\/\/avtoprevleke.si\/it\/izdelki\/avtoprevleka-po-meri-za-ford-tourneo-courier-2014-5-vrat\/","og_locale":"it_IT","og_type":"article","og_title":"Avtoprevleka po meri za Ford Tourneo Courier (2014+) 5 vrat - Avtoprevleke po meri | TECH PLUS","og_description":"sprednja vrsta sede\u017ea sta navadna,sprednji naslon je pritrjen na naslon voznika, na hrbti\u0161\u010du sprednjega naslona je lahko mizica za voznika,sprednji nasloni za glavo so normalni, zadnji naslon in sede\u017ei deljivi 1\/3 plus 2\/3, zadnji nasloni za glavo so razklopni, isofix-pritrditev za otro\u0161ki sede\u017e je povezan s prevleko,tretji pas izhaja iz strehe","og_url":"https:\/\/avtoprevleke.si\/it\/izdelki\/avtoprevleka-po-meri-za-ford-tourneo-courier-2014-5-vrat\/","og_site_name":"Avtoprevleke po meri | TECH PLUS","article_modified_time":"2026-03-30T10:51:47+00:00","og_image":[{"width":520,"height":520,"url":"https:\/\/avtoprevleke.si\/wp-content\/uploads\/2018\/09\/avtoprevleke-za-ford-tourneo.jpg","type":"image\/jpeg"}],"twitter_card":"summary_large_image","schema":{"@context":"https:\/\/schema.org","@graph":[{"@type":"WebPage","@id":"https:\/\/avtoprevleke.si\/de\/produkte\/avtoprevleka-po-meri-za-ford-tourneo-courier-2014-5-vrat\/","url":"https:\/\/avtoprevleke.si\/de\/produkte\/avtoprevleka-po-meri-za-ford-tourneo-courier-2014-5-vrat\/","name":"Avtoprevleka po meri za Ford Tourneo Courier (2014+) 5 vrat - Avtoprevleke po meri | TECH PLUS","isPartOf":{"@id":"https:\/\/avtoprevleke.si\/#website"},"primaryImageOfPage":{"@id":"https:\/\/avtoprevleke.si\/de\/produkte\/avtoprevleka-po-meri-za-ford-tourneo-courier-2014-5-vrat\/#primaryimage"},"image":{"@id":"https:\/\/avtoprevleke.si\/de\/produkte\/avtoprevleka-po-meri-za-ford-tourneo-courier-2014-5-vrat\/#primaryimage"},"thumbnailUrl":"https:\/\/avtoprevleke.si\/wp-content\/uploads\/2018\/09\/avtoprevleke-za-ford-tourneo.jpg","datePublished":"2018-09-22T17:27:30+00:00","dateModified":"2026-03-30T10:51:47+00:00","breadcrumb":{"@id":"https:\/\/avtoprevleke.si\/de\/produkte\/avtoprevleka-po-meri-za-ford-tourneo-courier-2014-5-vrat\/#breadcrumb"},"inLanguage":"it-IT","potentialAction":[{"@type":"ReadAction","target":["https:\/\/avtoprevleke.si\/de\/produkte\/avtoprevleka-po-meri-za-ford-tourneo-courier-2014-5-vrat\/"]}]},{"@type":"ImageObject","inLanguage":"it-IT","@id":"https:\/\/avtoprevleke.si\/de\/produkte\/avtoprevleka-po-meri-za-ford-tourneo-courier-2014-5-vrat\/#primaryimage","url":"https:\/\/avtoprevleke.si\/wp-content\/uploads\/2018\/09\/avtoprevleke-za-ford-tourneo.jpg","contentUrl":"https:\/\/avtoprevleke.si\/wp-content\/uploads\/2018\/09\/avtoprevleke-za-ford-tourneo.jpg","width":520,"height":520,"caption":"Avtoprevleka za Ford Tourneo"},{"@type":"BreadcrumbList","@id":"https:\/\/avtoprevleke.si\/de\/produkte\/avtoprevleka-po-meri-za-ford-tourneo-courier-2014-5-vrat\/#breadcrumb","itemListElement":[{"@type":"ListItem","position":1,"name":"Home","item":"https:\/\/avtoprevleke.si\/"},{"@type":"ListItem","position":2,"name":"Prevleke po meri","item":"https:\/\/avtoprevleke.si\/de\/individuelle-abdeckungen\/"},{"@type":"ListItem","position":3,"name":"Avtoprevleka po meri za Ford Tourneo Courier (2014+) 5 vrat"}]},{"@type":"WebSite","@id":"https:\/\/avtoprevleke.si\/#website","url":"https:\/\/avtoprevleke.si\/","name":"Avtoprevleke po meri | TECH PLUS","description":"Tipske avtoprevleke - sede\u017ene prevleke za avto","publisher":{"@id":"https:\/\/avtoprevleke.si\/#organization"},"potentialAction":[{"@type":"SearchAction","target":{"@type":"EntryPoint","urlTemplate":"https:\/\/avtoprevleke.si\/?s={search_term_string}"},"query-input":{"@type":"PropertyValueSpecification","valueRequired":true,"valueName":"search_term_string"}}],"inLanguage":"it-IT"},{"@type":"Organization","@id":"https:\/\/avtoprevleke.si\/#organization","name":"Avtoprevleke po meri | TECH PLUS","url":"https:\/\/avtoprevleke.si\/","logo":{"@type":"ImageObject","inLanguage":"it-IT","@id":"https:\/\/avtoprevleke.si\/#\/schema\/logo\/image\/","url":"https:\/\/avtoprevleke.si\/wp-content\/uploads\/2018\/09\/avtoprevleke-logo.png","contentUrl":"https:\/\/avtoprevleke.si\/wp-content\/uploads\/2018\/09\/avtoprevleke-logo.png","width":856,"height":330,"caption":"Avtoprevleke po meri | TECH PLUS"},"image":{"@id":"https:\/\/avtoprevleke.si\/#\/schema\/logo\/image\/"}}]}},"_links":{"self":[{"href":"https:\/\/avtoprevleke.si\/it\/wp-json\/wp\/v2\/product\/11227","targetHints":{"allow":["GET"]}}],"collection":[{"href":"https:\/\/avtoprevleke.si\/it\/wp-json\/wp\/v2\/product"}],"about":[{"href":"https:\/\/avtoprevleke.si\/it\/wp-json\/wp\/v2\/types\/product"}],"replies":[{"embeddable":true,"href":"https:\/\/avtoprevleke.si\/it\/wp-json\/wp\/v2\/comments?post=11227"}],"wp:featuredmedia":[{"embeddable":true,"href":"https:\/\/avtoprevleke.si\/it\/wp-json\/wp\/v2\/media\/30297"}],"wp:attachment":[{"href":"https:\/\/avtoprevleke.si\/it\/wp-json\/wp\/v2\/media?parent=11227"}],"wp:term":[{"taxonomy":"product_brand","embeddable":true,"href":"https:\/\/avtoprevleke.si\/it\/wp-json\/wp\/v2\/product_brand?post=11227"},{"taxonomy":"product_cat","embeddable":true,"href":"https:\/\/avtoprevleke.si\/it\/wp-json\/wp\/v2\/product_cat?post=11227"},{"taxonomy":"product_tag","embeddable":true,"href":"https:\/\/avtoprevleke.si\/it\/wp-json\/wp\/v2\/product_tag?post=11227"}],"curies":[{"name":"wp","href":"https:\/\/api.w.org\/{rel}","templated":true}]}}