{"id":89,"date":"2013-08-11T19:06:15","date_gmt":"2013-08-11T19:06:15","guid":{"rendered":"http:\/\/localhost:8888\/test\/?page_id=520"},"modified":"2018-10-08T21:20:49","modified_gmt":"2018-10-08T20:20:49","slug":"o-nas","status":"publish","type":"page","link":"https:\/\/avtoprevleke.si\/it\/o-nas\/","title":{"rendered":"Chi siamo"},"content":{"rendered":"<div class=\"banner has-hover has-parallax\" id=\"banner-750371651\">\n          <div class=\"banner-inner fill\">\n        <div class=\"banner-bg fill\" data-parallax=\"-3\" data-parallax-container=\".banner\" data-parallax-background>\n            <img loading=\"lazy\" decoding=\"async\" width=\"1000\" height=\"400\" src=\"https:\/\/avtoprevleke.si\/wp-content\/uploads\/2018\/09\/avto-prevleke_o-nas.jpg\" class=\"bg attachment-large size-large\" alt=\"\" \/>                        <div class=\"overlay\"><\/div>            \n                    <\/div>\n\t\t\n        <div class=\"banner-layers container\">\n            <div class=\"fill banner-link\"><\/div>            \n   <div id=\"text-box-1531701806\" class=\"text-box banner-layer x50 md-x50 lg-x50 y80 md-y80 lg-y80 res-text\">\n                                <div class=\"text-box-content text dark\">\n              \n              <div class=\"text-inner text-center\">\n                  \n<h1 class=\"lead\">Chi siamo<\/h1>\n<p class=\"lead\">Podjetje Tech plus d.o.o. je bilo ustanovljeno leta 2017 z namenom, potro\u0161niku ponuditi nekaj ve\u010d na podro\u010dju dodatne avto opreme.<\/p>\n              <\/div>\n           <\/div>\n                            \n<style>\n#text-box-1531701806 {\n  width: 60%;\n}\n#text-box-1531701806 .text-box-content {\n  font-size: 100%;\n}\n<\/style>\n    <\/div>\n \n        <\/div>\n      <\/div>\n\n            \n<style>\n#banner-750371651 {\n  padding-top: 400px;\n}\n#banner-750371651 .overlay {\n  background-color: rgba(0, 0, 0, 0.49);\n}\n<\/style>\n  <\/div>\n\n\n<div class=\"row\"  id=\"row-990951928\">\n\n\t<div id=\"col-328190059\" class=\"col small-12 large-12\"  >\n\t\t\t\t<div class=\"col-inner\"  >\n\t\t\t\n\t\t\t\n<p class=\"lead text-center\"><strong>Ker je vizija podjetja naravnana zelo pozitivno in ambiciozno, smo se odlo\u010dili, da raz\u0161irimo dejavnost na podro\u010dju <a href=\"https:\/\/avtoprevleke.si\/it\/categorie-di-prodotto\/coprisedili-per-auto-personalizzati\/\">avto prevlek po meri vozila<\/a>.<\/strong><\/p>\n<p><a href=\"https:\/\/avtoprevleke.si\/it\/categorie-di-prodotto\/coprisedili-per-auto-personalizzati\/\"><img loading=\"lazy\" decoding=\"async\" class=\"alignright wp-image-568 size-full\" src=\"https:\/\/avtoprevleke.si\/wp-content\/uploads\/2018\/09\/sedezna-avto-prevleka.jpg\" alt=\"\" width=\"300\" height=\"309\" \/><\/a><\/p>\n<p>Svojo strate\u0161ko usmeritev smo opredelili s pomo\u010djo dolgoro\u010dne vizije:<br \/><strong>Da je vo\u017enja varnej\u0161a, mora biti udobna in udobna.<\/strong><\/p>\n<p>Tech plus \u017eeli postati sinonim za udobje, prijetno in varno vo\u017enjo za voznike na Slovenskem in v \u0161ir\u0161i okolici.<br \/>Podjetje je strate\u0161ko in organizacijsko osredoto\u010deno na avtomobilski trg tako v svojih izdelkih, kot v komplementarnem obsegu.<\/p>\n<p>Izdelki, katere tr\u017eimo, so narejeni z najve\u010djo skrbnostjo. Tr\u017eimo najbolj tehnolo\u0161ke napredne materiale, pri pa tem razvijamo partnerstva z vsemi na\u0161imi dobavitelji in kupci. Vse smo storili in bomo storili, da bi dosegli in presegli pri\u010dakovanja kon\u010dnih uporabnikov.<\/p>\n<p>Prizadevamo si za izpolnitev na\u0161e dolgoro\u010dne vizije, imamo jasen dolgoro\u010dni poslovni cilj \u2013 POSTATI in OSTATI priznan trgovec kakovostnih tekstilnih izdelkov za notranjo opremo motornih vozil. Redno spremljamo, dopolnjujemo in posodabljamo na\u0161o ponudbo na podro\u010dju tekstilnih avto prevlek.<\/p>\n<p>Prvi del tega cilja \u00bbPOSTATI\u00ab je \u017ee realiziran, ker smo vodilni na podro\u010dju avto prevlek, drugi del \u00bbOSTATI\u00ab predstavlja stalen izziv, ki je pred nami, zato je na\u0161 slogan \u2013 Z NAMI TRAJA AVTO DLJE IN IZGLEDA BOLJE.<\/p>\n<p>Ekipa Tech plus d.o.o.<\/p>\n<div class=\"text-center\"><div class=\"is-divider divider clearfix\" ><\/div><\/div>\n\t\t<\/div>\n\t\t\t\t\t<\/div>\n\n\t\n<p><!--\n<\/p>\n\n<\/p>\n\n<\/p>\n\n<\/p>\n\n\n&#091;col span=\"3\" span__sm=\"12\"&#093;\n\n&#091;team_member img=\"11\" name=\"Troy Gray\" title=\"CEO \/ Founder\" facebook=\"#\" twitter=\"#\" email=\"#\" pinterest=\"#\" linkedin=\"#\" image_height=\"100%\" image_width=\"80\" image_radius=\"100\"&#093;\n\n\n\n<p> Lorem ipsum dolor sit amet, consectetuer adipiscing elit, sed diam nonummy. <\/p>\n\n\n\n&#091;\/team_member&#093;\n\n&#091;\/col&#093;\n&#091;col span=\"3\" span__sm=\"12\"&#093;\n\n&#091;team_member img=\"11\" name=\"Richy Lace\" title=\"Marketing Director\" facebook=\"#\" twitter=\"#\" email=\"#\" pinterest=\"#\" linkedin=\"#\" image_height=\"100%\" image_width=\"80\" image_radius=\"100\"&#093;\n\n\n\n<p> Lorem ipsum dolor sit amet, consectetuer adipiscing elit, sed diam nonummy. <\/p>\n\n\n\n&#091;\/team_member&#093;\n\n&#091;\/col&#093;\n&#091;col span=\"3\" span__sm=\"12\"&#093;\n\n&#091;team_member img=\"11\" name=\"Jane Gray\" title=\"Public Relations\" facebook=\"#\" twitter=\"#\" email=\"#\" pinterest=\"#\" linkedin=\"#\" image_height=\"100%\" image_width=\"80\" image_radius=\"100\"&#093;\n\n\n\n<p> Lorem ipsum dolor sit amet, consectetuer adipiscing elit, sed diam nonummy. <\/p>\n\n\n\n&#091;\/team_member&#093;\n\n&#091;\/col&#093;\n&#091;col span=\"3\" span__sm=\"12\"&#093;\n\n&#091;team_member img=\"11\" name=\"July Wood\" title=\"Customer Support\" facebook=\"#\" twitter=\"#\" email=\"#\" pinterest=\"#\" linkedin=\"#\" image_height=\"100%\" image_width=\"80\" image_radius=\"100\"&#093;\n\n\n\n<p> Lorem ipsum dolor sit amet, consectetuer adipiscing elit, sed diam nonummy. <\/p>\n\n\n\n&#091;\/team_member&#093;\n\n&#091;\/col&#093;\n\n\n<p>--><\/p>\n<\/div>","protected":false},"excerpt":{"rendered":"","protected":false},"author":1,"featured_media":11,"parent":0,"menu_order":0,"comment_status":"closed","ping_status":"closed","template":"page-transparent-header-light.php","meta":{"footnotes":""},"class_list":["post-89","page","type-page","status-publish","has-post-thumbnail","hentry"],"yoast_head":"<!-- This site is optimized with the Yoast SEO plugin v27.6 - https:\/\/yoast.com\/product\/yoast-seo-wordpress\/ -->\n<title>O nas - Avtoprevleke po meri | TECH PLUS<\/title>\n<meta name=\"robots\" content=\"index, follow, max-snippet:-1, max-image-preview:large, max-video-preview:-1\" \/>\n<link rel=\"canonical\" href=\"https:\/\/avtoprevleke.si\/it\/o-nas\/\" \/>\n<meta property=\"og:locale\" content=\"it_IT\" \/>\n<meta property=\"og:type\" content=\"article\" \/>\n<meta property=\"og:title\" content=\"O nas - Avtoprevleke po meri | TECH PLUS\" \/>\n<meta property=\"og:url\" content=\"https:\/\/avtoprevleke.si\/it\/o-nas\/\" \/>\n<meta property=\"og:site_name\" content=\"Avtoprevleke po meri | TECH PLUS\" \/>\n<meta property=\"article:modified_time\" content=\"2018-10-08T20:20:49+00:00\" \/>\n<meta property=\"og:image\" content=\"https:\/\/avtoprevleke.si\/wp-content\/uploads\/2016\/08\/dummy-1.jpg\" \/>\n\t<meta property=\"og:image:width\" content=\"400\" \/>\n\t<meta property=\"og:image:height\" content=\"260\" \/>\n\t<meta property=\"og:image:type\" content=\"image\/jpeg\" \/>\n<meta name=\"twitter:card\" content=\"summary_large_image\" \/>\n<meta name=\"twitter:label1\" content=\"Tempo di lettura stimato\" \/>\n\t<meta name=\"twitter:data1\" content=\"1 minuto\" \/>\n<script type=\"application\/ld+json\" class=\"yoast-schema-graph\">{\"@context\":\"https:\\\/\\\/schema.org\",\"@graph\":[{\"@type\":\"WebPage\",\"@id\":\"https:\\\/\\\/avtoprevleke.si\\\/o-nas\\\/\",\"url\":\"https:\\\/\\\/avtoprevleke.si\\\/o-nas\\\/\",\"name\":\"O nas - Avtoprevleke po meri | TECH PLUS\",\"isPartOf\":{\"@id\":\"https:\\\/\\\/avtoprevleke.si\\\/#website\"},\"primaryImageOfPage\":{\"@id\":\"https:\\\/\\\/avtoprevleke.si\\\/o-nas\\\/#primaryimage\"},\"image\":{\"@id\":\"https:\\\/\\\/avtoprevleke.si\\\/o-nas\\\/#primaryimage\"},\"thumbnailUrl\":\"https:\\\/\\\/avtoprevleke.si\\\/wp-content\\\/uploads\\\/2016\\\/08\\\/dummy-1.jpg\",\"datePublished\":\"2013-08-11T19:06:15+00:00\",\"dateModified\":\"2018-10-08T20:20:49+00:00\",\"breadcrumb\":{\"@id\":\"https:\\\/\\\/avtoprevleke.si\\\/o-nas\\\/#breadcrumb\"},\"inLanguage\":\"it-IT\",\"potentialAction\":[{\"@type\":\"ReadAction\",\"target\":[\"https:\\\/\\\/avtoprevleke.si\\\/o-nas\\\/\"]}]},{\"@type\":\"ImageObject\",\"inLanguage\":\"it-IT\",\"@id\":\"https:\\\/\\\/avtoprevleke.si\\\/o-nas\\\/#primaryimage\",\"url\":\"https:\\\/\\\/avtoprevleke.si\\\/wp-content\\\/uploads\\\/2016\\\/08\\\/dummy-1.jpg\",\"contentUrl\":\"https:\\\/\\\/avtoprevleke.si\\\/wp-content\\\/uploads\\\/2016\\\/08\\\/dummy-1.jpg\",\"width\":400,\"height\":260},{\"@type\":\"BreadcrumbList\",\"@id\":\"https:\\\/\\\/avtoprevleke.si\\\/o-nas\\\/#breadcrumb\",\"itemListElement\":[{\"@type\":\"ListItem\",\"position\":1,\"name\":\"Home\",\"item\":\"https:\\\/\\\/avtoprevleke.si\\\/\"},{\"@type\":\"ListItem\",\"position\":2,\"name\":\"O nas\"}]},{\"@type\":\"WebSite\",\"@id\":\"https:\\\/\\\/avtoprevleke.si\\\/#website\",\"url\":\"https:\\\/\\\/avtoprevleke.si\\\/\",\"name\":\"Avtoprevleke po meri | TECH PLUS\",\"description\":\"Tipske avtoprevleke - sede\u017ene prevleke za avto\",\"publisher\":{\"@id\":\"https:\\\/\\\/avtoprevleke.si\\\/#organization\"},\"potentialAction\":[{\"@type\":\"SearchAction\",\"target\":{\"@type\":\"EntryPoint\",\"urlTemplate\":\"https:\\\/\\\/avtoprevleke.si\\\/?s={search_term_string}\"},\"query-input\":{\"@type\":\"PropertyValueSpecification\",\"valueRequired\":true,\"valueName\":\"search_term_string\"}}],\"inLanguage\":\"it-IT\"},{\"@type\":\"Organization\",\"@id\":\"https:\\\/\\\/avtoprevleke.si\\\/#organization\",\"name\":\"Avtoprevleke po meri | TECH PLUS\",\"url\":\"https:\\\/\\\/avtoprevleke.si\\\/\",\"logo\":{\"@type\":\"ImageObject\",\"inLanguage\":\"it-IT\",\"@id\":\"https:\\\/\\\/avtoprevleke.si\\\/#\\\/schema\\\/logo\\\/image\\\/\",\"url\":\"https:\\\/\\\/avtoprevleke.si\\\/wp-content\\\/uploads\\\/2018\\\/09\\\/avtoprevleke-logo.png\",\"contentUrl\":\"https:\\\/\\\/avtoprevleke.si\\\/wp-content\\\/uploads\\\/2018\\\/09\\\/avtoprevleke-logo.png\",\"width\":856,\"height\":330,\"caption\":\"Avtoprevleke po meri | TECH PLUS\"},\"image\":{\"@id\":\"https:\\\/\\\/avtoprevleke.si\\\/#\\\/schema\\\/logo\\\/image\\\/\"}}]}<\/script>\n<!-- \/ Yoast SEO plugin. -->","yoast_head_json":{"title":"O nas - Avtoprevleke po meri | TECH PLUS","robots":{"index":"index","follow":"follow","max-snippet":"max-snippet:-1","max-image-preview":"max-image-preview:large","max-video-preview":"max-video-preview:-1"},"canonical":"https:\/\/avtoprevleke.si\/it\/o-nas\/","og_locale":"it_IT","og_type":"article","og_title":"O nas - Avtoprevleke po meri | TECH PLUS","og_url":"https:\/\/avtoprevleke.si\/it\/o-nas\/","og_site_name":"Avtoprevleke po meri | TECH PLUS","article_modified_time":"2018-10-08T20:20:49+00:00","og_image":[{"width":400,"height":260,"url":"https:\/\/avtoprevleke.si\/wp-content\/uploads\/2016\/08\/dummy-1.jpg","type":"image\/jpeg"}],"twitter_card":"summary_large_image","twitter_misc":{"Tempo di lettura stimato":"1 minuto"},"schema":{"@context":"https:\/\/schema.org","@graph":[{"@type":"WebPage","@id":"https:\/\/avtoprevleke.si\/o-nas\/","url":"https:\/\/avtoprevleke.si\/o-nas\/","name":"O nas - Avtoprevleke po meri | TECH PLUS","isPartOf":{"@id":"https:\/\/avtoprevleke.si\/#website"},"primaryImageOfPage":{"@id":"https:\/\/avtoprevleke.si\/o-nas\/#primaryimage"},"image":{"@id":"https:\/\/avtoprevleke.si\/o-nas\/#primaryimage"},"thumbnailUrl":"https:\/\/avtoprevleke.si\/wp-content\/uploads\/2016\/08\/dummy-1.jpg","datePublished":"2013-08-11T19:06:15+00:00","dateModified":"2018-10-08T20:20:49+00:00","breadcrumb":{"@id":"https:\/\/avtoprevleke.si\/o-nas\/#breadcrumb"},"inLanguage":"it-IT","potentialAction":[{"@type":"ReadAction","target":["https:\/\/avtoprevleke.si\/o-nas\/"]}]},{"@type":"ImageObject","inLanguage":"it-IT","@id":"https:\/\/avtoprevleke.si\/o-nas\/#primaryimage","url":"https:\/\/avtoprevleke.si\/wp-content\/uploads\/2016\/08\/dummy-1.jpg","contentUrl":"https:\/\/avtoprevleke.si\/wp-content\/uploads\/2016\/08\/dummy-1.jpg","width":400,"height":260},{"@type":"BreadcrumbList","@id":"https:\/\/avtoprevleke.si\/o-nas\/#breadcrumb","itemListElement":[{"@type":"ListItem","position":1,"name":"Home","item":"https:\/\/avtoprevleke.si\/"},{"@type":"ListItem","position":2,"name":"O nas"}]},{"@type":"WebSite","@id":"https:\/\/avtoprevleke.si\/#website","url":"https:\/\/avtoprevleke.si\/","name":"Coprisedili personalizzati per auto | TECH PLUS","description":"Teli copriauto standard - coprisedili per auto","publisher":{"@id":"https:\/\/avtoprevleke.si\/#organization"},"potentialAction":[{"@type":"SearchAction","target":{"@type":"EntryPoint","urlTemplate":"https:\/\/avtoprevleke.si\/?s={search_term_string}"},"query-input":{"@type":"PropertyValueSpecification","valueRequired":true,"valueName":"search_term_string"}}],"inLanguage":"it-IT"},{"@type":"Organization","@id":"https:\/\/avtoprevleke.si\/#organization","name":"Coprisedili personalizzati per auto | TECH PLUS","url":"https:\/\/avtoprevleke.si\/","logo":{"@type":"ImageObject","inLanguage":"it-IT","@id":"https:\/\/avtoprevleke.si\/#\/schema\/logo\/image\/","url":"https:\/\/avtoprevleke.si\/wp-content\/uploads\/2018\/09\/avtoprevleke-logo.png","contentUrl":"https:\/\/avtoprevleke.si\/wp-content\/uploads\/2018\/09\/avtoprevleke-logo.png","width":856,"height":330,"caption":"Avtoprevleke po meri | TECH PLUS"},"image":{"@id":"https:\/\/avtoprevleke.si\/#\/schema\/logo\/image\/"}}]}},"_links":{"self":[{"href":"https:\/\/avtoprevleke.si\/it\/wp-json\/wp\/v2\/pages\/89","targetHints":{"allow":["GET"]}}],"collection":[{"href":"https:\/\/avtoprevleke.si\/it\/wp-json\/wp\/v2\/pages"}],"about":[{"href":"https:\/\/avtoprevleke.si\/it\/wp-json\/wp\/v2\/types\/page"}],"author":[{"embeddable":true,"href":"https:\/\/avtoprevleke.si\/it\/wp-json\/wp\/v2\/users\/1"}],"replies":[{"embeddable":true,"href":"https:\/\/avtoprevleke.si\/it\/wp-json\/wp\/v2\/comments?post=89"}],"version-history":[{"count":0,"href":"https:\/\/avtoprevleke.si\/it\/wp-json\/wp\/v2\/pages\/89\/revisions"}],"wp:featuredmedia":[{"embeddable":true,"href":"https:\/\/avtoprevleke.si\/it\/wp-json\/wp\/v2\/media\/11"}],"wp:attachment":[{"href":"https:\/\/avtoprevleke.si\/it\/wp-json\/wp\/v2\/media?parent=89"}],"curies":[{"name":"wp","href":"https:\/\/api.w.org\/{rel}","templated":true}]}}