{"id":591,"date":"2018-09-19T18:45:37","date_gmt":"2018-09-19T17:45:37","guid":{"rendered":"https:\/\/avtoprevleke.si\/?page_id=591"},"modified":"2018-10-07T15:31:56","modified_gmt":"2018-10-07T14:31:56","slug":"politika-zasebnosti","status":"publish","type":"page","link":"https:\/\/avtoprevleke.si\/it\/politika-zasebnosti\/","title":{"rendered":"Politika zasebnosti"},"content":{"rendered":"<h1>Politika zasebnosti<\/h1>\n<p><strong>1. KDO SMO\u00a0<\/strong><br \/>\nUradno ime podjetja:\u00a0<span style=\"text-align: justify;\">TECH PLUS D.O.O.<\/span><br \/>\nSede\u017e podjetja:\u00a0<span style=\"text-align: justify;\">Na Vov\u010dne 6, 1354 Horjul<\/span>, Slovenija<\/p>\n<p><strong>2. UPORABA, OBSEG IN NAMEN HRANJENJA IN OBDELAVE\u00a0<\/strong><br \/>\nOsebne podatke hranimo in obdelujemo za namene ohranjevanja stika s strankami, tr\u017enega obve\u0161\u010danja prek elektronske po\u0161te, pospe\u0161evanja prodaje, profiliranja strank s ciljem prilagojene ponudbe vsebin in izdelkov strankam v elektronski po\u0161ti in na spletnih straneh. Ob poslanih elektronskih sporo\u010dilih si zabele\u017eimo prikaze na strani posameznikov prejetih sporo\u010dil in klike na povezave v prejetih sporo\u010dilih. Za bolj\u0161o in bolj usmerjeno ponudbo ter prilagajanje nadaljnjih sporo\u010dil zabele\u017eene podatke avtomatsko obdelamo, analiziramo, profiliramo ter ocenjujemo zainteresiranost na\u0161ih strank za poslana sporo\u010dila. Na osnovi zabele\u017eenih podatkov in ustvarjenih profilov ne izvajamo avtomatiziranega sprejemanja odlo\u010ditev.<br \/>\nZa namen obve\u0161\u010danja z elektronsko po\u0161to hranimo:<br \/>\n&#8211; naslov elektronske po\u0161te,<br \/>\n&#8211; naziv organizacije,<br \/>\n&#8211; ime,<br \/>\n&#8211; priimek,<br \/>\n&#8211; spol.<\/p>\n<div>Osebne podatke zbiramo z izrecno privolitvijo oz. soglasjem posameznikov. Soglasja hranimo skupaj z njihovo vsebino in vsebino obrazca, s katerim so bila dobljena.<br \/>\nOsebne podatke uporabljajo na\u0161i naslednji oddelki:<br \/>\n&#8211; Prodaja,<br \/>\n&#8211; Marketing,<br \/>\n&#8211; Podpora strankam,<\/div>\n<div>\n<p>&#8211; Vodstvo.<br \/>\n<strong><br \/>\n3. IZNOS<\/strong><br \/>\nZbirke osebnih podatkov hranimo na obmo\u010dju Republike Slovenije ter jih ne izna\u0161amo v druge dr\u017eave.<\/p>\n<p><strong>4. OBDOBJE HRAMBE<\/strong><br \/>\nOsebne podatke posameznika hranimo do preklica soglasja za hranjenje in obdelavo podatkov posameznika. Po preklicu soglasja posameznika njegove osebne podatke nemudoma u\u010dinkovito in trajno izbri\u0161emo.<br \/>\nV kolikor bi v na\u0161em podjetju prenehali zgoraj opisani nameni, zaradi katerih hranimo in obdelujemo osebne podatke, bomo zbirke podatkov, katerih namen je prenehal, nemudoma u\u010dinkovito in trajno izbrisali.<br \/>\nPodatke o prikazih prejetih sporo\u010dil in klikih na povezave v prejetih sporo\u010dilih hranimo \u0161e vsaj 12 mesecev od po\u0161iljanja sporo\u010dila.<\/p>\n<p><strong>5. PRAVICE POSAMEZNIKA<\/strong><br \/>\nVsak posameznik lahko za svoje podatke kadarkoli zahteva<br \/>\n&#8211; vpogled,<br \/>\n&#8211; popravek,<br \/>\n&#8211; popoln izbris,<br \/>\n&#8211; prenos drugemu ponudniku sorodnih storitev,<br \/>\n&#8211; prekinitev obdelave in hranjenja oz. preklic soglasja za obdelavo in hranjenje, ne da bi to vplivalo na zakonitost obdelave, ki se je na podlagi privolitve oz. soglasja izvajala do njegovega preklica.<\/p>\n<\/div>\n<div>V primeru, da bi v na\u0161em podjetju \u017eeleli nadalje obdelovati osebne podatke za namen, ki ni namen, za katerega so bili osebni podatki zbrani, bomo posamezniku pred tako nadaljnjo obdelavo podatkov zagotovili informacije o tem drugem namenu in vse nadaljnje relevantne informacije, kot so podane v temu dokumentu.<\/div>\n<div>\n<p>Vsak posameznik lahko v primeru, da meni, da so mu z na\u0161e strani kakorkoli kr\u0161ene pravice z naslova varstva njegovih osebnih podatkov, kadarkoli poda prito\u017ebo pri nadzornemu organu &#8211; Informacijskemu poobla\u0161\u010dencu v Republiki Sloveniji:<br \/>\nRepublika Slovenija, Informacijski poobla\u0161\u010denec, Zalo\u0161ka 59, 1000 Ljubljana, <a href=\"https:\/\/www.ip-rs.si\">https:\/\/www.ip-rs.si<\/a><\/p>\n<\/div>\n<div>Storili bomo vse, kar je v na\u0161i mo\u010di, da posamezniku pomagamo pri uveljavljanju svojih pravic.<\/div>\n<div><\/div>\n<p><strong>TECH PLUS D.O.O.<\/strong><\/p>","protected":false},"excerpt":{"rendered":"<p>Politika zasebnosti 1. KDO SMO\u00a0 Uradno ime podjetja:\u00a0TECH PLUS D.O.O. Sede\u017e podjetja:\u00a0Na Vov\u010dne 6, 1354 Horjul, Slovenija 2. UPORABA, OBSEG IN NAMEN HRANJENJA IN OBDELAVE\u00a0 Osebne podatke hranimo in obdelujemo za namene ohranjevanja stika s strankami, tr\u017enega obve\u0161\u010danja prek elektronske po\u0161te, pospe\u0161evanja prodaje, profiliranja strank s ciljem prilagojene ponudbe vsebin in izdelkov strankam v elektronski [&#8230;]\n","protected":false},"author":1,"featured_media":0,"parent":0,"menu_order":0,"comment_status":"closed","ping_status":"closed","template":"","meta":{"footnotes":""},"class_list":["post-591","page","type-page","status-publish","hentry"],"yoast_head":"<!-- This site is optimized with the Yoast SEO plugin v27.5 - https:\/\/yoast.com\/product\/yoast-seo-wordpress\/ -->\n<title>Politika zasebnosti - Avtoprevleke po meri | TECH PLUS<\/title>\n<meta name=\"robots\" content=\"index, follow, max-snippet:-1, max-image-preview:large, max-video-preview:-1\" \/>\n<link rel=\"canonical\" href=\"https:\/\/avtoprevleke.si\/it\/politika-zasebnosti\/\" \/>\n<meta property=\"og:locale\" content=\"it_IT\" \/>\n<meta property=\"og:type\" content=\"article\" \/>\n<meta property=\"og:title\" content=\"Politika zasebnosti - Avtoprevleke po meri | TECH PLUS\" \/>\n<meta property=\"og:description\" content=\"Politika zasebnosti 1. KDO SMO\u00a0 Uradno ime podjetja:\u00a0TECH PLUS D.O.O. Sede\u017e podjetja:\u00a0Na Vov\u010dne 6, 1354 Horjul, Slovenija 2. UPORABA, OBSEG IN NAMEN HRANJENJA IN OBDELAVE\u00a0 Osebne podatke hranimo in obdelujemo za namene ohranjevanja stika s strankami, tr\u017enega obve\u0161\u010danja prek elektronske po\u0161te, pospe\u0161evanja prodaje, profiliranja strank s ciljem prilagojene ponudbe vsebin in izdelkov strankam v elektronski [...]\" \/>\n<meta property=\"og:url\" content=\"https:\/\/avtoprevleke.si\/it\/politika-zasebnosti\/\" \/>\n<meta property=\"og:site_name\" content=\"Avtoprevleke po meri | TECH PLUS\" \/>\n<meta property=\"article:modified_time\" content=\"2018-10-07T14:31:56+00:00\" \/>\n<meta name=\"twitter:card\" content=\"summary_large_image\" \/>\n<meta name=\"twitter:label1\" content=\"Tempo di lettura stimato\" \/>\n\t<meta name=\"twitter:data1\" content=\"2 minuti\" \/>\n<script type=\"application\/ld+json\" class=\"yoast-schema-graph\">{\"@context\":\"https:\\\/\\\/schema.org\",\"@graph\":[{\"@type\":\"WebPage\",\"@id\":\"https:\\\/\\\/avtoprevleke.si\\\/politika-zasebnosti\\\/\",\"url\":\"https:\\\/\\\/avtoprevleke.si\\\/politika-zasebnosti\\\/\",\"name\":\"Politika zasebnosti - Avtoprevleke po meri | TECH PLUS\",\"isPartOf\":{\"@id\":\"https:\\\/\\\/avtoprevleke.si\\\/#website\"},\"datePublished\":\"2018-09-19T17:45:37+00:00\",\"dateModified\":\"2018-10-07T14:31:56+00:00\",\"breadcrumb\":{\"@id\":\"https:\\\/\\\/avtoprevleke.si\\\/politika-zasebnosti\\\/#breadcrumb\"},\"inLanguage\":\"it-IT\",\"potentialAction\":[{\"@type\":\"ReadAction\",\"target\":[\"https:\\\/\\\/avtoprevleke.si\\\/politika-zasebnosti\\\/\"]}]},{\"@type\":\"BreadcrumbList\",\"@id\":\"https:\\\/\\\/avtoprevleke.si\\\/politika-zasebnosti\\\/#breadcrumb\",\"itemListElement\":[{\"@type\":\"ListItem\",\"position\":1,\"name\":\"Home\",\"item\":\"https:\\\/\\\/avtoprevleke.si\\\/\"},{\"@type\":\"ListItem\",\"position\":2,\"name\":\"Politika zasebnosti\"}]},{\"@type\":\"WebSite\",\"@id\":\"https:\\\/\\\/avtoprevleke.si\\\/#website\",\"url\":\"https:\\\/\\\/avtoprevleke.si\\\/\",\"name\":\"Avtoprevleke po meri | TECH PLUS\",\"description\":\"Tipske avtoprevleke - sede\u017ene prevleke za avto\",\"publisher\":{\"@id\":\"https:\\\/\\\/avtoprevleke.si\\\/#organization\"},\"potentialAction\":[{\"@type\":\"SearchAction\",\"target\":{\"@type\":\"EntryPoint\",\"urlTemplate\":\"https:\\\/\\\/avtoprevleke.si\\\/?s={search_term_string}\"},\"query-input\":{\"@type\":\"PropertyValueSpecification\",\"valueRequired\":true,\"valueName\":\"search_term_string\"}}],\"inLanguage\":\"it-IT\"},{\"@type\":\"Organization\",\"@id\":\"https:\\\/\\\/avtoprevleke.si\\\/#organization\",\"name\":\"Avtoprevleke po meri | TECH PLUS\",\"url\":\"https:\\\/\\\/avtoprevleke.si\\\/\",\"logo\":{\"@type\":\"ImageObject\",\"inLanguage\":\"it-IT\",\"@id\":\"https:\\\/\\\/avtoprevleke.si\\\/#\\\/schema\\\/logo\\\/image\\\/\",\"url\":\"https:\\\/\\\/avtoprevleke.si\\\/wp-content\\\/uploads\\\/2018\\\/09\\\/avtoprevleke-logo.png\",\"contentUrl\":\"https:\\\/\\\/avtoprevleke.si\\\/wp-content\\\/uploads\\\/2018\\\/09\\\/avtoprevleke-logo.png\",\"width\":856,\"height\":330,\"caption\":\"Avtoprevleke po meri | TECH PLUS\"},\"image\":{\"@id\":\"https:\\\/\\\/avtoprevleke.si\\\/#\\\/schema\\\/logo\\\/image\\\/\"}}]}<\/script>\n<!-- \/ Yoast SEO plugin. -->","yoast_head_json":{"title":"Politika zasebnosti - Avtoprevleke po meri | TECH PLUS","robots":{"index":"index","follow":"follow","max-snippet":"max-snippet:-1","max-image-preview":"max-image-preview:large","max-video-preview":"max-video-preview:-1"},"canonical":"https:\/\/avtoprevleke.si\/it\/politika-zasebnosti\/","og_locale":"it_IT","og_type":"article","og_title":"Politika zasebnosti - Avtoprevleke po meri | TECH PLUS","og_description":"Politika zasebnosti 1. KDO SMO\u00a0 Uradno ime podjetja:\u00a0TECH PLUS D.O.O. Sede\u017e podjetja:\u00a0Na Vov\u010dne 6, 1354 Horjul, Slovenija 2. UPORABA, OBSEG IN NAMEN HRANJENJA IN OBDELAVE\u00a0 Osebne podatke hranimo in obdelujemo za namene ohranjevanja stika s strankami, tr\u017enega obve\u0161\u010danja prek elektronske po\u0161te, pospe\u0161evanja prodaje, profiliranja strank s ciljem prilagojene ponudbe vsebin in izdelkov strankam v elektronski [...]","og_url":"https:\/\/avtoprevleke.si\/it\/politika-zasebnosti\/","og_site_name":"Avtoprevleke po meri | TECH PLUS","article_modified_time":"2018-10-07T14:31:56+00:00","twitter_card":"summary_large_image","twitter_misc":{"Tempo di lettura stimato":"2 minuti"},"schema":{"@context":"https:\/\/schema.org","@graph":[{"@type":"WebPage","@id":"https:\/\/avtoprevleke.si\/politika-zasebnosti\/","url":"https:\/\/avtoprevleke.si\/politika-zasebnosti\/","name":"Politika zasebnosti - Avtoprevleke po meri | TECH PLUS","isPartOf":{"@id":"https:\/\/avtoprevleke.si\/#website"},"datePublished":"2018-09-19T17:45:37+00:00","dateModified":"2018-10-07T14:31:56+00:00","breadcrumb":{"@id":"https:\/\/avtoprevleke.si\/politika-zasebnosti\/#breadcrumb"},"inLanguage":"it-IT","potentialAction":[{"@type":"ReadAction","target":["https:\/\/avtoprevleke.si\/politika-zasebnosti\/"]}]},{"@type":"BreadcrumbList","@id":"https:\/\/avtoprevleke.si\/politika-zasebnosti\/#breadcrumb","itemListElement":[{"@type":"ListItem","position":1,"name":"Home","item":"https:\/\/avtoprevleke.si\/"},{"@type":"ListItem","position":2,"name":"Politika zasebnosti"}]},{"@type":"WebSite","@id":"https:\/\/avtoprevleke.si\/#website","url":"https:\/\/avtoprevleke.si\/","name":"Avtoprevleke po meri | TECH PLUS","description":"Tipske avtoprevleke - sede\u017ene prevleke za avto","publisher":{"@id":"https:\/\/avtoprevleke.si\/#organization"},"potentialAction":[{"@type":"SearchAction","target":{"@type":"EntryPoint","urlTemplate":"https:\/\/avtoprevleke.si\/?s={search_term_string}"},"query-input":{"@type":"PropertyValueSpecification","valueRequired":true,"valueName":"search_term_string"}}],"inLanguage":"it-IT"},{"@type":"Organization","@id":"https:\/\/avtoprevleke.si\/#organization","name":"Avtoprevleke po meri | TECH PLUS","url":"https:\/\/avtoprevleke.si\/","logo":{"@type":"ImageObject","inLanguage":"it-IT","@id":"https:\/\/avtoprevleke.si\/#\/schema\/logo\/image\/","url":"https:\/\/avtoprevleke.si\/wp-content\/uploads\/2018\/09\/avtoprevleke-logo.png","contentUrl":"https:\/\/avtoprevleke.si\/wp-content\/uploads\/2018\/09\/avtoprevleke-logo.png","width":856,"height":330,"caption":"Avtoprevleke po meri | TECH PLUS"},"image":{"@id":"https:\/\/avtoprevleke.si\/#\/schema\/logo\/image\/"}}]}},"_links":{"self":[{"href":"https:\/\/avtoprevleke.si\/it\/wp-json\/wp\/v2\/pages\/591","targetHints":{"allow":["GET"]}}],"collection":[{"href":"https:\/\/avtoprevleke.si\/it\/wp-json\/wp\/v2\/pages"}],"about":[{"href":"https:\/\/avtoprevleke.si\/it\/wp-json\/wp\/v2\/types\/page"}],"author":[{"embeddable":true,"href":"https:\/\/avtoprevleke.si\/it\/wp-json\/wp\/v2\/users\/1"}],"replies":[{"embeddable":true,"href":"https:\/\/avtoprevleke.si\/it\/wp-json\/wp\/v2\/comments?post=591"}],"version-history":[{"count":0,"href":"https:\/\/avtoprevleke.si\/it\/wp-json\/wp\/v2\/pages\/591\/revisions"}],"wp:attachment":[{"href":"https:\/\/avtoprevleke.si\/it\/wp-json\/wp\/v2\/media?parent=591"}],"curies":[{"name":"wp","href":"https:\/\/api.w.org\/{rel}","templated":true}]}}