{"id":34441,"date":"2025-03-03T12:56:20","date_gmt":"2025-03-03T11:56:20","guid":{"rendered":"https:\/\/avtoprevleke.si\/?page_id=34441"},"modified":"2026-04-14T13:45:49","modified_gmt":"2026-04-14T12:45:49","slug":"alcantara-vzorci-avto-prevlek","status":"publish","type":"page","link":"https:\/\/avtoprevleke.si\/it\/alcantara-vzorci-avto-prevlek\/","title":{"rendered":"ALCANTARA vzorci avto prevlek"},"content":{"rendered":"<h1>NOVI VZORCI AVTO PREVLEK  &#8211; ALCANTARA IN SKAJ<\/h1>\n<p>Odkrijte nove vzorce Alcantara in Skaj za avtoprevleke, ki zdru\u017eujejo presti\u017eni videz, vzdr\u017eljivost in izjemno udobje. Na voljo so certificirani EU materiali, ki zagotavljajo dolgotrajno uporabo in eleganten videz va\u0161ega vozila.<\/p>\n<h2>Zakaj izbrati vzorec avto prevlek Alcantara ali Skaj?<\/h2>\n<p><b>Vrhunska kakovost:<\/b> Blago Alcantara je laminirano s peno (ka\u0161irano blago), kar zagotavlja dodatno udobje in mehkobo.<\/p>\n<p><b>Dolgotrajna obstojnost:<\/b> Materiali so zelo trpe\u017eni, odporni na made\u017ee, bledenje barv in mehanske po\u0161kodbe.<\/p>\n<p><b>Estetika po meri:<\/b> Osrednji del avtoprevlek je na voljo v razli\u010dnih vzorcih, kot so Jacquard, Microfiber, bru\u0161eno blago ali umetno usnje (Sky), kar omogo\u010da prilagajanje va\u0161emu okusu.<\/p>\n<p><b>Kombinacije materialov:<\/b> Stranski in zadnji deli so izdelani iz Jersey ali umetnega usnja, odvisno od izbranega vzorca, kar zagotavlja popolno ujemanje in trajnost.<\/p>\n<h3>Prednosti Alcantara in Skaj materialov:<\/h3>\n<p>\u2705 Odporni na bledenje barv<br \/>\n\u2705 Preprosto \u010di\u0161\u010denje in vzdr\u017eevanje<br \/>\n\u2705 Prijeten na dotik<br \/>\n\u2705 Moderen in eleganten videz<\/p>\n<h3><b>Izberite popolne avtoprevleke za va\u0161e vozilo<\/b><\/h3>\n<p>Na\u0161a ponudba novih vzorcev Alcantara ali Skaj vam omogo\u010da, da vozilu dodate pridih presti\u017ea in hkrati za\u0161\u010ditite sede\u017ee pred obrabo. Oglejte si na\u0161o celotno kolekcijo vzorcev in si zagotovite vrhunsko kakovost po dostopni ceni.<\/p>\n<p><a href=\"https:\/\/avtoprevleke.si\/it\/kontakt\/\"><b>Obi\u0161\u010dite na\u0161o spletno trgovino in naro\u010dite avtoprevleke po meri!<\/b><\/a><\/p>\n\n  \n    <div class=\"row large-columns-4 medium-columns-3 small-columns-2\" >\n  <div class=\"gallery-col col\" >\n          <div class=\"col-inner\">\n            <a class=\"image-lightbox lightbox-gallery\" href=\"https:\/\/avtoprevleke.si\/wp-content\/uploads\/2025\/03\/alcantara-vzorci-al-37_m-1.jpg\" title=\"AL-37, M-1\">            <div class=\"box has-hover gallery-box box-overlay dark\">\n              <div class=\"box-image\" >\n                <img loading=\"lazy\" decoding=\"async\" width=\"320\" height=\"400\" src=\"https:\/\/avtoprevleke.si\/wp-content\/uploads\/2025\/03\/alcantara-vzorci-al-37_m-1-320x400.jpg\" class=\"attachment-medium size-medium\" alt=\"VZOREC ALCANTARA AL-37, M-1\" ids=\"34449,34736,34737,34738,34739,34740,34485,34484,34486,34487\" text_size=\"large\" srcset=\"https:\/\/avtoprevleke.si\/wp-content\/uploads\/2025\/03\/alcantara-vzorci-al-37_m-1-320x400.jpg 320w, https:\/\/avtoprevleke.si\/wp-content\/uploads\/2025\/03\/alcantara-vzorci-al-37_m-1-600x750.jpg 600w, https:\/\/avtoprevleke.si\/wp-content\/uploads\/2025\/03\/alcantara-vzorci-al-37_m-1.jpg 614w\" sizes=\"auto, (max-width: 320px) 100vw, 320px\" \/>                                  <div class=\"overlay fill\"\n                      style=\"background-color: rgba(0,0,0,.15)\">\n                  <\/div>\n                                                              <\/div>\n              <div class=\"box-text text-left is-large\" >\n                 <p>AL-37, M-1<\/p>\n              <\/div>\n            <\/div>\n            <\/a>          <\/div>\n         <\/div><div class=\"gallery-col col\" >\n          <div class=\"col-inner\">\n            <a class=\"image-lightbox lightbox-gallery\" href=\"https:\/\/avtoprevleke.si\/wp-content\/uploads\/2026\/04\/AL31_M1.jpg\" title=\"AL-31, M-1\">            <div class=\"box has-hover gallery-box box-overlay dark\">\n              <div class=\"box-image\" >\n                <img loading=\"lazy\" decoding=\"async\" width=\"321\" height=\"400\" src=\"https:\/\/avtoprevleke.si\/wp-content\/uploads\/2026\/04\/AL31_M1-321x400.jpg\" class=\"attachment-medium size-medium\" alt=\"VZOREC ALCANTARA AL-31, M-1\" ids=\"34449,34736,34737,34738,34739,34740,34485,34484,34486,34487\" text_size=\"large\" srcset=\"https:\/\/avtoprevleke.si\/wp-content\/uploads\/2026\/04\/AL31_M1-321x400.jpg 321w, https:\/\/avtoprevleke.si\/wp-content\/uploads\/2026\/04\/AL31_M1-10x12.jpg 10w, https:\/\/avtoprevleke.si\/wp-content\/uploads\/2026\/04\/AL31_M1-600x747.jpg 600w, https:\/\/avtoprevleke.si\/wp-content\/uploads\/2026\/04\/AL31_M1.jpg 617w\" sizes=\"auto, (max-width: 321px) 100vw, 321px\" \/>                                  <div class=\"overlay fill\"\n                      style=\"background-color: rgba(0,0,0,.15)\">\n                  <\/div>\n                                                              <\/div>\n              <div class=\"box-text text-left is-large\" >\n                 <p>AL-31, M-1<\/p>\n              <\/div>\n            <\/div>\n            <\/a>          <\/div>\n         <\/div><div class=\"gallery-col col\" >\n          <div class=\"col-inner\">\n            <a class=\"image-lightbox lightbox-gallery\" href=\"https:\/\/avtoprevleke.si\/wp-content\/uploads\/2026\/04\/AL80_M1.jpg\" title=\"AL-80, M-1\">            <div class=\"box has-hover gallery-box box-overlay dark\">\n              <div class=\"box-image\" >\n                <img loading=\"lazy\" decoding=\"async\" width=\"321\" height=\"400\" src=\"https:\/\/avtoprevleke.si\/wp-content\/uploads\/2026\/04\/AL80_M1-321x400.jpg\" class=\"attachment-medium size-medium\" alt=\"VZOREC ALCANTARA AL-80, M-1\" ids=\"34449,34736,34737,34738,34739,34740,34485,34484,34486,34487\" text_size=\"large\" srcset=\"https:\/\/avtoprevleke.si\/wp-content\/uploads\/2026\/04\/AL80_M1-321x400.jpg 321w, https:\/\/avtoprevleke.si\/wp-content\/uploads\/2026\/04\/AL80_M1-10x12.jpg 10w, https:\/\/avtoprevleke.si\/wp-content\/uploads\/2026\/04\/AL80_M1-600x747.jpg 600w, https:\/\/avtoprevleke.si\/wp-content\/uploads\/2026\/04\/AL80_M1.jpg 617w\" sizes=\"auto, (max-width: 321px) 100vw, 321px\" \/>                                  <div class=\"overlay fill\"\n                      style=\"background-color: rgba(0,0,0,.15)\">\n                  <\/div>\n                                                              <\/div>\n              <div class=\"box-text text-left is-large\" >\n                 <p>AL-80, M-1<\/p>\n              <\/div>\n            <\/div>\n            <\/a>          <\/div>\n         <\/div><div class=\"gallery-col col\" >\n          <div class=\"col-inner\">\n            <a class=\"image-lightbox lightbox-gallery\" href=\"https:\/\/avtoprevleke.si\/wp-content\/uploads\/2026\/04\/AL84_M1.jpg\" title=\"AL-84, M-1\">            <div class=\"box has-hover gallery-box box-overlay dark\">\n              <div class=\"box-image\" >\n                <img loading=\"lazy\" decoding=\"async\" width=\"321\" height=\"400\" src=\"https:\/\/avtoprevleke.si\/wp-content\/uploads\/2026\/04\/AL84_M1-321x400.jpg\" class=\"attachment-medium size-medium\" alt=\"VZOREC ALCANTARA AL-84, M-1\" ids=\"34449,34736,34737,34738,34739,34740,34485,34484,34486,34487\" text_size=\"large\" srcset=\"https:\/\/avtoprevleke.si\/wp-content\/uploads\/2026\/04\/AL84_M1-321x400.jpg 321w, https:\/\/avtoprevleke.si\/wp-content\/uploads\/2026\/04\/AL84_M1-10x12.jpg 10w, https:\/\/avtoprevleke.si\/wp-content\/uploads\/2026\/04\/AL84_M1-600x747.jpg 600w, https:\/\/avtoprevleke.si\/wp-content\/uploads\/2026\/04\/AL84_M1.jpg 617w\" sizes=\"auto, (max-width: 321px) 100vw, 321px\" \/>                                  <div class=\"overlay fill\"\n                      style=\"background-color: rgba(0,0,0,.15)\">\n                  <\/div>\n                                                              <\/div>\n              <div class=\"box-text text-left is-large\" >\n                 <p>AL-84, M-1<\/p>\n              <\/div>\n            <\/div>\n            <\/a>          <\/div>\n         <\/div><div class=\"gallery-col col\" >\n          <div class=\"col-inner\">\n            <a class=\"image-lightbox lightbox-gallery\" href=\"https:\/\/avtoprevleke.si\/wp-content\/uploads\/2026\/04\/AL85_M1.jpg\" title=\"AL-85, M-1\">            <div class=\"box has-hover gallery-box box-overlay dark\">\n              <div class=\"box-image\" >\n                <img loading=\"lazy\" decoding=\"async\" width=\"321\" height=\"400\" src=\"https:\/\/avtoprevleke.si\/wp-content\/uploads\/2026\/04\/AL85_M1-321x400.jpg\" class=\"attachment-medium size-medium\" alt=\"VZOREC ALCANTARA AL-85, M-1\" ids=\"34449,34736,34737,34738,34739,34740,34485,34484,34486,34487\" text_size=\"large\" srcset=\"https:\/\/avtoprevleke.si\/wp-content\/uploads\/2026\/04\/AL85_M1-321x400.jpg 321w, https:\/\/avtoprevleke.si\/wp-content\/uploads\/2026\/04\/AL85_M1-10x12.jpg 10w, https:\/\/avtoprevleke.si\/wp-content\/uploads\/2026\/04\/AL85_M1-600x747.jpg 600w, https:\/\/avtoprevleke.si\/wp-content\/uploads\/2026\/04\/AL85_M1.jpg 617w\" sizes=\"auto, (max-width: 321px) 100vw, 321px\" \/>                                  <div class=\"overlay fill\"\n                      style=\"background-color: rgba(0,0,0,.15)\">\n                  <\/div>\n                                                              <\/div>\n              <div class=\"box-text text-left is-large\" >\n                 <p>AL-85, M-1<\/p>\n              <\/div>\n            <\/div>\n            <\/a>          <\/div>\n         <\/div><div class=\"gallery-col col\" >\n          <div class=\"col-inner\">\n            <a class=\"image-lightbox lightbox-gallery\" href=\"https:\/\/avtoprevleke.si\/wp-content\/uploads\/2026\/04\/AL86_M1.jpg\" title=\"AL-86, M-1\">            <div class=\"box has-hover gallery-box box-overlay dark\">\n              <div class=\"box-image\" >\n                <img loading=\"lazy\" decoding=\"async\" width=\"321\" height=\"400\" src=\"https:\/\/avtoprevleke.si\/wp-content\/uploads\/2026\/04\/AL86_M1-321x400.jpg\" class=\"attachment-medium size-medium\" alt=\"VZOREC ALCANTARA AL-86, M-1\" ids=\"34449,34736,34737,34738,34739,34740,34485,34484,34486,34487\" text_size=\"large\" srcset=\"https:\/\/avtoprevleke.si\/wp-content\/uploads\/2026\/04\/AL86_M1-321x400.jpg 321w, https:\/\/avtoprevleke.si\/wp-content\/uploads\/2026\/04\/AL86_M1-10x12.jpg 10w, https:\/\/avtoprevleke.si\/wp-content\/uploads\/2026\/04\/AL86_M1-600x747.jpg 600w, https:\/\/avtoprevleke.si\/wp-content\/uploads\/2026\/04\/AL86_M1.jpg 617w\" sizes=\"auto, (max-width: 321px) 100vw, 321px\" \/>                                  <div class=\"overlay fill\"\n                      style=\"background-color: rgba(0,0,0,.15)\">\n                  <\/div>\n                                                              <\/div>\n              <div class=\"box-text text-left is-large\" >\n                 <p>AL-86, M-1<\/p>\n              <\/div>\n            <\/div>\n            <\/a>          <\/div>\n         <\/div><div class=\"gallery-col col\" >\n          <div class=\"col-inner\">\n            <a class=\"image-lightbox lightbox-gallery\" href=\"https:\/\/avtoprevleke.si\/wp-content\/uploads\/2025\/03\/avto-prevleka-po-meri-skaj-crna-639x800.jpg\" title=\"SKAJ - \u010crna\">            <div class=\"box has-hover gallery-box box-overlay dark\">\n              <div class=\"box-image\" >\n                <img loading=\"lazy\" decoding=\"async\" width=\"320\" height=\"400\" src=\"https:\/\/avtoprevleke.si\/wp-content\/uploads\/2025\/03\/avto-prevleka-po-meri-skaj-crna-320x400.jpg\" class=\"attachment-medium size-medium\" alt=\"\" ids=\"34449,34736,34737,34738,34739,34740,34485,34484,34486,34487\" text_size=\"large\" srcset=\"https:\/\/avtoprevleke.si\/wp-content\/uploads\/2025\/03\/avto-prevleka-po-meri-skaj-crna-320x400.jpg 320w, https:\/\/avtoprevleke.si\/wp-content\/uploads\/2025\/03\/avto-prevleka-po-meri-skaj-crna-639x800.jpg 639w, https:\/\/avtoprevleke.si\/wp-content\/uploads\/2025\/03\/avto-prevleka-po-meri-skaj-crna-768x961.jpg 768w, https:\/\/avtoprevleke.si\/wp-content\/uploads\/2025\/03\/avto-prevleka-po-meri-skaj-crna-600x751.jpg 600w, https:\/\/avtoprevleke.si\/wp-content\/uploads\/2025\/03\/avto-prevleka-po-meri-skaj-crna.jpg 1174w\" sizes=\"auto, (max-width: 320px) 100vw, 320px\" \/>                                  <div class=\"overlay fill\"\n                      style=\"background-color: rgba(0,0,0,.15)\">\n                  <\/div>\n                                                              <\/div>\n              <div class=\"box-text text-left is-large\" >\n                 <p>SKAJ - \u010crna<\/p>\n              <\/div>\n            <\/div>\n            <\/a>          <\/div>\n         <\/div><div class=\"gallery-col col\" >\n          <div class=\"col-inner\">\n            <a class=\"image-lightbox lightbox-gallery\" href=\"https:\/\/avtoprevleke.si\/wp-content\/uploads\/2025\/03\/avto-prevleka-po-meri-skaj-bez-crna-639x800.jpg\" title=\"SKAJ - Be\u017e \u010drna\">            <div class=\"box has-hover gallery-box box-overlay dark\">\n              <div class=\"box-image\" >\n                <img loading=\"lazy\" decoding=\"async\" width=\"320\" height=\"400\" src=\"https:\/\/avtoprevleke.si\/wp-content\/uploads\/2025\/03\/avto-prevleka-po-meri-skaj-bez-crna-320x400.jpg\" class=\"attachment-medium size-medium\" alt=\"\" ids=\"34449,34736,34737,34738,34739,34740,34485,34484,34486,34487\" text_size=\"large\" srcset=\"https:\/\/avtoprevleke.si\/wp-content\/uploads\/2025\/03\/avto-prevleka-po-meri-skaj-bez-crna-320x400.jpg 320w, https:\/\/avtoprevleke.si\/wp-content\/uploads\/2025\/03\/avto-prevleka-po-meri-skaj-bez-crna-639x800.jpg 639w, https:\/\/avtoprevleke.si\/wp-content\/uploads\/2025\/03\/avto-prevleka-po-meri-skaj-bez-crna-768x961.jpg 768w, https:\/\/avtoprevleke.si\/wp-content\/uploads\/2025\/03\/avto-prevleka-po-meri-skaj-bez-crna-600x751.jpg 600w, https:\/\/avtoprevleke.si\/wp-content\/uploads\/2025\/03\/avto-prevleka-po-meri-skaj-bez-crna.jpg 1174w\" sizes=\"auto, (max-width: 320px) 100vw, 320px\" \/>                                  <div class=\"overlay fill\"\n                      style=\"background-color: rgba(0,0,0,.15)\">\n                  <\/div>\n                                                              <\/div>\n              <div class=\"box-text text-left is-large\" >\n                 <p>SKAJ - Be\u017e \u010drna<\/p>\n              <\/div>\n            <\/div>\n            <\/a>          <\/div>\n         <\/div><div class=\"gallery-col col\" >\n          <div class=\"col-inner\">\n            <a class=\"image-lightbox lightbox-gallery\" href=\"https:\/\/avtoprevleke.si\/wp-content\/uploads\/2025\/03\/avto-prevleka-po-meri-skaj-modra-crna-639x800.jpg\" title=\"SKAJ - Modra \u010drna\">            <div class=\"box has-hover gallery-box box-overlay dark\">\n              <div class=\"box-image\" >\n                <img loading=\"lazy\" decoding=\"async\" width=\"320\" height=\"400\" src=\"https:\/\/avtoprevleke.si\/wp-content\/uploads\/2025\/03\/avto-prevleka-po-meri-skaj-modra-crna-320x400.jpg\" class=\"attachment-medium size-medium\" alt=\"\" ids=\"34449,34736,34737,34738,34739,34740,34485,34484,34486,34487\" text_size=\"large\" srcset=\"https:\/\/avtoprevleke.si\/wp-content\/uploads\/2025\/03\/avto-prevleka-po-meri-skaj-modra-crna-320x400.jpg 320w, https:\/\/avtoprevleke.si\/wp-content\/uploads\/2025\/03\/avto-prevleka-po-meri-skaj-modra-crna-639x800.jpg 639w, https:\/\/avtoprevleke.si\/wp-content\/uploads\/2025\/03\/avto-prevleka-po-meri-skaj-modra-crna-768x961.jpg 768w, https:\/\/avtoprevleke.si\/wp-content\/uploads\/2025\/03\/avto-prevleka-po-meri-skaj-modra-crna-600x751.jpg 600w, https:\/\/avtoprevleke.si\/wp-content\/uploads\/2025\/03\/avto-prevleka-po-meri-skaj-modra-crna.jpg 1174w\" sizes=\"auto, (max-width: 320px) 100vw, 320px\" \/>                                  <div class=\"overlay fill\"\n                      style=\"background-color: rgba(0,0,0,.15)\">\n                  <\/div>\n                                                              <\/div>\n              <div class=\"box-text text-left is-large\" >\n                 <p>SKAJ - Modra \u010drna<\/p>\n              <\/div>\n            <\/div>\n            <\/a>          <\/div>\n         <\/div><div class=\"gallery-col col\" >\n          <div class=\"col-inner\">\n            <a class=\"image-lightbox lightbox-gallery\" href=\"https:\/\/avtoprevleke.si\/wp-content\/uploads\/2025\/03\/avto-prevleka-po-meri-skaj-rdeca-crna-639x800.jpg\" title=\"SKAJ - Rde\u010da \u010drna\">            <div class=\"box has-hover gallery-box box-overlay dark\">\n              <div class=\"box-image\" >\n                <img loading=\"lazy\" decoding=\"async\" width=\"320\" height=\"400\" src=\"https:\/\/avtoprevleke.si\/wp-content\/uploads\/2025\/03\/avto-prevleka-po-meri-skaj-rdeca-crna-320x400.jpg\" class=\"attachment-medium size-medium\" alt=\"\" ids=\"34449,34736,34737,34738,34739,34740,34485,34484,34486,34487\" text_size=\"large\" srcset=\"https:\/\/avtoprevleke.si\/wp-content\/uploads\/2025\/03\/avto-prevleka-po-meri-skaj-rdeca-crna-320x400.jpg 320w, https:\/\/avtoprevleke.si\/wp-content\/uploads\/2025\/03\/avto-prevleka-po-meri-skaj-rdeca-crna-639x800.jpg 639w, https:\/\/avtoprevleke.si\/wp-content\/uploads\/2025\/03\/avto-prevleka-po-meri-skaj-rdeca-crna-768x961.jpg 768w, https:\/\/avtoprevleke.si\/wp-content\/uploads\/2025\/03\/avto-prevleka-po-meri-skaj-rdeca-crna-600x751.jpg 600w, https:\/\/avtoprevleke.si\/wp-content\/uploads\/2025\/03\/avto-prevleka-po-meri-skaj-rdeca-crna.jpg 1174w\" sizes=\"auto, (max-width: 320px) 100vw, 320px\" \/>                                  <div class=\"overlay fill\"\n                      style=\"background-color: rgba(0,0,0,.15)\">\n                  <\/div>\n                                                              <\/div>\n              <div class=\"box-text text-left is-large\" >\n                 <p>SKAJ - Rde\u010da \u010drna<\/p>\n              <\/div>\n            <\/div>\n            <\/a>          <\/div>\n         <\/div><\/div>\n\n<p><a href=\"https:\/\/avtoprevleke.si\/it\/kontakt\/\" target=\"_blank\"><b>Kontaktirajte nas in pripravili vam bomo ponudbo prevlek z vzorcem ALCANTARA ali SKAJ.<\/b><\/a><\/p>\n<a href=\"https:\/\/avtoprevleke.si\/it\/kontakt\/\" class=\"button primary\" >\n\t\t<span>naro\u010dite avtoprevleke po meri<\/span>\n\t<i class=\"icon-shopping-cart\" aria-hidden=\"true\"><\/i><\/a>","protected":false},"excerpt":{"rendered":"","protected":false},"author":1,"featured_media":0,"parent":0,"menu_order":0,"comment_status":"closed","ping_status":"closed","template":"","meta":{"footnotes":""},"class_list":["post-34441","page","type-page","status-publish","hentry"],"yoast_head":"<!-- This site is optimized with the Yoast SEO plugin v27.5 - https:\/\/yoast.com\/product\/yoast-seo-wordpress\/ -->\n<title>ALCANTARA vzorci avto prevlek - Avtoprevleke po meri | TECH PLUS<\/title>\n<meta name=\"robots\" content=\"index, follow, max-snippet:-1, max-image-preview:large, max-video-preview:-1\" \/>\n<link rel=\"canonical\" href=\"https:\/\/avtoprevleke.si\/it\/alcantara-vzorci-avto-prevlek\/\" \/>\n<meta property=\"og:locale\" content=\"it_IT\" \/>\n<meta property=\"og:type\" content=\"article\" \/>\n<meta property=\"og:title\" content=\"ALCANTARA vzorci avto prevlek - Avtoprevleke po meri | TECH PLUS\" \/>\n<meta property=\"og:url\" content=\"https:\/\/avtoprevleke.si\/it\/alcantara-vzorci-avto-prevlek\/\" \/>\n<meta property=\"og:site_name\" content=\"Avtoprevleke po meri | TECH PLUS\" \/>\n<meta property=\"article:modified_time\" content=\"2026-04-14T12:45:49+00:00\" \/>\n<meta name=\"twitter:card\" content=\"summary_large_image\" \/>\n<meta name=\"twitter:label1\" content=\"Tempo di lettura stimato\" \/>\n\t<meta name=\"twitter:data1\" content=\"1 minuto\" \/>\n<script type=\"application\/ld+json\" class=\"yoast-schema-graph\">{\"@context\":\"https:\\\/\\\/schema.org\",\"@graph\":[{\"@type\":\"WebPage\",\"@id\":\"https:\\\/\\\/avtoprevleke.si\\\/alcantara-vzorci-avto-prevlek\\\/\",\"url\":\"https:\\\/\\\/avtoprevleke.si\\\/alcantara-vzorci-avto-prevlek\\\/\",\"name\":\"ALCANTARA vzorci avto prevlek - Avtoprevleke po meri | TECH PLUS\",\"isPartOf\":{\"@id\":\"https:\\\/\\\/avtoprevleke.si\\\/#website\"},\"datePublished\":\"2025-03-03T11:56:20+00:00\",\"dateModified\":\"2026-04-14T12:45:49+00:00\",\"breadcrumb\":{\"@id\":\"https:\\\/\\\/avtoprevleke.si\\\/alcantara-vzorci-avto-prevlek\\\/#breadcrumb\"},\"inLanguage\":\"it-IT\",\"potentialAction\":[{\"@type\":\"ReadAction\",\"target\":[\"https:\\\/\\\/avtoprevleke.si\\\/alcantara-vzorci-avto-prevlek\\\/\"]}]},{\"@type\":\"BreadcrumbList\",\"@id\":\"https:\\\/\\\/avtoprevleke.si\\\/alcantara-vzorci-avto-prevlek\\\/#breadcrumb\",\"itemListElement\":[{\"@type\":\"ListItem\",\"position\":1,\"name\":\"Home\",\"item\":\"https:\\\/\\\/avtoprevleke.si\\\/\"},{\"@type\":\"ListItem\",\"position\":2,\"name\":\"ALCANTARA vzorci avto prevlek\"}]},{\"@type\":\"WebSite\",\"@id\":\"https:\\\/\\\/avtoprevleke.si\\\/#website\",\"url\":\"https:\\\/\\\/avtoprevleke.si\\\/\",\"name\":\"Avtoprevleke po meri | TECH PLUS\",\"description\":\"Tipske avtoprevleke - sede\u017ene prevleke za avto\",\"publisher\":{\"@id\":\"https:\\\/\\\/avtoprevleke.si\\\/#organization\"},\"potentialAction\":[{\"@type\":\"SearchAction\",\"target\":{\"@type\":\"EntryPoint\",\"urlTemplate\":\"https:\\\/\\\/avtoprevleke.si\\\/?s={search_term_string}\"},\"query-input\":{\"@type\":\"PropertyValueSpecification\",\"valueRequired\":true,\"valueName\":\"search_term_string\"}}],\"inLanguage\":\"it-IT\"},{\"@type\":\"Organization\",\"@id\":\"https:\\\/\\\/avtoprevleke.si\\\/#organization\",\"name\":\"Avtoprevleke po meri | TECH PLUS\",\"url\":\"https:\\\/\\\/avtoprevleke.si\\\/\",\"logo\":{\"@type\":\"ImageObject\",\"inLanguage\":\"it-IT\",\"@id\":\"https:\\\/\\\/avtoprevleke.si\\\/#\\\/schema\\\/logo\\\/image\\\/\",\"url\":\"https:\\\/\\\/avtoprevleke.si\\\/wp-content\\\/uploads\\\/2018\\\/09\\\/avtoprevleke-logo.png\",\"contentUrl\":\"https:\\\/\\\/avtoprevleke.si\\\/wp-content\\\/uploads\\\/2018\\\/09\\\/avtoprevleke-logo.png\",\"width\":856,\"height\":330,\"caption\":\"Avtoprevleke po meri | TECH PLUS\"},\"image\":{\"@id\":\"https:\\\/\\\/avtoprevleke.si\\\/#\\\/schema\\\/logo\\\/image\\\/\"}}]}<\/script>\n<!-- \/ Yoast SEO plugin. -->","yoast_head_json":{"title":"ALCANTARA vzorci avto prevlek - Avtoprevleke po meri | TECH PLUS","robots":{"index":"index","follow":"follow","max-snippet":"max-snippet:-1","max-image-preview":"max-image-preview:large","max-video-preview":"max-video-preview:-1"},"canonical":"https:\/\/avtoprevleke.si\/it\/alcantara-vzorci-avto-prevlek\/","og_locale":"it_IT","og_type":"article","og_title":"ALCANTARA vzorci avto prevlek - Avtoprevleke po meri | TECH PLUS","og_url":"https:\/\/avtoprevleke.si\/it\/alcantara-vzorci-avto-prevlek\/","og_site_name":"Avtoprevleke po meri | TECH PLUS","article_modified_time":"2026-04-14T12:45:49+00:00","twitter_card":"summary_large_image","twitter_misc":{"Tempo di lettura stimato":"1 minuto"},"schema":{"@context":"https:\/\/schema.org","@graph":[{"@type":"WebPage","@id":"https:\/\/avtoprevleke.si\/alcantara-vzorci-avto-prevlek\/","url":"https:\/\/avtoprevleke.si\/alcantara-vzorci-avto-prevlek\/","name":"ALCANTARA vzorci avto prevlek - Avtoprevleke po meri | TECH PLUS","isPartOf":{"@id":"https:\/\/avtoprevleke.si\/#website"},"datePublished":"2025-03-03T11:56:20+00:00","dateModified":"2026-04-14T12:45:49+00:00","breadcrumb":{"@id":"https:\/\/avtoprevleke.si\/alcantara-vzorci-avto-prevlek\/#breadcrumb"},"inLanguage":"it-IT","potentialAction":[{"@type":"ReadAction","target":["https:\/\/avtoprevleke.si\/alcantara-vzorci-avto-prevlek\/"]}]},{"@type":"BreadcrumbList","@id":"https:\/\/avtoprevleke.si\/alcantara-vzorci-avto-prevlek\/#breadcrumb","itemListElement":[{"@type":"ListItem","position":1,"name":"Home","item":"https:\/\/avtoprevleke.si\/"},{"@type":"ListItem","position":2,"name":"ALCANTARA vzorci avto prevlek"}]},{"@type":"WebSite","@id":"https:\/\/avtoprevleke.si\/#website","url":"https:\/\/avtoprevleke.si\/","name":"Avtoprevleke po meri | TECH PLUS","description":"Tipske avtoprevleke - sede\u017ene prevleke za avto","publisher":{"@id":"https:\/\/avtoprevleke.si\/#organization"},"potentialAction":[{"@type":"SearchAction","target":{"@type":"EntryPoint","urlTemplate":"https:\/\/avtoprevleke.si\/?s={search_term_string}"},"query-input":{"@type":"PropertyValueSpecification","valueRequired":true,"valueName":"search_term_string"}}],"inLanguage":"it-IT"},{"@type":"Organization","@id":"https:\/\/avtoprevleke.si\/#organization","name":"Avtoprevleke po meri | TECH PLUS","url":"https:\/\/avtoprevleke.si\/","logo":{"@type":"ImageObject","inLanguage":"it-IT","@id":"https:\/\/avtoprevleke.si\/#\/schema\/logo\/image\/","url":"https:\/\/avtoprevleke.si\/wp-content\/uploads\/2018\/09\/avtoprevleke-logo.png","contentUrl":"https:\/\/avtoprevleke.si\/wp-content\/uploads\/2018\/09\/avtoprevleke-logo.png","width":856,"height":330,"caption":"Avtoprevleke po meri | TECH PLUS"},"image":{"@id":"https:\/\/avtoprevleke.si\/#\/schema\/logo\/image\/"}}]}},"_links":{"self":[{"href":"https:\/\/avtoprevleke.si\/it\/wp-json\/wp\/v2\/pages\/34441","targetHints":{"allow":["GET"]}}],"collection":[{"href":"https:\/\/avtoprevleke.si\/it\/wp-json\/wp\/v2\/pages"}],"about":[{"href":"https:\/\/avtoprevleke.si\/it\/wp-json\/wp\/v2\/types\/page"}],"author":[{"embeddable":true,"href":"https:\/\/avtoprevleke.si\/it\/wp-json\/wp\/v2\/users\/1"}],"replies":[{"embeddable":true,"href":"https:\/\/avtoprevleke.si\/it\/wp-json\/wp\/v2\/comments?post=34441"}],"version-history":[{"count":18,"href":"https:\/\/avtoprevleke.si\/it\/wp-json\/wp\/v2\/pages\/34441\/revisions"}],"predecessor-version":[{"id":34741,"href":"https:\/\/avtoprevleke.si\/it\/wp-json\/wp\/v2\/pages\/34441\/revisions\/34741"}],"wp:attachment":[{"href":"https:\/\/avtoprevleke.si\/it\/wp-json\/wp\/v2\/media?parent=34441"}],"curies":[{"name":"wp","href":"https:\/\/api.w.org\/{rel}","templated":true}]}}