{"id":32671,"date":"2021-10-07T08:30:55","date_gmt":"2021-10-07T07:30:55","guid":{"rendered":"https:\/\/avtoprevleke.si\/?page_id=32671"},"modified":"2024-03-18T10:03:29","modified_gmt":"2024-03-18T09:03:29","slug":"oblazinjenje-pohistva","status":"publish","type":"page","link":"https:\/\/avtoprevleke.si\/it\/oblazinjenje-pohistva\/","title":{"rendered":"Oblazinjenje pohi\u0161tva"},"content":{"rendered":"<h1>Oblazinjenje pohi\u0161tva<\/h1>\n<p data-sourcepos=\"3:1-3:269\">I\u0161\u010dete strokovnjaka za oblazinjenje pohi\u0161tva, ki vam bo zagotovil vrhunsko storitev in brezhibne rezultate? Potem ste na pravem mestu! Ponujamo vam \u0161iroko paleto storitev oblazinjenja za vse vrste pohi\u0161tva, od stolov in jedilnih kotov do notranjih vrat in sede\u017enih garnitur.<\/p>\n<p data-sourcepos=\"5:1-5:18\"><strong>Na\u0161e storitve:<\/strong><\/p>\n<ul data-sourcepos=\"7:1-10:0\">\n<li data-sourcepos=\"7:1-7:173\"><strong>Tapiciranje stolov in jedilnih kotov:<\/strong>\u00a0Uporabimo lahko razli\u010dne materiale, kot so blago, umetno usnje in naravno usnje, da bomo ustvarili popoln videz za va\u0161e pohi\u0161tvo.<\/li>\n<li data-sourcepos=\"8:1-8:98\"><strong>Tapiciranje notranjih vrat:<\/strong>\u00a0Obnovimo lahko stara in obrabljena vrata ter jim damo nov videz.<\/li>\n<li data-sourcepos=\"9:1-10:0\"><strong>Izdelava in popravilo sede\u017eenih garnitur:<\/strong>\u00a0Izdelamo lahko sede\u017ene garniture po meri va\u0161ih \u017eelja ali pa popravimo obstoje\u010de. Uporabimo lahko razli\u010dne materiale, kot so blago, umetno usnje in naravno usnje.<\/li>\n<\/ul>\n<p data-sourcepos=\"11:1-11:22\"><strong>Zakaj izbrati nas:<\/strong><\/p>\n<ul data-sourcepos=\"13:1-17:0\">\n<li data-sourcepos=\"13:1-13:71\"><strong>Izku\u0161nje:<\/strong> Imamo ve\u010d let izku\u0161enj z oblazinjenjem pohi\u0161tva.<\/li>\n<li data-sourcepos=\"14:1-14:85\"><strong>Strokovnost:<\/strong> Na\u0161a ekipa je visoko usposobljena.<\/li>\n<li data-sourcepos=\"15:1-15:96\"><strong>Kakovost:<\/strong>\u00a0Uporabljamo samo najkvalitetnej\u0161e materiale in zagotavljamo brezhibne rezultate.<\/li>\n<li data-sourcepos=\"16:1-17:0\"><strong>Ugodne cene:<\/strong>\u00a0Ponujamo konkuren\u010dne cene za vse na\u0161e storitve.<\/li>\n<\/ul>\n<p data-sourcepos=\"18:1-18:49\"><a href=\"https:\/\/avtoprevleke.si\/it\/kontakt\/\"><strong>Kontaktirajte nas \u0161e danes in se prepri\u010dajte sami!<\/strong><\/a><\/p>\n\n<div class=\"wpcf7 no-js\" id=\"wpcf7-f312-o1\" lang=\"sl-SI\" dir=\"ltr\" data-wpcf7-id=\"312\">\n<div class=\"screen-reader-response\"><p role=\"status\" aria-live=\"polite\" aria-atomic=\"true\"><\/p> <ul><\/ul><\/div>\n<form action=\"\/it\/wp-json\/wp\/v2\/pages\/32671#wpcf7-f312-o1\" method=\"post\" class=\"wpcf7-form init\" aria-label=\"Kontaktni obrazec\" novalidate=\"novalidate\" data-status=\"init\" data-trp-original-action=\"\/it\/wp-json\/wp\/v2\/pages\/32671#wpcf7-f312-o1\">\n<fieldset class=\"hidden-fields-container\"><input type=\"hidden\" name=\"_wpcf7\" value=\"312\" \/><input type=\"hidden\" name=\"_wpcf7_version\" value=\"6.1.5\" \/><input type=\"hidden\" name=\"_wpcf7_locale\" value=\"sl_SI\" \/><input type=\"hidden\" name=\"_wpcf7_unit_tag\" value=\"wpcf7-f312-o1\" \/><input type=\"hidden\" name=\"_wpcf7_container_post\" value=\"0\" \/><input type=\"hidden\" name=\"_wpcf7_posted_data_hash\" value=\"\" \/>\n<\/fieldset>\n<p><label> Ime in Priimek (zahtevano)<br \/>\n<span class=\"wpcf7-form-control-wrap\" data-name=\"your-name\"><input size=\"40\" maxlength=\"400\" class=\"wpcf7-form-control wpcf7-text wpcf7-validates-as-required\" aria-required=\"true\" aria-invalid=\"false\" value=\"\" type=\"text\" name=\"your-name\" \/><\/span> <\/label>\n<\/p>\n<p><label> E-po\u0161ta (zahtevano)<br \/>\n<span class=\"wpcf7-form-control-wrap\" data-name=\"your-email\"><input size=\"40\" maxlength=\"400\" class=\"wpcf7-form-control wpcf7-email wpcf7-validates-as-required wpcf7-text wpcf7-validates-as-email\" aria-required=\"true\" aria-invalid=\"false\" value=\"\" type=\"email\" name=\"your-email\" \/><\/span> <\/label>\n<\/p>\n<p><label> Zadeva<br \/>\n<span class=\"wpcf7-form-control-wrap\" data-name=\"your-subject\"><input size=\"40\" maxlength=\"400\" class=\"wpcf7-form-control wpcf7-text\" aria-invalid=\"false\" value=\"\" type=\"text\" name=\"your-subject\" \/><\/span> <\/label>\n<\/p>\n<p><label> Sporo\u010dilo (zahtevano)<br \/>\n<span class=\"wpcf7-form-control-wrap\" data-name=\"your-message\"><textarea cols=\"40\" rows=\"10\" maxlength=\"2000\" class=\"wpcf7-form-control wpcf7-textarea wpcf7-validates-as-required\" aria-required=\"true\" aria-invalid=\"false\" name=\"your-message\"><\/textarea><\/span> <\/label>\n<\/p>\n<p><input class=\"wpcf7-form-control wpcf7-submit has-spinner\" type=\"submit\" value=\"Po\u0161lji\" \/>\n<\/p><div class=\"wpcf7-response-output\" aria-hidden=\"true\"><\/div>\n<input type=\"hidden\" name=\"trp-form-language\" value=\"it\"\/><\/form>\n<\/div>","protected":false},"excerpt":{"rendered":"","protected":false},"author":1,"featured_media":0,"parent":0,"menu_order":0,"comment_status":"closed","ping_status":"closed","template":"","meta":{"footnotes":""},"class_list":["post-32671","page","type-page","status-publish","hentry"],"yoast_head":"<!-- This site is optimized with the Yoast SEO plugin v27.5 - https:\/\/yoast.com\/product\/yoast-seo-wordpress\/ -->\n<title>Oblazinjenje pohi\u0161tva - Avtoprevleke po meri | TECH PLUS<\/title>\n<meta name=\"robots\" content=\"index, follow, max-snippet:-1, max-image-preview:large, max-video-preview:-1\" \/>\n<link rel=\"canonical\" href=\"https:\/\/avtoprevleke.si\/it\/oblazinjenje-pohistva\/\" \/>\n<meta property=\"og:locale\" content=\"it_IT\" \/>\n<meta property=\"og:type\" content=\"article\" \/>\n<meta property=\"og:title\" content=\"Oblazinjenje pohi\u0161tva - Avtoprevleke po meri | TECH PLUS\" \/>\n<meta property=\"og:url\" content=\"https:\/\/avtoprevleke.si\/it\/oblazinjenje-pohistva\/\" \/>\n<meta property=\"og:site_name\" content=\"Avtoprevleke po meri | TECH PLUS\" \/>\n<meta property=\"article:modified_time\" content=\"2024-03-18T09:03:29+00:00\" \/>\n<meta name=\"twitter:card\" content=\"summary_large_image\" \/>\n<meta name=\"twitter:label1\" content=\"Tempo di lettura stimato\" \/>\n\t<meta name=\"twitter:data1\" content=\"1 minuto\" \/>\n<script type=\"application\/ld+json\" class=\"yoast-schema-graph\">{\"@context\":\"https:\\\/\\\/schema.org\",\"@graph\":[{\"@type\":\"WebPage\",\"@id\":\"https:\\\/\\\/avtoprevleke.si\\\/oblazinjenje-pohistva\\\/\",\"url\":\"https:\\\/\\\/avtoprevleke.si\\\/oblazinjenje-pohistva\\\/\",\"name\":\"Oblazinjenje pohi\u0161tva - Avtoprevleke po meri | TECH PLUS\",\"isPartOf\":{\"@id\":\"https:\\\/\\\/avtoprevleke.si\\\/#website\"},\"datePublished\":\"2021-10-07T07:30:55+00:00\",\"dateModified\":\"2024-03-18T09:03:29+00:00\",\"breadcrumb\":{\"@id\":\"https:\\\/\\\/avtoprevleke.si\\\/oblazinjenje-pohistva\\\/#breadcrumb\"},\"inLanguage\":\"it-IT\",\"potentialAction\":[{\"@type\":\"ReadAction\",\"target\":[\"https:\\\/\\\/avtoprevleke.si\\\/oblazinjenje-pohistva\\\/\"]}]},{\"@type\":\"BreadcrumbList\",\"@id\":\"https:\\\/\\\/avtoprevleke.si\\\/oblazinjenje-pohistva\\\/#breadcrumb\",\"itemListElement\":[{\"@type\":\"ListItem\",\"position\":1,\"name\":\"Home\",\"item\":\"https:\\\/\\\/avtoprevleke.si\\\/\"},{\"@type\":\"ListItem\",\"position\":2,\"name\":\"Oblazinjenje pohi\u0161tva\"}]},{\"@type\":\"WebSite\",\"@id\":\"https:\\\/\\\/avtoprevleke.si\\\/#website\",\"url\":\"https:\\\/\\\/avtoprevleke.si\\\/\",\"name\":\"Avtoprevleke po meri | TECH PLUS\",\"description\":\"Tipske avtoprevleke - sede\u017ene prevleke za avto\",\"publisher\":{\"@id\":\"https:\\\/\\\/avtoprevleke.si\\\/#organization\"},\"potentialAction\":[{\"@type\":\"SearchAction\",\"target\":{\"@type\":\"EntryPoint\",\"urlTemplate\":\"https:\\\/\\\/avtoprevleke.si\\\/?s={search_term_string}\"},\"query-input\":{\"@type\":\"PropertyValueSpecification\",\"valueRequired\":true,\"valueName\":\"search_term_string\"}}],\"inLanguage\":\"it-IT\"},{\"@type\":\"Organization\",\"@id\":\"https:\\\/\\\/avtoprevleke.si\\\/#organization\",\"name\":\"Avtoprevleke po meri | TECH PLUS\",\"url\":\"https:\\\/\\\/avtoprevleke.si\\\/\",\"logo\":{\"@type\":\"ImageObject\",\"inLanguage\":\"it-IT\",\"@id\":\"https:\\\/\\\/avtoprevleke.si\\\/#\\\/schema\\\/logo\\\/image\\\/\",\"url\":\"https:\\\/\\\/avtoprevleke.si\\\/wp-content\\\/uploads\\\/2018\\\/09\\\/avtoprevleke-logo.png\",\"contentUrl\":\"https:\\\/\\\/avtoprevleke.si\\\/wp-content\\\/uploads\\\/2018\\\/09\\\/avtoprevleke-logo.png\",\"width\":856,\"height\":330,\"caption\":\"Avtoprevleke po meri | TECH PLUS\"},\"image\":{\"@id\":\"https:\\\/\\\/avtoprevleke.si\\\/#\\\/schema\\\/logo\\\/image\\\/\"}}]}<\/script>\n<!-- \/ Yoast SEO plugin. -->","yoast_head_json":{"title":"Oblazinjenje pohi\u0161tva - Avtoprevleke po meri | TECH PLUS","robots":{"index":"index","follow":"follow","max-snippet":"max-snippet:-1","max-image-preview":"max-image-preview:large","max-video-preview":"max-video-preview:-1"},"canonical":"https:\/\/avtoprevleke.si\/it\/oblazinjenje-pohistva\/","og_locale":"it_IT","og_type":"article","og_title":"Oblazinjenje pohi\u0161tva - Avtoprevleke po meri | TECH PLUS","og_url":"https:\/\/avtoprevleke.si\/it\/oblazinjenje-pohistva\/","og_site_name":"Avtoprevleke po meri | TECH PLUS","article_modified_time":"2024-03-18T09:03:29+00:00","twitter_card":"summary_large_image","twitter_misc":{"Tempo di lettura stimato":"1 minuto"},"schema":{"@context":"https:\/\/schema.org","@graph":[{"@type":"WebPage","@id":"https:\/\/avtoprevleke.si\/oblazinjenje-pohistva\/","url":"https:\/\/avtoprevleke.si\/oblazinjenje-pohistva\/","name":"Oblazinjenje pohi\u0161tva - Avtoprevleke po meri | TECH PLUS","isPartOf":{"@id":"https:\/\/avtoprevleke.si\/#website"},"datePublished":"2021-10-07T07:30:55+00:00","dateModified":"2024-03-18T09:03:29+00:00","breadcrumb":{"@id":"https:\/\/avtoprevleke.si\/oblazinjenje-pohistva\/#breadcrumb"},"inLanguage":"it-IT","potentialAction":[{"@type":"ReadAction","target":["https:\/\/avtoprevleke.si\/oblazinjenje-pohistva\/"]}]},{"@type":"BreadcrumbList","@id":"https:\/\/avtoprevleke.si\/oblazinjenje-pohistva\/#breadcrumb","itemListElement":[{"@type":"ListItem","position":1,"name":"Home","item":"https:\/\/avtoprevleke.si\/"},{"@type":"ListItem","position":2,"name":"Oblazinjenje pohi\u0161tva"}]},{"@type":"WebSite","@id":"https:\/\/avtoprevleke.si\/#website","url":"https:\/\/avtoprevleke.si\/","name":"Avtoprevleke po meri | TECH PLUS","description":"Tipske avtoprevleke - sede\u017ene prevleke za avto","publisher":{"@id":"https:\/\/avtoprevleke.si\/#organization"},"potentialAction":[{"@type":"SearchAction","target":{"@type":"EntryPoint","urlTemplate":"https:\/\/avtoprevleke.si\/?s={search_term_string}"},"query-input":{"@type":"PropertyValueSpecification","valueRequired":true,"valueName":"search_term_string"}}],"inLanguage":"it-IT"},{"@type":"Organization","@id":"https:\/\/avtoprevleke.si\/#organization","name":"Avtoprevleke po meri | TECH PLUS","url":"https:\/\/avtoprevleke.si\/","logo":{"@type":"ImageObject","inLanguage":"it-IT","@id":"https:\/\/avtoprevleke.si\/#\/schema\/logo\/image\/","url":"https:\/\/avtoprevleke.si\/wp-content\/uploads\/2018\/09\/avtoprevleke-logo.png","contentUrl":"https:\/\/avtoprevleke.si\/wp-content\/uploads\/2018\/09\/avtoprevleke-logo.png","width":856,"height":330,"caption":"Avtoprevleke po meri | TECH PLUS"},"image":{"@id":"https:\/\/avtoprevleke.si\/#\/schema\/logo\/image\/"}}]}},"_links":{"self":[{"href":"https:\/\/avtoprevleke.si\/it\/wp-json\/wp\/v2\/pages\/32671","targetHints":{"allow":["GET"]}}],"collection":[{"href":"https:\/\/avtoprevleke.si\/it\/wp-json\/wp\/v2\/pages"}],"about":[{"href":"https:\/\/avtoprevleke.si\/it\/wp-json\/wp\/v2\/types\/page"}],"author":[{"embeddable":true,"href":"https:\/\/avtoprevleke.si\/it\/wp-json\/wp\/v2\/users\/1"}],"replies":[{"embeddable":true,"href":"https:\/\/avtoprevleke.si\/it\/wp-json\/wp\/v2\/comments?post=32671"}],"version-history":[{"count":3,"href":"https:\/\/avtoprevleke.si\/it\/wp-json\/wp\/v2\/pages\/32671\/revisions"}],"predecessor-version":[{"id":34154,"href":"https:\/\/avtoprevleke.si\/it\/wp-json\/wp\/v2\/pages\/32671\/revisions\/34154"}],"wp:attachment":[{"href":"https:\/\/avtoprevleke.si\/it\/wp-json\/wp\/v2\/media?parent=32671"}],"curies":[{"name":"wp","href":"https:\/\/api.w.org\/{rel}","templated":true}]}}