{"id":32667,"date":"2021-10-07T08:22:43","date_gmt":"2021-10-07T07:22:43","guid":{"rendered":"https:\/\/avtoprevleke.si\/?page_id=32667"},"modified":"2024-03-29T08:03:37","modified_gmt":"2024-03-29T07:03:37","slug":"avtotapetnistvo","status":"publish","type":"page","link":"https:\/\/avtoprevleke.si\/it\/avtotapetnistvo\/","title":{"rendered":"Avtotapetni\u0161tvo"},"content":{"rendered":"<h1>Avtotapetni\u0161tvo<\/h1>\n<p>I\u0161\u010dete kakovostno avtotapetni\u0161tvo za va\u0161e vozilo? Pri nas ste na pravem mestu! Ponujamo \u0161irok nabor storitev, ki bodo va\u0161emu avtomobilu povrnile prvotni sijaj in udobje.<\/p>\n<h2>Popravilo in Tapeciranje Avtomobilskih Sede\u017eev<\/h2>\n<p>Ne glede na material &#8211; bodisi blago, umetno usnje ali naravno usnje &#8211; smo strokovnjaki za popravilo in tapiciranje avtomobilskih sede\u017eev. Z na\u0161im izku\u0161enim timom bodo va\u0161i sede\u017ei spet videti kot novi.<\/p>\n<h2>Popravilo in Zamenjava Tapet na Vratih Avtomobila<\/h2>\n<p>Zamenjava ali popravilo tapet na vratih avtomobila je lahko klju\u010dnega pomena za estetiko in udobje va\u0161ega vozila. Pri nas poskrbimo za natan\u010dno izvedbo, ne glede na material tapet.<\/p>\n<h2>Tapiciranje Stropa Avtomobila<\/h2>\n<p>Strop va\u0161ega avtomobila je pomemben del notranje estetike. S tapiciranjem stropa bomo poskrbeli za eleganten videz in udobje med vo\u017enjo.<\/p>\n<h2>Popravilo Sede\u017eev za Motorna Kolesa in Kolesa z Motorjem<\/h2>\n<p>Na\u0161e storitve niso omejene le na avtomobile. Tudi za va\u0161e motorno kolo ali kolo z motorjem imamo prave re\u0161itve. Popravimo in osve\u017eimo sede\u017ee, da bo va\u0161a vo\u017enja udobna in varna.<\/p>\n<h2>Popravilo Sede\u017ea za Traktor, Vili\u010dar in Druge Vozne Stroje<\/h2>\n<p>Tudi va\u0161 traktor ali vili\u010dar zaslu\u017eita udoben sede\u017e! Z na\u0161imi storitvami popravila sede\u017eev bodo va\u0161i delovni stroji spet pripravljeni na dolge ure dela.<\/p>\n<p>Za ve\u010d informacij o na\u0161ih storitvah nas kontaktirajte. Va\u0161e zadovoljstvo je na\u0161a prednostna naloga.<\/p>\n<h2><a href=\"https:\/\/avtoprevleke.si\/it\/kontakt\/\"><strong>KONTAKT<\/strong><\/a><\/h2>\n\n<div class=\"wpcf7 no-js\" id=\"wpcf7-f312-o1\" lang=\"sl-SI\" dir=\"ltr\" data-wpcf7-id=\"312\">\n<div class=\"screen-reader-response\"><p role=\"status\" aria-live=\"polite\" aria-atomic=\"true\"><\/p> <ul><\/ul><\/div>\n<form action=\"\/it\/wp-json\/wp\/v2\/pages\/32667#wpcf7-f312-o1\" method=\"post\" class=\"wpcf7-form init\" aria-label=\"Kontaktni obrazec\" novalidate=\"novalidate\" data-status=\"init\" data-trp-original-action=\"\/it\/wp-json\/wp\/v2\/pages\/32667#wpcf7-f312-o1\">\n<fieldset class=\"hidden-fields-container\"><input type=\"hidden\" name=\"_wpcf7\" value=\"312\" \/><input type=\"hidden\" name=\"_wpcf7_version\" value=\"6.1.5\" \/><input type=\"hidden\" name=\"_wpcf7_locale\" value=\"sl_SI\" \/><input type=\"hidden\" name=\"_wpcf7_unit_tag\" value=\"wpcf7-f312-o1\" \/><input type=\"hidden\" name=\"_wpcf7_container_post\" value=\"0\" \/><input type=\"hidden\" name=\"_wpcf7_posted_data_hash\" value=\"\" \/>\n<\/fieldset>\n<p><label> Ime in Priimek (zahtevano)<br \/>\n<span class=\"wpcf7-form-control-wrap\" data-name=\"your-name\"><input size=\"40\" maxlength=\"400\" class=\"wpcf7-form-control wpcf7-text wpcf7-validates-as-required\" aria-required=\"true\" aria-invalid=\"false\" value=\"\" type=\"text\" name=\"your-name\" \/><\/span> <\/label>\n<\/p>\n<p><label> E-po\u0161ta (zahtevano)<br \/>\n<span class=\"wpcf7-form-control-wrap\" data-name=\"your-email\"><input size=\"40\" maxlength=\"400\" class=\"wpcf7-form-control wpcf7-email wpcf7-validates-as-required wpcf7-text wpcf7-validates-as-email\" aria-required=\"true\" aria-invalid=\"false\" value=\"\" type=\"email\" name=\"your-email\" \/><\/span> <\/label>\n<\/p>\n<p><label> Zadeva<br \/>\n<span class=\"wpcf7-form-control-wrap\" data-name=\"your-subject\"><input size=\"40\" maxlength=\"400\" class=\"wpcf7-form-control wpcf7-text\" aria-invalid=\"false\" value=\"\" type=\"text\" name=\"your-subject\" \/><\/span> <\/label>\n<\/p>\n<p><label> Sporo\u010dilo (zahtevano)<br \/>\n<span class=\"wpcf7-form-control-wrap\" data-name=\"your-message\"><textarea cols=\"40\" rows=\"10\" maxlength=\"2000\" class=\"wpcf7-form-control wpcf7-textarea wpcf7-validates-as-required\" aria-required=\"true\" aria-invalid=\"false\" name=\"your-message\"><\/textarea><\/span> <\/label>\n<\/p>\n<p><input class=\"wpcf7-form-control wpcf7-submit has-spinner\" type=\"submit\" value=\"Po\u0161lji\" \/>\n<\/p><div class=\"wpcf7-response-output\" aria-hidden=\"true\"><\/div>\n<input type=\"hidden\" name=\"trp-form-language\" value=\"it\"\/><\/form>\n<\/div>","protected":false},"excerpt":{"rendered":"","protected":false},"author":1,"featured_media":0,"parent":0,"menu_order":0,"comment_status":"closed","ping_status":"closed","template":"","meta":{"footnotes":""},"class_list":["post-32667","page","type-page","status-publish","hentry"],"yoast_head":"<!-- This site is optimized with the Yoast SEO plugin v27.5 - https:\/\/yoast.com\/product\/yoast-seo-wordpress\/ -->\n<title>Avtotapetni\u0161tvo - Avtoprevleke po meri | TECH PLUS<\/title>\n<meta name=\"robots\" content=\"index, follow, max-snippet:-1, max-image-preview:large, max-video-preview:-1\" \/>\n<link rel=\"canonical\" href=\"https:\/\/avtoprevleke.si\/it\/avtotapetnistvo\/\" \/>\n<meta property=\"og:locale\" content=\"it_IT\" \/>\n<meta property=\"og:type\" content=\"article\" \/>\n<meta property=\"og:title\" content=\"Avtotapetni\u0161tvo - Avtoprevleke po meri | TECH PLUS\" \/>\n<meta property=\"og:url\" content=\"https:\/\/avtoprevleke.si\/it\/avtotapetnistvo\/\" \/>\n<meta property=\"og:site_name\" content=\"Avtoprevleke po meri | TECH PLUS\" \/>\n<meta property=\"article:modified_time\" content=\"2024-03-29T07:03:37+00:00\" \/>\n<meta name=\"twitter:card\" content=\"summary_large_image\" \/>\n<meta name=\"twitter:label1\" content=\"Tempo di lettura stimato\" \/>\n\t<meta name=\"twitter:data1\" content=\"1 minuto\" \/>\n<script type=\"application\/ld+json\" class=\"yoast-schema-graph\">{\"@context\":\"https:\\\/\\\/schema.org\",\"@graph\":[{\"@type\":\"WebPage\",\"@id\":\"https:\\\/\\\/avtoprevleke.si\\\/avtotapetnistvo\\\/\",\"url\":\"https:\\\/\\\/avtoprevleke.si\\\/avtotapetnistvo\\\/\",\"name\":\"Avtotapetni\u0161tvo - Avtoprevleke po meri | TECH PLUS\",\"isPartOf\":{\"@id\":\"https:\\\/\\\/avtoprevleke.si\\\/#website\"},\"datePublished\":\"2021-10-07T07:22:43+00:00\",\"dateModified\":\"2024-03-29T07:03:37+00:00\",\"breadcrumb\":{\"@id\":\"https:\\\/\\\/avtoprevleke.si\\\/avtotapetnistvo\\\/#breadcrumb\"},\"inLanguage\":\"it-IT\",\"potentialAction\":[{\"@type\":\"ReadAction\",\"target\":[\"https:\\\/\\\/avtoprevleke.si\\\/avtotapetnistvo\\\/\"]}]},{\"@type\":\"BreadcrumbList\",\"@id\":\"https:\\\/\\\/avtoprevleke.si\\\/avtotapetnistvo\\\/#breadcrumb\",\"itemListElement\":[{\"@type\":\"ListItem\",\"position\":1,\"name\":\"Home\",\"item\":\"https:\\\/\\\/avtoprevleke.si\\\/\"},{\"@type\":\"ListItem\",\"position\":2,\"name\":\"Avtotapetni\u0161tvo\"}]},{\"@type\":\"WebSite\",\"@id\":\"https:\\\/\\\/avtoprevleke.si\\\/#website\",\"url\":\"https:\\\/\\\/avtoprevleke.si\\\/\",\"name\":\"Avtoprevleke po meri | TECH PLUS\",\"description\":\"Tipske avtoprevleke - sede\u017ene prevleke za avto\",\"publisher\":{\"@id\":\"https:\\\/\\\/avtoprevleke.si\\\/#organization\"},\"potentialAction\":[{\"@type\":\"SearchAction\",\"target\":{\"@type\":\"EntryPoint\",\"urlTemplate\":\"https:\\\/\\\/avtoprevleke.si\\\/?s={search_term_string}\"},\"query-input\":{\"@type\":\"PropertyValueSpecification\",\"valueRequired\":true,\"valueName\":\"search_term_string\"}}],\"inLanguage\":\"it-IT\"},{\"@type\":\"Organization\",\"@id\":\"https:\\\/\\\/avtoprevleke.si\\\/#organization\",\"name\":\"Avtoprevleke po meri | TECH PLUS\",\"url\":\"https:\\\/\\\/avtoprevleke.si\\\/\",\"logo\":{\"@type\":\"ImageObject\",\"inLanguage\":\"it-IT\",\"@id\":\"https:\\\/\\\/avtoprevleke.si\\\/#\\\/schema\\\/logo\\\/image\\\/\",\"url\":\"https:\\\/\\\/avtoprevleke.si\\\/wp-content\\\/uploads\\\/2018\\\/09\\\/avtoprevleke-logo.png\",\"contentUrl\":\"https:\\\/\\\/avtoprevleke.si\\\/wp-content\\\/uploads\\\/2018\\\/09\\\/avtoprevleke-logo.png\",\"width\":856,\"height\":330,\"caption\":\"Avtoprevleke po meri | TECH PLUS\"},\"image\":{\"@id\":\"https:\\\/\\\/avtoprevleke.si\\\/#\\\/schema\\\/logo\\\/image\\\/\"}}]}<\/script>\n<!-- \/ Yoast SEO plugin. -->","yoast_head_json":{"title":"Avtotapetni\u0161tvo - Avtoprevleke po meri | TECH PLUS","robots":{"index":"index","follow":"follow","max-snippet":"max-snippet:-1","max-image-preview":"max-image-preview:large","max-video-preview":"max-video-preview:-1"},"canonical":"https:\/\/avtoprevleke.si\/it\/avtotapetnistvo\/","og_locale":"it_IT","og_type":"article","og_title":"Avtotapetni\u0161tvo - Avtoprevleke po meri | TECH PLUS","og_url":"https:\/\/avtoprevleke.si\/it\/avtotapetnistvo\/","og_site_name":"Avtoprevleke po meri | TECH PLUS","article_modified_time":"2024-03-29T07:03:37+00:00","twitter_card":"summary_large_image","twitter_misc":{"Tempo di lettura stimato":"1 minuto"},"schema":{"@context":"https:\/\/schema.org","@graph":[{"@type":"WebPage","@id":"https:\/\/avtoprevleke.si\/avtotapetnistvo\/","url":"https:\/\/avtoprevleke.si\/avtotapetnistvo\/","name":"Avtotapetni\u0161tvo - Avtoprevleke po meri | TECH PLUS","isPartOf":{"@id":"https:\/\/avtoprevleke.si\/#website"},"datePublished":"2021-10-07T07:22:43+00:00","dateModified":"2024-03-29T07:03:37+00:00","breadcrumb":{"@id":"https:\/\/avtoprevleke.si\/avtotapetnistvo\/#breadcrumb"},"inLanguage":"it-IT","potentialAction":[{"@type":"ReadAction","target":["https:\/\/avtoprevleke.si\/avtotapetnistvo\/"]}]},{"@type":"BreadcrumbList","@id":"https:\/\/avtoprevleke.si\/avtotapetnistvo\/#breadcrumb","itemListElement":[{"@type":"ListItem","position":1,"name":"Home","item":"https:\/\/avtoprevleke.si\/"},{"@type":"ListItem","position":2,"name":"Avtotapetni\u0161tvo"}]},{"@type":"WebSite","@id":"https:\/\/avtoprevleke.si\/#website","url":"https:\/\/avtoprevleke.si\/","name":"Avtoprevleke po meri | TECH PLUS","description":"Tipske avtoprevleke - sede\u017ene prevleke za avto","publisher":{"@id":"https:\/\/avtoprevleke.si\/#organization"},"potentialAction":[{"@type":"SearchAction","target":{"@type":"EntryPoint","urlTemplate":"https:\/\/avtoprevleke.si\/?s={search_term_string}"},"query-input":{"@type":"PropertyValueSpecification","valueRequired":true,"valueName":"search_term_string"}}],"inLanguage":"it-IT"},{"@type":"Organization","@id":"https:\/\/avtoprevleke.si\/#organization","name":"Avtoprevleke po meri | TECH PLUS","url":"https:\/\/avtoprevleke.si\/","logo":{"@type":"ImageObject","inLanguage":"it-IT","@id":"https:\/\/avtoprevleke.si\/#\/schema\/logo\/image\/","url":"https:\/\/avtoprevleke.si\/wp-content\/uploads\/2018\/09\/avtoprevleke-logo.png","contentUrl":"https:\/\/avtoprevleke.si\/wp-content\/uploads\/2018\/09\/avtoprevleke-logo.png","width":856,"height":330,"caption":"Avtoprevleke po meri | TECH PLUS"},"image":{"@id":"https:\/\/avtoprevleke.si\/#\/schema\/logo\/image\/"}}]}},"_links":{"self":[{"href":"https:\/\/avtoprevleke.si\/it\/wp-json\/wp\/v2\/pages\/32667","targetHints":{"allow":["GET"]}}],"collection":[{"href":"https:\/\/avtoprevleke.si\/it\/wp-json\/wp\/v2\/pages"}],"about":[{"href":"https:\/\/avtoprevleke.si\/it\/wp-json\/wp\/v2\/types\/page"}],"author":[{"embeddable":true,"href":"https:\/\/avtoprevleke.si\/it\/wp-json\/wp\/v2\/users\/1"}],"replies":[{"embeddable":true,"href":"https:\/\/avtoprevleke.si\/it\/wp-json\/wp\/v2\/comments?post=32667"}],"version-history":[{"count":8,"href":"https:\/\/avtoprevleke.si\/it\/wp-json\/wp\/v2\/pages\/32667\/revisions"}],"predecessor-version":[{"id":34175,"href":"https:\/\/avtoprevleke.si\/it\/wp-json\/wp\/v2\/pages\/32667\/revisions\/34175"}],"wp:attachment":[{"href":"https:\/\/avtoprevleke.si\/it\/wp-json\/wp\/v2\/media?parent=32667"}],"curies":[{"name":"wp","href":"https:\/\/api.w.org\/{rel}","templated":true}]}}