{"id":3,"date":"2018-08-08T17:45:25","date_gmt":"2018-08-08T17:45:25","guid":{"rendered":"https:\/\/avtoprevleke.si\/?page_id=3"},"modified":"2024-07-24T13:16:51","modified_gmt":"2024-07-24T12:16:51","slug":"privacy-policy","status":"publish","type":"page","link":"https:\/\/avtoprevleke.si\/it\/privacy-policy\/","title":{"rendered":"Pogoji poslovanja"},"content":{"rendered":"<h1>POGOJI POSLOVANJA<\/h1>\n<p>\u00a0<\/p>\n<h1>Pogoji uporabe<\/h1>\n<p>Splo\u0161ni pogoji poslovanja spletne trgovine\u00a0<strong>avtoprevleke.si<\/strong><\/p>\n<h2>Upravitelj<\/h2>\n<p><strong>avtoprevleke.si<\/strong>\u00a0(v nadaljevanju &#8220;<strong>spletna trgovina<\/strong>&#8220;) je spletna stran, katere lastnik in upravitelj je podjetje\u00a0<strong>TECH PLUS d.o.o.,<\/strong>\u00a0(v nadaljevanju &#8220;<strong>ponudnik<\/strong>&#8220;).<\/p>\n<p>Ob prijavi v sistem spletne trgovine, obiskovalec (v nadaljevanju &#8220;<strong>uporabnik<\/strong>&#8220;) pridobi uporabni\u0161ko ime in geslo, s katerima ob vsakem obisku spletne trgovine dostopa do svojega ra\u010duna oziroma pridobi pravico do nakupa. Uporabni\u0161ko ime in geslo uporabnika nedvoumno dolo\u010data in povezujeta z vnesenimi podatki. Splo\u0161ni pogoji poslovanja obravnavajo delovanje spletne trgovine, pravice uporabnika ter poslovni odnos med lastnikom spletne trgovine in potro\u0161nikom.<\/p>\n<h2>Pogoji sodelovanja<\/h2>\n<p>Z uporabo te spletne strani se uporabnik strinja s splo\u0161nimi pogoji poslovanja. Uporabnik je obvezan vna\u0161ati samo to\u010dne, resni\u010dne in a\u017eurne podatke. Neto\u010dne in neresni\u010dne podatke bomo obravnavali kot zlorabo, in jo predali ustrezni pravni slu\u017ebi.\u00a0Podatke pridobljene preko spletnih obrazcev in pri naro\u010danju, bomo uporabili le v namene poslovanja podjetja TECH PLUS d.o.o..<\/p>\n<h2>Spletni katalog, artikli in cenik<\/h2>\n<p>Spletni katalog vsebuje aktualno ponudbo iz na\u0161ega prodajnega programa s potrebnimi podatki.<br \/>Vse fotografije artiklov so simboli\u010dne in ne zagotavljajo lastnosti izdelka.<br \/>Cene v ceniku so v EUR in vsebujejo DDV. Cene veljajo na dan naro\u010dila blaga.<\/p>\n<p><strong>Komunikacija in elektronska obvestila<\/strong><\/p>\n<p><strong>Ponudnik si pridr\u017euje pravico, da uporabnika pokli\u010de na njegovo telefonsko \u0161tevilko,\u00a0<\/strong>v primeru, da je to potrebno za izvedbo naro\u010dila ali re\u0161evanje te\u017eav v povezavi z uporabnikom.<\/p>\n<p>Ponudnik si pridr\u017euje pravico uporabnike po e-po\u0161ti obve\u0161\u010dati o novostih povezanih s ponudbo ali delovanjem spletne trgovine, vendar le v primeru, da temu uporabnik izrecno ne nasprotuje.<\/p>\n<h2>NARO\u010cILO BLAGA<\/h2>\n<p>\u017deljeno blago uporabnik naro\u010di elektronsko preko spletnega kataloga oz. naro\u010dilnice, preko e-po\u0161tnega naslova:\u00a0<a href=\"mailto:info@techplus.si?subject=Narocilo\">info@techplus.si<\/a>,\u00a0ali preko telefona na podlagi cenika. Podatki o sklenjeni pogodbi oziroma o oddanem naro\u010dilu bodo shranjeni pri ponudniku. Pogodba se lahko sklene v slovenskem jeziku. Pogodbo oziroma naro\u010dilo lahko sklenete po telefonu, elektronski po\u0161ti ali z uporabo spletne trgovine. Popravke ali dodatke k naro\u010dilu nam lahko sporo\u010dite telefonsko (med delovnim \u010dasom) ali pa po\u0161ljete po elektronski po\u0161ti, v roku dveh ur od oddaje naro\u010dila.<\/p>\n<p><strong>KORAKI NAKUPA &#8211; SKLENITEV POGODBE ALI NARO\u010cILA<\/strong><\/p>\n<p>Pred za\u010detkom naro\u010dila se mora obiskovalec spletne trgovine registrirati kot uporabnik.<br \/>Po registraciji lahko uporabnik za\u010dne postopek naro\u010dila.<br \/>Ko uporabnik v katalogu spletne trgovine najde artikel, ki ga \u017eeli naro\u010diti, ga vstavi v ko\u0161arico, s klikom na gumb &#8220;v ko\u0161aro&#8221;.<\/p>\n<p><strong>Koraki nakupa iz ko\u0161arice:<\/strong><\/p>\n<ul>\n<li>Uporabnik v ko\u0161arici izbere koli\u010dino artiklov katere \u017eeli naro\u010diti, ter jih potrdi s klikom na gumb &#8220;na blagajno&#8221;<\/li>\n<li>Uporabnik nato izbere naslov pla\u010dnika<\/li>\n<li>Uporabnik izbere naslov in na\u010din dostave<\/li>\n<li>Uporabnik izbere na\u010din pla\u010dila izbranega blaga<\/li>\n<li>Uporabnik potrdi, da se strinja s pogoji poslovanja, v nasprotnem primeru ni mogo\u010de zaklju\u010diti naro\u010dila<\/li>\n<li>Uporabnik \u0161e zadnji\u010d pred oddajo pregleda naro\u010dilo in ga potrdi s klikom na gumb &#8220;Potrdi naro\u010dilo&#8221;.<\/li>\n<\/ul>\n<p>Po zadnjem koraku je naro\u010dilo zaklju\u010deno in oddano. Po oddaji naro\u010dila dobi uporabnik elektronsko sporo\u010dilo s potrditvijo in podatki o naro\u010dilu.<\/p>\n<p><strong>Naro\u010dilo potrjeno &#8211; pogodba sklenjena<\/strong><\/p>\n<p>Najkasneje v roku 48 ur ponudnik pregleda naro\u010dilo, preveri dobavljivost izdelka ter potrdi naro\u010dilo oziroma ga zavrne. V primeru, da se cena v \u010dasu obdelave naro\u010dila spremeni, se ponudnik zavezuje, da bo poizkusil ponuditi uporabniku ni\u017ejo ceno ali ponuditi ustrezno re\u0161itev, ki bi bila obojestransko zadovoljiva. Pogodba med ponudnikom in uporabnikom je v primeru potrditve naro\u010dila s sporo\u010dilom &#8220;Naro\u010dilo potrjeno&#8221; nepreklicno sklenjena, v primeru zavrnitve naro\u010dila pa pogodba ni sklenjena.\u00a0Ko gre za izdelke po naro\u010dilu, ni vra\u010dila, tako da pred naro\u010dilom prosimo \u0161e enkrat preverite model avtomobila, da ne pride do nepotrebnih te\u017eav.<\/p>\n<h2>STATUS NARO\u010cILA<\/h2>\n<p>Uporabnik lahko prekli\u010de naro\u010dilo<strong>\u00a0v roku dveh ur po oddaji naro\u010dila<\/strong>\u00a0po elektronski po\u0161ti ali telefonu.<\/p>\n<h2>DOBAVA \/ DOSTAVA BLAGA<\/h2>\n<p>Ponudnik v obljubljenem roku zapakira in odpo\u0161lje blago s prilo\u017eenim originalnim ra\u010dunom, morebitnimi navodili in garancijskim listom. Kupcu naro\u010deno blago dostavi ponudnikov izbrani servis za dostavo. Naro\u010dene artikle Vam lahko preko pogodbene dostavljalne slu\u017ebe dostavimo na dom. Dostava se vr\u0161i na naslov, ki ga vnesete ob oddaji naro\u010dila. Poleg primarnega naslova lahko dolo\u010dite dodaten naslov, \u010de \u017eelite, da bo blago dostavljeno na naslov druga\u010den od naslova pla\u010dnika. Rok dobave izdelkov je ponavadi 2-3 dni, \u017eal pa je odvisen seveda od dobavitelja posameznega artikla. \u010ce ob naro\u010dilu katerega od naro\u010denih artiklov trenutno ni na zalogi, bo po\u0161iljka odpremljena v najkraj\u0161em mo\u017enem \u010dasu, to je tisti dan, ko bodo artikli na zalogi. \u010ce kupcu datum naknadno sporo\u010dene predvidene dobave ne ustreza, se s ponudnikom dogovorita o ustrezni re\u0161itvi, ki bi bila obojestransko zadovoljiva.<\/p>\n<h2>Cena dostave<\/h2>\n<p>Vsi stro\u0161ki dostave ter stro\u0161ki pakiranja se \u017ee obra\u010dunajo v postopku nakupovanja in se izpi\u0161ejo v naro\u010dilnici\/ra\u010dunu.<\/p>\n<p>Stro\u0161ek dostave v Sloveniji zna\u0161a <strong>5,60 EUR<\/strong>, s pla\u010dilom po povzetju pa <strong>6,99 EUR<\/strong>.<\/p>\n<h2>PRAVICA DO ODSTOPA OD POGODBE<\/h2>\n<p>Kupec ima pravico, da v 15 dneh od prevzema blaga prodajalcu sporo\u010di, da odstopa od pogodbe ali naro\u010dila, ne da bi mu bilo treba navesti razlog za svojo odlo\u010ditev. Uporabnik lahko o namenu vra\u010dila blaga ponudnika obvesti preko spletnega obrazca (ta se nahaja v avtoprevleke.si\/kontakt), preko elektronske po\u0161te ali preko telefona. Edini stro\u0161ek, ki bremeni kupca v zvezi z odstopom od pogodbe, je neposreden stro\u0161ek vra\u010dila blaga. Blago mora kupec vrniti prodajalcu najkasneje v 30 dneh po sporo\u010dilu o odstopu od pogodbe. Kupec, ki od pogodbe ali naro\u010dila odstopi, mora blago vrniti\u00a0<strong>nepo\u0161kodovano<\/strong>,\u00a0<strong>v originalni embala\u017ei\u00a0<\/strong>in\u00a0<strong>v nespremenjeni koli\u010dini\u00a0<\/strong>in ga poslati prodajalcu.\u00a0<strong>Vra\u010dilo \u017ee montiranih artiklov ni mo\u017eno!\u00a0<\/strong>Po\u0161iljk z odkupnino\u00a0ne sprejemamo<strong>!\u00a0Ko gre za izdelke po naro\u010dilu, ni vra\u010dila, tako da pred naro\u010dilom prosimo \u0161e enkrat preverite model avtomobila, da ne pride do nepotrebnih te\u017eav.<\/strong><\/p>\n<h2>VRA\u010cILO KUPNINE<\/h2>\n<p>\u010ce je kupec od naro\u010dila ali pogodbe odstopil skladno s pogoji za odstop, mu je prodajalec dol\u017ean vrniti vpla\u010dano kupnino na kup\u010dev TRR.<\/p>\n<h2>IZDAJA RA\u010cUNA, SKLENITEV POGODBE IN PLA\u010cILO BLAGA<\/h2>\n<p>Podjetje TECH PLUS d.o.o. izda ra\u010dun za naro\u010deno blago, kupcu ob dobavi blaga poleg prilo\u017eenega ra\u010duna dostavi \u0161e ostalo potrebno dokumentacijo. Naro\u010deno blago, ki je na zalogi kupec pla\u010da s predpla\u010dilom. Naro\u010deno blago je v lasti podjetja TECH PLUS d.o.o. do pla\u010dila celotne kupnine.<\/p>\n<h2>NA\u010cINI PLA\u010cILA<\/h2>\n<p>Spletna trgovina omogo\u010da naslednje na\u010dine pla\u010dila:<\/p>\n<ul>\n<li>Pla\u010dilo na teko\u010di ra\u010dun spletne trgovine (<strong>pla\u010dilo po predra\u010dunu<\/strong>)<\/li>\n<li>Maestro\/Mastercard\/VISA<\/li>\n<\/ul>\n<h2>CENE IN NJIHOVA VELJAVNOST<\/h2>\n<p><strong>Cene veljajo v trenutku oddaje naro\u010dila<\/strong>\u00a0in nimajo v naprej dolo\u010dene veljavnosti.<\/p>\n<p>Cene veljajo v primeru pla\u010dila z zgoraj navedenimi na\u010dini pla\u010dila.<br \/>Kljub izjemnim naporom, da bi zagotovili najbolj a\u017eurne in to\u010dne podatke, se lahko zgodi, da je podatek o ceni napa\u010den. V tem primeru, ali v primeru, da se cena artikla spremeni med obdelavo naro\u010dila, bo ponudnik kupcu omogo\u010dil odstop od nakupa, hkrati pa bo ponudnik kupcu ponudil re\u0161itev, ki bo \u0161la v obojestransko zadovoljstvo.<\/p>\n<p>Kupoprodajna pogodba med ponudnikom in kupcem je sklenjena v trenutku, ko ponudnik potrdi naro\u010dilo (kupec prejme elektronsko sporo\u010dilo o statusu Naro\u010dilo potrjeno). Od tega trenutka so vse cene in drugi pogoji fiksirani in veljajo tako za ponudnika, kot za kupca.<\/p>\n<h2>PRAVNO OBVESTILO<\/h2>\n<p>Vsebine, objavljene na spletnih straneh\u00a0<a href=\"https:\/\/avtoprevleke.si\/it\/\">avtoprevleke.si<\/a>, so last podjetja TECH PLUS d.o.o. in dobaviteljev in se lahko uporabljajo le v nekomercialne namene, kjer pa morajo biti ohranjena vsa navedena opozorila o avtorskih pravicah in se torej ne smejo prepisovati, razmno\u017eevati ali kako druga\u010de raz\u0161irjati. Podjetje TECH PLUS d.o.o. se bo trudilo, da bodo spletne vsebine to\u010dne in a\u017eurne in ni odgovorno za ob\u010dasno nedelovanje strani, morebitno neto\u010dnost informacij in tudi ne za morebitno \u0161kodo nastalo zaradi uporabe neto\u010dnih ali nepopolnih informacij. Niti podjetje TECH PLUS d.o.o. niti katera koli druga pravna ali fizi\u010dna oseba, ki je sodelovala pri nastanku in izdelavi teh spletnih strani, zato ne odgovarja za nobeno \u0161kodo, ki bi izhajala iz dostopa do, uporabe ali nemo\u017enosti uporabe informacij na teh spletnih straneh ali za kakr\u0161ne koli napake ali pomanjkljivosti v njihovi vsebini. Prav tako si podjetje TECH PLUS d.o.o. pridr\u017euje pravico do sprememb vsebin brez predhodnega opozorila.<\/p>\n<h2>PRAVNO VARSTVO<\/h2>\n<p>Za ostale pogoje, ki niso navedeni v splo\u0161nih pogojih poslovanja, veljajo dolo\u010dila po veljavni ustrezni zakonodaji.<\/p>\n<h2>Pomo\u010d uporabnikom<\/h2>\n<p>Za vpra\u0161anja glede pla\u010dil, artiklov, reklamacij ter glede same trgovine nas lahko kontaktirate kadarkoli preko e-po\u0161te, med delovnim \u010dasom pa tudi na na\u0161i telefonski \u0161tevilki.<\/p>\n<p>Email:\u00a0<a href=\"mailto:info@techplus.si?subject=Povpra%C5%A1evanje\">info@techplus.si<\/a><\/p>\n<p>Telefon:\u00a0<strong>041 589 022<\/strong><\/p>","protected":false},"excerpt":{"rendered":"","protected":false},"author":1,"featured_media":0,"parent":0,"menu_order":0,"comment_status":"closed","ping_status":"open","template":"","meta":{"footnotes":""},"class_list":["post-3","page","type-page","status-publish","hentry"],"yoast_head":"<!-- This site is optimized with the Yoast SEO plugin v27.5 - https:\/\/yoast.com\/product\/yoast-seo-wordpress\/ -->\n<title>Pogoji poslovanja - Avtoprevleke po meri | TECH PLUS<\/title>\n<meta name=\"robots\" content=\"index, follow, max-snippet:-1, max-image-preview:large, max-video-preview:-1\" \/>\n<link rel=\"canonical\" href=\"https:\/\/avtoprevleke.si\/it\/privacy-policy\/\" \/>\n<meta property=\"og:locale\" content=\"it_IT\" \/>\n<meta property=\"og:type\" content=\"article\" \/>\n<meta property=\"og:title\" content=\"Pogoji poslovanja - Avtoprevleke po meri | TECH PLUS\" \/>\n<meta property=\"og:url\" content=\"https:\/\/avtoprevleke.si\/it\/privacy-policy\/\" \/>\n<meta property=\"og:site_name\" content=\"Avtoprevleke po meri | TECH PLUS\" \/>\n<meta property=\"article:modified_time\" content=\"2024-07-24T12:16:51+00:00\" \/>\n<meta name=\"twitter:card\" content=\"summary_large_image\" \/>\n<meta name=\"twitter:label1\" content=\"Tempo di lettura stimato\" \/>\n\t<meta name=\"twitter:data1\" content=\"8 minuti\" \/>\n<script type=\"application\/ld+json\" class=\"yoast-schema-graph\">{\"@context\":\"https:\\\/\\\/schema.org\",\"@graph\":[{\"@type\":\"WebPage\",\"@id\":\"https:\\\/\\\/avtoprevleke.si\\\/privacy-policy\\\/\",\"url\":\"https:\\\/\\\/avtoprevleke.si\\\/privacy-policy\\\/\",\"name\":\"Pogoji poslovanja - Avtoprevleke po meri | TECH PLUS\",\"isPartOf\":{\"@id\":\"https:\\\/\\\/avtoprevleke.si\\\/#website\"},\"datePublished\":\"2018-08-08T17:45:25+00:00\",\"dateModified\":\"2024-07-24T12:16:51+00:00\",\"breadcrumb\":{\"@id\":\"https:\\\/\\\/avtoprevleke.si\\\/privacy-policy\\\/#breadcrumb\"},\"inLanguage\":\"it-IT\",\"potentialAction\":[{\"@type\":\"ReadAction\",\"target\":[\"https:\\\/\\\/avtoprevleke.si\\\/privacy-policy\\\/\"]}]},{\"@type\":\"BreadcrumbList\",\"@id\":\"https:\\\/\\\/avtoprevleke.si\\\/privacy-policy\\\/#breadcrumb\",\"itemListElement\":[{\"@type\":\"ListItem\",\"position\":1,\"name\":\"Home\",\"item\":\"https:\\\/\\\/avtoprevleke.si\\\/\"},{\"@type\":\"ListItem\",\"position\":2,\"name\":\"Pogoji poslovanja\"}]},{\"@type\":\"WebSite\",\"@id\":\"https:\\\/\\\/avtoprevleke.si\\\/#website\",\"url\":\"https:\\\/\\\/avtoprevleke.si\\\/\",\"name\":\"Avtoprevleke po meri | TECH PLUS\",\"description\":\"Tipske avtoprevleke - sede\u017ene prevleke za avto\",\"publisher\":{\"@id\":\"https:\\\/\\\/avtoprevleke.si\\\/#organization\"},\"potentialAction\":[{\"@type\":\"SearchAction\",\"target\":{\"@type\":\"EntryPoint\",\"urlTemplate\":\"https:\\\/\\\/avtoprevleke.si\\\/?s={search_term_string}\"},\"query-input\":{\"@type\":\"PropertyValueSpecification\",\"valueRequired\":true,\"valueName\":\"search_term_string\"}}],\"inLanguage\":\"it-IT\"},{\"@type\":\"Organization\",\"@id\":\"https:\\\/\\\/avtoprevleke.si\\\/#organization\",\"name\":\"Avtoprevleke po meri | TECH PLUS\",\"url\":\"https:\\\/\\\/avtoprevleke.si\\\/\",\"logo\":{\"@type\":\"ImageObject\",\"inLanguage\":\"it-IT\",\"@id\":\"https:\\\/\\\/avtoprevleke.si\\\/#\\\/schema\\\/logo\\\/image\\\/\",\"url\":\"https:\\\/\\\/avtoprevleke.si\\\/wp-content\\\/uploads\\\/2018\\\/09\\\/avtoprevleke-logo.png\",\"contentUrl\":\"https:\\\/\\\/avtoprevleke.si\\\/wp-content\\\/uploads\\\/2018\\\/09\\\/avtoprevleke-logo.png\",\"width\":856,\"height\":330,\"caption\":\"Avtoprevleke po meri | TECH PLUS\"},\"image\":{\"@id\":\"https:\\\/\\\/avtoprevleke.si\\\/#\\\/schema\\\/logo\\\/image\\\/\"}}]}<\/script>\n<!-- \/ Yoast SEO plugin. -->","yoast_head_json":{"title":"Pogoji poslovanja - Avtoprevleke po meri | TECH PLUS","robots":{"index":"index","follow":"follow","max-snippet":"max-snippet:-1","max-image-preview":"max-image-preview:large","max-video-preview":"max-video-preview:-1"},"canonical":"https:\/\/avtoprevleke.si\/it\/privacy-policy\/","og_locale":"it_IT","og_type":"article","og_title":"Pogoji poslovanja - Avtoprevleke po meri | TECH PLUS","og_url":"https:\/\/avtoprevleke.si\/it\/privacy-policy\/","og_site_name":"Avtoprevleke po meri | TECH PLUS","article_modified_time":"2024-07-24T12:16:51+00:00","twitter_card":"summary_large_image","twitter_misc":{"Tempo di lettura stimato":"8 minuti"},"schema":{"@context":"https:\/\/schema.org","@graph":[{"@type":"WebPage","@id":"https:\/\/avtoprevleke.si\/privacy-policy\/","url":"https:\/\/avtoprevleke.si\/privacy-policy\/","name":"Pogoji poslovanja - Avtoprevleke po meri | TECH PLUS","isPartOf":{"@id":"https:\/\/avtoprevleke.si\/#website"},"datePublished":"2018-08-08T17:45:25+00:00","dateModified":"2024-07-24T12:16:51+00:00","breadcrumb":{"@id":"https:\/\/avtoprevleke.si\/privacy-policy\/#breadcrumb"},"inLanguage":"it-IT","potentialAction":[{"@type":"ReadAction","target":["https:\/\/avtoprevleke.si\/privacy-policy\/"]}]},{"@type":"BreadcrumbList","@id":"https:\/\/avtoprevleke.si\/privacy-policy\/#breadcrumb","itemListElement":[{"@type":"ListItem","position":1,"name":"Home","item":"https:\/\/avtoprevleke.si\/"},{"@type":"ListItem","position":2,"name":"Pogoji poslovanja"}]},{"@type":"WebSite","@id":"https:\/\/avtoprevleke.si\/#website","url":"https:\/\/avtoprevleke.si\/","name":"Avtoprevleke po meri | TECH PLUS","description":"Tipske avtoprevleke - sede\u017ene prevleke za avto","publisher":{"@id":"https:\/\/avtoprevleke.si\/#organization"},"potentialAction":[{"@type":"SearchAction","target":{"@type":"EntryPoint","urlTemplate":"https:\/\/avtoprevleke.si\/?s={search_term_string}"},"query-input":{"@type":"PropertyValueSpecification","valueRequired":true,"valueName":"search_term_string"}}],"inLanguage":"it-IT"},{"@type":"Organization","@id":"https:\/\/avtoprevleke.si\/#organization","name":"Avtoprevleke po meri | TECH PLUS","url":"https:\/\/avtoprevleke.si\/","logo":{"@type":"ImageObject","inLanguage":"it-IT","@id":"https:\/\/avtoprevleke.si\/#\/schema\/logo\/image\/","url":"https:\/\/avtoprevleke.si\/wp-content\/uploads\/2018\/09\/avtoprevleke-logo.png","contentUrl":"https:\/\/avtoprevleke.si\/wp-content\/uploads\/2018\/09\/avtoprevleke-logo.png","width":856,"height":330,"caption":"Avtoprevleke po meri | TECH PLUS"},"image":{"@id":"https:\/\/avtoprevleke.si\/#\/schema\/logo\/image\/"}}]}},"_links":{"self":[{"href":"https:\/\/avtoprevleke.si\/it\/wp-json\/wp\/v2\/pages\/3","targetHints":{"allow":["GET"]}}],"collection":[{"href":"https:\/\/avtoprevleke.si\/it\/wp-json\/wp\/v2\/pages"}],"about":[{"href":"https:\/\/avtoprevleke.si\/it\/wp-json\/wp\/v2\/types\/page"}],"author":[{"embeddable":true,"href":"https:\/\/avtoprevleke.si\/it\/wp-json\/wp\/v2\/users\/1"}],"replies":[{"embeddable":true,"href":"https:\/\/avtoprevleke.si\/it\/wp-json\/wp\/v2\/comments?post=3"}],"version-history":[{"count":3,"href":"https:\/\/avtoprevleke.si\/it\/wp-json\/wp\/v2\/pages\/3\/revisions"}],"predecessor-version":[{"id":34255,"href":"https:\/\/avtoprevleke.si\/it\/wp-json\/wp\/v2\/pages\/3\/revisions\/34255"}],"wp:attachment":[{"href":"https:\/\/avtoprevleke.si\/it\/wp-json\/wp\/v2\/media?parent=3"}],"curies":[{"name":"wp","href":"https:\/\/api.w.org\/{rel}","templated":true}]}}