{"id":29692,"date":"2018-09-25T21:08:11","date_gmt":"2018-09-25T20:08:11","guid":{"rendered":"https:\/\/avtoprevleke.si\/?page_id=29692"},"modified":"2018-10-23T18:07:57","modified_gmt":"2018-10-23T17:07:57","slug":"piskotki","status":"publish","type":"page","link":"https:\/\/avtoprevleke.si\/it\/piskotki\/","title":{"rendered":"Biscotti"},"content":{"rendered":"<h1>Biscotti<\/h1>\n<p>Ta stran uporablja pi\u0161kotke \u2013 majhne besedilne datoteke, ki so name\u0161\u010dene na va\u0161em ra\u010dunalniku in pomagajo mestu zagotoviti bolj\u0161o uporabni\u0161ko izku\u0161njo. Na splo\u0161no se pi\u0161kotki uporabljajo za ohranjanje uporabni\u0161kih nastavitev, shranjevanje informacij za stvari, kot so nakupovalni vozi\u010dki, in anonimnim podatkom za sledenje aplikacijam tretjih oseb, kot je Google Analytics. Pi\u0161kotki praviloma izbolj\u0161ajo izku\u0161njo brskanja. Vendar pa morda \u017eelite onemogo\u010diti pi\u0161kotke na tej spletni strani in na drugih. Naju\u010dinkovitej\u0161i na\u010din je onemogo\u010diti pi\u0161kotke v va\u0161em brskalniku. Predlagamo vam, da se posvetujete s poglavjem Pomo\u010d v va\u0161em brskalniku ali si ogledate <a href=\"http:\/\/www.aboutcookies.org\">spletno mesto o pi\u0161kotkih<\/a>, ki ponuja navodila za vse sodobne brskalnike.<\/p>","protected":false},"excerpt":{"rendered":"<p>Pi\u0161kotki Ta stran uporablja pi\u0161kotke \u2013 majhne besedilne datoteke, ki so name\u0161\u010dene na va\u0161em ra\u010dunalniku in pomagajo mestu zagotoviti bolj\u0161o uporabni\u0161ko izku\u0161njo. Na splo\u0161no se pi\u0161kotki uporabljajo za ohranjanje uporabni\u0161kih nastavitev, shranjevanje informacij za stvari, kot so nakupovalni vozi\u010dki, in anonimnim podatkom za sledenje aplikacijam tretjih oseb, kot je Google Analytics. Pi\u0161kotki praviloma izbolj\u0161ajo izku\u0161njo [&#8230;]\n","protected":false},"author":1,"featured_media":0,"parent":0,"menu_order":0,"comment_status":"closed","ping_status":"closed","template":"","meta":{"footnotes":""},"class_list":["post-29692","page","type-page","status-publish","hentry"],"yoast_head":"<!-- This site is optimized with the Yoast SEO plugin v27.6 - https:\/\/yoast.com\/product\/yoast-seo-wordpress\/ -->\n<title>Pi\u0161kotki - Avtoprevleke po meri | TECH PLUS<\/title>\n<meta name=\"robots\" content=\"index, follow, max-snippet:-1, max-image-preview:large, max-video-preview:-1\" \/>\n<link rel=\"canonical\" href=\"https:\/\/avtoprevleke.si\/it\/piskotki\/\" \/>\n<meta property=\"og:locale\" content=\"it_IT\" \/>\n<meta property=\"og:type\" content=\"article\" \/>\n<meta property=\"og:title\" content=\"Pi\u0161kotki - Avtoprevleke po meri | TECH PLUS\" \/>\n<meta property=\"og:description\" content=\"Pi\u0161kotki Ta stran uporablja pi\u0161kotke \u2013 majhne besedilne datoteke, ki so name\u0161\u010dene na va\u0161em ra\u010dunalniku in pomagajo mestu zagotoviti bolj\u0161o uporabni\u0161ko izku\u0161njo. Na splo\u0161no se pi\u0161kotki uporabljajo za ohranjanje uporabni\u0161kih nastavitev, shranjevanje informacij za stvari, kot so nakupovalni vozi\u010dki, in anonimnim podatkom za sledenje aplikacijam tretjih oseb, kot je Google Analytics. Pi\u0161kotki praviloma izbolj\u0161ajo izku\u0161njo [...]\" \/>\n<meta property=\"og:url\" content=\"https:\/\/avtoprevleke.si\/it\/piskotki\/\" \/>\n<meta property=\"og:site_name\" content=\"Avtoprevleke po meri | TECH PLUS\" \/>\n<meta property=\"article:modified_time\" content=\"2018-10-23T17:07:57+00:00\" \/>\n<meta name=\"twitter:card\" content=\"summary_large_image\" \/>\n<meta name=\"twitter:label1\" content=\"Tempo di lettura stimato\" \/>\n\t<meta name=\"twitter:data1\" content=\"1 minuto\" \/>\n<script type=\"application\/ld+json\" class=\"yoast-schema-graph\">{\"@context\":\"https:\\\/\\\/schema.org\",\"@graph\":[{\"@type\":\"WebPage\",\"@id\":\"https:\\\/\\\/avtoprevleke.si\\\/piskotki\\\/\",\"url\":\"https:\\\/\\\/avtoprevleke.si\\\/piskotki\\\/\",\"name\":\"Pi\u0161kotki - Avtoprevleke po meri | TECH PLUS\",\"isPartOf\":{\"@id\":\"https:\\\/\\\/avtoprevleke.si\\\/#website\"},\"datePublished\":\"2018-09-25T20:08:11+00:00\",\"dateModified\":\"2018-10-23T17:07:57+00:00\",\"breadcrumb\":{\"@id\":\"https:\\\/\\\/avtoprevleke.si\\\/piskotki\\\/#breadcrumb\"},\"inLanguage\":\"it-IT\",\"potentialAction\":[{\"@type\":\"ReadAction\",\"target\":[\"https:\\\/\\\/avtoprevleke.si\\\/piskotki\\\/\"]}]},{\"@type\":\"BreadcrumbList\",\"@id\":\"https:\\\/\\\/avtoprevleke.si\\\/piskotki\\\/#breadcrumb\",\"itemListElement\":[{\"@type\":\"ListItem\",\"position\":1,\"name\":\"Home\",\"item\":\"https:\\\/\\\/avtoprevleke.si\\\/\"},{\"@type\":\"ListItem\",\"position\":2,\"name\":\"Pi\u0161kotki\"}]},{\"@type\":\"WebSite\",\"@id\":\"https:\\\/\\\/avtoprevleke.si\\\/#website\",\"url\":\"https:\\\/\\\/avtoprevleke.si\\\/\",\"name\":\"Avtoprevleke po meri | TECH PLUS\",\"description\":\"Tipske avtoprevleke - sede\u017ene prevleke za avto\",\"publisher\":{\"@id\":\"https:\\\/\\\/avtoprevleke.si\\\/#organization\"},\"potentialAction\":[{\"@type\":\"SearchAction\",\"target\":{\"@type\":\"EntryPoint\",\"urlTemplate\":\"https:\\\/\\\/avtoprevleke.si\\\/?s={search_term_string}\"},\"query-input\":{\"@type\":\"PropertyValueSpecification\",\"valueRequired\":true,\"valueName\":\"search_term_string\"}}],\"inLanguage\":\"it-IT\"},{\"@type\":\"Organization\",\"@id\":\"https:\\\/\\\/avtoprevleke.si\\\/#organization\",\"name\":\"Avtoprevleke po meri | TECH PLUS\",\"url\":\"https:\\\/\\\/avtoprevleke.si\\\/\",\"logo\":{\"@type\":\"ImageObject\",\"inLanguage\":\"it-IT\",\"@id\":\"https:\\\/\\\/avtoprevleke.si\\\/#\\\/schema\\\/logo\\\/image\\\/\",\"url\":\"https:\\\/\\\/avtoprevleke.si\\\/wp-content\\\/uploads\\\/2018\\\/09\\\/avtoprevleke-logo.png\",\"contentUrl\":\"https:\\\/\\\/avtoprevleke.si\\\/wp-content\\\/uploads\\\/2018\\\/09\\\/avtoprevleke-logo.png\",\"width\":856,\"height\":330,\"caption\":\"Avtoprevleke po meri | TECH PLUS\"},\"image\":{\"@id\":\"https:\\\/\\\/avtoprevleke.si\\\/#\\\/schema\\\/logo\\\/image\\\/\"}}]}<\/script>\n<!-- \/ Yoast SEO plugin. -->","yoast_head_json":{"title":"Pi\u0161kotki - Avtoprevleke po meri | TECH PLUS","robots":{"index":"index","follow":"follow","max-snippet":"max-snippet:-1","max-image-preview":"max-image-preview:large","max-video-preview":"max-video-preview:-1"},"canonical":"https:\/\/avtoprevleke.si\/it\/piskotki\/","og_locale":"it_IT","og_type":"article","og_title":"Pi\u0161kotki - Avtoprevleke po meri | TECH PLUS","og_description":"Pi\u0161kotki Ta stran uporablja pi\u0161kotke \u2013 majhne besedilne datoteke, ki so name\u0161\u010dene na va\u0161em ra\u010dunalniku in pomagajo mestu zagotoviti bolj\u0161o uporabni\u0161ko izku\u0161njo. Na splo\u0161no se pi\u0161kotki uporabljajo za ohranjanje uporabni\u0161kih nastavitev, shranjevanje informacij za stvari, kot so nakupovalni vozi\u010dki, in anonimnim podatkom za sledenje aplikacijam tretjih oseb, kot je Google Analytics. Pi\u0161kotki praviloma izbolj\u0161ajo izku\u0161njo [...]","og_url":"https:\/\/avtoprevleke.si\/it\/piskotki\/","og_site_name":"Avtoprevleke po meri | TECH PLUS","article_modified_time":"2018-10-23T17:07:57+00:00","twitter_card":"summary_large_image","twitter_misc":{"Tempo di lettura stimato":"1 minuto"},"schema":{"@context":"https:\/\/schema.org","@graph":[{"@type":"WebPage","@id":"https:\/\/avtoprevleke.si\/piskotki\/","url":"https:\/\/avtoprevleke.si\/piskotki\/","name":"Pi\u0161kotki - Avtoprevleke po meri | TECH PLUS","isPartOf":{"@id":"https:\/\/avtoprevleke.si\/#website"},"datePublished":"2018-09-25T20:08:11+00:00","dateModified":"2018-10-23T17:07:57+00:00","breadcrumb":{"@id":"https:\/\/avtoprevleke.si\/piskotki\/#breadcrumb"},"inLanguage":"it-IT","potentialAction":[{"@type":"ReadAction","target":["https:\/\/avtoprevleke.si\/piskotki\/"]}]},{"@type":"BreadcrumbList","@id":"https:\/\/avtoprevleke.si\/piskotki\/#breadcrumb","itemListElement":[{"@type":"ListItem","position":1,"name":"Home","item":"https:\/\/avtoprevleke.si\/"},{"@type":"ListItem","position":2,"name":"Pi\u0161kotki"}]},{"@type":"WebSite","@id":"https:\/\/avtoprevleke.si\/#website","url":"https:\/\/avtoprevleke.si\/","name":"Coprisedili personalizzati per auto | TECH PLUS","description":"Teli copriauto standard - coprisedili per auto","publisher":{"@id":"https:\/\/avtoprevleke.si\/#organization"},"potentialAction":[{"@type":"SearchAction","target":{"@type":"EntryPoint","urlTemplate":"https:\/\/avtoprevleke.si\/?s={search_term_string}"},"query-input":{"@type":"PropertyValueSpecification","valueRequired":true,"valueName":"search_term_string"}}],"inLanguage":"it-IT"},{"@type":"Organization","@id":"https:\/\/avtoprevleke.si\/#organization","name":"Coprisedili personalizzati per auto | TECH PLUS","url":"https:\/\/avtoprevleke.si\/","logo":{"@type":"ImageObject","inLanguage":"it-IT","@id":"https:\/\/avtoprevleke.si\/#\/schema\/logo\/image\/","url":"https:\/\/avtoprevleke.si\/wp-content\/uploads\/2018\/09\/avtoprevleke-logo.png","contentUrl":"https:\/\/avtoprevleke.si\/wp-content\/uploads\/2018\/09\/avtoprevleke-logo.png","width":856,"height":330,"caption":"Avtoprevleke po meri | TECH PLUS"},"image":{"@id":"https:\/\/avtoprevleke.si\/#\/schema\/logo\/image\/"}}]}},"_links":{"self":[{"href":"https:\/\/avtoprevleke.si\/it\/wp-json\/wp\/v2\/pages\/29692","targetHints":{"allow":["GET"]}}],"collection":[{"href":"https:\/\/avtoprevleke.si\/it\/wp-json\/wp\/v2\/pages"}],"about":[{"href":"https:\/\/avtoprevleke.si\/it\/wp-json\/wp\/v2\/types\/page"}],"author":[{"embeddable":true,"href":"https:\/\/avtoprevleke.si\/it\/wp-json\/wp\/v2\/users\/1"}],"replies":[{"embeddable":true,"href":"https:\/\/avtoprevleke.si\/it\/wp-json\/wp\/v2\/comments?post=29692"}],"version-history":[{"count":0,"href":"https:\/\/avtoprevleke.si\/it\/wp-json\/wp\/v2\/pages\/29692\/revisions"}],"wp:attachment":[{"href":"https:\/\/avtoprevleke.si\/it\/wp-json\/wp\/v2\/media?parent=29692"}],"curies":[{"name":"wp","href":"https:\/\/api.w.org\/{rel}","templated":true}]}}