{"id":29654,"date":"2018-09-24T20:39:14","date_gmt":"2018-09-24T19:39:14","guid":{"rendered":"https:\/\/avtoprevleke.si\/?page_id=29654"},"modified":"2018-09-26T17:02:37","modified_gmt":"2018-09-26T16:02:37","slug":"pomoc","status":"publish","type":"page","link":"https:\/\/avtoprevleke.si\/it\/pomoc\/","title":{"rendered":"Pomo\u010d"},"content":{"rendered":"<h1>Naro\u010danje preko spleta &#8211; pojasnilo terminologije<\/h1>\n<p>DELJIVOST ZADNJIH SEDE\u017dEV<br \/>\nPrvo na kar je potrebno biti pozoren pri naro\u010danju je zadnja klop (oz. zadnji sede\u017ei). Da bi izbrali pravilno sli\u010dico sedi\u0161\u010da, je najprej potrebno preveriti ali ima vozilo, za katerega se naro\u010dajo prevleke, zadnja sedi\u0161\u010da v enem delu ali ima deljiva sedi\u0161\u010da ali dele sedi\u0161\u010da (naslon), kot je razvidno iz fotografij. Vozilo lahko ima tudi naslon za roke, kar je potrebno vzeti v obzir.<\/p>\n<p><img loading=\"lazy\" decoding=\"async\" class=\"alignnone size-full wp-image-29695\" src=\"https:\/\/avtoprevleke.si\/wp-content\/uploads\/2018\/09\/deljivost-zadnjih-sedezev_1.jpg\" alt=\"\" width=\"128\" height=\"91\" \/>\u00a0<img loading=\"lazy\" decoding=\"async\" class=\"alignnone size-full wp-image-29696\" src=\"https:\/\/avtoprevleke.si\/wp-content\/uploads\/2018\/09\/deljivost-zadnjih-sedezev_2.jpg\" alt=\"\" width=\"128\" height=\"91\" \/>\u00a0<img loading=\"lazy\" decoding=\"async\" class=\"alignnone size-full wp-image-29697\" src=\"https:\/\/avtoprevleke.si\/wp-content\/uploads\/2018\/09\/deljivost-zadnjih-sedezev_3.jpg\" alt=\"\" width=\"119\" height=\"91\" \/>\u00a0<img loading=\"lazy\" decoding=\"async\" class=\"alignnone size-full wp-image-29698\" src=\"https:\/\/avtoprevleke.si\/wp-content\/uploads\/2018\/09\/deljivost-zadnjih-sedezev_4.jpg\" alt=\"\" width=\"128\" height=\"91\" \/><\/p>\n<p><span style=\"font-size: 14.4px;\">LETO PROIZVODNJE<\/span><br \/>\nModeli avtomobilov imajo velikokrat &#8216;facelifting&#8217; oziroma vmesno linijo (razli\u010dico\/ izvedbo), ki se lahko bistveno razlikuje od za\u010detnega modela, zato je zelo pomembna letnica proizvodnje.<\/p>\n<p>\u0160TEVILO VRAT<br \/>\nPomembno je, da se izbere pravilno \u0161tevilo vrat na vozilu. Vozilo ima lahko 2, 3, 4 ali 5 vrat.<br \/>\n\u010ce ima 3 (troje) vrat, potem se na primer v\u0161ijejo dodatne odprtine\/luknje na prevlekah pri ro\u010dicah za spu\u0161\u010danje hrbti\u0161\u010da sede\u017ea, katerih ni v vozilih s 4 ali 5 vrati.<\/p>\n<p><img loading=\"lazy\" decoding=\"async\" class=\"alignnone size-full wp-image-29707\" src=\"https:\/\/avtoprevleke.si\/wp-content\/uploads\/2018\/09\/stevilo-vrat1.jpg\" alt=\"\" width=\"151\" height=\"117\" \/>\u00a0<img loading=\"lazy\" decoding=\"async\" class=\"alignnone size-full wp-image-29708\" src=\"https:\/\/avtoprevleke.si\/wp-content\/uploads\/2018\/09\/stevilo-vrat3.jpg\" alt=\"\" width=\"170\" height=\"117\" \/>\u00a0<img loading=\"lazy\" decoding=\"async\" class=\"alignnone size-full wp-image-29709\" src=\"https:\/\/avtoprevleke.si\/wp-content\/uploads\/2018\/09\/stevilo-vrat4.jpg\" alt=\"\" width=\"170\" height=\"117\" \/>\u00a0\u00a0<img loading=\"lazy\" decoding=\"async\" class=\"alignnone size-full wp-image-29710\" src=\"https:\/\/avtoprevleke.si\/wp-content\/uploads\/2018\/09\/stevilo-vrat5.jpg\" alt=\"\" width=\"170\" height=\"117\" \/><br \/>\nKar se ti\u010de 4 ali 5 vrat je razlika naslednja:<br \/>\nZa modele, katerim se pri odpiranju zadnjega prtlja\u017enika dvigne tudi zadnje steklo, izberite opcijo s petimi (5) vrati. Za tiste, kjer pa se dvigne zgolj prtlja\u017enik, zadnje steklo pa ostane na mestu, izberite opcijo s \u0161tirimi (4) vrati.<\/p>\n<p>PREDNJI NASLON ZA ROKE<img loading=\"lazy\" decoding=\"async\" class=\"alignright size-full wp-image-29706\" src=\"https:\/\/avtoprevleke.si\/wp-content\/uploads\/2018\/09\/prednji-naslon-za-roke.jpg\" alt=\"\" width=\"119\" height=\"93\" \/><br \/>\nPotrebno je ozna\u010diti ali ima vozilo naslon za roke med voznikom in sovoznikom.<\/p>\n<p>BO\u010cNE ZRA\u010cNE BLAZINE (AIRBAG)<br \/>\nV primeru, da imajo prednji sede\u017ei bo\u010dne zra\u010dne blazine, se na prevlekah naredijo odprtine, da bi se lahko blazine nemoteno aktivirale.<\/p>\n<p>ZLO\u017dLJIVE MIZICE NA HRBTI\u0160\u010cIH PREDNJIH SEDE\u017dEV<br \/>\nTo so majhne letalske mizice za potnike na zadnjih sede\u017eih, za hrano, pija\u010do ali stvari, ki se spu\u0161\u010dajo ali dvigajo po potrebi.<\/p>\n<p><img loading=\"lazy\" decoding=\"async\" class=\"alignnone wp-image-29716 size-full\" src=\"https:\/\/avtoprevleke.si\/wp-content\/uploads\/2018\/09\/zlozljive-mizice-na-hrbtiscih-prednjih-sedezev.jpg\" alt=\"\" width=\"102\" height=\"128\" \/><\/p>\n<p>\u017dEPI NA HRBTI\u0160\u010cIH PREDNJIH SEDE\u017dEV<img loading=\"lazy\" decoding=\"async\" class=\"alignright size-full wp-image-29707\" src=\"https:\/\/avtoprevleke.si\/wp-content\/uploads\/2018\/09\/stevilo-vrat1.jpg\" alt=\"\" width=\"151\" height=\"117\" \/><br \/>\n\u017depi za shranjevanje stvari potnikov na zadnjih sede\u017eih, ki se nahajajo na zadnji strani hrbti\u0161\u010d (naslonov) prednjih sede\u017eev, se lahko se\u0161ijejo iz materiala za prevleko, \u010de se to poudari pri naro\u010danju prevlek.<\/p>\n<p>\u0160PORTNI PREDNJI SEDE\u017dI<br \/>\nPrednji sede\u017ei so lahko obi\u010dajni ali \u0161portno oblikovani (\u0161koljkasta oblika s povi\u0161animi stranskimi robovi \u2013 recaro).<\/p>\n<p><img loading=\"lazy\" decoding=\"async\" class=\"alignnone size-full wp-image-29712\" src=\"https:\/\/avtoprevleke.si\/wp-content\/uploads\/2018\/09\/sportni-prednji-sedezi1.jpg\" alt=\"\" width=\"106\" height=\"132\" \/>\u00a0<img loading=\"lazy\" decoding=\"async\" class=\"alignnone size-full wp-image-29713\" src=\"https:\/\/avtoprevleke.si\/wp-content\/uploads\/2018\/09\/sportni-prednji-sedezi2.jpg\" alt=\"\" width=\"103\" height=\"132\" \/><\/p>\n<p>SPREDNJI NASLONI ZA GLAVO<img loading=\"lazy\" decoding=\"async\" class=\"alignright size-full wp-image-29719\" src=\"https:\/\/avtoprevleke.si\/wp-content\/uploads\/2018\/09\/sprednji-nasloni-za-glavo2.jpg\" alt=\"\" width=\"108\" height=\"128\" \/><img loading=\"lazy\" decoding=\"async\" class=\"size-full wp-image-29718 alignright\" src=\"https:\/\/avtoprevleke.si\/wp-content\/uploads\/2018\/09\/sprednji-nasloni-za-glavo.jpg\" alt=\"\" width=\"151\" height=\"128\" \/><br \/>\nOblika naslona za glavo na sprednjih sede\u017eih je lahko:<br \/>\nRAZKLOPNI: (najpogosteje pri vozilih Renault). Ti nasloni se razklapljajo, raz\u0161irjajo ali o\u017eajo (iz strani \u2013 profila, izgledajo kot narobe obrnjena \u010drka &#8216;U&#8217;).<br \/>\nAKTIVNI: tisti ki se ne morejo popolnoma izvle\u010di iz hrbti\u0161\u010da sede\u017ea, ampak se zgolj name\u0161\u010dajo po vi\u0161ini. Zatorej se mora pri \u0161ivanju in name\u0161\u010danju prevlek pustiti ve\u010dja odprtina (z je\u017eki), da bi se prevleka lahko namestila preko naslonov za glavo, ki se ne morejo odstraniti.<br \/>\nOBI\u010cAJNI: \u010ce ima vozilo prednje naslone za glavo, ki niso niti razklopni niti aktivni, so to verjetno obi\u010dajni nasloni za glavo.<\/p>\n<p>SOVOZNIKOVO HRBTI\u0160\u010cE NASLONA SE ZLO\u017dI V MIZICO ZA VOZNIKA<img loading=\"lazy\" decoding=\"async\" class=\"alignright size-full wp-image-29721\" src=\"https:\/\/avtoprevleke.si\/wp-content\/uploads\/2018\/09\/hrbtisce-se-zlozi.jpg\" alt=\"\" width=\"124\" height=\"128\" \/><br \/>\nPri dostavnih vozilih ali enoprostorcih je mo\u017eno, da se sovoznikov sede\u017e zlo\u017ei v hrbti\u0161\u010du in postane mizica, katero lahko uporablja voznik (torej na zadnji strani hrbti\u0161\u010da je plastika, v\u010dasih z vdolbinami za kozarce in podobno).<\/p>\n<p>ODPRTINA ZA TRETJI VARNOSTNI PAS NA ZADNJEM NASLONU SEDE\u017dA (NA PREVLEKI)<br \/>\nPreverite, \u010de obstaja tretji varnostni pas na zadnjih sede\u017eih (na sredini), ki je name\u0161\u010den na naslonu (saj se mora pustiti odprtina na prevleki). \u010ce je varnostni pas name\u0161\u010den na strehi ali podobno, potem to ni pomembno za prevleko.<\/p>\n<p><img loading=\"lazy\" decoding=\"async\" class=\"alignnone size-full wp-image-29722\" src=\"https:\/\/avtoprevleke.si\/wp-content\/uploads\/2018\/09\/odprtina-za-tretji-varnostni-pas.jpg\" alt=\"\" width=\"240\" height=\"125\" \/><\/p>\n<p>ZADNJA STRAN HRBTI\u0160\u010c PREDNJIH SEDE\u017dEV &#8211; TRDA (PLASTI\u010cNA)<img loading=\"lazy\" decoding=\"async\" class=\"alignright size-full wp-image-29723\" src=\"https:\/\/avtoprevleke.si\/wp-content\/uploads\/2018\/09\/zadnja-stra-hrbtisc.jpg\" alt=\"\" width=\"171\" height=\"159\" \/><br \/>\nHrbti\u0161\u010de prednjih naslonov je lahko iz materialov iz katerega je tudi preostali sede\u017e, lahko pa je hrbti\u0161\u010de tudi \u010dvrsto-trdo \u2013 na primer plasti\u010dno. Ta del se ne obla\u010di v prevleko, zato morate v tem primeru izbrati prevleko s to opcijo pri naro\u010danju.<\/p>\n<p>ODPRTINE NA PREVLEKI ZA ISOFIX (OTRO\u0160KI SEDE\u017d)<\/p>\n<p><img loading=\"lazy\" decoding=\"async\" class=\"alignnone size-full wp-image-29724\" src=\"https:\/\/avtoprevleke.si\/wp-content\/uploads\/2018\/09\/isofix1.jpg\" alt=\"\" width=\"292\" height=\"99\" \/>\u00a0<img loading=\"lazy\" decoding=\"async\" class=\"alignnone size-full wp-image-29725\" src=\"https:\/\/avtoprevleke.si\/wp-content\/uploads\/2018\/09\/isofix2.jpg\" alt=\"\" width=\"150\" height=\"116\" \/><\/p>\n<p>OPREMA<br \/>\nPri nekaterih znamkah vozil je verzija opreme pomembna, ker se glede na opremo, razlikujejo tudi sede\u017ei.<\/p>\n<a data-animate=\"bounceIn\" href=\"https:\/\/avtoprevleke.si\/it\/kontakt\/\" class=\"button primary\" >\n\t\t<span>KONTAKT<\/span>\n\t<\/a>","protected":false},"excerpt":{"rendered":"<p>Naro\u010danje preko spleta &#8211; pojasnilo terminologije DELJIVOST ZADNJIH SEDE\u017dEV Prvo na kar je potrebno biti pozoren pri naro\u010danju je zadnja klop (oz. zadnji sede\u017ei). Da bi izbrali pravilno sli\u010dico sedi\u0161\u010da, je najprej potrebno preveriti ali ima vozilo, za katerega se naro\u010dajo prevleke, zadnja sedi\u0161\u010da v enem delu ali ima deljiva sedi\u0161\u010da ali dele sedi\u0161\u010da (naslon), [&#8230;]\n","protected":false},"author":1,"featured_media":0,"parent":0,"menu_order":0,"comment_status":"closed","ping_status":"closed","template":"","meta":{"footnotes":""},"class_list":["post-29654","page","type-page","status-publish","hentry"],"yoast_head":"<!-- This site is optimized with the Yoast SEO plugin v27.5 - https:\/\/yoast.com\/product\/yoast-seo-wordpress\/ -->\n<title>Pomo\u010d - Avtoprevleke po meri | TECH PLUS<\/title>\n<meta name=\"robots\" content=\"index, follow, max-snippet:-1, max-image-preview:large, max-video-preview:-1\" \/>\n<link rel=\"canonical\" href=\"https:\/\/avtoprevleke.si\/it\/pomoc\/\" \/>\n<meta property=\"og:locale\" content=\"it_IT\" \/>\n<meta property=\"og:type\" content=\"article\" \/>\n<meta property=\"og:title\" content=\"Pomo\u010d - Avtoprevleke po meri | TECH PLUS\" \/>\n<meta property=\"og:description\" content=\"Naro\u010danje preko spleta &#8211; pojasnilo terminologije DELJIVOST ZADNJIH SEDE\u017dEV Prvo na kar je potrebno biti pozoren pri naro\u010danju je zadnja klop (oz. zadnji sede\u017ei). Da bi izbrali pravilno sli\u010dico sedi\u0161\u010da, je najprej potrebno preveriti ali ima vozilo, za katerega se naro\u010dajo prevleke, zadnja sedi\u0161\u010da v enem delu ali ima deljiva sedi\u0161\u010da ali dele sedi\u0161\u010da (naslon), [...]\" \/>\n<meta property=\"og:url\" content=\"https:\/\/avtoprevleke.si\/it\/pomoc\/\" \/>\n<meta property=\"og:site_name\" content=\"Avtoprevleke po meri | TECH PLUS\" \/>\n<meta property=\"article:modified_time\" content=\"2018-09-26T16:02:37+00:00\" \/>\n<meta property=\"og:image\" content=\"https:\/\/avtoprevleke.si\/wp-content\/uploads\/2018\/09\/deljivost-zadnjih-sedezev_1.jpg\" \/>\n\t<meta property=\"og:image:width\" content=\"128\" \/>\n\t<meta property=\"og:image:height\" content=\"91\" \/>\n\t<meta property=\"og:image:type\" content=\"image\/jpeg\" \/>\n<meta name=\"twitter:card\" content=\"summary_large_image\" \/>\n<meta name=\"twitter:label1\" content=\"Tempo di lettura stimato\" \/>\n\t<meta name=\"twitter:data1\" content=\"3 minuti\" \/>\n<script type=\"application\/ld+json\" class=\"yoast-schema-graph\">{\"@context\":\"https:\\\/\\\/schema.org\",\"@graph\":[{\"@type\":\"WebPage\",\"@id\":\"https:\\\/\\\/avtoprevleke.si\\\/pomoc\\\/\",\"url\":\"https:\\\/\\\/avtoprevleke.si\\\/pomoc\\\/\",\"name\":\"Pomo\u010d - Avtoprevleke po meri | TECH PLUS\",\"isPartOf\":{\"@id\":\"https:\\\/\\\/avtoprevleke.si\\\/#website\"},\"primaryImageOfPage\":{\"@id\":\"https:\\\/\\\/avtoprevleke.si\\\/pomoc\\\/#primaryimage\"},\"image\":{\"@id\":\"https:\\\/\\\/avtoprevleke.si\\\/pomoc\\\/#primaryimage\"},\"thumbnailUrl\":\"https:\\\/\\\/avtoprevleke.si\\\/wp-content\\\/uploads\\\/2018\\\/09\\\/deljivost-zadnjih-sedezev_1.jpg\",\"datePublished\":\"2018-09-24T19:39:14+00:00\",\"dateModified\":\"2018-09-26T16:02:37+00:00\",\"breadcrumb\":{\"@id\":\"https:\\\/\\\/avtoprevleke.si\\\/pomoc\\\/#breadcrumb\"},\"inLanguage\":\"it-IT\",\"potentialAction\":[{\"@type\":\"ReadAction\",\"target\":[\"https:\\\/\\\/avtoprevleke.si\\\/pomoc\\\/\"]}]},{\"@type\":\"ImageObject\",\"inLanguage\":\"it-IT\",\"@id\":\"https:\\\/\\\/avtoprevleke.si\\\/pomoc\\\/#primaryimage\",\"url\":\"https:\\\/\\\/avtoprevleke.si\\\/wp-content\\\/uploads\\\/2018\\\/09\\\/deljivost-zadnjih-sedezev_1.jpg\",\"contentUrl\":\"https:\\\/\\\/avtoprevleke.si\\\/wp-content\\\/uploads\\\/2018\\\/09\\\/deljivost-zadnjih-sedezev_1.jpg\"},{\"@type\":\"BreadcrumbList\",\"@id\":\"https:\\\/\\\/avtoprevleke.si\\\/pomoc\\\/#breadcrumb\",\"itemListElement\":[{\"@type\":\"ListItem\",\"position\":1,\"name\":\"Home\",\"item\":\"https:\\\/\\\/avtoprevleke.si\\\/\"},{\"@type\":\"ListItem\",\"position\":2,\"name\":\"Pomo\u010d\"}]},{\"@type\":\"WebSite\",\"@id\":\"https:\\\/\\\/avtoprevleke.si\\\/#website\",\"url\":\"https:\\\/\\\/avtoprevleke.si\\\/\",\"name\":\"Avtoprevleke po meri | TECH PLUS\",\"description\":\"Tipske avtoprevleke - sede\u017ene prevleke za avto\",\"publisher\":{\"@id\":\"https:\\\/\\\/avtoprevleke.si\\\/#organization\"},\"potentialAction\":[{\"@type\":\"SearchAction\",\"target\":{\"@type\":\"EntryPoint\",\"urlTemplate\":\"https:\\\/\\\/avtoprevleke.si\\\/?s={search_term_string}\"},\"query-input\":{\"@type\":\"PropertyValueSpecification\",\"valueRequired\":true,\"valueName\":\"search_term_string\"}}],\"inLanguage\":\"it-IT\"},{\"@type\":\"Organization\",\"@id\":\"https:\\\/\\\/avtoprevleke.si\\\/#organization\",\"name\":\"Avtoprevleke po meri | TECH PLUS\",\"url\":\"https:\\\/\\\/avtoprevleke.si\\\/\",\"logo\":{\"@type\":\"ImageObject\",\"inLanguage\":\"it-IT\",\"@id\":\"https:\\\/\\\/avtoprevleke.si\\\/#\\\/schema\\\/logo\\\/image\\\/\",\"url\":\"https:\\\/\\\/avtoprevleke.si\\\/wp-content\\\/uploads\\\/2018\\\/09\\\/avtoprevleke-logo.png\",\"contentUrl\":\"https:\\\/\\\/avtoprevleke.si\\\/wp-content\\\/uploads\\\/2018\\\/09\\\/avtoprevleke-logo.png\",\"width\":856,\"height\":330,\"caption\":\"Avtoprevleke po meri | TECH PLUS\"},\"image\":{\"@id\":\"https:\\\/\\\/avtoprevleke.si\\\/#\\\/schema\\\/logo\\\/image\\\/\"}}]}<\/script>\n<!-- \/ Yoast SEO plugin. -->","yoast_head_json":{"title":"Pomo\u010d - Avtoprevleke po meri | TECH PLUS","robots":{"index":"index","follow":"follow","max-snippet":"max-snippet:-1","max-image-preview":"max-image-preview:large","max-video-preview":"max-video-preview:-1"},"canonical":"https:\/\/avtoprevleke.si\/it\/pomoc\/","og_locale":"it_IT","og_type":"article","og_title":"Pomo\u010d - Avtoprevleke po meri | TECH PLUS","og_description":"Naro\u010danje preko spleta &#8211; pojasnilo terminologije DELJIVOST ZADNJIH SEDE\u017dEV Prvo na kar je potrebno biti pozoren pri naro\u010danju je zadnja klop (oz. zadnji sede\u017ei). Da bi izbrali pravilno sli\u010dico sedi\u0161\u010da, je najprej potrebno preveriti ali ima vozilo, za katerega se naro\u010dajo prevleke, zadnja sedi\u0161\u010da v enem delu ali ima deljiva sedi\u0161\u010da ali dele sedi\u0161\u010da (naslon), [...]","og_url":"https:\/\/avtoprevleke.si\/it\/pomoc\/","og_site_name":"Avtoprevleke po meri | TECH PLUS","article_modified_time":"2018-09-26T16:02:37+00:00","og_image":[{"width":128,"height":91,"url":"https:\/\/avtoprevleke.si\/wp-content\/uploads\/2018\/09\/deljivost-zadnjih-sedezev_1.jpg","type":"image\/jpeg"}],"twitter_card":"summary_large_image","twitter_misc":{"Tempo di lettura stimato":"3 minuti"},"schema":{"@context":"https:\/\/schema.org","@graph":[{"@type":"WebPage","@id":"https:\/\/avtoprevleke.si\/pomoc\/","url":"https:\/\/avtoprevleke.si\/pomoc\/","name":"Pomo\u010d - Avtoprevleke po meri | TECH PLUS","isPartOf":{"@id":"https:\/\/avtoprevleke.si\/#website"},"primaryImageOfPage":{"@id":"https:\/\/avtoprevleke.si\/pomoc\/#primaryimage"},"image":{"@id":"https:\/\/avtoprevleke.si\/pomoc\/#primaryimage"},"thumbnailUrl":"https:\/\/avtoprevleke.si\/wp-content\/uploads\/2018\/09\/deljivost-zadnjih-sedezev_1.jpg","datePublished":"2018-09-24T19:39:14+00:00","dateModified":"2018-09-26T16:02:37+00:00","breadcrumb":{"@id":"https:\/\/avtoprevleke.si\/pomoc\/#breadcrumb"},"inLanguage":"it-IT","potentialAction":[{"@type":"ReadAction","target":["https:\/\/avtoprevleke.si\/pomoc\/"]}]},{"@type":"ImageObject","inLanguage":"it-IT","@id":"https:\/\/avtoprevleke.si\/pomoc\/#primaryimage","url":"https:\/\/avtoprevleke.si\/wp-content\/uploads\/2018\/09\/deljivost-zadnjih-sedezev_1.jpg","contentUrl":"https:\/\/avtoprevleke.si\/wp-content\/uploads\/2018\/09\/deljivost-zadnjih-sedezev_1.jpg"},{"@type":"BreadcrumbList","@id":"https:\/\/avtoprevleke.si\/pomoc\/#breadcrumb","itemListElement":[{"@type":"ListItem","position":1,"name":"Home","item":"https:\/\/avtoprevleke.si\/"},{"@type":"ListItem","position":2,"name":"Pomo\u010d"}]},{"@type":"WebSite","@id":"https:\/\/avtoprevleke.si\/#website","url":"https:\/\/avtoprevleke.si\/","name":"Avtoprevleke po meri | TECH PLUS","description":"Tipske avtoprevleke - sede\u017ene prevleke za avto","publisher":{"@id":"https:\/\/avtoprevleke.si\/#organization"},"potentialAction":[{"@type":"SearchAction","target":{"@type":"EntryPoint","urlTemplate":"https:\/\/avtoprevleke.si\/?s={search_term_string}"},"query-input":{"@type":"PropertyValueSpecification","valueRequired":true,"valueName":"search_term_string"}}],"inLanguage":"it-IT"},{"@type":"Organization","@id":"https:\/\/avtoprevleke.si\/#organization","name":"Avtoprevleke po meri | TECH PLUS","url":"https:\/\/avtoprevleke.si\/","logo":{"@type":"ImageObject","inLanguage":"it-IT","@id":"https:\/\/avtoprevleke.si\/#\/schema\/logo\/image\/","url":"https:\/\/avtoprevleke.si\/wp-content\/uploads\/2018\/09\/avtoprevleke-logo.png","contentUrl":"https:\/\/avtoprevleke.si\/wp-content\/uploads\/2018\/09\/avtoprevleke-logo.png","width":856,"height":330,"caption":"Avtoprevleke po meri | TECH PLUS"},"image":{"@id":"https:\/\/avtoprevleke.si\/#\/schema\/logo\/image\/"}}]}},"_links":{"self":[{"href":"https:\/\/avtoprevleke.si\/it\/wp-json\/wp\/v2\/pages\/29654","targetHints":{"allow":["GET"]}}],"collection":[{"href":"https:\/\/avtoprevleke.si\/it\/wp-json\/wp\/v2\/pages"}],"about":[{"href":"https:\/\/avtoprevleke.si\/it\/wp-json\/wp\/v2\/types\/page"}],"author":[{"embeddable":true,"href":"https:\/\/avtoprevleke.si\/it\/wp-json\/wp\/v2\/users\/1"}],"replies":[{"embeddable":true,"href":"https:\/\/avtoprevleke.si\/it\/wp-json\/wp\/v2\/comments?post=29654"}],"version-history":[{"count":0,"href":"https:\/\/avtoprevleke.si\/it\/wp-json\/wp\/v2\/pages\/29654\/revisions"}],"wp:attachment":[{"href":"https:\/\/avtoprevleke.si\/it\/wp-json\/wp\/v2\/media?parent=29654"}],"curies":[{"name":"wp","href":"https:\/\/api.w.org\/{rel}","templated":true}]}}