{"id":8356,"date":"2018-09-22T16:51:23","date_gmt":"2018-09-22T15:51:23","guid":{"rendered":"https:\/\/avtoprevleke.si\/product\/import-placeholder-for-14011\/"},"modified":"2026-03-30T11:45:33","modified_gmt":"2026-03-30T10:45:33","slug":"custom-car-cover-for-dacia-logan-mcv-prestige-2006-2013-4-doors-4","status":"publish","type":"product","link":"https:\/\/avtoprevleke.si\/en\/izdelki\/avtoprevleka-po-meri-za-dacia-logan-mcv-prestige-2006-2013-4-vrata-4\/","title":{"rendered":"Custom car cover for Dacia Logan MCV (2006-2013) 4 doors"},"content":{"rendered":"<p>3 rows of seats, type 1: front row of seats are plain, front head restraints are normal, type 2: rear backrest and seats split 1\/3 plus 2\/3, third belt comes out of the backrest, rear head restraints are split, type 3: rear backrest split 1\/2 plus 1\/2, rear seats in one piece, head restraints are normal, Code: 14011<\/p>","protected":false},"excerpt":{"rendered":"<p>3 rows of seats, type 1: front row of seats are plain, front head restraints are normal, type 2: rear backrest and seats split 1\/3 plus 2\/3, third belt comes out of the backrest, rear head restraints are split, type 3: rear backrest split 1\/2 plus 1\/2, rear seats in one piece, head restraints are normal, type 3: rear backrest split 1\/2 plus 1\/2, rear seats in one piece, head restraints are normal, type 4: rear seats in one piece, rear head restraints in one piece, rear head restraints in one piece, rear seat in one piece, rear seat in one piece, rear seat in one piece, rear seat in one piece, rear seat in one piece, rear seat in one piece, rear seat in one piece<\/p>","protected":false},"featured_media":30106,"comment_status":"open","ping_status":"closed","template":"","meta":[],"product_brand":[],"product_cat":[297],"product_tag":[287],"class_list":{"0":"post-8356","1":"product","2":"type-product","3":"status-publish","4":"has-post-thumbnail","6":"product_cat-2006-2013","7":"product_tag-dacia","9":"first","10":"instock","11":"sale","12":"shipping-taxable","13":"purchasable","14":"product-type-variable"},"yoast_head":"<!-- This site is optimized with the Yoast SEO plugin v27.5 - https:\/\/yoast.com\/product\/yoast-seo-wordpress\/ -->\n<title>Avtoprevleka po meri za Dacia Logan MCV (2006-2013) 4 vrata - Avtoprevleke po meri | TECH PLUS<\/title>\n<meta name=\"robots\" content=\"index, follow, max-snippet:-1, max-image-preview:large, max-video-preview:-1\" \/>\n<link rel=\"canonical\" href=\"https:\/\/avtoprevleke.si\/en\/products\/custom-car-cover-for-dacia-logan-mcv-prestige-2006-2013-4-doors-4\/\" \/>\n<meta property=\"og:locale\" content=\"en_GB\" \/>\n<meta property=\"og:type\" content=\"article\" \/>\n<meta property=\"og:title\" content=\"Avtoprevleka po meri za Dacia Logan MCV (2006-2013) 4 vrata - Avtoprevleke po meri | TECH PLUS\" \/>\n<meta property=\"og:description\" content=\"3 vrsta sede\u017eev, 1. vrsta: sprednja vrsta sede\u017ea sta navadna,sprednji nasloni za glavo so normalni, 2. vrsta: zadnji naslon in sede\u017ei deljivi 1\/3 plus 2\/3, tretji pas izhaja iz naslona, zadnji nasloni za glavo so razklopni, 3. vrsta: zadnji naslon deljiv 1\/2 plus 1\/2, zadnji sede\u017ei v enem kosu, nasloni za glavo so normalni\" \/>\n<meta property=\"og:url\" content=\"https:\/\/avtoprevleke.si\/en\/products\/custom-car-cover-for-dacia-logan-mcv-prestige-2006-2013-4-doors-4\/\" \/>\n<meta property=\"og:site_name\" content=\"Avtoprevleke po meri | TECH PLUS\" \/>\n<meta property=\"article:modified_time\" content=\"2026-03-30T10:45:33+00:00\" \/>\n<meta property=\"og:image\" content=\"https:\/\/avtoprevleke.si\/wp-content\/uploads\/2018\/09\/Avtoprevleka-za-Dacia_Logan-mcv_6.jpg\" \/>\n\t<meta property=\"og:image:width\" content=\"520\" \/>\n\t<meta property=\"og:image:height\" content=\"520\" \/>\n\t<meta property=\"og:image:type\" content=\"image\/jpeg\" \/>\n<meta name=\"twitter:card\" content=\"summary_large_image\" \/>\n<script type=\"application\/ld+json\" class=\"yoast-schema-graph\">{\"@context\":\"https:\\\/\\\/schema.org\",\"@graph\":[{\"@type\":\"WebPage\",\"@id\":\"https:\\\/\\\/avtoprevleke.si\\\/izdelki\\\/avtoprevleka-po-meri-za-dacia-logan-mcv-prestige-2006-2013-4-vrata-4\\\/\",\"url\":\"https:\\\/\\\/avtoprevleke.si\\\/izdelki\\\/avtoprevleka-po-meri-za-dacia-logan-mcv-prestige-2006-2013-4-vrata-4\\\/\",\"name\":\"Avtoprevleka po meri za Dacia Logan MCV (2006-2013) 4 vrata - Avtoprevleke po meri | TECH PLUS\",\"isPartOf\":{\"@id\":\"https:\\\/\\\/avtoprevleke.si\\\/#website\"},\"primaryImageOfPage\":{\"@id\":\"https:\\\/\\\/avtoprevleke.si\\\/izdelki\\\/avtoprevleka-po-meri-za-dacia-logan-mcv-prestige-2006-2013-4-vrata-4\\\/#primaryimage\"},\"image\":{\"@id\":\"https:\\\/\\\/avtoprevleke.si\\\/izdelki\\\/avtoprevleka-po-meri-za-dacia-logan-mcv-prestige-2006-2013-4-vrata-4\\\/#primaryimage\"},\"thumbnailUrl\":\"https:\\\/\\\/avtoprevleke.si\\\/wp-content\\\/uploads\\\/2018\\\/09\\\/Avtoprevleka-za-Dacia_Logan-mcv_6.jpg\",\"datePublished\":\"2018-09-22T15:51:23+00:00\",\"dateModified\":\"2026-03-30T10:45:33+00:00\",\"breadcrumb\":{\"@id\":\"https:\\\/\\\/avtoprevleke.si\\\/izdelki\\\/avtoprevleka-po-meri-za-dacia-logan-mcv-prestige-2006-2013-4-vrata-4\\\/#breadcrumb\"},\"inLanguage\":\"en-GB\",\"potentialAction\":[{\"@type\":\"ReadAction\",\"target\":[\"https:\\\/\\\/avtoprevleke.si\\\/izdelki\\\/avtoprevleka-po-meri-za-dacia-logan-mcv-prestige-2006-2013-4-vrata-4\\\/\"]}]},{\"@type\":\"ImageObject\",\"inLanguage\":\"en-GB\",\"@id\":\"https:\\\/\\\/avtoprevleke.si\\\/izdelki\\\/avtoprevleka-po-meri-za-dacia-logan-mcv-prestige-2006-2013-4-vrata-4\\\/#primaryimage\",\"url\":\"https:\\\/\\\/avtoprevleke.si\\\/wp-content\\\/uploads\\\/2018\\\/09\\\/Avtoprevleka-za-Dacia_Logan-mcv_6.jpg\",\"contentUrl\":\"https:\\\/\\\/avtoprevleke.si\\\/wp-content\\\/uploads\\\/2018\\\/09\\\/Avtoprevleka-za-Dacia_Logan-mcv_6.jpg\",\"width\":520,\"height\":520,\"caption\":\"Avtoprevleke za Dacia Logan MCV\"},{\"@type\":\"BreadcrumbList\",\"@id\":\"https:\\\/\\\/avtoprevleke.si\\\/izdelki\\\/avtoprevleka-po-meri-za-dacia-logan-mcv-prestige-2006-2013-4-vrata-4\\\/#breadcrumb\",\"itemListElement\":[{\"@type\":\"ListItem\",\"position\":1,\"name\":\"Home\",\"item\":\"https:\\\/\\\/avtoprevleke.si\\\/\"},{\"@type\":\"ListItem\",\"position\":2,\"name\":\"Prevleke po meri\",\"item\":\"https:\\\/\\\/avtoprevleke.si\\\/de\\\/individuelle-abdeckungen\\\/\"},{\"@type\":\"ListItem\",\"position\":3,\"name\":\"Avtoprevleka po meri za Dacia Logan MCV (2006-2013) 4 vrata\"}]},{\"@type\":\"WebSite\",\"@id\":\"https:\\\/\\\/avtoprevleke.si\\\/#website\",\"url\":\"https:\\\/\\\/avtoprevleke.si\\\/\",\"name\":\"Avtoprevleke po meri | TECH PLUS\",\"description\":\"Tipske avtoprevleke - sede\u017ene prevleke za avto\",\"publisher\":{\"@id\":\"https:\\\/\\\/avtoprevleke.si\\\/#organization\"},\"potentialAction\":[{\"@type\":\"SearchAction\",\"target\":{\"@type\":\"EntryPoint\",\"urlTemplate\":\"https:\\\/\\\/avtoprevleke.si\\\/?s={search_term_string}\"},\"query-input\":{\"@type\":\"PropertyValueSpecification\",\"valueRequired\":true,\"valueName\":\"search_term_string\"}}],\"inLanguage\":\"en-GB\"},{\"@type\":\"Organization\",\"@id\":\"https:\\\/\\\/avtoprevleke.si\\\/#organization\",\"name\":\"Avtoprevleke po meri | TECH PLUS\",\"url\":\"https:\\\/\\\/avtoprevleke.si\\\/\",\"logo\":{\"@type\":\"ImageObject\",\"inLanguage\":\"en-GB\",\"@id\":\"https:\\\/\\\/avtoprevleke.si\\\/#\\\/schema\\\/logo\\\/image\\\/\",\"url\":\"https:\\\/\\\/avtoprevleke.si\\\/wp-content\\\/uploads\\\/2018\\\/09\\\/avtoprevleke-logo.png\",\"contentUrl\":\"https:\\\/\\\/avtoprevleke.si\\\/wp-content\\\/uploads\\\/2018\\\/09\\\/avtoprevleke-logo.png\",\"width\":856,\"height\":330,\"caption\":\"Avtoprevleke po meri | TECH PLUS\"},\"image\":{\"@id\":\"https:\\\/\\\/avtoprevleke.si\\\/#\\\/schema\\\/logo\\\/image\\\/\"}}]}<\/script>\n<!-- \/ Yoast SEO plugin. -->","yoast_head_json":{"title":"Custom car cover for Dacia Logan MCV (2006-2013) 4 doors - Custom car covers | TECH PLUS","robots":{"index":"index","follow":"follow","max-snippet":"max-snippet:-1","max-image-preview":"max-image-preview:large","max-video-preview":"max-video-preview:-1"},"canonical":"https:\/\/avtoprevleke.si\/en\/products\/custom-car-cover-for-dacia-logan-mcv-prestige-2006-2013-4-doors-4\/","og_locale":"en_GB","og_type":"article","og_title":"Avtoprevleka po meri za Dacia Logan MCV (2006-2013) 4 vrata - Avtoprevleke po meri | TECH PLUS","og_description":"3 vrsta sede\u017eev, 1. vrsta: sprednja vrsta sede\u017ea sta navadna,sprednji nasloni za glavo so normalni, 2. vrsta: zadnji naslon in sede\u017ei deljivi 1\/3 plus 2\/3, tretji pas izhaja iz naslona, zadnji nasloni za glavo so razklopni, 3. vrsta: zadnji naslon deljiv 1\/2 plus 1\/2, zadnji sede\u017ei v enem kosu, nasloni za glavo so normalni","og_url":"https:\/\/avtoprevleke.si\/en\/products\/custom-car-cover-for-dacia-logan-mcv-prestige-2006-2013-4-doors-4\/","og_site_name":"Avtoprevleke po meri | TECH PLUS","article_modified_time":"2026-03-30T10:45:33+00:00","og_image":[{"width":520,"height":520,"url":"https:\/\/avtoprevleke.si\/wp-content\/uploads\/2018\/09\/Avtoprevleka-za-Dacia_Logan-mcv_6.jpg","type":"image\/jpeg"}],"twitter_card":"summary_large_image","schema":{"@context":"https:\/\/schema.org","@graph":[{"@type":"WebPage","@id":"https:\/\/avtoprevleke.si\/izdelki\/avtoprevleka-po-meri-za-dacia-logan-mcv-prestige-2006-2013-4-vrata-4\/","url":"https:\/\/avtoprevleke.si\/izdelki\/avtoprevleka-po-meri-za-dacia-logan-mcv-prestige-2006-2013-4-vrata-4\/","name":"Custom car cover for Dacia Logan MCV (2006-2013) 4 doors - Custom car covers | TECH PLUS","isPartOf":{"@id":"https:\/\/avtoprevleke.si\/#website"},"primaryImageOfPage":{"@id":"https:\/\/avtoprevleke.si\/izdelki\/avtoprevleka-po-meri-za-dacia-logan-mcv-prestige-2006-2013-4-vrata-4\/#primaryimage"},"image":{"@id":"https:\/\/avtoprevleke.si\/izdelki\/avtoprevleka-po-meri-za-dacia-logan-mcv-prestige-2006-2013-4-vrata-4\/#primaryimage"},"thumbnailUrl":"https:\/\/avtoprevleke.si\/wp-content\/uploads\/2018\/09\/Avtoprevleka-za-Dacia_Logan-mcv_6.jpg","datePublished":"2018-09-22T15:51:23+00:00","dateModified":"2026-03-30T10:45:33+00:00","breadcrumb":{"@id":"https:\/\/avtoprevleke.si\/izdelki\/avtoprevleka-po-meri-za-dacia-logan-mcv-prestige-2006-2013-4-vrata-4\/#breadcrumb"},"inLanguage":"en-GB","potentialAction":[{"@type":"ReadAction","target":["https:\/\/avtoprevleke.si\/izdelki\/avtoprevleka-po-meri-za-dacia-logan-mcv-prestige-2006-2013-4-vrata-4\/"]}]},{"@type":"ImageObject","inLanguage":"en-GB","@id":"https:\/\/avtoprevleke.si\/izdelki\/avtoprevleka-po-meri-za-dacia-logan-mcv-prestige-2006-2013-4-vrata-4\/#primaryimage","url":"https:\/\/avtoprevleke.si\/wp-content\/uploads\/2018\/09\/Avtoprevleka-za-Dacia_Logan-mcv_6.jpg","contentUrl":"https:\/\/avtoprevleke.si\/wp-content\/uploads\/2018\/09\/Avtoprevleka-za-Dacia_Logan-mcv_6.jpg","width":520,"height":520,"caption":"Avtoprevleke za Dacia Logan MCV"},{"@type":"BreadcrumbList","@id":"https:\/\/avtoprevleke.si\/izdelki\/avtoprevleka-po-meri-za-dacia-logan-mcv-prestige-2006-2013-4-vrata-4\/#breadcrumb","itemListElement":[{"@type":"ListItem","position":1,"name":"Home","item":"https:\/\/avtoprevleke.si\/"},{"@type":"ListItem","position":2,"name":"Prevleke po meri","item":"https:\/\/avtoprevleke.si\/de\/individuelle-abdeckungen\/"},{"@type":"ListItem","position":3,"name":"Avtoprevleka po meri za Dacia Logan MCV (2006-2013) 4 vrata"}]},{"@type":"WebSite","@id":"https:\/\/avtoprevleke.si\/#website","url":"https:\/\/avtoprevleke.si\/","name":"Custom-made car seat covers | TECH PLUS","description":"Standard car covers - car seat covers","publisher":{"@id":"https:\/\/avtoprevleke.si\/#organization"},"potentialAction":[{"@type":"SearchAction","target":{"@type":"EntryPoint","urlTemplate":"https:\/\/avtoprevleke.si\/?s={search_term_string}"},"query-input":{"@type":"PropertyValueSpecification","valueRequired":true,"valueName":"search_term_string"}}],"inLanguage":"en-GB"},{"@type":"Organization","@id":"https:\/\/avtoprevleke.si\/#organization","name":"Custom-made car seat covers | TECH PLUS","url":"https:\/\/avtoprevleke.si\/","logo":{"@type":"ImageObject","inLanguage":"en-GB","@id":"https:\/\/avtoprevleke.si\/#\/schema\/logo\/image\/","url":"https:\/\/avtoprevleke.si\/wp-content\/uploads\/2018\/09\/avtoprevleke-logo.png","contentUrl":"https:\/\/avtoprevleke.si\/wp-content\/uploads\/2018\/09\/avtoprevleke-logo.png","width":856,"height":330,"caption":"Avtoprevleke po meri | TECH PLUS"},"image":{"@id":"https:\/\/avtoprevleke.si\/#\/schema\/logo\/image\/"}}]}},"_links":{"self":[{"href":"https:\/\/avtoprevleke.si\/en\/wp-json\/wp\/v2\/product\/8356","targetHints":{"allow":["GET"]}}],"collection":[{"href":"https:\/\/avtoprevleke.si\/en\/wp-json\/wp\/v2\/product"}],"about":[{"href":"https:\/\/avtoprevleke.si\/en\/wp-json\/wp\/v2\/types\/product"}],"replies":[{"embeddable":true,"href":"https:\/\/avtoprevleke.si\/en\/wp-json\/wp\/v2\/comments?post=8356"}],"wp:featuredmedia":[{"embeddable":true,"href":"https:\/\/avtoprevleke.si\/en\/wp-json\/wp\/v2\/media\/30106"}],"wp:attachment":[{"href":"https:\/\/avtoprevleke.si\/en\/wp-json\/wp\/v2\/media?parent=8356"}],"wp:term":[{"taxonomy":"product_brand","embeddable":true,"href":"https:\/\/avtoprevleke.si\/en\/wp-json\/wp\/v2\/product_brand?post=8356"},{"taxonomy":"product_cat","embeddable":true,"href":"https:\/\/avtoprevleke.si\/en\/wp-json\/wp\/v2\/product_cat?post=8356"},{"taxonomy":"product_tag","embeddable":true,"href":"https:\/\/avtoprevleke.si\/en\/wp-json\/wp\/v2\/product_tag?post=8356"}],"curies":[{"name":"wp","href":"https:\/\/api.w.org\/{rel}","templated":true}]}}