{"id":33870,"date":"2024-02-15T14:32:21","date_gmt":"2024-02-15T13:32:21","guid":{"rendered":"https:\/\/avtoprevleke.si\/?post_type=product&#038;p=33870"},"modified":"2026-03-30T12:30:34","modified_gmt":"2026-03-30T11:30:34","slug":"custom-car-cover-for-volkswagen-id-3-2019-5-doors-rear-armrest","status":"publish","type":"product","link":"https:\/\/avtoprevleke.si\/en\/izdelki\/avtoprevleka-po-meri-za-volkswagen-id-3-2019-5-vrat-naslon-za-roke-zadaj\/","title":{"rendered":"Custom Car Cover for Volkswagen ID.3 (2019+) 5 doors - Rear armrest"},"content":{"rendered":"<p>normal front seats, 3 airbags (on the outside of the front backrests and on the inside of the driver's backrest), front pillows active, front armrest attached to the seat backrest, rear backrest 2\/3+1\/3 split, rear seat backrest 2\/3+1\/3 split, rear seat backrest 2\/3+1\/3 split, rear seat backrest 2\/3+1\/3 split, rear seat backrest 2\/3+1\/3 split, rear seat backrest 2\/3+1\/3 split, rear seat backrest 2\/3+1\/3 split, rear seat backrest 2\/3+1\/3 split, rear seat backrest 2\/3+1\/3 split, rear seat backrest 2\/3+1\/3 split Rear seat in one piece, third (middle) seat belt exits from the backrest, isofix connected to the upholstery, rear armrest, integrated cup holder (oval) in the armrest, rear pillows are retractable (2+1).<\/p>","protected":false},"excerpt":{"rendered":"<p>normal front seats, 3 airbags (on the outside of the front backrests and on the inside of the driver's backrest), front pillows active, front armrest attached to the seat backrest, rear backrest 2\/3+1\/3 split, rear seat backrest 2\/3+1\/3 split, rear seat backrest 2\/3+1\/3 split, rear seat backrest 2\/3+1\/3 split, rear seat backrest 2\/3+1\/3 split, rear seat backrest 2\/3+1\/3 split, rear seat backrest 2\/3+1\/3 split, rear seat backrest 2\/3+1\/3 split, rear seat backrest 2\/3+1\/3 split, rear seat backrest 2\/3+1\/3 split rear seat in one piece, third (middle) seat belt extending from the backrest, isofix integrated with the upholstery, rear armrest, integrated cup holder (oval) in the armrest, rear pillows are retractable (2+1)<\/p>","protected":false},"featured_media":33564,"comment_status":"open","ping_status":"closed","template":"","meta":[],"product_brand":[],"product_cat":[1250],"product_tag":[1016],"class_list":{"0":"post-33870","1":"product","2":"type-product","3":"status-publish","4":"has-post-thumbnail","6":"product_cat-2019-id-3","7":"product_tag-volkswagen","9":"first","10":"instock","11":"sale","12":"shipping-taxable","13":"purchasable","14":"product-type-variable"},"yoast_head":"<!-- This site is optimized with the Yoast SEO plugin v27.5 - https:\/\/yoast.com\/product\/yoast-seo-wordpress\/ -->\n<title>Avtoprevleka po meri za Volkswagen ID.3 (2019+) 5 vrat - naslon za roke zadaj - Avtoprevleke po meri | TECH PLUS<\/title>\n<meta name=\"robots\" content=\"index, follow, max-snippet:-1, max-image-preview:large, max-video-preview:-1\" \/>\n<link rel=\"canonical\" href=\"https:\/\/avtoprevleke.si\/en\/products\/custom-car-cover-for-volkswagen-id-3-2019-5-doors-rear-armrest\/\" \/>\n<meta property=\"og:locale\" content=\"en_GB\" \/>\n<meta property=\"og:type\" content=\"article\" \/>\n<meta property=\"og:title\" content=\"Avtoprevleka po meri za Volkswagen ID.3 (2019+) 5 vrat - naslon za roke zadaj - Avtoprevleke po meri | TECH PLUS\" \/>\n<meta property=\"og:description\" content=\"obi\u010dajna prednja sede\u017ea, 3 zra\u010dne blazine (na zunanji strani sprednjih naslonjal in na voznikovem na notranji strani), vzglavniki spredaj aktivni, sprednji naslon za roke pritrjen na sede\u017eno naslonjalo, zadnje naslonjalo deljivo 2\/3+1\/3, zad. sede\u017e v kosu, tretji (srednji) varnostni pas izhaja iz naslonjala, isofix povezan z oblazinjenjem, naslon za roke zadaj, integriran dr\u017ealo za skodelico (oval) v naslonu za roke, vzglavniki zadaj so pogrezni (2+1)\" \/>\n<meta property=\"og:url\" content=\"https:\/\/avtoprevleke.si\/en\/products\/custom-car-cover-for-volkswagen-id-3-2019-5-doors-rear-armrest\/\" \/>\n<meta property=\"og:site_name\" content=\"Avtoprevleke po meri | TECH PLUS\" \/>\n<meta property=\"article:modified_time\" content=\"2026-03-30T11:30:34+00:00\" \/>\n<meta property=\"og:image\" content=\"https:\/\/avtoprevleke.si\/wp-content\/uploads\/2024\/02\/avtoprevleka-za-vw-id-3-2019-5-vrat.jpg\" \/>\n\t<meta property=\"og:image:width\" content=\"520\" \/>\n\t<meta property=\"og:image:height\" content=\"520\" \/>\n\t<meta property=\"og:image:type\" content=\"image\/jpeg\" \/>\n<meta name=\"twitter:card\" content=\"summary_large_image\" \/>\n<script type=\"application\/ld+json\" class=\"yoast-schema-graph\">{\"@context\":\"https:\\\/\\\/schema.org\",\"@graph\":[{\"@type\":\"WebPage\",\"@id\":\"https:\\\/\\\/avtoprevleke.si\\\/izdelki\\\/avtoprevleka-po-meri-za-volkswagen-id-3-2019-5-vrat-naslon-za-roke-zadaj\\\/\",\"url\":\"https:\\\/\\\/avtoprevleke.si\\\/izdelki\\\/avtoprevleka-po-meri-za-volkswagen-id-3-2019-5-vrat-naslon-za-roke-zadaj\\\/\",\"name\":\"Avtoprevleka po meri za Volkswagen ID.3 (2019+) 5 vrat - naslon za roke zadaj - Avtoprevleke po meri | TECH PLUS\",\"isPartOf\":{\"@id\":\"https:\\\/\\\/avtoprevleke.si\\\/#website\"},\"primaryImageOfPage\":{\"@id\":\"https:\\\/\\\/avtoprevleke.si\\\/izdelki\\\/avtoprevleka-po-meri-za-volkswagen-id-3-2019-5-vrat-naslon-za-roke-zadaj\\\/#primaryimage\"},\"image\":{\"@id\":\"https:\\\/\\\/avtoprevleke.si\\\/izdelki\\\/avtoprevleka-po-meri-za-volkswagen-id-3-2019-5-vrat-naslon-za-roke-zadaj\\\/#primaryimage\"},\"thumbnailUrl\":\"https:\\\/\\\/avtoprevleke.si\\\/wp-content\\\/uploads\\\/2024\\\/02\\\/avtoprevleka-za-vw-id-3-2019-5-vrat.jpg\",\"datePublished\":\"2024-02-15T13:32:21+00:00\",\"dateModified\":\"2026-03-30T11:30:34+00:00\",\"breadcrumb\":{\"@id\":\"https:\\\/\\\/avtoprevleke.si\\\/izdelki\\\/avtoprevleka-po-meri-za-volkswagen-id-3-2019-5-vrat-naslon-za-roke-zadaj\\\/#breadcrumb\"},\"inLanguage\":\"en-GB\",\"potentialAction\":[{\"@type\":\"ReadAction\",\"target\":[\"https:\\\/\\\/avtoprevleke.si\\\/izdelki\\\/avtoprevleka-po-meri-za-volkswagen-id-3-2019-5-vrat-naslon-za-roke-zadaj\\\/\"]}]},{\"@type\":\"ImageObject\",\"inLanguage\":\"en-GB\",\"@id\":\"https:\\\/\\\/avtoprevleke.si\\\/izdelki\\\/avtoprevleka-po-meri-za-volkswagen-id-3-2019-5-vrat-naslon-za-roke-zadaj\\\/#primaryimage\",\"url\":\"https:\\\/\\\/avtoprevleke.si\\\/wp-content\\\/uploads\\\/2024\\\/02\\\/avtoprevleka-za-vw-id-3-2019-5-vrat.jpg\",\"contentUrl\":\"https:\\\/\\\/avtoprevleke.si\\\/wp-content\\\/uploads\\\/2024\\\/02\\\/avtoprevleka-za-vw-id-3-2019-5-vrat.jpg\",\"width\":520,\"height\":520},{\"@type\":\"BreadcrumbList\",\"@id\":\"https:\\\/\\\/avtoprevleke.si\\\/izdelki\\\/avtoprevleka-po-meri-za-volkswagen-id-3-2019-5-vrat-naslon-za-roke-zadaj\\\/#breadcrumb\",\"itemListElement\":[{\"@type\":\"ListItem\",\"position\":1,\"name\":\"Home\",\"item\":\"https:\\\/\\\/avtoprevleke.si\\\/\"},{\"@type\":\"ListItem\",\"position\":2,\"name\":\"Prevleke po meri\",\"item\":\"https:\\\/\\\/avtoprevleke.si\\\/de\\\/individuelle-abdeckungen\\\/\"},{\"@type\":\"ListItem\",\"position\":3,\"name\":\"Avtoprevleka po meri za Volkswagen ID.3 (2019+) 5 vrat &#8211; naslon za roke zadaj\"}]},{\"@type\":\"WebSite\",\"@id\":\"https:\\\/\\\/avtoprevleke.si\\\/#website\",\"url\":\"https:\\\/\\\/avtoprevleke.si\\\/\",\"name\":\"Avtoprevleke po meri | TECH PLUS\",\"description\":\"Tipske avtoprevleke - sede\u017ene prevleke za avto\",\"publisher\":{\"@id\":\"https:\\\/\\\/avtoprevleke.si\\\/#organization\"},\"potentialAction\":[{\"@type\":\"SearchAction\",\"target\":{\"@type\":\"EntryPoint\",\"urlTemplate\":\"https:\\\/\\\/avtoprevleke.si\\\/?s={search_term_string}\"},\"query-input\":{\"@type\":\"PropertyValueSpecification\",\"valueRequired\":true,\"valueName\":\"search_term_string\"}}],\"inLanguage\":\"en-GB\"},{\"@type\":\"Organization\",\"@id\":\"https:\\\/\\\/avtoprevleke.si\\\/#organization\",\"name\":\"Avtoprevleke po meri | TECH PLUS\",\"url\":\"https:\\\/\\\/avtoprevleke.si\\\/\",\"logo\":{\"@type\":\"ImageObject\",\"inLanguage\":\"en-GB\",\"@id\":\"https:\\\/\\\/avtoprevleke.si\\\/#\\\/schema\\\/logo\\\/image\\\/\",\"url\":\"https:\\\/\\\/avtoprevleke.si\\\/wp-content\\\/uploads\\\/2018\\\/09\\\/avtoprevleke-logo.png\",\"contentUrl\":\"https:\\\/\\\/avtoprevleke.si\\\/wp-content\\\/uploads\\\/2018\\\/09\\\/avtoprevleke-logo.png\",\"width\":856,\"height\":330,\"caption\":\"Avtoprevleke po meri | TECH PLUS\"},\"image\":{\"@id\":\"https:\\\/\\\/avtoprevleke.si\\\/#\\\/schema\\\/logo\\\/image\\\/\"}}]}<\/script>\n<!-- \/ Yoast SEO plugin. -->","yoast_head_json":{"title":"Avtoprevleka po meri za Volkswagen ID.3 (2019+) 5 vrat - naslon za roke zadaj - Avtoprevleke po meri | TECH PLUS","robots":{"index":"index","follow":"follow","max-snippet":"max-snippet:-1","max-image-preview":"max-image-preview:large","max-video-preview":"max-video-preview:-1"},"canonical":"https:\/\/avtoprevleke.si\/en\/products\/custom-car-cover-for-volkswagen-id-3-2019-5-doors-rear-armrest\/","og_locale":"en_GB","og_type":"article","og_title":"Avtoprevleka po meri za Volkswagen ID.3 (2019+) 5 vrat - naslon za roke zadaj - Avtoprevleke po meri | TECH PLUS","og_description":"obi\u010dajna prednja sede\u017ea, 3 zra\u010dne blazine (na zunanji strani sprednjih naslonjal in na voznikovem na notranji strani), vzglavniki spredaj aktivni, sprednji naslon za roke pritrjen na sede\u017eno naslonjalo, zadnje naslonjalo deljivo 2\/3+1\/3, zad. sede\u017e v kosu, tretji (srednji) varnostni pas izhaja iz naslonjala, isofix povezan z oblazinjenjem, naslon za roke zadaj, integriran dr\u017ealo za skodelico (oval) v naslonu za roke, vzglavniki zadaj so pogrezni (2+1)","og_url":"https:\/\/avtoprevleke.si\/en\/products\/custom-car-cover-for-volkswagen-id-3-2019-5-doors-rear-armrest\/","og_site_name":"Avtoprevleke po meri | TECH PLUS","article_modified_time":"2026-03-30T11:30:34+00:00","og_image":[{"width":520,"height":520,"url":"https:\/\/avtoprevleke.si\/wp-content\/uploads\/2024\/02\/avtoprevleka-za-vw-id-3-2019-5-vrat.jpg","type":"image\/jpeg"}],"twitter_card":"summary_large_image","schema":{"@context":"https:\/\/schema.org","@graph":[{"@type":"WebPage","@id":"https:\/\/avtoprevleke.si\/izdelki\/avtoprevleka-po-meri-za-volkswagen-id-3-2019-5-vrat-naslon-za-roke-zadaj\/","url":"https:\/\/avtoprevleke.si\/izdelki\/avtoprevleka-po-meri-za-volkswagen-id-3-2019-5-vrat-naslon-za-roke-zadaj\/","name":"Avtoprevleka po meri za Volkswagen ID.3 (2019+) 5 vrat - naslon za roke zadaj - Avtoprevleke po meri | TECH PLUS","isPartOf":{"@id":"https:\/\/avtoprevleke.si\/#website"},"primaryImageOfPage":{"@id":"https:\/\/avtoprevleke.si\/izdelki\/avtoprevleka-po-meri-za-volkswagen-id-3-2019-5-vrat-naslon-za-roke-zadaj\/#primaryimage"},"image":{"@id":"https:\/\/avtoprevleke.si\/izdelki\/avtoprevleka-po-meri-za-volkswagen-id-3-2019-5-vrat-naslon-za-roke-zadaj\/#primaryimage"},"thumbnailUrl":"https:\/\/avtoprevleke.si\/wp-content\/uploads\/2024\/02\/avtoprevleka-za-vw-id-3-2019-5-vrat.jpg","datePublished":"2024-02-15T13:32:21+00:00","dateModified":"2026-03-30T11:30:34+00:00","breadcrumb":{"@id":"https:\/\/avtoprevleke.si\/izdelki\/avtoprevleka-po-meri-za-volkswagen-id-3-2019-5-vrat-naslon-za-roke-zadaj\/#breadcrumb"},"inLanguage":"en-GB","potentialAction":[{"@type":"ReadAction","target":["https:\/\/avtoprevleke.si\/izdelki\/avtoprevleka-po-meri-za-volkswagen-id-3-2019-5-vrat-naslon-za-roke-zadaj\/"]}]},{"@type":"ImageObject","inLanguage":"en-GB","@id":"https:\/\/avtoprevleke.si\/izdelki\/avtoprevleka-po-meri-za-volkswagen-id-3-2019-5-vrat-naslon-za-roke-zadaj\/#primaryimage","url":"https:\/\/avtoprevleke.si\/wp-content\/uploads\/2024\/02\/avtoprevleka-za-vw-id-3-2019-5-vrat.jpg","contentUrl":"https:\/\/avtoprevleke.si\/wp-content\/uploads\/2024\/02\/avtoprevleka-za-vw-id-3-2019-5-vrat.jpg","width":520,"height":520},{"@type":"BreadcrumbList","@id":"https:\/\/avtoprevleke.si\/izdelki\/avtoprevleka-po-meri-za-volkswagen-id-3-2019-5-vrat-naslon-za-roke-zadaj\/#breadcrumb","itemListElement":[{"@type":"ListItem","position":1,"name":"Home","item":"https:\/\/avtoprevleke.si\/"},{"@type":"ListItem","position":2,"name":"Prevleke po meri","item":"https:\/\/avtoprevleke.si\/de\/individuelle-abdeckungen\/"},{"@type":"ListItem","position":3,"name":"Avtoprevleka po meri za Volkswagen ID.3 (2019+) 5 vrat &#8211; naslon za roke zadaj"}]},{"@type":"WebSite","@id":"https:\/\/avtoprevleke.si\/#website","url":"https:\/\/avtoprevleke.si\/","name":"Custom-made car seat covers | TECH PLUS","description":"Standard car covers - car seat covers","publisher":{"@id":"https:\/\/avtoprevleke.si\/#organization"},"potentialAction":[{"@type":"SearchAction","target":{"@type":"EntryPoint","urlTemplate":"https:\/\/avtoprevleke.si\/?s={search_term_string}"},"query-input":{"@type":"PropertyValueSpecification","valueRequired":true,"valueName":"search_term_string"}}],"inLanguage":"en-GB"},{"@type":"Organization","@id":"https:\/\/avtoprevleke.si\/#organization","name":"Custom-made car seat covers | TECH PLUS","url":"https:\/\/avtoprevleke.si\/","logo":{"@type":"ImageObject","inLanguage":"en-GB","@id":"https:\/\/avtoprevleke.si\/#\/schema\/logo\/image\/","url":"https:\/\/avtoprevleke.si\/wp-content\/uploads\/2018\/09\/avtoprevleke-logo.png","contentUrl":"https:\/\/avtoprevleke.si\/wp-content\/uploads\/2018\/09\/avtoprevleke-logo.png","width":856,"height":330,"caption":"Avtoprevleke po meri | TECH PLUS"},"image":{"@id":"https:\/\/avtoprevleke.si\/#\/schema\/logo\/image\/"}}]}},"_links":{"self":[{"href":"https:\/\/avtoprevleke.si\/en\/wp-json\/wp\/v2\/product\/33870","targetHints":{"allow":["GET"]}}],"collection":[{"href":"https:\/\/avtoprevleke.si\/en\/wp-json\/wp\/v2\/product"}],"about":[{"href":"https:\/\/avtoprevleke.si\/en\/wp-json\/wp\/v2\/types\/product"}],"replies":[{"embeddable":true,"href":"https:\/\/avtoprevleke.si\/en\/wp-json\/wp\/v2\/comments?post=33870"}],"wp:featuredmedia":[{"embeddable":true,"href":"https:\/\/avtoprevleke.si\/en\/wp-json\/wp\/v2\/media\/33564"}],"wp:attachment":[{"href":"https:\/\/avtoprevleke.si\/en\/wp-json\/wp\/v2\/media?parent=33870"}],"wp:term":[{"taxonomy":"product_brand","embeddable":true,"href":"https:\/\/avtoprevleke.si\/en\/wp-json\/wp\/v2\/product_brand?post=33870"},{"taxonomy":"product_cat","embeddable":true,"href":"https:\/\/avtoprevleke.si\/en\/wp-json\/wp\/v2\/product_cat?post=33870"},{"taxonomy":"product_tag","embeddable":true,"href":"https:\/\/avtoprevleke.si\/en\/wp-json\/wp\/v2\/product_tag?post=33870"}],"curies":[{"name":"wp","href":"https:\/\/api.w.org\/{rel}","templated":true}]}}