{"id":27115,"date":"2018-09-23T14:12:35","date_gmt":"2018-09-23T13:12:35","guid":{"rendered":"https:\/\/avtoprevleke.si\/product\/import-placeholder-for-37285\/"},"modified":"2026-03-30T12:23:59","modified_gmt":"2026-03-30T11:23:59","slug":"car-cover-for-passat-highline-comfortline","status":"publish","type":"product","link":"https:\/\/avtoprevleke.si\/en\/izdelki\/avtoprevleka-za-passat-highline-comfortline\/","title":{"rendered":"Customized car cover for Volkswagen Passat Highline \/ Comfortline (2015+)"},"content":{"rendered":"<p>front row seats are sports, side airbag, front armrest cantilever (not attached to the seat back), front head restraints are normal, rear backrest 2\/3 plus 1\/3 split, rear seats in one piece, rear armrest, side pillars, third belt comes out of the backrest, isofix-anchorage for child seat is connected to the cover, rear head restraints are folding (2 plus 1), Code: 37285<\/p>","protected":false},"excerpt":{"rendered":"<p>front row seats are sports, side airbag, front armrest cantilevered (not attached to the seat back), front head restraints are normal, rear backrest split 2\/3 plus 1\/3, rear seats in one piece, rear armrest, side bolsters, third belt comes out of the backrest, isofix attachment for the child seat is connected to the cover, rear head restraints are folding (2 plus 1)<\/p>","protected":false},"featured_media":31559,"comment_status":"open","ping_status":"closed","template":"","meta":[],"product_brand":[],"product_cat":[1075],"product_tag":[1016],"class_list":{"0":"post-27115","1":"product","2":"type-product","3":"status-publish","4":"has-post-thumbnail","6":"product_cat-2015-passat","7":"product_tag-volkswagen","9":"first","10":"instock","11":"sale","12":"shipping-taxable","13":"purchasable","14":"product-type-variable"},"yoast_head":"<!-- This site is optimized with the Yoast SEO plugin v27.5 - https:\/\/yoast.com\/product\/yoast-seo-wordpress\/ -->\n<title>Avtoprevleka po meri za Volkswagen Passat Highline \/ Comfortline (2015+) - Avtoprevleke po meri | TECH PLUS<\/title>\n<meta name=\"robots\" content=\"index, follow, max-snippet:-1, max-image-preview:large, max-video-preview:-1\" \/>\n<link rel=\"canonical\" href=\"https:\/\/avtoprevleke.si\/en\/products\/car-cover-for-passat-highline-comfortline\/\" \/>\n<meta property=\"og:locale\" content=\"en_GB\" \/>\n<meta property=\"og:type\" content=\"article\" \/>\n<meta property=\"og:title\" content=\"Avtoprevleka po meri za Volkswagen Passat Highline \/ Comfortline (2015+) - Avtoprevleke po meri | TECH PLUS\" \/>\n<meta property=\"og:description\" content=\"sprednja vrsta sede\u017ea sta \u0161portna, bo\u010dna zra\u010dna blazina (airbag),sprednji naslon za roko konzolni (ni pritrjen na naslon sede\u017ea),sprednji nasloni za glavo so normalni, zadnji naslon deljiv 2\/3 plus 1\/3, zadnji sede\u017ei v enem kosu, zadnji naslon za roko, bo\u010dna stebra, tretji pas izhaja iz naslona, isofix-pritrditev za otro\u0161ki sede\u017e je povezan s prevleko, zadnji nasloni za glavo so razklopni (2 plus 1)\" \/>\n<meta property=\"og:url\" content=\"https:\/\/avtoprevleke.si\/en\/products\/car-cover-for-passat-highline-comfortline\/\" \/>\n<meta property=\"og:site_name\" content=\"Avtoprevleke po meri | TECH PLUS\" \/>\n<meta property=\"article:modified_time\" content=\"2026-03-30T11:23:59+00:00\" \/>\n<meta property=\"og:image\" content=\"https:\/\/avtoprevleke.si\/wp-content\/uploads\/2018\/09\/avtoprevleke-za-volkswagen-passat_highline_comfortline_2.jpg\" \/>\n\t<meta property=\"og:image:width\" content=\"520\" \/>\n\t<meta property=\"og:image:height\" content=\"520\" \/>\n\t<meta property=\"og:image:type\" content=\"image\/jpeg\" \/>\n<meta name=\"twitter:card\" content=\"summary_large_image\" \/>\n<script type=\"application\/ld+json\" class=\"yoast-schema-graph\">{\"@context\":\"https:\\\/\\\/schema.org\",\"@graph\":[{\"@type\":\"WebPage\",\"@id\":\"https:\\\/\\\/avtoprevleke.si\\\/izdelki\\\/avtoprevleka-za-passat-highline-comfortline\\\/\",\"url\":\"https:\\\/\\\/avtoprevleke.si\\\/izdelki\\\/avtoprevleka-za-passat-highline-comfortline\\\/\",\"name\":\"Avtoprevleka po meri za Volkswagen Passat Highline \\\/ Comfortline (2015+) - Avtoprevleke po meri | TECH PLUS\",\"isPartOf\":{\"@id\":\"https:\\\/\\\/avtoprevleke.si\\\/#website\"},\"primaryImageOfPage\":{\"@id\":\"https:\\\/\\\/avtoprevleke.si\\\/izdelki\\\/avtoprevleka-za-passat-highline-comfortline\\\/#primaryimage\"},\"image\":{\"@id\":\"https:\\\/\\\/avtoprevleke.si\\\/izdelki\\\/avtoprevleka-za-passat-highline-comfortline\\\/#primaryimage\"},\"thumbnailUrl\":\"https:\\\/\\\/avtoprevleke.si\\\/wp-content\\\/uploads\\\/2018\\\/09\\\/avtoprevleke-za-volkswagen-passat_highline_comfortline_2.jpg\",\"datePublished\":\"2018-09-23T13:12:35+00:00\",\"dateModified\":\"2026-03-30T11:23:59+00:00\",\"breadcrumb\":{\"@id\":\"https:\\\/\\\/avtoprevleke.si\\\/izdelki\\\/avtoprevleka-za-passat-highline-comfortline\\\/#breadcrumb\"},\"inLanguage\":\"en-GB\",\"potentialAction\":[{\"@type\":\"ReadAction\",\"target\":[\"https:\\\/\\\/avtoprevleke.si\\\/izdelki\\\/avtoprevleka-za-passat-highline-comfortline\\\/\"]}]},{\"@type\":\"ImageObject\",\"inLanguage\":\"en-GB\",\"@id\":\"https:\\\/\\\/avtoprevleke.si\\\/izdelki\\\/avtoprevleka-za-passat-highline-comfortline\\\/#primaryimage\",\"url\":\"https:\\\/\\\/avtoprevleke.si\\\/wp-content\\\/uploads\\\/2018\\\/09\\\/avtoprevleke-za-volkswagen-passat_highline_comfortline_2.jpg\",\"contentUrl\":\"https:\\\/\\\/avtoprevleke.si\\\/wp-content\\\/uploads\\\/2018\\\/09\\\/avtoprevleke-za-volkswagen-passat_highline_comfortline_2.jpg\",\"width\":520,\"height\":520,\"caption\":\"Avtoprevleke po meri za Volkswagen Passat highline comfortline\"},{\"@type\":\"BreadcrumbList\",\"@id\":\"https:\\\/\\\/avtoprevleke.si\\\/izdelki\\\/avtoprevleka-za-passat-highline-comfortline\\\/#breadcrumb\",\"itemListElement\":[{\"@type\":\"ListItem\",\"position\":1,\"name\":\"Home\",\"item\":\"https:\\\/\\\/avtoprevleke.si\\\/\"},{\"@type\":\"ListItem\",\"position\":2,\"name\":\"Prevleke po meri\",\"item\":\"https:\\\/\\\/avtoprevleke.si\\\/de\\\/individuelle-abdeckungen\\\/\"},{\"@type\":\"ListItem\",\"position\":3,\"name\":\"Avtoprevleka po meri za Volkswagen Passat Highline \\\/ Comfortline (2015+)\"}]},{\"@type\":\"WebSite\",\"@id\":\"https:\\\/\\\/avtoprevleke.si\\\/#website\",\"url\":\"https:\\\/\\\/avtoprevleke.si\\\/\",\"name\":\"Avtoprevleke po meri | TECH PLUS\",\"description\":\"Tipske avtoprevleke - sede\u017ene prevleke za avto\",\"publisher\":{\"@id\":\"https:\\\/\\\/avtoprevleke.si\\\/#organization\"},\"potentialAction\":[{\"@type\":\"SearchAction\",\"target\":{\"@type\":\"EntryPoint\",\"urlTemplate\":\"https:\\\/\\\/avtoprevleke.si\\\/?s={search_term_string}\"},\"query-input\":{\"@type\":\"PropertyValueSpecification\",\"valueRequired\":true,\"valueName\":\"search_term_string\"}}],\"inLanguage\":\"en-GB\"},{\"@type\":\"Organization\",\"@id\":\"https:\\\/\\\/avtoprevleke.si\\\/#organization\",\"name\":\"Avtoprevleke po meri | TECH PLUS\",\"url\":\"https:\\\/\\\/avtoprevleke.si\\\/\",\"logo\":{\"@type\":\"ImageObject\",\"inLanguage\":\"en-GB\",\"@id\":\"https:\\\/\\\/avtoprevleke.si\\\/#\\\/schema\\\/logo\\\/image\\\/\",\"url\":\"https:\\\/\\\/avtoprevleke.si\\\/wp-content\\\/uploads\\\/2018\\\/09\\\/avtoprevleke-logo.png\",\"contentUrl\":\"https:\\\/\\\/avtoprevleke.si\\\/wp-content\\\/uploads\\\/2018\\\/09\\\/avtoprevleke-logo.png\",\"width\":856,\"height\":330,\"caption\":\"Avtoprevleke po meri | TECH PLUS\"},\"image\":{\"@id\":\"https:\\\/\\\/avtoprevleke.si\\\/#\\\/schema\\\/logo\\\/image\\\/\"}}]}<\/script>\n<!-- \/ Yoast SEO plugin. -->","yoast_head_json":{"title":"Avtoprevleka po meri za Volkswagen Passat Highline \/ Comfortline (2015+) - Avtoprevleke po meri | TECH PLUS","robots":{"index":"index","follow":"follow","max-snippet":"max-snippet:-1","max-image-preview":"max-image-preview:large","max-video-preview":"max-video-preview:-1"},"canonical":"https:\/\/avtoprevleke.si\/en\/products\/car-cover-for-passat-highline-comfortline\/","og_locale":"en_GB","og_type":"article","og_title":"Avtoprevleka po meri za Volkswagen Passat Highline \/ Comfortline (2015+) - Avtoprevleke po meri | TECH PLUS","og_description":"sprednja vrsta sede\u017ea sta \u0161portna, bo\u010dna zra\u010dna blazina (airbag),sprednji naslon za roko konzolni (ni pritrjen na naslon sede\u017ea),sprednji nasloni za glavo so normalni, zadnji naslon deljiv 2\/3 plus 1\/3, zadnji sede\u017ei v enem kosu, zadnji naslon za roko, bo\u010dna stebra, tretji pas izhaja iz naslona, isofix-pritrditev za otro\u0161ki sede\u017e je povezan s prevleko, zadnji nasloni za glavo so razklopni (2 plus 1)","og_url":"https:\/\/avtoprevleke.si\/en\/products\/car-cover-for-passat-highline-comfortline\/","og_site_name":"Avtoprevleke po meri | TECH PLUS","article_modified_time":"2026-03-30T11:23:59+00:00","og_image":[{"width":520,"height":520,"url":"https:\/\/avtoprevleke.si\/wp-content\/uploads\/2018\/09\/avtoprevleke-za-volkswagen-passat_highline_comfortline_2.jpg","type":"image\/jpeg"}],"twitter_card":"summary_large_image","schema":{"@context":"https:\/\/schema.org","@graph":[{"@type":"WebPage","@id":"https:\/\/avtoprevleke.si\/izdelki\/avtoprevleka-za-passat-highline-comfortline\/","url":"https:\/\/avtoprevleke.si\/izdelki\/avtoprevleka-za-passat-highline-comfortline\/","name":"Avtoprevleka po meri za Volkswagen Passat Highline \/ Comfortline (2015+) - Avtoprevleke po meri | TECH PLUS","isPartOf":{"@id":"https:\/\/avtoprevleke.si\/#website"},"primaryImageOfPage":{"@id":"https:\/\/avtoprevleke.si\/izdelki\/avtoprevleka-za-passat-highline-comfortline\/#primaryimage"},"image":{"@id":"https:\/\/avtoprevleke.si\/izdelki\/avtoprevleka-za-passat-highline-comfortline\/#primaryimage"},"thumbnailUrl":"https:\/\/avtoprevleke.si\/wp-content\/uploads\/2018\/09\/avtoprevleke-za-volkswagen-passat_highline_comfortline_2.jpg","datePublished":"2018-09-23T13:12:35+00:00","dateModified":"2026-03-30T11:23:59+00:00","breadcrumb":{"@id":"https:\/\/avtoprevleke.si\/izdelki\/avtoprevleka-za-passat-highline-comfortline\/#breadcrumb"},"inLanguage":"en-GB","potentialAction":[{"@type":"ReadAction","target":["https:\/\/avtoprevleke.si\/izdelki\/avtoprevleka-za-passat-highline-comfortline\/"]}]},{"@type":"ImageObject","inLanguage":"en-GB","@id":"https:\/\/avtoprevleke.si\/izdelki\/avtoprevleka-za-passat-highline-comfortline\/#primaryimage","url":"https:\/\/avtoprevleke.si\/wp-content\/uploads\/2018\/09\/avtoprevleke-za-volkswagen-passat_highline_comfortline_2.jpg","contentUrl":"https:\/\/avtoprevleke.si\/wp-content\/uploads\/2018\/09\/avtoprevleke-za-volkswagen-passat_highline_comfortline_2.jpg","width":520,"height":520,"caption":"Avtoprevleke po meri za Volkswagen Passat highline comfortline"},{"@type":"BreadcrumbList","@id":"https:\/\/avtoprevleke.si\/izdelki\/avtoprevleka-za-passat-highline-comfortline\/#breadcrumb","itemListElement":[{"@type":"ListItem","position":1,"name":"Home","item":"https:\/\/avtoprevleke.si\/"},{"@type":"ListItem","position":2,"name":"Prevleke po meri","item":"https:\/\/avtoprevleke.si\/de\/individuelle-abdeckungen\/"},{"@type":"ListItem","position":3,"name":"Avtoprevleka po meri za Volkswagen Passat Highline \/ Comfortline (2015+)"}]},{"@type":"WebSite","@id":"https:\/\/avtoprevleke.si\/#website","url":"https:\/\/avtoprevleke.si\/","name":"Custom-made car seat covers | TECH PLUS","description":"Standard car covers - car seat covers","publisher":{"@id":"https:\/\/avtoprevleke.si\/#organization"},"potentialAction":[{"@type":"SearchAction","target":{"@type":"EntryPoint","urlTemplate":"https:\/\/avtoprevleke.si\/?s={search_term_string}"},"query-input":{"@type":"PropertyValueSpecification","valueRequired":true,"valueName":"search_term_string"}}],"inLanguage":"en-GB"},{"@type":"Organization","@id":"https:\/\/avtoprevleke.si\/#organization","name":"Custom-made car seat covers | TECH PLUS","url":"https:\/\/avtoprevleke.si\/","logo":{"@type":"ImageObject","inLanguage":"en-GB","@id":"https:\/\/avtoprevleke.si\/#\/schema\/logo\/image\/","url":"https:\/\/avtoprevleke.si\/wp-content\/uploads\/2018\/09\/avtoprevleke-logo.png","contentUrl":"https:\/\/avtoprevleke.si\/wp-content\/uploads\/2018\/09\/avtoprevleke-logo.png","width":856,"height":330,"caption":"Avtoprevleke po meri | TECH PLUS"},"image":{"@id":"https:\/\/avtoprevleke.si\/#\/schema\/logo\/image\/"}}]}},"_links":{"self":[{"href":"https:\/\/avtoprevleke.si\/en\/wp-json\/wp\/v2\/product\/27115","targetHints":{"allow":["GET"]}}],"collection":[{"href":"https:\/\/avtoprevleke.si\/en\/wp-json\/wp\/v2\/product"}],"about":[{"href":"https:\/\/avtoprevleke.si\/en\/wp-json\/wp\/v2\/types\/product"}],"replies":[{"embeddable":true,"href":"https:\/\/avtoprevleke.si\/en\/wp-json\/wp\/v2\/comments?post=27115"}],"wp:featuredmedia":[{"embeddable":true,"href":"https:\/\/avtoprevleke.si\/en\/wp-json\/wp\/v2\/media\/31559"}],"wp:attachment":[{"href":"https:\/\/avtoprevleke.si\/en\/wp-json\/wp\/v2\/media?parent=27115"}],"wp:term":[{"taxonomy":"product_brand","embeddable":true,"href":"https:\/\/avtoprevleke.si\/en\/wp-json\/wp\/v2\/product_brand?post=27115"},{"taxonomy":"product_cat","embeddable":true,"href":"https:\/\/avtoprevleke.si\/en\/wp-json\/wp\/v2\/product_cat?post=27115"},{"taxonomy":"product_tag","embeddable":true,"href":"https:\/\/avtoprevleke.si\/en\/wp-json\/wp\/v2\/product_tag?post=27115"}],"curies":[{"name":"wp","href":"https:\/\/api.w.org\/{rel}","templated":true}]}}