{"id":26606,"date":"2018-09-23T14:08:50","date_gmt":"2018-09-23T13:08:50","guid":{"rendered":"https:\/\/avtoprevleke.si\/product\/import-placeholder-for-37068\/"},"modified":"2026-03-30T12:23:03","modified_gmt":"2026-03-30T11:23:03","slug":"car-cover-for-volkswagen-new-beetle","status":"publish","type":"product","link":"https:\/\/avtoprevleke.si\/en\/izdelki\/avtoprevleka-za-volkswagen-new-beetle\/","title":{"rendered":"Customized car cover for Volkswagen New Beetle (1997-2005, 2005-2010) 3 doors"},"content":{"rendered":"<p>front seat row are normal, backrest adjustment arms, front armrest cantilever (not attached to seat back), rear backrest and seats are one piece, head restraints are normal, front armrest, Ref: 37068<\/p>","protected":false},"excerpt":{"rendered":"<p>front row of seats are normal, backrest adjustment arms, front armrest cantilevered (not attached to the seat back), rear backrest and seats in one piece, head restraints are normal, front armrest<\/p>","protected":false},"featured_media":31522,"comment_status":"open","ping_status":"closed","template":"","meta":[],"product_brand":[],"product_cat":[1064,1215],"product_tag":[1016],"class_list":{"0":"post-26606","1":"product","2":"type-product","3":"status-publish","4":"has-post-thumbnail","6":"product_cat-1997-2005","7":"product_cat-2005-2010-new-beetle","8":"product_tag-volkswagen","10":"first","11":"instock","12":"sale","13":"shipping-taxable","14":"purchasable","15":"product-type-variable"},"yoast_head":"<!-- This site is optimized with the Yoast SEO plugin v27.5 - https:\/\/yoast.com\/product\/yoast-seo-wordpress\/ -->\n<title>Avtoprevleka po meri za Volkswagen New Beetle (1997-2005, 2005-2010) 3 vrata - Avtoprevleke po meri | TECH PLUS<\/title>\n<meta name=\"robots\" content=\"index, follow, max-snippet:-1, max-image-preview:large, max-video-preview:-1\" \/>\n<link rel=\"canonical\" href=\"http:\/\/avtoprevleke.si\/en\/products\/car-cover-for-volkswagen-new-beetle\/\" \/>\n<meta property=\"og:locale\" content=\"en_GB\" \/>\n<meta property=\"og:type\" content=\"article\" \/>\n<meta property=\"og:title\" content=\"Avtoprevleka po meri za Volkswagen New Beetle (1997-2005, 2005-2010) 3 vrata - Avtoprevleke po meri | TECH PLUS\" \/>\n<meta property=\"og:description\" content=\"sprednja vrsta sede\u017ea sta navadna,ro\u010dke za nastavitev naslona,sprednji naslon za roko konzolni (ni pritrjen na naslon sede\u017ea), zadnji naslon in sede\u017ei so v enem kosu, nasloni za glavo so normalni,sprednji naslon za roko\" \/>\n<meta property=\"og:url\" content=\"http:\/\/avtoprevleke.si\/en\/products\/car-cover-for-volkswagen-new-beetle\/\" \/>\n<meta property=\"og:site_name\" content=\"Avtoprevleke po meri | TECH PLUS\" \/>\n<meta property=\"article:modified_time\" content=\"2026-03-30T11:23:03+00:00\" \/>\n<meta property=\"og:image\" content=\"https:\/\/avtoprevleke.si\/wp-content\/uploads\/2018\/09\/avtoprevleke-za-volkswagen_new_beetle.jpg\" \/>\n\t<meta property=\"og:image:width\" content=\"520\" \/>\n\t<meta property=\"og:image:height\" content=\"520\" \/>\n\t<meta property=\"og:image:type\" content=\"image\/jpeg\" \/>\n<meta name=\"twitter:card\" content=\"summary_large_image\" \/>\n<script type=\"application\/ld+json\" class=\"yoast-schema-graph\">{\"@context\":\"https:\\\/\\\/schema.org\",\"@graph\":[{\"@type\":\"WebPage\",\"@id\":\"http:\\\/\\\/avtoprevleke.si\\\/de\\\/produkte\\\/avtoprevleka-za-volkswagen-new-beetle\\\/\",\"url\":\"http:\\\/\\\/avtoprevleke.si\\\/de\\\/produkte\\\/avtoprevleka-za-volkswagen-new-beetle\\\/\",\"name\":\"Avtoprevleka po meri za Volkswagen New Beetle (1997-2005, 2005-2010) 3 vrata - Avtoprevleke po meri | TECH PLUS\",\"isPartOf\":{\"@id\":\"https:\\\/\\\/avtoprevleke.si\\\/#website\"},\"primaryImageOfPage\":{\"@id\":\"http:\\\/\\\/avtoprevleke.si\\\/de\\\/produkte\\\/avtoprevleka-za-volkswagen-new-beetle\\\/#primaryimage\"},\"image\":{\"@id\":\"http:\\\/\\\/avtoprevleke.si\\\/de\\\/produkte\\\/avtoprevleka-za-volkswagen-new-beetle\\\/#primaryimage\"},\"thumbnailUrl\":\"https:\\\/\\\/avtoprevleke.si\\\/wp-content\\\/uploads\\\/2018\\\/09\\\/avtoprevleke-za-volkswagen_new_beetle.jpg\",\"datePublished\":\"2018-09-23T13:08:50+00:00\",\"dateModified\":\"2026-03-30T11:23:03+00:00\",\"breadcrumb\":{\"@id\":\"http:\\\/\\\/avtoprevleke.si\\\/de\\\/produkte\\\/avtoprevleka-za-volkswagen-new-beetle\\\/#breadcrumb\"},\"inLanguage\":\"en-GB\",\"potentialAction\":[{\"@type\":\"ReadAction\",\"target\":[\"http:\\\/\\\/avtoprevleke.si\\\/de\\\/produkte\\\/avtoprevleka-za-volkswagen-new-beetle\\\/\"]}]},{\"@type\":\"ImageObject\",\"inLanguage\":\"en-GB\",\"@id\":\"http:\\\/\\\/avtoprevleke.si\\\/de\\\/produkte\\\/avtoprevleka-za-volkswagen-new-beetle\\\/#primaryimage\",\"url\":\"https:\\\/\\\/avtoprevleke.si\\\/wp-content\\\/uploads\\\/2018\\\/09\\\/avtoprevleke-za-volkswagen_new_beetle.jpg\",\"contentUrl\":\"https:\\\/\\\/avtoprevleke.si\\\/wp-content\\\/uploads\\\/2018\\\/09\\\/avtoprevleke-za-volkswagen_new_beetle.jpg\",\"width\":520,\"height\":520,\"caption\":\"Prevleka po meri za Volkswagen New Beetle\"},{\"@type\":\"BreadcrumbList\",\"@id\":\"http:\\\/\\\/avtoprevleke.si\\\/de\\\/produkte\\\/avtoprevleka-za-volkswagen-new-beetle\\\/#breadcrumb\",\"itemListElement\":[{\"@type\":\"ListItem\",\"position\":1,\"name\":\"Home\",\"item\":\"https:\\\/\\\/avtoprevleke.si\\\/\"},{\"@type\":\"ListItem\",\"position\":2,\"name\":\"Prevleke po meri\",\"item\":\"https:\\\/\\\/avtoprevleke.si\\\/de\\\/individuelle-abdeckungen\\\/\"},{\"@type\":\"ListItem\",\"position\":3,\"name\":\"Avtoprevleka po meri za Volkswagen New Beetle (1997-2005, 2005-2010) 3 vrata\"}]},{\"@type\":\"WebSite\",\"@id\":\"https:\\\/\\\/avtoprevleke.si\\\/#website\",\"url\":\"https:\\\/\\\/avtoprevleke.si\\\/\",\"name\":\"Avtoprevleke po meri | TECH PLUS\",\"description\":\"Tipske avtoprevleke - sede\u017ene prevleke za avto\",\"publisher\":{\"@id\":\"https:\\\/\\\/avtoprevleke.si\\\/#organization\"},\"potentialAction\":[{\"@type\":\"SearchAction\",\"target\":{\"@type\":\"EntryPoint\",\"urlTemplate\":\"https:\\\/\\\/avtoprevleke.si\\\/?s={search_term_string}\"},\"query-input\":{\"@type\":\"PropertyValueSpecification\",\"valueRequired\":true,\"valueName\":\"search_term_string\"}}],\"inLanguage\":\"en-GB\"},{\"@type\":\"Organization\",\"@id\":\"https:\\\/\\\/avtoprevleke.si\\\/#organization\",\"name\":\"Avtoprevleke po meri | TECH PLUS\",\"url\":\"https:\\\/\\\/avtoprevleke.si\\\/\",\"logo\":{\"@type\":\"ImageObject\",\"inLanguage\":\"en-GB\",\"@id\":\"https:\\\/\\\/avtoprevleke.si\\\/#\\\/schema\\\/logo\\\/image\\\/\",\"url\":\"https:\\\/\\\/avtoprevleke.si\\\/wp-content\\\/uploads\\\/2018\\\/09\\\/avtoprevleke-logo.png\",\"contentUrl\":\"https:\\\/\\\/avtoprevleke.si\\\/wp-content\\\/uploads\\\/2018\\\/09\\\/avtoprevleke-logo.png\",\"width\":856,\"height\":330,\"caption\":\"Avtoprevleke po meri | TECH PLUS\"},\"image\":{\"@id\":\"https:\\\/\\\/avtoprevleke.si\\\/#\\\/schema\\\/logo\\\/image\\\/\"}}]}<\/script>\n<!-- \/ Yoast SEO plugin. -->","yoast_head_json":{"title":"Avtoprevleka po meri za Volkswagen New Beetle (1997-2005, 2005-2010) 3 vrata - Avtoprevleke po meri | TECH PLUS","robots":{"index":"index","follow":"follow","max-snippet":"max-snippet:-1","max-image-preview":"max-image-preview:large","max-video-preview":"max-video-preview:-1"},"canonical":"http:\/\/avtoprevleke.si\/en\/products\/car-cover-for-volkswagen-new-beetle\/","og_locale":"en_GB","og_type":"article","og_title":"Avtoprevleka po meri za Volkswagen New Beetle (1997-2005, 2005-2010) 3 vrata - Avtoprevleke po meri | TECH PLUS","og_description":"sprednja vrsta sede\u017ea sta navadna,ro\u010dke za nastavitev naslona,sprednji naslon za roko konzolni (ni pritrjen na naslon sede\u017ea), zadnji naslon in sede\u017ei so v enem kosu, nasloni za glavo so normalni,sprednji naslon za roko","og_url":"http:\/\/avtoprevleke.si\/en\/products\/car-cover-for-volkswagen-new-beetle\/","og_site_name":"Avtoprevleke po meri | TECH PLUS","article_modified_time":"2026-03-30T11:23:03+00:00","og_image":[{"width":520,"height":520,"url":"https:\/\/avtoprevleke.si\/wp-content\/uploads\/2018\/09\/avtoprevleke-za-volkswagen_new_beetle.jpg","type":"image\/jpeg"}],"twitter_card":"summary_large_image","schema":{"@context":"https:\/\/schema.org","@graph":[{"@type":"WebPage","@id":"http:\/\/avtoprevleke.si\/de\/produkte\/avtoprevleka-za-volkswagen-new-beetle\/","url":"http:\/\/avtoprevleke.si\/de\/produkte\/avtoprevleka-za-volkswagen-new-beetle\/","name":"Avtoprevleka po meri za Volkswagen New Beetle (1997-2005, 2005-2010) 3 vrata - Avtoprevleke po meri | TECH PLUS","isPartOf":{"@id":"https:\/\/avtoprevleke.si\/#website"},"primaryImageOfPage":{"@id":"http:\/\/avtoprevleke.si\/de\/produkte\/avtoprevleka-za-volkswagen-new-beetle\/#primaryimage"},"image":{"@id":"http:\/\/avtoprevleke.si\/de\/produkte\/avtoprevleka-za-volkswagen-new-beetle\/#primaryimage"},"thumbnailUrl":"https:\/\/avtoprevleke.si\/wp-content\/uploads\/2018\/09\/avtoprevleke-za-volkswagen_new_beetle.jpg","datePublished":"2018-09-23T13:08:50+00:00","dateModified":"2026-03-30T11:23:03+00:00","breadcrumb":{"@id":"http:\/\/avtoprevleke.si\/de\/produkte\/avtoprevleka-za-volkswagen-new-beetle\/#breadcrumb"},"inLanguage":"en-GB","potentialAction":[{"@type":"ReadAction","target":["http:\/\/avtoprevleke.si\/de\/produkte\/avtoprevleka-za-volkswagen-new-beetle\/"]}]},{"@type":"ImageObject","inLanguage":"en-GB","@id":"http:\/\/avtoprevleke.si\/de\/produkte\/avtoprevleka-za-volkswagen-new-beetle\/#primaryimage","url":"https:\/\/avtoprevleke.si\/wp-content\/uploads\/2018\/09\/avtoprevleke-za-volkswagen_new_beetle.jpg","contentUrl":"https:\/\/avtoprevleke.si\/wp-content\/uploads\/2018\/09\/avtoprevleke-za-volkswagen_new_beetle.jpg","width":520,"height":520,"caption":"Prevleka po meri za Volkswagen New Beetle"},{"@type":"BreadcrumbList","@id":"http:\/\/avtoprevleke.si\/de\/produkte\/avtoprevleka-za-volkswagen-new-beetle\/#breadcrumb","itemListElement":[{"@type":"ListItem","position":1,"name":"Home","item":"https:\/\/avtoprevleke.si\/"},{"@type":"ListItem","position":2,"name":"Prevleke po meri","item":"https:\/\/avtoprevleke.si\/de\/individuelle-abdeckungen\/"},{"@type":"ListItem","position":3,"name":"Avtoprevleka po meri za Volkswagen New Beetle (1997-2005, 2005-2010) 3 vrata"}]},{"@type":"WebSite","@id":"https:\/\/avtoprevleke.si\/#website","url":"https:\/\/avtoprevleke.si\/","name":"Custom-made car seat covers | TECH PLUS","description":"Standard car covers - car seat covers","publisher":{"@id":"https:\/\/avtoprevleke.si\/#organization"},"potentialAction":[{"@type":"SearchAction","target":{"@type":"EntryPoint","urlTemplate":"https:\/\/avtoprevleke.si\/?s={search_term_string}"},"query-input":{"@type":"PropertyValueSpecification","valueRequired":true,"valueName":"search_term_string"}}],"inLanguage":"en-GB"},{"@type":"Organization","@id":"https:\/\/avtoprevleke.si\/#organization","name":"Custom-made car seat covers | TECH PLUS","url":"https:\/\/avtoprevleke.si\/","logo":{"@type":"ImageObject","inLanguage":"en-GB","@id":"https:\/\/avtoprevleke.si\/#\/schema\/logo\/image\/","url":"https:\/\/avtoprevleke.si\/wp-content\/uploads\/2018\/09\/avtoprevleke-logo.png","contentUrl":"https:\/\/avtoprevleke.si\/wp-content\/uploads\/2018\/09\/avtoprevleke-logo.png","width":856,"height":330,"caption":"Avtoprevleke po meri | TECH PLUS"},"image":{"@id":"https:\/\/avtoprevleke.si\/#\/schema\/logo\/image\/"}}]}},"_links":{"self":[{"href":"https:\/\/avtoprevleke.si\/en\/wp-json\/wp\/v2\/product\/26606","targetHints":{"allow":["GET"]}}],"collection":[{"href":"https:\/\/avtoprevleke.si\/en\/wp-json\/wp\/v2\/product"}],"about":[{"href":"https:\/\/avtoprevleke.si\/en\/wp-json\/wp\/v2\/types\/product"}],"replies":[{"embeddable":true,"href":"https:\/\/avtoprevleke.si\/en\/wp-json\/wp\/v2\/comments?post=26606"}],"wp:featuredmedia":[{"embeddable":true,"href":"https:\/\/avtoprevleke.si\/en\/wp-json\/wp\/v2\/media\/31522"}],"wp:attachment":[{"href":"https:\/\/avtoprevleke.si\/en\/wp-json\/wp\/v2\/media?parent=26606"}],"wp:term":[{"taxonomy":"product_brand","embeddable":true,"href":"https:\/\/avtoprevleke.si\/en\/wp-json\/wp\/v2\/product_brand?post=26606"},{"taxonomy":"product_cat","embeddable":true,"href":"https:\/\/avtoprevleke.si\/en\/wp-json\/wp\/v2\/product_cat?post=26606"},{"taxonomy":"product_tag","embeddable":true,"href":"https:\/\/avtoprevleke.si\/en\/wp-json\/wp\/v2\/product_tag?post=26606"}],"curies":[{"name":"wp","href":"https:\/\/api.w.org\/{rel}","templated":true}]}}