{"id":24037,"date":"2018-09-23T13:48:12","date_gmt":"2018-09-23T12:48:12","guid":{"rendered":"https:\/\/avtoprevleke.si\/product\/import-placeholder-for-36056\/"},"modified":"2026-03-30T12:17:42","modified_gmt":"2026-03-30T11:17:42","slug":"custom-car-cover-for-toyota-aygo","status":"publish","type":"product","link":"https:\/\/avtoprevleke.si\/en\/izdelki\/avtoprevleka-po-meri-za-toyota-aygo\/","title":{"rendered":"Custom car cover for Toyota Aygo (2014+)"},"content":{"rendered":"<p>Custom car covers for Toyota Aygo: front row of seats are car seats (in one piece), side airbag (airbag), rear backrest and seats are in one piece, isofix attachment for child seat is connected to the cover, rear head restraints are convertible, SKU: 36056<\/p>","protected":false},"excerpt":{"rendered":"<p>The front row of seats are car seats (in one complete piece), the side airbag (airbag), the rear backrest and seats are in one piece, the isofix attachment for the child seat is connected to the cover, the rear head restraints are folding.<\/p>","protected":false},"featured_media":31309,"comment_status":"open","ping_status":"closed","template":"","meta":[],"product_brand":[],"product_cat":[973],"product_tag":[964],"class_list":{"0":"post-24037","1":"product","2":"type-product","3":"status-publish","4":"has-post-thumbnail","6":"product_cat-2014-aygo","7":"product_tag-toyota","9":"first","10":"instock","11":"sale","12":"shipping-taxable","13":"purchasable","14":"product-type-variable"},"yoast_head":"<!-- This site is optimized with the Yoast SEO plugin v27.5 - https:\/\/yoast.com\/product\/yoast-seo-wordpress\/ -->\n<title>Avtoprevleka po meri za Toyota Aygo (2014+) - Avtoprevleke po meri | TECH PLUS<\/title>\n<meta name=\"robots\" content=\"index, follow, max-snippet:-1, max-image-preview:large, max-video-preview:-1\" \/>\n<link rel=\"canonical\" href=\"http:\/\/avtoprevleke.si\/en\/products\/custom-car-cover-for-toyota-aygo\/\" \/>\n<meta property=\"og:locale\" content=\"en_GB\" \/>\n<meta property=\"og:type\" content=\"article\" \/>\n<meta property=\"og:title\" content=\"Avtoprevleka po meri za Toyota Aygo (2014+) - Avtoprevleke po meri | TECH PLUS\" \/>\n<meta property=\"og:description\" content=\"Sprednja vrsta sede\u017ea sta avio (v enem celem kosu), bo\u010dna zra\u010dna blazina (airbag), zadnji naslon in sede\u017ei so v enem kosu, isofix-pritrditev za otro\u0161ki sede\u017e je povezan s prevleko, zadnji nasloni za glavo so razklopni.\" \/>\n<meta property=\"og:url\" content=\"http:\/\/avtoprevleke.si\/en\/products\/custom-car-cover-for-toyota-aygo\/\" \/>\n<meta property=\"og:site_name\" content=\"Avtoprevleke po meri | TECH PLUS\" \/>\n<meta property=\"article:modified_time\" content=\"2026-03-30T11:17:42+00:00\" \/>\n<meta property=\"og:image\" content=\"https:\/\/avtoprevleke.si\/wp-content\/uploads\/2018\/09\/avtoprevleke-za-toyota-aygo_2.jpg\" \/>\n\t<meta property=\"og:image:width\" content=\"520\" \/>\n\t<meta property=\"og:image:height\" content=\"520\" \/>\n\t<meta property=\"og:image:type\" content=\"image\/jpeg\" \/>\n<meta name=\"twitter:card\" content=\"summary_large_image\" \/>\n<script type=\"application\/ld+json\" class=\"yoast-schema-graph\">{\"@context\":\"https:\\\/\\\/schema.org\",\"@graph\":[{\"@type\":\"WebPage\",\"@id\":\"http:\\\/\\\/avtoprevleke.si\\\/de\\\/produkte\\\/masgefertigte-autoabdeckung-fur-toyota-aygo\\\/\",\"url\":\"http:\\\/\\\/avtoprevleke.si\\\/de\\\/produkte\\\/masgefertigte-autoabdeckung-fur-toyota-aygo\\\/\",\"name\":\"Avtoprevleka po meri za Toyota Aygo (2014+) - Avtoprevleke po meri | TECH PLUS\",\"isPartOf\":{\"@id\":\"https:\\\/\\\/avtoprevleke.si\\\/#website\"},\"primaryImageOfPage\":{\"@id\":\"http:\\\/\\\/avtoprevleke.si\\\/de\\\/produkte\\\/masgefertigte-autoabdeckung-fur-toyota-aygo\\\/#primaryimage\"},\"image\":{\"@id\":\"http:\\\/\\\/avtoprevleke.si\\\/de\\\/produkte\\\/masgefertigte-autoabdeckung-fur-toyota-aygo\\\/#primaryimage\"},\"thumbnailUrl\":\"https:\\\/\\\/avtoprevleke.si\\\/wp-content\\\/uploads\\\/2018\\\/09\\\/avtoprevleke-za-toyota-aygo_2.jpg\",\"datePublished\":\"2018-09-23T12:48:12+00:00\",\"dateModified\":\"2026-03-30T11:17:42+00:00\",\"breadcrumb\":{\"@id\":\"http:\\\/\\\/avtoprevleke.si\\\/de\\\/produkte\\\/masgefertigte-autoabdeckung-fur-toyota-aygo\\\/#breadcrumb\"},\"inLanguage\":\"en-GB\",\"potentialAction\":[{\"@type\":\"ReadAction\",\"target\":[\"http:\\\/\\\/avtoprevleke.si\\\/de\\\/produkte\\\/masgefertigte-autoabdeckung-fur-toyota-aygo\\\/\"]}]},{\"@type\":\"ImageObject\",\"inLanguage\":\"en-GB\",\"@id\":\"http:\\\/\\\/avtoprevleke.si\\\/de\\\/produkte\\\/masgefertigte-autoabdeckung-fur-toyota-aygo\\\/#primaryimage\",\"url\":\"https:\\\/\\\/avtoprevleke.si\\\/wp-content\\\/uploads\\\/2018\\\/09\\\/avtoprevleke-za-toyota-aygo_2.jpg\",\"contentUrl\":\"https:\\\/\\\/avtoprevleke.si\\\/wp-content\\\/uploads\\\/2018\\\/09\\\/avtoprevleke-za-toyota-aygo_2.jpg\",\"width\":520,\"height\":520,\"caption\":\"Avtoprevleke po meri za Toyota Aygo\"},{\"@type\":\"BreadcrumbList\",\"@id\":\"http:\\\/\\\/avtoprevleke.si\\\/de\\\/produkte\\\/masgefertigte-autoabdeckung-fur-toyota-aygo\\\/#breadcrumb\",\"itemListElement\":[{\"@type\":\"ListItem\",\"position\":1,\"name\":\"Home\",\"item\":\"https:\\\/\\\/avtoprevleke.si\\\/\"},{\"@type\":\"ListItem\",\"position\":2,\"name\":\"Prevleke po meri\",\"item\":\"https:\\\/\\\/avtoprevleke.si\\\/de\\\/individuelle-abdeckungen\\\/\"},{\"@type\":\"ListItem\",\"position\":3,\"name\":\"Avtoprevleka po meri za Toyota Aygo (2014+)\"}]},{\"@type\":\"WebSite\",\"@id\":\"https:\\\/\\\/avtoprevleke.si\\\/#website\",\"url\":\"https:\\\/\\\/avtoprevleke.si\\\/\",\"name\":\"Avtoprevleke po meri | TECH PLUS\",\"description\":\"Tipske avtoprevleke - sede\u017ene prevleke za avto\",\"publisher\":{\"@id\":\"https:\\\/\\\/avtoprevleke.si\\\/#organization\"},\"potentialAction\":[{\"@type\":\"SearchAction\",\"target\":{\"@type\":\"EntryPoint\",\"urlTemplate\":\"https:\\\/\\\/avtoprevleke.si\\\/?s={search_term_string}\"},\"query-input\":{\"@type\":\"PropertyValueSpecification\",\"valueRequired\":true,\"valueName\":\"search_term_string\"}}],\"inLanguage\":\"en-GB\"},{\"@type\":\"Organization\",\"@id\":\"https:\\\/\\\/avtoprevleke.si\\\/#organization\",\"name\":\"Avtoprevleke po meri | TECH PLUS\",\"url\":\"https:\\\/\\\/avtoprevleke.si\\\/\",\"logo\":{\"@type\":\"ImageObject\",\"inLanguage\":\"en-GB\",\"@id\":\"https:\\\/\\\/avtoprevleke.si\\\/#\\\/schema\\\/logo\\\/image\\\/\",\"url\":\"https:\\\/\\\/avtoprevleke.si\\\/wp-content\\\/uploads\\\/2018\\\/09\\\/avtoprevleke-logo.png\",\"contentUrl\":\"https:\\\/\\\/avtoprevleke.si\\\/wp-content\\\/uploads\\\/2018\\\/09\\\/avtoprevleke-logo.png\",\"width\":856,\"height\":330,\"caption\":\"Avtoprevleke po meri | TECH PLUS\"},\"image\":{\"@id\":\"https:\\\/\\\/avtoprevleke.si\\\/#\\\/schema\\\/logo\\\/image\\\/\"}}]}<\/script>\n<!-- \/ Yoast SEO plugin. -->","yoast_head_json":{"title":"Avtoprevleka po meri za Toyota Aygo (2014+) - Avtoprevleke po meri | TECH PLUS","robots":{"index":"index","follow":"follow","max-snippet":"max-snippet:-1","max-image-preview":"max-image-preview:large","max-video-preview":"max-video-preview:-1"},"canonical":"http:\/\/avtoprevleke.si\/en\/products\/custom-car-cover-for-toyota-aygo\/","og_locale":"en_GB","og_type":"article","og_title":"Avtoprevleka po meri za Toyota Aygo (2014+) - Avtoprevleke po meri | TECH PLUS","og_description":"Sprednja vrsta sede\u017ea sta avio (v enem celem kosu), bo\u010dna zra\u010dna blazina (airbag), zadnji naslon in sede\u017ei so v enem kosu, isofix-pritrditev za otro\u0161ki sede\u017e je povezan s prevleko, zadnji nasloni za glavo so razklopni.","og_url":"http:\/\/avtoprevleke.si\/en\/products\/custom-car-cover-for-toyota-aygo\/","og_site_name":"Avtoprevleke po meri | TECH PLUS","article_modified_time":"2026-03-30T11:17:42+00:00","og_image":[{"width":520,"height":520,"url":"https:\/\/avtoprevleke.si\/wp-content\/uploads\/2018\/09\/avtoprevleke-za-toyota-aygo_2.jpg","type":"image\/jpeg"}],"twitter_card":"summary_large_image","schema":{"@context":"https:\/\/schema.org","@graph":[{"@type":"WebPage","@id":"http:\/\/avtoprevleke.si\/de\/produkte\/masgefertigte-autoabdeckung-fur-toyota-aygo\/","url":"http:\/\/avtoprevleke.si\/de\/produkte\/masgefertigte-autoabdeckung-fur-toyota-aygo\/","name":"Avtoprevleka po meri za Toyota Aygo (2014+) - Avtoprevleke po meri | TECH PLUS","isPartOf":{"@id":"https:\/\/avtoprevleke.si\/#website"},"primaryImageOfPage":{"@id":"http:\/\/avtoprevleke.si\/de\/produkte\/masgefertigte-autoabdeckung-fur-toyota-aygo\/#primaryimage"},"image":{"@id":"http:\/\/avtoprevleke.si\/de\/produkte\/masgefertigte-autoabdeckung-fur-toyota-aygo\/#primaryimage"},"thumbnailUrl":"https:\/\/avtoprevleke.si\/wp-content\/uploads\/2018\/09\/avtoprevleke-za-toyota-aygo_2.jpg","datePublished":"2018-09-23T12:48:12+00:00","dateModified":"2026-03-30T11:17:42+00:00","breadcrumb":{"@id":"http:\/\/avtoprevleke.si\/de\/produkte\/masgefertigte-autoabdeckung-fur-toyota-aygo\/#breadcrumb"},"inLanguage":"en-GB","potentialAction":[{"@type":"ReadAction","target":["http:\/\/avtoprevleke.si\/de\/produkte\/masgefertigte-autoabdeckung-fur-toyota-aygo\/"]}]},{"@type":"ImageObject","inLanguage":"en-GB","@id":"http:\/\/avtoprevleke.si\/de\/produkte\/masgefertigte-autoabdeckung-fur-toyota-aygo\/#primaryimage","url":"https:\/\/avtoprevleke.si\/wp-content\/uploads\/2018\/09\/avtoprevleke-za-toyota-aygo_2.jpg","contentUrl":"https:\/\/avtoprevleke.si\/wp-content\/uploads\/2018\/09\/avtoprevleke-za-toyota-aygo_2.jpg","width":520,"height":520,"caption":"Avtoprevleke po meri za Toyota Aygo"},{"@type":"BreadcrumbList","@id":"http:\/\/avtoprevleke.si\/de\/produkte\/masgefertigte-autoabdeckung-fur-toyota-aygo\/#breadcrumb","itemListElement":[{"@type":"ListItem","position":1,"name":"Home","item":"https:\/\/avtoprevleke.si\/"},{"@type":"ListItem","position":2,"name":"Prevleke po meri","item":"https:\/\/avtoprevleke.si\/de\/individuelle-abdeckungen\/"},{"@type":"ListItem","position":3,"name":"Avtoprevleka po meri za Toyota Aygo (2014+)"}]},{"@type":"WebSite","@id":"https:\/\/avtoprevleke.si\/#website","url":"https:\/\/avtoprevleke.si\/","name":"Custom-made car seat covers | TECH PLUS","description":"Standard car covers - car seat covers","publisher":{"@id":"https:\/\/avtoprevleke.si\/#organization"},"potentialAction":[{"@type":"SearchAction","target":{"@type":"EntryPoint","urlTemplate":"https:\/\/avtoprevleke.si\/?s={search_term_string}"},"query-input":{"@type":"PropertyValueSpecification","valueRequired":true,"valueName":"search_term_string"}}],"inLanguage":"en-GB"},{"@type":"Organization","@id":"https:\/\/avtoprevleke.si\/#organization","name":"Custom-made car seat covers | TECH PLUS","url":"https:\/\/avtoprevleke.si\/","logo":{"@type":"ImageObject","inLanguage":"en-GB","@id":"https:\/\/avtoprevleke.si\/#\/schema\/logo\/image\/","url":"https:\/\/avtoprevleke.si\/wp-content\/uploads\/2018\/09\/avtoprevleke-logo.png","contentUrl":"https:\/\/avtoprevleke.si\/wp-content\/uploads\/2018\/09\/avtoprevleke-logo.png","width":856,"height":330,"caption":"Avtoprevleke po meri | TECH PLUS"},"image":{"@id":"https:\/\/avtoprevleke.si\/#\/schema\/logo\/image\/"}}]}},"_links":{"self":[{"href":"https:\/\/avtoprevleke.si\/en\/wp-json\/wp\/v2\/product\/24037","targetHints":{"allow":["GET"]}}],"collection":[{"href":"https:\/\/avtoprevleke.si\/en\/wp-json\/wp\/v2\/product"}],"about":[{"href":"https:\/\/avtoprevleke.si\/en\/wp-json\/wp\/v2\/types\/product"}],"replies":[{"embeddable":true,"href":"https:\/\/avtoprevleke.si\/en\/wp-json\/wp\/v2\/comments?post=24037"}],"wp:featuredmedia":[{"embeddable":true,"href":"https:\/\/avtoprevleke.si\/en\/wp-json\/wp\/v2\/media\/31309"}],"wp:attachment":[{"href":"https:\/\/avtoprevleke.si\/en\/wp-json\/wp\/v2\/media?parent=24037"}],"wp:term":[{"taxonomy":"product_brand","embeddable":true,"href":"https:\/\/avtoprevleke.si\/en\/wp-json\/wp\/v2\/product_brand?post=24037"},{"taxonomy":"product_cat","embeddable":true,"href":"https:\/\/avtoprevleke.si\/en\/wp-json\/wp\/v2\/product_cat?post=24037"},{"taxonomy":"product_tag","embeddable":true,"href":"https:\/\/avtoprevleke.si\/en\/wp-json\/wp\/v2\/product_tag?post=24037"}],"curies":[{"name":"wp","href":"https:\/\/api.w.org\/{rel}","templated":true}]}}