{"id":22154,"date":"2018-09-22T22:23:19","date_gmt":"2018-09-22T21:23:19","guid":{"rendered":"https:\/\/avtoprevleke.si\/product\/import-placeholder-for-31028\/"},"modified":"2026-03-30T12:14:09","modified_gmt":"2026-03-30T11:14:09","slug":"custom-car-cover-for-seat-leon-referent-sport-2012-5-doors","status":"publish","type":"product","link":"https:\/\/avtoprevleke.si\/en\/izdelki\/avtoprevleka-po-meri-za-seat-leon-referent-sport-2012-5-vrat\/","title":{"rendered":"Custom Car Cover for Seat Leon Referent sport (2012+) 5 doors"},"content":{"rendered":"<p>2\/3 plus 1\/3 split rear backrest, isofix attachment for child seat, third seat belt (for person in the middle) comes out of the backrest, front armrest, side airbag, front row of seats are sports seats, Ref: 31028<\/p>","protected":false},"excerpt":{"rendered":"<p>2\/3 plus 1\/3 split rear backrest, isofix attachment for child seat, third seat belt (for person in the middle) comes out of the backrest, front armrest, side airbag (airbag), front row of seats are sports seats<\/p>","protected":false},"featured_media":31171,"comment_status":"open","ping_status":"closed","template":"","meta":[],"product_brand":[],"product_cat":[875],"product_tag":[861],"class_list":{"0":"post-22154","1":"product","2":"type-product","3":"status-publish","4":"has-post-thumbnail","6":"product_cat-2012-leon","7":"product_tag-seat","9":"first","10":"instock","11":"sale","12":"shipping-taxable","13":"purchasable","14":"product-type-variable"},"yoast_head":"<!-- This site is optimized with the Yoast SEO plugin v27.5 - https:\/\/yoast.com\/product\/yoast-seo-wordpress\/ -->\n<title>Avtoprevleka po meri za Seat Leon Referent sport (2012+) 5 vrat - Avtoprevleke po meri | TECH PLUS<\/title>\n<meta name=\"robots\" content=\"index, follow, max-snippet:-1, max-image-preview:large, max-video-preview:-1\" \/>\n<link rel=\"canonical\" href=\"https:\/\/avtoprevleke.si\/en\/products\/custom-car-cover-for-seat-leon-referent-sport-2012-5-doors\/\" \/>\n<meta property=\"og:locale\" content=\"en_GB\" \/>\n<meta property=\"og:type\" content=\"article\" \/>\n<meta property=\"og:title\" content=\"Avtoprevleka po meri za Seat Leon Referent sport (2012+) 5 vrat - Avtoprevleke po meri | TECH PLUS\" \/>\n<meta property=\"og:description\" content=\"zadnji naslon deljiv 2\/3 plus 1\/3, isofix-pritrditev za otro\u0161ki sede\u017e, tretji pas (za osebo v sredini) izhaja iz naslona,sprednji naslon za roko, bo\u010dna zra\u010dna blazina (airbag), sprednja vrsta sede\u017ea sta \u0161portna\" \/>\n<meta property=\"og:url\" content=\"https:\/\/avtoprevleke.si\/en\/products\/custom-car-cover-for-seat-leon-referent-sport-2012-5-doors\/\" \/>\n<meta property=\"og:site_name\" content=\"Avtoprevleke po meri | TECH PLUS\" \/>\n<meta property=\"article:modified_time\" content=\"2026-03-30T11:14:09+00:00\" \/>\n<meta property=\"og:image\" content=\"https:\/\/avtoprevleke.si\/wp-content\/uploads\/2018\/09\/avtoprevleke-za-seat-leon_4.jpg\" \/>\n\t<meta property=\"og:image:width\" content=\"520\" \/>\n\t<meta property=\"og:image:height\" content=\"520\" \/>\n\t<meta property=\"og:image:type\" content=\"image\/jpeg\" \/>\n<meta name=\"twitter:card\" content=\"summary_large_image\" \/>\n<script type=\"application\/ld+json\" class=\"yoast-schema-graph\">{\"@context\":\"https:\\\/\\\/schema.org\",\"@graph\":[{\"@type\":\"WebPage\",\"@id\":\"https:\\\/\\\/avtoprevleke.si\\\/izdelki\\\/avtoprevleka-po-meri-za-seat-leon-referent-sport-2012-5-vrat\\\/\",\"url\":\"https:\\\/\\\/avtoprevleke.si\\\/izdelki\\\/avtoprevleka-po-meri-za-seat-leon-referent-sport-2012-5-vrat\\\/\",\"name\":\"Avtoprevleka po meri za Seat Leon Referent sport (2012+) 5 vrat - Avtoprevleke po meri | TECH PLUS\",\"isPartOf\":{\"@id\":\"https:\\\/\\\/avtoprevleke.si\\\/#website\"},\"primaryImageOfPage\":{\"@id\":\"https:\\\/\\\/avtoprevleke.si\\\/izdelki\\\/avtoprevleka-po-meri-za-seat-leon-referent-sport-2012-5-vrat\\\/#primaryimage\"},\"image\":{\"@id\":\"https:\\\/\\\/avtoprevleke.si\\\/izdelki\\\/avtoprevleka-po-meri-za-seat-leon-referent-sport-2012-5-vrat\\\/#primaryimage\"},\"thumbnailUrl\":\"https:\\\/\\\/avtoprevleke.si\\\/wp-content\\\/uploads\\\/2018\\\/09\\\/avtoprevleke-za-seat-leon_4.jpg\",\"datePublished\":\"2018-09-22T21:23:19+00:00\",\"dateModified\":\"2026-03-30T11:14:09+00:00\",\"breadcrumb\":{\"@id\":\"https:\\\/\\\/avtoprevleke.si\\\/izdelki\\\/avtoprevleka-po-meri-za-seat-leon-referent-sport-2012-5-vrat\\\/#breadcrumb\"},\"inLanguage\":\"en-GB\",\"potentialAction\":[{\"@type\":\"ReadAction\",\"target\":[\"https:\\\/\\\/avtoprevleke.si\\\/izdelki\\\/avtoprevleka-po-meri-za-seat-leon-referent-sport-2012-5-vrat\\\/\"]}]},{\"@type\":\"ImageObject\",\"inLanguage\":\"en-GB\",\"@id\":\"https:\\\/\\\/avtoprevleke.si\\\/izdelki\\\/avtoprevleka-po-meri-za-seat-leon-referent-sport-2012-5-vrat\\\/#primaryimage\",\"url\":\"https:\\\/\\\/avtoprevleke.si\\\/wp-content\\\/uploads\\\/2018\\\/09\\\/avtoprevleke-za-seat-leon_4.jpg\",\"contentUrl\":\"https:\\\/\\\/avtoprevleke.si\\\/wp-content\\\/uploads\\\/2018\\\/09\\\/avtoprevleke-za-seat-leon_4.jpg\",\"width\":520,\"height\":520,\"caption\":\"Avtoprevleka za Seat Leon Referent sport\"},{\"@type\":\"BreadcrumbList\",\"@id\":\"https:\\\/\\\/avtoprevleke.si\\\/izdelki\\\/avtoprevleka-po-meri-za-seat-leon-referent-sport-2012-5-vrat\\\/#breadcrumb\",\"itemListElement\":[{\"@type\":\"ListItem\",\"position\":1,\"name\":\"Home\",\"item\":\"https:\\\/\\\/avtoprevleke.si\\\/\"},{\"@type\":\"ListItem\",\"position\":2,\"name\":\"Prevleke po meri\",\"item\":\"https:\\\/\\\/avtoprevleke.si\\\/de\\\/individuelle-abdeckungen\\\/\"},{\"@type\":\"ListItem\",\"position\":3,\"name\":\"Avtoprevleka po meri za Seat Leon Referent sport (2012+) 5 vrat\"}]},{\"@type\":\"WebSite\",\"@id\":\"https:\\\/\\\/avtoprevleke.si\\\/#website\",\"url\":\"https:\\\/\\\/avtoprevleke.si\\\/\",\"name\":\"Avtoprevleke po meri | TECH PLUS\",\"description\":\"Tipske avtoprevleke - sede\u017ene prevleke za avto\",\"publisher\":{\"@id\":\"https:\\\/\\\/avtoprevleke.si\\\/#organization\"},\"potentialAction\":[{\"@type\":\"SearchAction\",\"target\":{\"@type\":\"EntryPoint\",\"urlTemplate\":\"https:\\\/\\\/avtoprevleke.si\\\/?s={search_term_string}\"},\"query-input\":{\"@type\":\"PropertyValueSpecification\",\"valueRequired\":true,\"valueName\":\"search_term_string\"}}],\"inLanguage\":\"en-GB\"},{\"@type\":\"Organization\",\"@id\":\"https:\\\/\\\/avtoprevleke.si\\\/#organization\",\"name\":\"Avtoprevleke po meri | TECH PLUS\",\"url\":\"https:\\\/\\\/avtoprevleke.si\\\/\",\"logo\":{\"@type\":\"ImageObject\",\"inLanguage\":\"en-GB\",\"@id\":\"https:\\\/\\\/avtoprevleke.si\\\/#\\\/schema\\\/logo\\\/image\\\/\",\"url\":\"https:\\\/\\\/avtoprevleke.si\\\/wp-content\\\/uploads\\\/2018\\\/09\\\/avtoprevleke-logo.png\",\"contentUrl\":\"https:\\\/\\\/avtoprevleke.si\\\/wp-content\\\/uploads\\\/2018\\\/09\\\/avtoprevleke-logo.png\",\"width\":856,\"height\":330,\"caption\":\"Avtoprevleke po meri | TECH PLUS\"},\"image\":{\"@id\":\"https:\\\/\\\/avtoprevleke.si\\\/#\\\/schema\\\/logo\\\/image\\\/\"}}]}<\/script>\n<!-- \/ Yoast SEO plugin. -->","yoast_head_json":{"title":"Avtoprevleka po meri za Seat Leon Referent sport (2012+) 5 vrat - Avtoprevleke po meri | TECH PLUS","robots":{"index":"index","follow":"follow","max-snippet":"max-snippet:-1","max-image-preview":"max-image-preview:large","max-video-preview":"max-video-preview:-1"},"canonical":"https:\/\/avtoprevleke.si\/en\/products\/custom-car-cover-for-seat-leon-referent-sport-2012-5-doors\/","og_locale":"en_GB","og_type":"article","og_title":"Avtoprevleka po meri za Seat Leon Referent sport (2012+) 5 vrat - Avtoprevleke po meri | TECH PLUS","og_description":"zadnji naslon deljiv 2\/3 plus 1\/3, isofix-pritrditev za otro\u0161ki sede\u017e, tretji pas (za osebo v sredini) izhaja iz naslona,sprednji naslon za roko, bo\u010dna zra\u010dna blazina (airbag), sprednja vrsta sede\u017ea sta \u0161portna","og_url":"https:\/\/avtoprevleke.si\/en\/products\/custom-car-cover-for-seat-leon-referent-sport-2012-5-doors\/","og_site_name":"Avtoprevleke po meri | TECH PLUS","article_modified_time":"2026-03-30T11:14:09+00:00","og_image":[{"width":520,"height":520,"url":"https:\/\/avtoprevleke.si\/wp-content\/uploads\/2018\/09\/avtoprevleke-za-seat-leon_4.jpg","type":"image\/jpeg"}],"twitter_card":"summary_large_image","schema":{"@context":"https:\/\/schema.org","@graph":[{"@type":"WebPage","@id":"https:\/\/avtoprevleke.si\/izdelki\/avtoprevleka-po-meri-za-seat-leon-referent-sport-2012-5-vrat\/","url":"https:\/\/avtoprevleke.si\/izdelki\/avtoprevleka-po-meri-za-seat-leon-referent-sport-2012-5-vrat\/","name":"Avtoprevleka po meri za Seat Leon Referent sport (2012+) 5 vrat - Avtoprevleke po meri | TECH PLUS","isPartOf":{"@id":"https:\/\/avtoprevleke.si\/#website"},"primaryImageOfPage":{"@id":"https:\/\/avtoprevleke.si\/izdelki\/avtoprevleka-po-meri-za-seat-leon-referent-sport-2012-5-vrat\/#primaryimage"},"image":{"@id":"https:\/\/avtoprevleke.si\/izdelki\/avtoprevleka-po-meri-za-seat-leon-referent-sport-2012-5-vrat\/#primaryimage"},"thumbnailUrl":"https:\/\/avtoprevleke.si\/wp-content\/uploads\/2018\/09\/avtoprevleke-za-seat-leon_4.jpg","datePublished":"2018-09-22T21:23:19+00:00","dateModified":"2026-03-30T11:14:09+00:00","breadcrumb":{"@id":"https:\/\/avtoprevleke.si\/izdelki\/avtoprevleka-po-meri-za-seat-leon-referent-sport-2012-5-vrat\/#breadcrumb"},"inLanguage":"en-GB","potentialAction":[{"@type":"ReadAction","target":["https:\/\/avtoprevleke.si\/izdelki\/avtoprevleka-po-meri-za-seat-leon-referent-sport-2012-5-vrat\/"]}]},{"@type":"ImageObject","inLanguage":"en-GB","@id":"https:\/\/avtoprevleke.si\/izdelki\/avtoprevleka-po-meri-za-seat-leon-referent-sport-2012-5-vrat\/#primaryimage","url":"https:\/\/avtoprevleke.si\/wp-content\/uploads\/2018\/09\/avtoprevleke-za-seat-leon_4.jpg","contentUrl":"https:\/\/avtoprevleke.si\/wp-content\/uploads\/2018\/09\/avtoprevleke-za-seat-leon_4.jpg","width":520,"height":520,"caption":"Avtoprevleka za Seat Leon Referent sport"},{"@type":"BreadcrumbList","@id":"https:\/\/avtoprevleke.si\/izdelki\/avtoprevleka-po-meri-za-seat-leon-referent-sport-2012-5-vrat\/#breadcrumb","itemListElement":[{"@type":"ListItem","position":1,"name":"Home","item":"https:\/\/avtoprevleke.si\/"},{"@type":"ListItem","position":2,"name":"Prevleke po meri","item":"https:\/\/avtoprevleke.si\/de\/individuelle-abdeckungen\/"},{"@type":"ListItem","position":3,"name":"Avtoprevleka po meri za Seat Leon Referent sport (2012+) 5 vrat"}]},{"@type":"WebSite","@id":"https:\/\/avtoprevleke.si\/#website","url":"https:\/\/avtoprevleke.si\/","name":"Custom-made car seat covers | TECH PLUS","description":"Standard car covers - car seat covers","publisher":{"@id":"https:\/\/avtoprevleke.si\/#organization"},"potentialAction":[{"@type":"SearchAction","target":{"@type":"EntryPoint","urlTemplate":"https:\/\/avtoprevleke.si\/?s={search_term_string}"},"query-input":{"@type":"PropertyValueSpecification","valueRequired":true,"valueName":"search_term_string"}}],"inLanguage":"en-GB"},{"@type":"Organization","@id":"https:\/\/avtoprevleke.si\/#organization","name":"Custom-made car seat covers | TECH PLUS","url":"https:\/\/avtoprevleke.si\/","logo":{"@type":"ImageObject","inLanguage":"en-GB","@id":"https:\/\/avtoprevleke.si\/#\/schema\/logo\/image\/","url":"https:\/\/avtoprevleke.si\/wp-content\/uploads\/2018\/09\/avtoprevleke-logo.png","contentUrl":"https:\/\/avtoprevleke.si\/wp-content\/uploads\/2018\/09\/avtoprevleke-logo.png","width":856,"height":330,"caption":"Avtoprevleke po meri | TECH PLUS"},"image":{"@id":"https:\/\/avtoprevleke.si\/#\/schema\/logo\/image\/"}}]}},"_links":{"self":[{"href":"https:\/\/avtoprevleke.si\/en\/wp-json\/wp\/v2\/product\/22154","targetHints":{"allow":["GET"]}}],"collection":[{"href":"https:\/\/avtoprevleke.si\/en\/wp-json\/wp\/v2\/product"}],"about":[{"href":"https:\/\/avtoprevleke.si\/en\/wp-json\/wp\/v2\/types\/product"}],"replies":[{"embeddable":true,"href":"https:\/\/avtoprevleke.si\/en\/wp-json\/wp\/v2\/comments?post=22154"}],"wp:featuredmedia":[{"embeddable":true,"href":"https:\/\/avtoprevleke.si\/en\/wp-json\/wp\/v2\/media\/31171"}],"wp:attachment":[{"href":"https:\/\/avtoprevleke.si\/en\/wp-json\/wp\/v2\/media?parent=22154"}],"wp:term":[{"taxonomy":"product_brand","embeddable":true,"href":"https:\/\/avtoprevleke.si\/en\/wp-json\/wp\/v2\/product_brand?post=22154"},{"taxonomy":"product_cat","embeddable":true,"href":"https:\/\/avtoprevleke.si\/en\/wp-json\/wp\/v2\/product_cat?post=22154"},{"taxonomy":"product_tag","embeddable":true,"href":"https:\/\/avtoprevleke.si\/en\/wp-json\/wp\/v2\/product_tag?post=22154"}],"curies":[{"name":"wp","href":"https:\/\/api.w.org\/{rel}","templated":true}]}}