{"id":20178,"date":"2018-09-22T20:36:02","date_gmt":"2018-09-22T19:36:02","guid":{"rendered":"https:\/\/avtoprevleke.si\/product\/import-placeholder-for-30203\/"},"modified":"2026-03-30T12:10:02","modified_gmt":"2026-03-30T11:10:02","slug":"custom-car-cover-for-renault-master-3-2010-2014-2","status":"publish","type":"product","link":"https:\/\/avtoprevleke.si\/en\/izdelki\/avtoprevleka-po-meri-za-renault-master-3-2010-2014-2\/","title":{"rendered":"Customized car cover for Renault Master 3 (2010-2014) 4 doors"},"content":{"rendered":"<p>driver's seat is plain, adjust the lumbar support on the driver's backrest, the back of the front middle seat is plastic, the front backrest is attached to the driver's backrest, the first middle backrest is avionic, the double backrest is divisible (1\/2 plus 1\/2), the passenger's belt comes out of the backrest, the double seat is in one piece, the rear backrest and seats are in one piece, one seat belt hole is in the rear seat, the head restraints are normal, Code: 30203<\/p>","protected":false},"excerpt":{"rendered":"<p>driver's seat is normal, adjust the lumbar support on the driver's backrest, the back of the front middle seat is plastic, the front backrest is attached to the driver's backrest, the first middle backrest is avionic, the double backrest is divisible (1\/2 plus 1\/2), the passenger's belt comes out of the backrest, the double seat is in one piece, the rear backrest and the seats are in one piece, there is one belt hole in the rear seat, the head restraints are normal<\/p>","protected":false},"featured_media":31012,"comment_status":"open","ping_status":"closed","template":"","meta":[],"product_brand":[],"product_cat":[812],"product_tag":[72],"class_list":{"0":"post-20178","1":"product","2":"type-product","3":"status-publish","4":"has-post-thumbnail","6":"product_cat-2010-2014-master-3","7":"product_tag-renault","9":"first","10":"instock","11":"sale","12":"shipping-taxable","13":"purchasable","14":"product-type-variable"},"yoast_head":"<!-- This site is optimized with the Yoast SEO plugin v27.5 - https:\/\/yoast.com\/product\/yoast-seo-wordpress\/ -->\n<title>Avtoprevleka po meri za Renault Master 3 (2010-2014) 4 vrata - Avtoprevleke po meri | TECH PLUS<\/title>\n<meta name=\"robots\" content=\"index, follow, max-snippet:-1, max-image-preview:large, max-video-preview:-1\" \/>\n<link rel=\"canonical\" href=\"https:\/\/avtoprevleke.si\/en\/products\/custom-car-cover-for-renault-master-3-2010-2014-2\/\" \/>\n<meta property=\"og:locale\" content=\"en_GB\" \/>\n<meta property=\"og:type\" content=\"article\" \/>\n<meta property=\"og:title\" content=\"Avtoprevleka po meri za Renault Master 3 (2010-2014) 4 vrata - Avtoprevleke po meri | TECH PLUS\" \/>\n<meta property=\"og:description\" content=\"voznikov sede\u017e je navaden, prilagodite ledvene opore na voznikovem naslonu, hrbti\u0161\u010de sprednjega srednjega sede\u017ea je iz plastike,sprednji naslon je pritrjen na naslon voznika, prvi srednji naslon je avionski, dvojni naslon je deljiv (1\/2 plus 1\/2),sovoznikov pas izhaja iz naslona, dvojni sede\u017e je v enem kosu, zadnji naslon in sede\u017ei so v enem kosu, ena luknja za varnostni pas je na zadnjem sede\u017eu, nasloni za glavo so normalni\" \/>\n<meta property=\"og:url\" content=\"https:\/\/avtoprevleke.si\/en\/products\/custom-car-cover-for-renault-master-3-2010-2014-2\/\" \/>\n<meta property=\"og:site_name\" content=\"Avtoprevleke po meri | TECH PLUS\" \/>\n<meta property=\"article:modified_time\" content=\"2026-03-30T11:10:02+00:00\" \/>\n<meta property=\"og:image\" content=\"https:\/\/avtoprevleke.si\/wp-content\/uploads\/2018\/09\/avtoprevleke-za-renault-master-3_5.jpg\" \/>\n\t<meta property=\"og:image:width\" content=\"520\" \/>\n\t<meta property=\"og:image:height\" content=\"520\" \/>\n\t<meta property=\"og:image:type\" content=\"image\/jpeg\" \/>\n<meta name=\"twitter:card\" content=\"summary_large_image\" \/>\n<script type=\"application\/ld+json\" class=\"yoast-schema-graph\">{\"@context\":\"https:\\\/\\\/schema.org\",\"@graph\":[{\"@type\":\"WebPage\",\"@id\":\"https:\\\/\\\/avtoprevleke.si\\\/izdelki\\\/avtoprevleka-po-meri-za-renault-master-3-2010-2014-2\\\/\",\"url\":\"https:\\\/\\\/avtoprevleke.si\\\/izdelki\\\/avtoprevleka-po-meri-za-renault-master-3-2010-2014-2\\\/\",\"name\":\"Avtoprevleka po meri za Renault Master 3 (2010-2014) 4 vrata - Avtoprevleke po meri | TECH PLUS\",\"isPartOf\":{\"@id\":\"https:\\\/\\\/avtoprevleke.si\\\/#website\"},\"primaryImageOfPage\":{\"@id\":\"https:\\\/\\\/avtoprevleke.si\\\/izdelki\\\/avtoprevleka-po-meri-za-renault-master-3-2010-2014-2\\\/#primaryimage\"},\"image\":{\"@id\":\"https:\\\/\\\/avtoprevleke.si\\\/izdelki\\\/avtoprevleka-po-meri-za-renault-master-3-2010-2014-2\\\/#primaryimage\"},\"thumbnailUrl\":\"https:\\\/\\\/avtoprevleke.si\\\/wp-content\\\/uploads\\\/2018\\\/09\\\/avtoprevleke-za-renault-master-3_5.jpg\",\"datePublished\":\"2018-09-22T19:36:02+00:00\",\"dateModified\":\"2026-03-30T11:10:02+00:00\",\"breadcrumb\":{\"@id\":\"https:\\\/\\\/avtoprevleke.si\\\/izdelki\\\/avtoprevleka-po-meri-za-renault-master-3-2010-2014-2\\\/#breadcrumb\"},\"inLanguage\":\"en-GB\",\"potentialAction\":[{\"@type\":\"ReadAction\",\"target\":[\"https:\\\/\\\/avtoprevleke.si\\\/izdelki\\\/avtoprevleka-po-meri-za-renault-master-3-2010-2014-2\\\/\"]}]},{\"@type\":\"ImageObject\",\"inLanguage\":\"en-GB\",\"@id\":\"https:\\\/\\\/avtoprevleke.si\\\/izdelki\\\/avtoprevleka-po-meri-za-renault-master-3-2010-2014-2\\\/#primaryimage\",\"url\":\"https:\\\/\\\/avtoprevleke.si\\\/wp-content\\\/uploads\\\/2018\\\/09\\\/avtoprevleke-za-renault-master-3_5.jpg\",\"contentUrl\":\"https:\\\/\\\/avtoprevleke.si\\\/wp-content\\\/uploads\\\/2018\\\/09\\\/avtoprevleke-za-renault-master-3_5.jpg\",\"width\":520,\"height\":520,\"caption\":\"Sede\u017ena prevleka za Renault Master 3\"},{\"@type\":\"BreadcrumbList\",\"@id\":\"https:\\\/\\\/avtoprevleke.si\\\/izdelki\\\/avtoprevleka-po-meri-za-renault-master-3-2010-2014-2\\\/#breadcrumb\",\"itemListElement\":[{\"@type\":\"ListItem\",\"position\":1,\"name\":\"Home\",\"item\":\"https:\\\/\\\/avtoprevleke.si\\\/\"},{\"@type\":\"ListItem\",\"position\":2,\"name\":\"Prevleke po meri\",\"item\":\"https:\\\/\\\/avtoprevleke.si\\\/de\\\/individuelle-abdeckungen\\\/\"},{\"@type\":\"ListItem\",\"position\":3,\"name\":\"Avtoprevleka po meri za Renault Master 3 (2010-2014) 4 vrata\"}]},{\"@type\":\"WebSite\",\"@id\":\"https:\\\/\\\/avtoprevleke.si\\\/#website\",\"url\":\"https:\\\/\\\/avtoprevleke.si\\\/\",\"name\":\"Avtoprevleke po meri | TECH PLUS\",\"description\":\"Tipske avtoprevleke - sede\u017ene prevleke za avto\",\"publisher\":{\"@id\":\"https:\\\/\\\/avtoprevleke.si\\\/#organization\"},\"potentialAction\":[{\"@type\":\"SearchAction\",\"target\":{\"@type\":\"EntryPoint\",\"urlTemplate\":\"https:\\\/\\\/avtoprevleke.si\\\/?s={search_term_string}\"},\"query-input\":{\"@type\":\"PropertyValueSpecification\",\"valueRequired\":true,\"valueName\":\"search_term_string\"}}],\"inLanguage\":\"en-GB\"},{\"@type\":\"Organization\",\"@id\":\"https:\\\/\\\/avtoprevleke.si\\\/#organization\",\"name\":\"Avtoprevleke po meri | TECH PLUS\",\"url\":\"https:\\\/\\\/avtoprevleke.si\\\/\",\"logo\":{\"@type\":\"ImageObject\",\"inLanguage\":\"en-GB\",\"@id\":\"https:\\\/\\\/avtoprevleke.si\\\/#\\\/schema\\\/logo\\\/image\\\/\",\"url\":\"https:\\\/\\\/avtoprevleke.si\\\/wp-content\\\/uploads\\\/2018\\\/09\\\/avtoprevleke-logo.png\",\"contentUrl\":\"https:\\\/\\\/avtoprevleke.si\\\/wp-content\\\/uploads\\\/2018\\\/09\\\/avtoprevleke-logo.png\",\"width\":856,\"height\":330,\"caption\":\"Avtoprevleke po meri | TECH PLUS\"},\"image\":{\"@id\":\"https:\\\/\\\/avtoprevleke.si\\\/#\\\/schema\\\/logo\\\/image\\\/\"}}]}<\/script>\n<!-- \/ Yoast SEO plugin. -->","yoast_head_json":{"title":"Custom car cover for Renault Master 3 (2010-2014) 4 doors - Custom car covers | TECH PLUS","robots":{"index":"index","follow":"follow","max-snippet":"max-snippet:-1","max-image-preview":"max-image-preview:large","max-video-preview":"max-video-preview:-1"},"canonical":"https:\/\/avtoprevleke.si\/en\/products\/custom-car-cover-for-renault-master-3-2010-2014-2\/","og_locale":"en_GB","og_type":"article","og_title":"Avtoprevleka po meri za Renault Master 3 (2010-2014) 4 vrata - Avtoprevleke po meri | TECH PLUS","og_description":"voznikov sede\u017e je navaden, prilagodite ledvene opore na voznikovem naslonu, hrbti\u0161\u010de sprednjega srednjega sede\u017ea je iz plastike,sprednji naslon je pritrjen na naslon voznika, prvi srednji naslon je avionski, dvojni naslon je deljiv (1\/2 plus 1\/2),sovoznikov pas izhaja iz naslona, dvojni sede\u017e je v enem kosu, zadnji naslon in sede\u017ei so v enem kosu, ena luknja za varnostni pas je na zadnjem sede\u017eu, nasloni za glavo so normalni","og_url":"https:\/\/avtoprevleke.si\/en\/products\/custom-car-cover-for-renault-master-3-2010-2014-2\/","og_site_name":"Avtoprevleke po meri | TECH PLUS","article_modified_time":"2026-03-30T11:10:02+00:00","og_image":[{"width":520,"height":520,"url":"https:\/\/avtoprevleke.si\/wp-content\/uploads\/2018\/09\/avtoprevleke-za-renault-master-3_5.jpg","type":"image\/jpeg"}],"twitter_card":"summary_large_image","schema":{"@context":"https:\/\/schema.org","@graph":[{"@type":"WebPage","@id":"https:\/\/avtoprevleke.si\/izdelki\/avtoprevleka-po-meri-za-renault-master-3-2010-2014-2\/","url":"https:\/\/avtoprevleke.si\/izdelki\/avtoprevleka-po-meri-za-renault-master-3-2010-2014-2\/","name":"Custom car cover for Renault Master 3 (2010-2014) 4 doors - Custom car covers | TECH PLUS","isPartOf":{"@id":"https:\/\/avtoprevleke.si\/#website"},"primaryImageOfPage":{"@id":"https:\/\/avtoprevleke.si\/izdelki\/avtoprevleka-po-meri-za-renault-master-3-2010-2014-2\/#primaryimage"},"image":{"@id":"https:\/\/avtoprevleke.si\/izdelki\/avtoprevleka-po-meri-za-renault-master-3-2010-2014-2\/#primaryimage"},"thumbnailUrl":"https:\/\/avtoprevleke.si\/wp-content\/uploads\/2018\/09\/avtoprevleke-za-renault-master-3_5.jpg","datePublished":"2018-09-22T19:36:02+00:00","dateModified":"2026-03-30T11:10:02+00:00","breadcrumb":{"@id":"https:\/\/avtoprevleke.si\/izdelki\/avtoprevleka-po-meri-za-renault-master-3-2010-2014-2\/#breadcrumb"},"inLanguage":"en-GB","potentialAction":[{"@type":"ReadAction","target":["https:\/\/avtoprevleke.si\/izdelki\/avtoprevleka-po-meri-za-renault-master-3-2010-2014-2\/"]}]},{"@type":"ImageObject","inLanguage":"en-GB","@id":"https:\/\/avtoprevleke.si\/izdelki\/avtoprevleka-po-meri-za-renault-master-3-2010-2014-2\/#primaryimage","url":"https:\/\/avtoprevleke.si\/wp-content\/uploads\/2018\/09\/avtoprevleke-za-renault-master-3_5.jpg","contentUrl":"https:\/\/avtoprevleke.si\/wp-content\/uploads\/2018\/09\/avtoprevleke-za-renault-master-3_5.jpg","width":520,"height":520,"caption":"Sede\u017ena prevleka za Renault Master 3"},{"@type":"BreadcrumbList","@id":"https:\/\/avtoprevleke.si\/izdelki\/avtoprevleka-po-meri-za-renault-master-3-2010-2014-2\/#breadcrumb","itemListElement":[{"@type":"ListItem","position":1,"name":"Home","item":"https:\/\/avtoprevleke.si\/"},{"@type":"ListItem","position":2,"name":"Prevleke po meri","item":"https:\/\/avtoprevleke.si\/de\/individuelle-abdeckungen\/"},{"@type":"ListItem","position":3,"name":"Avtoprevleka po meri za Renault Master 3 (2010-2014) 4 vrata"}]},{"@type":"WebSite","@id":"https:\/\/avtoprevleke.si\/#website","url":"https:\/\/avtoprevleke.si\/","name":"Custom-made car seat covers | TECH PLUS","description":"Standard car covers - car seat covers","publisher":{"@id":"https:\/\/avtoprevleke.si\/#organization"},"potentialAction":[{"@type":"SearchAction","target":{"@type":"EntryPoint","urlTemplate":"https:\/\/avtoprevleke.si\/?s={search_term_string}"},"query-input":{"@type":"PropertyValueSpecification","valueRequired":true,"valueName":"search_term_string"}}],"inLanguage":"en-GB"},{"@type":"Organization","@id":"https:\/\/avtoprevleke.si\/#organization","name":"Custom-made car seat covers | TECH PLUS","url":"https:\/\/avtoprevleke.si\/","logo":{"@type":"ImageObject","inLanguage":"en-GB","@id":"https:\/\/avtoprevleke.si\/#\/schema\/logo\/image\/","url":"https:\/\/avtoprevleke.si\/wp-content\/uploads\/2018\/09\/avtoprevleke-logo.png","contentUrl":"https:\/\/avtoprevleke.si\/wp-content\/uploads\/2018\/09\/avtoprevleke-logo.png","width":856,"height":330,"caption":"Avtoprevleke po meri | TECH PLUS"},"image":{"@id":"https:\/\/avtoprevleke.si\/#\/schema\/logo\/image\/"}}]}},"_links":{"self":[{"href":"https:\/\/avtoprevleke.si\/en\/wp-json\/wp\/v2\/product\/20178","targetHints":{"allow":["GET"]}}],"collection":[{"href":"https:\/\/avtoprevleke.si\/en\/wp-json\/wp\/v2\/product"}],"about":[{"href":"https:\/\/avtoprevleke.si\/en\/wp-json\/wp\/v2\/types\/product"}],"replies":[{"embeddable":true,"href":"https:\/\/avtoprevleke.si\/en\/wp-json\/wp\/v2\/comments?post=20178"}],"wp:featuredmedia":[{"embeddable":true,"href":"https:\/\/avtoprevleke.si\/en\/wp-json\/wp\/v2\/media\/31012"}],"wp:attachment":[{"href":"https:\/\/avtoprevleke.si\/en\/wp-json\/wp\/v2\/media?parent=20178"}],"wp:term":[{"taxonomy":"product_brand","embeddable":true,"href":"https:\/\/avtoprevleke.si\/en\/wp-json\/wp\/v2\/product_brand?post=20178"},{"taxonomy":"product_cat","embeddable":true,"href":"https:\/\/avtoprevleke.si\/en\/wp-json\/wp\/v2\/product_cat?post=20178"},{"taxonomy":"product_tag","embeddable":true,"href":"https:\/\/avtoprevleke.si\/en\/wp-json\/wp\/v2\/product_tag?post=20178"}],"curies":[{"name":"wp","href":"https:\/\/api.w.org\/{rel}","templated":true}]}}