{"id":26635,"date":"2018-09-23T14:09:05","date_gmt":"2018-09-23T13:09:05","guid":{"rendered":"https:\/\/avtoprevleke.si\/product\/import-placeholder-for-37069\/"},"modified":"2026-03-30T12:23:03","modified_gmt":"2026-03-30T11:23:03","slug":"masgefertigte-autoabdeckung-fur-new-beetle","status":"publish","type":"product","link":"https:\/\/avtoprevleke.si\/de\/izdelki\/avtoprevleka-po-meri-za-new-beetle\/","title":{"rendered":"Ma\u00dfgefertigte Autoabdeckung f\u00fcr Volkswagen New Beetle (1997\u20132005, 2005\u20132010), 3-t\u00fcrig"},"content":{"rendered":"<p>Die Sitze der ersten Reihe sind Standard, mit Verstellgriffen an der R\u00fcckenlehne, normalen Kopfst\u00fctzen und freitragender Armlehne (nicht an der R\u00fcckenlehne befestigt). Die hinteren Sitze und R\u00fcckenlehnen sind einteilig, mit Armlehne hinten und normalen Kopfst\u00fctzen. Code: 37069<\/p>","protected":false},"excerpt":{"rendered":"<p>Die Sitze der ersten Reihe sind Standard, mit Verstellgriffen an der R\u00fcckenlehne, normalen Kopfst\u00fctzen und freitragenden Armlehnen (nicht an der R\u00fcckenlehne befestigt). Die hinteren Sitze und R\u00fcckenlehnen sind einteilig, mit Armlehnen und normalen Kopfst\u00fctzen.<\/p>","protected":false},"featured_media":31523,"comment_status":"open","ping_status":"closed","template":"","meta":[],"product_brand":[],"product_cat":[1064,1215],"product_tag":[1016],"class_list":{"0":"post-26635","1":"product","2":"type-product","3":"status-publish","4":"has-post-thumbnail","6":"product_cat-1997-2005","7":"product_cat-2005-2010-new-beetle","8":"product_tag-volkswagen","10":"first","11":"instock","12":"sale","13":"shipping-taxable","14":"purchasable","15":"product-type-variable"},"yoast_head":"<!-- This site is optimized with the Yoast SEO plugin v27.5 - https:\/\/yoast.com\/product\/yoast-seo-wordpress\/ -->\n<title>Avtoprevleka po meri za Volkswagen New Beetle (1997-2005, 2005-2010) 3 vrata - Avtoprevleke po meri | TECH PLUS<\/title>\n<meta name=\"robots\" content=\"index, follow, max-snippet:-1, max-image-preview:large, max-video-preview:-1\" \/>\n<link rel=\"canonical\" href=\"https:\/\/avtoprevleke.si\/de\/produkte\/masgefertigte-autoabdeckung-fur-new-beetle\/\" \/>\n<meta property=\"og:locale\" content=\"de_DE\" \/>\n<meta property=\"og:type\" content=\"article\" \/>\n<meta property=\"og:title\" content=\"Avtoprevleka po meri za Volkswagen New Beetle (1997-2005, 2005-2010) 3 vrata - Avtoprevleke po meri | TECH PLUS\" \/>\n<meta property=\"og:description\" content=\"sprednja vrsta sede\u017ea sta navadna,ro\u010dke za nastavitev naslona,sprednji nasloni za glavo so normalni,sprednji naslon za roko konzolni (ni pritrjen na naslon sede\u017ea), zadnji naslon in sede\u017ei so v enem kosu, zadnji naslon za roko, zadnji nasloni za glavo so normalni,sprednji naslon za roko\" \/>\n<meta property=\"og:url\" content=\"https:\/\/avtoprevleke.si\/de\/produkte\/masgefertigte-autoabdeckung-fur-new-beetle\/\" \/>\n<meta property=\"og:site_name\" content=\"Avtoprevleke po meri | TECH PLUS\" \/>\n<meta property=\"article:modified_time\" content=\"2026-03-30T11:23:03+00:00\" \/>\n<meta property=\"og:image\" content=\"https:\/\/avtoprevleke.si\/wp-content\/uploads\/2018\/09\/avtoprevleke-za-volkswagen_new-beetle.jpg\" \/>\n\t<meta property=\"og:image:width\" content=\"520\" \/>\n\t<meta property=\"og:image:height\" content=\"520\" \/>\n\t<meta property=\"og:image:type\" content=\"image\/jpeg\" \/>\n<meta name=\"twitter:card\" content=\"summary_large_image\" \/>\n<script type=\"application\/ld+json\" class=\"yoast-schema-graph\">{\"@context\":\"https:\\\/\\\/schema.org\",\"@graph\":[{\"@type\":\"WebPage\",\"@id\":\"https:\\\/\\\/avtoprevleke.si\\\/izdelki\\\/avtoprevleka-po-meri-za-new-beetle\\\/\",\"url\":\"https:\\\/\\\/avtoprevleke.si\\\/izdelki\\\/avtoprevleka-po-meri-za-new-beetle\\\/\",\"name\":\"Avtoprevleka po meri za Volkswagen New Beetle (1997-2005, 2005-2010) 3 vrata - Avtoprevleke po meri | TECH PLUS\",\"isPartOf\":{\"@id\":\"https:\\\/\\\/avtoprevleke.si\\\/#website\"},\"primaryImageOfPage\":{\"@id\":\"https:\\\/\\\/avtoprevleke.si\\\/izdelki\\\/avtoprevleka-po-meri-za-new-beetle\\\/#primaryimage\"},\"image\":{\"@id\":\"https:\\\/\\\/avtoprevleke.si\\\/izdelki\\\/avtoprevleka-po-meri-za-new-beetle\\\/#primaryimage\"},\"thumbnailUrl\":\"https:\\\/\\\/avtoprevleke.si\\\/wp-content\\\/uploads\\\/2018\\\/09\\\/avtoprevleke-za-volkswagen_new-beetle.jpg\",\"datePublished\":\"2018-09-23T13:09:05+00:00\",\"dateModified\":\"2026-03-30T11:23:03+00:00\",\"breadcrumb\":{\"@id\":\"https:\\\/\\\/avtoprevleke.si\\\/izdelki\\\/avtoprevleka-po-meri-za-new-beetle\\\/#breadcrumb\"},\"inLanguage\":\"de\",\"potentialAction\":[{\"@type\":\"ReadAction\",\"target\":[\"https:\\\/\\\/avtoprevleke.si\\\/izdelki\\\/avtoprevleka-po-meri-za-new-beetle\\\/\"]}]},{\"@type\":\"ImageObject\",\"inLanguage\":\"de\",\"@id\":\"https:\\\/\\\/avtoprevleke.si\\\/izdelki\\\/avtoprevleka-po-meri-za-new-beetle\\\/#primaryimage\",\"url\":\"https:\\\/\\\/avtoprevleke.si\\\/wp-content\\\/uploads\\\/2018\\\/09\\\/avtoprevleke-za-volkswagen_new-beetle.jpg\",\"contentUrl\":\"https:\\\/\\\/avtoprevleke.si\\\/wp-content\\\/uploads\\\/2018\\\/09\\\/avtoprevleke-za-volkswagen_new-beetle.jpg\",\"width\":520,\"height\":520,\"caption\":\"Sede\u017ene prevleke za Volkswagen New Beetle\"},{\"@type\":\"BreadcrumbList\",\"@id\":\"https:\\\/\\\/avtoprevleke.si\\\/izdelki\\\/avtoprevleka-po-meri-za-new-beetle\\\/#breadcrumb\",\"itemListElement\":[{\"@type\":\"ListItem\",\"position\":1,\"name\":\"Home\",\"item\":\"https:\\\/\\\/avtoprevleke.si\\\/\"},{\"@type\":\"ListItem\",\"position\":2,\"name\":\"Prevleke po meri\",\"item\":\"https:\\\/\\\/avtoprevleke.si\\\/de\\\/individuelle-abdeckungen\\\/\"},{\"@type\":\"ListItem\",\"position\":3,\"name\":\"Avtoprevleka po meri za Volkswagen New Beetle (1997-2005, 2005-2010) 3 vrata\"}]},{\"@type\":\"WebSite\",\"@id\":\"https:\\\/\\\/avtoprevleke.si\\\/#website\",\"url\":\"https:\\\/\\\/avtoprevleke.si\\\/\",\"name\":\"Avtoprevleke po meri | TECH PLUS\",\"description\":\"Tipske avtoprevleke - sede\u017ene prevleke za avto\",\"publisher\":{\"@id\":\"https:\\\/\\\/avtoprevleke.si\\\/#organization\"},\"potentialAction\":[{\"@type\":\"SearchAction\",\"target\":{\"@type\":\"EntryPoint\",\"urlTemplate\":\"https:\\\/\\\/avtoprevleke.si\\\/?s={search_term_string}\"},\"query-input\":{\"@type\":\"PropertyValueSpecification\",\"valueRequired\":true,\"valueName\":\"search_term_string\"}}],\"inLanguage\":\"de\"},{\"@type\":\"Organization\",\"@id\":\"https:\\\/\\\/avtoprevleke.si\\\/#organization\",\"name\":\"Avtoprevleke po meri | TECH PLUS\",\"url\":\"https:\\\/\\\/avtoprevleke.si\\\/\",\"logo\":{\"@type\":\"ImageObject\",\"inLanguage\":\"de\",\"@id\":\"https:\\\/\\\/avtoprevleke.si\\\/#\\\/schema\\\/logo\\\/image\\\/\",\"url\":\"https:\\\/\\\/avtoprevleke.si\\\/wp-content\\\/uploads\\\/2018\\\/09\\\/avtoprevleke-logo.png\",\"contentUrl\":\"https:\\\/\\\/avtoprevleke.si\\\/wp-content\\\/uploads\\\/2018\\\/09\\\/avtoprevleke-logo.png\",\"width\":856,\"height\":330,\"caption\":\"Avtoprevleke po meri | TECH PLUS\"},\"image\":{\"@id\":\"https:\\\/\\\/avtoprevleke.si\\\/#\\\/schema\\\/logo\\\/image\\\/\"}}]}<\/script>\n<!-- \/ Yoast SEO plugin. -->","yoast_head_json":{"title":"Ma\u00dfgefertigte Autoabdeckung f\u00fcr Volkswagen New Beetle (1997\u20132005, 2005\u20132010), 3-T\u00fcrer \u2013 Ma\u00dfgefertigte Autoabdeckungen | TECH PLUS","robots":{"index":"index","follow":"follow","max-snippet":"max-snippet:-1","max-image-preview":"max-image-preview:large","max-video-preview":"max-video-preview:-1"},"canonical":"https:\/\/avtoprevleke.si\/de\/produkte\/masgefertigte-autoabdeckung-fur-new-beetle\/","og_locale":"de_DE","og_type":"article","og_title":"Avtoprevleka po meri za Volkswagen New Beetle (1997-2005, 2005-2010) 3 vrata - Avtoprevleke po meri | TECH PLUS","og_description":"sprednja vrsta sede\u017ea sta navadna,ro\u010dke za nastavitev naslona,sprednji nasloni za glavo so normalni,sprednji naslon za roko konzolni (ni pritrjen na naslon sede\u017ea), zadnji naslon in sede\u017ei so v enem kosu, zadnji naslon za roko, zadnji nasloni za glavo so normalni,sprednji naslon za roko","og_url":"https:\/\/avtoprevleke.si\/de\/produkte\/masgefertigte-autoabdeckung-fur-new-beetle\/","og_site_name":"Avtoprevleke po meri | TECH PLUS","article_modified_time":"2026-03-30T11:23:03+00:00","og_image":[{"width":520,"height":520,"url":"https:\/\/avtoprevleke.si\/wp-content\/uploads\/2018\/09\/avtoprevleke-za-volkswagen_new-beetle.jpg","type":"image\/jpeg"}],"twitter_card":"summary_large_image","schema":{"@context":"https:\/\/schema.org","@graph":[{"@type":"WebPage","@id":"https:\/\/avtoprevleke.si\/izdelki\/avtoprevleka-po-meri-za-new-beetle\/","url":"https:\/\/avtoprevleke.si\/izdelki\/avtoprevleka-po-meri-za-new-beetle\/","name":"Ma\u00dfgefertigte Autoabdeckung f\u00fcr Volkswagen New Beetle (1997\u20132005, 2005\u20132010), 3-T\u00fcrer \u2013 Ma\u00dfgefertigte Autoabdeckungen | TECH PLUS","isPartOf":{"@id":"https:\/\/avtoprevleke.si\/#website"},"primaryImageOfPage":{"@id":"https:\/\/avtoprevleke.si\/izdelki\/avtoprevleka-po-meri-za-new-beetle\/#primaryimage"},"image":{"@id":"https:\/\/avtoprevleke.si\/izdelki\/avtoprevleka-po-meri-za-new-beetle\/#primaryimage"},"thumbnailUrl":"https:\/\/avtoprevleke.si\/wp-content\/uploads\/2018\/09\/avtoprevleke-za-volkswagen_new-beetle.jpg","datePublished":"2018-09-23T13:09:05+00:00","dateModified":"2026-03-30T11:23:03+00:00","breadcrumb":{"@id":"https:\/\/avtoprevleke.si\/izdelki\/avtoprevleka-po-meri-za-new-beetle\/#breadcrumb"},"inLanguage":"de","potentialAction":[{"@type":"ReadAction","target":["https:\/\/avtoprevleke.si\/izdelki\/avtoprevleka-po-meri-za-new-beetle\/"]}]},{"@type":"ImageObject","inLanguage":"de","@id":"https:\/\/avtoprevleke.si\/izdelki\/avtoprevleka-po-meri-za-new-beetle\/#primaryimage","url":"https:\/\/avtoprevleke.si\/wp-content\/uploads\/2018\/09\/avtoprevleke-za-volkswagen_new-beetle.jpg","contentUrl":"https:\/\/avtoprevleke.si\/wp-content\/uploads\/2018\/09\/avtoprevleke-za-volkswagen_new-beetle.jpg","width":520,"height":520,"caption":"Sede\u017ene prevleke za Volkswagen New Beetle"},{"@type":"BreadcrumbList","@id":"https:\/\/avtoprevleke.si\/izdelki\/avtoprevleka-po-meri-za-new-beetle\/#breadcrumb","itemListElement":[{"@type":"ListItem","position":1,"name":"Home","item":"https:\/\/avtoprevleke.si\/"},{"@type":"ListItem","position":2,"name":"Prevleke po meri","item":"https:\/\/avtoprevleke.si\/de\/individuelle-abdeckungen\/"},{"@type":"ListItem","position":3,"name":"Avtoprevleka po meri za Volkswagen New Beetle (1997-2005, 2005-2010) 3 vrata"}]},{"@type":"WebSite","@id":"https:\/\/avtoprevleke.si\/#website","url":"https:\/\/avtoprevleke.si\/","name":"Ma\u00dfgeschneiderte Autositzbez\u00fcge | TECH PLUS","description":"Standard-Autoabdeckungen \u2013 Autositzbez\u00fcge","publisher":{"@id":"https:\/\/avtoprevleke.si\/#organization"},"potentialAction":[{"@type":"SearchAction","target":{"@type":"EntryPoint","urlTemplate":"https:\/\/avtoprevleke.si\/?s={search_term_string}"},"query-input":{"@type":"PropertyValueSpecification","valueRequired":true,"valueName":"search_term_string"}}],"inLanguage":"de"},{"@type":"Organization","@id":"https:\/\/avtoprevleke.si\/#organization","name":"Ma\u00dfgeschneiderte Autositzbez\u00fcge | TECH PLUS","url":"https:\/\/avtoprevleke.si\/","logo":{"@type":"ImageObject","inLanguage":"de","@id":"https:\/\/avtoprevleke.si\/#\/schema\/logo\/image\/","url":"https:\/\/avtoprevleke.si\/wp-content\/uploads\/2018\/09\/avtoprevleke-logo.png","contentUrl":"https:\/\/avtoprevleke.si\/wp-content\/uploads\/2018\/09\/avtoprevleke-logo.png","width":856,"height":330,"caption":"Avtoprevleke po meri | TECH PLUS"},"image":{"@id":"https:\/\/avtoprevleke.si\/#\/schema\/logo\/image\/"}}]}},"_links":{"self":[{"href":"https:\/\/avtoprevleke.si\/de\/wp-json\/wp\/v2\/product\/26635","targetHints":{"allow":["GET"]}}],"collection":[{"href":"https:\/\/avtoprevleke.si\/de\/wp-json\/wp\/v2\/product"}],"about":[{"href":"https:\/\/avtoprevleke.si\/de\/wp-json\/wp\/v2\/types\/product"}],"replies":[{"embeddable":true,"href":"https:\/\/avtoprevleke.si\/de\/wp-json\/wp\/v2\/comments?post=26635"}],"wp:featuredmedia":[{"embeddable":true,"href":"https:\/\/avtoprevleke.si\/de\/wp-json\/wp\/v2\/media\/31523"}],"wp:attachment":[{"href":"https:\/\/avtoprevleke.si\/de\/wp-json\/wp\/v2\/media?parent=26635"}],"wp:term":[{"taxonomy":"product_brand","embeddable":true,"href":"https:\/\/avtoprevleke.si\/de\/wp-json\/wp\/v2\/product_brand?post=26635"},{"taxonomy":"product_cat","embeddable":true,"href":"https:\/\/avtoprevleke.si\/de\/wp-json\/wp\/v2\/product_cat?post=26635"},{"taxonomy":"product_tag","embeddable":true,"href":"https:\/\/avtoprevleke.si\/de\/wp-json\/wp\/v2\/product_tag?post=26635"}],"curies":[{"name":"wp","href":"https:\/\/api.w.org\/{rel}","templated":true}]}}