{"id":591,"date":"2018-09-19T18:45:37","date_gmt":"2018-09-19T17:45:37","guid":{"rendered":"https:\/\/avtoprevleke.si\/?page_id=591"},"modified":"2018-10-07T15:31:56","modified_gmt":"2018-10-07T14:31:56","slug":"datenschutzrichtlinie-2","status":"publish","type":"page","link":"https:\/\/avtoprevleke.si\/de\/politika-zasebnosti\/","title":{"rendered":"Datenschutzrichtlinie"},"content":{"rendered":"<h1>Datenschutzrichtlinie<\/h1>\n<p><strong>1. WER WIR SIND\u00a0<\/strong><br \/>\nOffizieller Firmenname:\u00a0<span style=\"text-align: justify;\">TECH PLUS DOO.<\/span><br \/>\nFirmensitz:\u00a0<span style=\"text-align: justify;\">Na Vov\u010dne 6, 1354 Horjul<\/span>, Slowenien<\/p>\n<p><strong>2. Verwendung, Umfang und Zweck der Lagerung und Verarbeitung\u00a0<\/strong><br \/>\nWir speichern und verarbeiten personenbezogene Daten, um mit Kunden in Kontakt zu bleiben, Marketingkommunikation per E-Mail zu betreiben, den Umsatz zu steigern und Kundenprofile zu erstellen. Ziel ist es, Kunden personalisierte Inhalte und Produkte per E-Mail und auf unserer Website anzubieten. Beim Versand elektronischer Nachrichten erfassen wir die Aufrufe der empfangenen Nachrichten auf der jeweiligen Seite sowie Klicks auf die darin enthaltenen Links. Um ein besseres und zielgerichteteres Angebot zu erstellen und nachfolgende Nachrichten zu personalisieren, verarbeiten, analysieren, profilieren und bewerten wir automatisch das Interesse unserer Kunden an den versendeten Nachrichten. Wir treffen keine automatisierten Entscheidungen auf Basis der erfassten Daten und erstellten Profile.<br \/>\nZum Zweck der E-Mail-Benachrichtigung speichern wir folgende Daten:<br \/>\n- E-Mail-Adresse,<br \/>\n\u2013 Name der Organisation,<br \/>\n- Name,<br \/>\n- Nachname,<br \/>\n- Geschlecht.<\/p>\n<div>Wir erheben personenbezogene Daten nur mit der ausdr\u00fccklichen Einwilligung der betroffenen Personen. Wir speichern die Einwilligungen zusammen mit ihrem Inhalt und dem Inhalt des Formulars, mit dem sie eingeholt wurden.<br \/>\nPersonenbezogene Daten werden von folgenden Abteilungen unserer Organisation verwendet:<br \/>\n- Verk\u00e4ufe,<br \/>\n\u2013 Marketing,<br \/>\n\u2013 Kundensupport,<\/div>\n<div>\n<p>- F\u00fchrung.<br \/>\n<strong><br \/>\n3. BETRAG<\/strong><br \/>\nWir speichern personenbezogene Daten in der Republik Slowenien und exportieren diese nicht in andere L\u00e4nder.<\/p>\n<p><strong>4. LAGERDAUER<\/strong><br \/>\nWir speichern personenbezogene Daten, bis die betreffende Person ihre Einwilligung zur Speicherung und Verarbeitung ihrer Daten widerruft. Nach dem Widerruf der Einwilligung l\u00f6schen wir die personenbezogenen Daten unverz\u00fcglich, wirksam und endg\u00fcltig.<br \/>\nWenn die oben beschriebenen Zwecke, f\u00fcr die wir personenbezogene Daten speichern und verarbeiten, in unserem Unternehmen nicht mehr bestehen, werden wir die Datensammlungen, deren Zweck entfallen ist, unverz\u00fcglich, wirksam und endg\u00fcltig l\u00f6schen.<br \/>\nWir speichern Daten \u00fcber die Ansicht empfangener Nachrichten und Klicks auf Links in empfangenen Nachrichten f\u00fcr mindestens 12 Monate ab dem Zeitpunkt des Versands der Nachricht.<\/p>\n<p><strong>5. INDIVIDUELLE RECHTE<\/strong><br \/>\nJede Person kann jederzeit Auskunft \u00fcber ihre Daten verlangen.<br \/>\n\u2013 Einblick,<br \/>\n\u2013 Korrektur,<br \/>\n\u2013 vollst\u00e4ndige L\u00f6schung,<br \/>\n\u2013 Wechsel zu einem anderen Anbieter verwandter Dienstleistungen,<br \/>\n\u2013 Beendigung der Verarbeitung und Speicherung oder Widerruf der Einwilligung zur Verarbeitung und Speicherung, ohne dass die Rechtm\u00e4\u00dfigkeit der Verarbeitung, die auf Grundlage der Einwilligung oder der Einwilligung bis zu deren Widerruf erfolgte, ber\u00fchrt wird.<\/p>\n<\/div>\n<div>Falls unser Unternehmen personenbezogene Daten zu einem anderen Zweck als dem Zweck, zu dem die personenbezogenen Daten erhoben wurden, weiterverarbeiten m\u00f6chte, werden wir die betroffene Person vor einer solchen Weiterverarbeitung der Daten \u00fcber diesen anderen Zweck und alle weiteren relevanten Informationen gem\u00e4\u00df diesem Dokument informieren.<\/div>\n<div>\n<p>Wenn eine Person der Ansicht ist, dass ihre Rechte hinsichtlich des Schutzes ihrer personenbezogenen Daten von uns in irgendeiner Weise verletzt wurden, kann sie jederzeit eine Beschwerde bei der Aufsichtsbeh\u00f6rde \u2013 dem Informationsbeauftragten der Republik Slowenien \u2013 einreichen:<br \/>\nRepublik Slowenien, Informationskommissar, Zalo\u0161ka 59, 1000 Ljubljana, <a href=\"https:\/\/www.ip-rs.si\">https:\/\/www.ip-rs.si<\/a><\/p>\n<\/div>\n<div>Wir werden alles in unserer Macht Stehende tun, um Einzelpersonen bei der Aus\u00fcbung ihrer Rechte zu unterst\u00fctzen.<\/div>\n<div><\/div>\n<p><strong>TECH PLUS DOO.<\/strong><\/p>","protected":false},"excerpt":{"rendered":"<p>Politika zasebnosti 1. KDO SMO\u00a0 Uradno ime podjetja:\u00a0TECH PLUS D.O.O. Sede\u017e podjetja:\u00a0Na Vov\u010dne 6, 1354 Horjul, Slovenija 2. UPORABA, OBSEG IN NAMEN HRANJENJA IN OBDELAVE\u00a0 Osebne podatke hranimo in obdelujemo za namene ohranjevanja stika s strankami, tr\u017enega obve\u0161\u010danja prek elektronske po\u0161te, pospe\u0161evanja prodaje, profiliranja strank s ciljem prilagojene ponudbe vsebin in izdelkov strankam v elektronski [&#8230;]\n","protected":false},"author":1,"featured_media":0,"parent":0,"menu_order":0,"comment_status":"closed","ping_status":"closed","template":"","meta":{"footnotes":""},"class_list":["post-591","page","type-page","status-publish","hentry"],"yoast_head":"<!-- This site is optimized with the Yoast SEO plugin v27.3 - https:\/\/yoast.com\/product\/yoast-seo-wordpress\/ -->\n<title>Politika zasebnosti - Avtoprevleke po meri | TECH PLUS<\/title>\n<meta name=\"robots\" content=\"index, follow, max-snippet:-1, max-image-preview:large, max-video-preview:-1\" \/>\n<link rel=\"canonical\" href=\"https:\/\/avtoprevleke.si\/de\/datenschutzrichtlinie-2\/\" \/>\n<meta property=\"og:locale\" content=\"de_DE\" \/>\n<meta property=\"og:type\" content=\"article\" \/>\n<meta property=\"og:title\" content=\"Politika zasebnosti - Avtoprevleke po meri | TECH PLUS\" \/>\n<meta property=\"og:description\" content=\"Politika zasebnosti 1. KDO SMO\u00a0 Uradno ime podjetja:\u00a0TECH PLUS D.O.O. Sede\u017e podjetja:\u00a0Na Vov\u010dne 6, 1354 Horjul, Slovenija 2. UPORABA, OBSEG IN NAMEN HRANJENJA IN OBDELAVE\u00a0 Osebne podatke hranimo in obdelujemo za namene ohranjevanja stika s strankami, tr\u017enega obve\u0161\u010danja prek elektronske po\u0161te, pospe\u0161evanja prodaje, profiliranja strank s ciljem prilagojene ponudbe vsebin in izdelkov strankam v elektronski [...]\" \/>\n<meta property=\"og:url\" content=\"https:\/\/avtoprevleke.si\/de\/datenschutzrichtlinie-2\/\" \/>\n<meta property=\"og:site_name\" content=\"Avtoprevleke po meri | TECH PLUS\" \/>\n<meta property=\"article:modified_time\" content=\"2018-10-07T14:31:56+00:00\" \/>\n<meta name=\"twitter:card\" content=\"summary_large_image\" \/>\n<meta name=\"twitter:label1\" content=\"Gesch\u00e4tzte Lesezeit\" \/>\n\t<meta name=\"twitter:data1\" content=\"2\u00a0Minuten\" \/>\n<script type=\"application\/ld+json\" class=\"yoast-schema-graph\">{\"@context\":\"https:\\\/\\\/schema.org\",\"@graph\":[{\"@type\":\"WebPage\",\"@id\":\"https:\\\/\\\/avtoprevleke.si\\\/politika-zasebnosti\\\/\",\"url\":\"https:\\\/\\\/avtoprevleke.si\\\/politika-zasebnosti\\\/\",\"name\":\"Politika zasebnosti - Avtoprevleke po meri | TECH PLUS\",\"isPartOf\":{\"@id\":\"https:\\\/\\\/avtoprevleke.si\\\/#website\"},\"datePublished\":\"2018-09-19T17:45:37+00:00\",\"dateModified\":\"2018-10-07T14:31:56+00:00\",\"breadcrumb\":{\"@id\":\"https:\\\/\\\/avtoprevleke.si\\\/politika-zasebnosti\\\/#breadcrumb\"},\"inLanguage\":\"de\",\"potentialAction\":[{\"@type\":\"ReadAction\",\"target\":[\"https:\\\/\\\/avtoprevleke.si\\\/politika-zasebnosti\\\/\"]}]},{\"@type\":\"BreadcrumbList\",\"@id\":\"https:\\\/\\\/avtoprevleke.si\\\/politika-zasebnosti\\\/#breadcrumb\",\"itemListElement\":[{\"@type\":\"ListItem\",\"position\":1,\"name\":\"Home\",\"item\":\"https:\\\/\\\/avtoprevleke.si\\\/\"},{\"@type\":\"ListItem\",\"position\":2,\"name\":\"Politika zasebnosti\"}]},{\"@type\":\"WebSite\",\"@id\":\"https:\\\/\\\/avtoprevleke.si\\\/#website\",\"url\":\"https:\\\/\\\/avtoprevleke.si\\\/\",\"name\":\"Avtoprevleke po meri | TECH PLUS\",\"description\":\"Tipske avtoprevleke - sede\u017ene prevleke za avto\",\"publisher\":{\"@id\":\"https:\\\/\\\/avtoprevleke.si\\\/#organization\"},\"potentialAction\":[{\"@type\":\"SearchAction\",\"target\":{\"@type\":\"EntryPoint\",\"urlTemplate\":\"https:\\\/\\\/avtoprevleke.si\\\/?s={search_term_string}\"},\"query-input\":{\"@type\":\"PropertyValueSpecification\",\"valueRequired\":true,\"valueName\":\"search_term_string\"}}],\"inLanguage\":\"de\"},{\"@type\":\"Organization\",\"@id\":\"https:\\\/\\\/avtoprevleke.si\\\/#organization\",\"name\":\"Avtoprevleke po meri | TECH PLUS\",\"url\":\"https:\\\/\\\/avtoprevleke.si\\\/\",\"logo\":{\"@type\":\"ImageObject\",\"inLanguage\":\"de\",\"@id\":\"https:\\\/\\\/avtoprevleke.si\\\/#\\\/schema\\\/logo\\\/image\\\/\",\"url\":\"https:\\\/\\\/avtoprevleke.si\\\/wp-content\\\/uploads\\\/2018\\\/09\\\/avtoprevleke-logo.png\",\"contentUrl\":\"https:\\\/\\\/avtoprevleke.si\\\/wp-content\\\/uploads\\\/2018\\\/09\\\/avtoprevleke-logo.png\",\"width\":856,\"height\":330,\"caption\":\"Avtoprevleke po meri | TECH PLUS\"},\"image\":{\"@id\":\"https:\\\/\\\/avtoprevleke.si\\\/#\\\/schema\\\/logo\\\/image\\\/\"}}]}<\/script>\n<!-- \/ Yoast SEO plugin. -->","yoast_head_json":{"title":"Datenschutzrichtlinie \u2013 Ma\u00dfgefertigte Autoabdeckungen | TECH PLUS","robots":{"index":"index","follow":"follow","max-snippet":"max-snippet:-1","max-image-preview":"max-image-preview:large","max-video-preview":"max-video-preview:-1"},"canonical":"https:\/\/avtoprevleke.si\/de\/datenschutzrichtlinie-2\/","og_locale":"de_DE","og_type":"article","og_title":"Politika zasebnosti - Avtoprevleke po meri | TECH PLUS","og_description":"Politika zasebnosti 1. KDO SMO\u00a0 Uradno ime podjetja:\u00a0TECH PLUS D.O.O. Sede\u017e podjetja:\u00a0Na Vov\u010dne 6, 1354 Horjul, Slovenija 2. UPORABA, OBSEG IN NAMEN HRANJENJA IN OBDELAVE\u00a0 Osebne podatke hranimo in obdelujemo za namene ohranjevanja stika s strankami, tr\u017enega obve\u0161\u010danja prek elektronske po\u0161te, pospe\u0161evanja prodaje, profiliranja strank s ciljem prilagojene ponudbe vsebin in izdelkov strankam v elektronski [...]","og_url":"https:\/\/avtoprevleke.si\/de\/datenschutzrichtlinie-2\/","og_site_name":"Avtoprevleke po meri | TECH PLUS","article_modified_time":"2018-10-07T14:31:56+00:00","twitter_card":"summary_large_image","twitter_misc":{"Gesch\u00e4tzte Lesezeit":"2\u00a0Minuten"},"schema":{"@context":"https:\/\/schema.org","@graph":[{"@type":"WebPage","@id":"https:\/\/avtoprevleke.si\/politika-zasebnosti\/","url":"https:\/\/avtoprevleke.si\/politika-zasebnosti\/","name":"Datenschutzrichtlinie \u2013 Ma\u00dfgefertigte Autoabdeckungen | TECH PLUS","isPartOf":{"@id":"https:\/\/avtoprevleke.si\/#website"},"datePublished":"2018-09-19T17:45:37+00:00","dateModified":"2018-10-07T14:31:56+00:00","breadcrumb":{"@id":"https:\/\/avtoprevleke.si\/politika-zasebnosti\/#breadcrumb"},"inLanguage":"de","potentialAction":[{"@type":"ReadAction","target":["https:\/\/avtoprevleke.si\/politika-zasebnosti\/"]}]},{"@type":"BreadcrumbList","@id":"https:\/\/avtoprevleke.si\/politika-zasebnosti\/#breadcrumb","itemListElement":[{"@type":"ListItem","position":1,"name":"Home","item":"https:\/\/avtoprevleke.si\/"},{"@type":"ListItem","position":2,"name":"Politika zasebnosti"}]},{"@type":"WebSite","@id":"https:\/\/avtoprevleke.si\/#website","url":"https:\/\/avtoprevleke.si\/","name":"Ma\u00dfgeschneiderte Autositzbez\u00fcge | TECH PLUS","description":"Standard-Autoabdeckungen \u2013 Autositzbez\u00fcge","publisher":{"@id":"https:\/\/avtoprevleke.si\/#organization"},"potentialAction":[{"@type":"SearchAction","target":{"@type":"EntryPoint","urlTemplate":"https:\/\/avtoprevleke.si\/?s={search_term_string}"},"query-input":{"@type":"PropertyValueSpecification","valueRequired":true,"valueName":"search_term_string"}}],"inLanguage":"de"},{"@type":"Organization","@id":"https:\/\/avtoprevleke.si\/#organization","name":"Ma\u00dfgeschneiderte Autositzbez\u00fcge | TECH PLUS","url":"https:\/\/avtoprevleke.si\/","logo":{"@type":"ImageObject","inLanguage":"de","@id":"https:\/\/avtoprevleke.si\/#\/schema\/logo\/image\/","url":"https:\/\/avtoprevleke.si\/wp-content\/uploads\/2018\/09\/avtoprevleke-logo.png","contentUrl":"https:\/\/avtoprevleke.si\/wp-content\/uploads\/2018\/09\/avtoprevleke-logo.png","width":856,"height":330,"caption":"Avtoprevleke po meri | TECH PLUS"},"image":{"@id":"https:\/\/avtoprevleke.si\/#\/schema\/logo\/image\/"}}]}},"_links":{"self":[{"href":"https:\/\/avtoprevleke.si\/de\/wp-json\/wp\/v2\/pages\/591","targetHints":{"allow":["GET"]}}],"collection":[{"href":"https:\/\/avtoprevleke.si\/de\/wp-json\/wp\/v2\/pages"}],"about":[{"href":"https:\/\/avtoprevleke.si\/de\/wp-json\/wp\/v2\/types\/page"}],"author":[{"embeddable":true,"href":"https:\/\/avtoprevleke.si\/de\/wp-json\/wp\/v2\/users\/1"}],"replies":[{"embeddable":true,"href":"https:\/\/avtoprevleke.si\/de\/wp-json\/wp\/v2\/comments?post=591"}],"version-history":[{"count":0,"href":"https:\/\/avtoprevleke.si\/de\/wp-json\/wp\/v2\/pages\/591\/revisions"}],"wp:attachment":[{"href":"https:\/\/avtoprevleke.si\/de\/wp-json\/wp\/v2\/media?parent=591"}],"curies":[{"name":"wp","href":"https:\/\/api.w.org\/{rel}","templated":true}]}}