{"id":32671,"date":"2021-10-07T08:30:55","date_gmt":"2021-10-07T07:30:55","guid":{"rendered":"https:\/\/avtoprevleke.si\/?page_id=32671"},"modified":"2024-03-18T10:03:29","modified_gmt":"2024-03-18T09:03:29","slug":"mobelpolsterung","status":"publish","type":"page","link":"https:\/\/avtoprevleke.si\/de\/oblazinjenje-pohistva\/","title":{"rendered":"M\u00f6belpolsterung"},"content":{"rendered":"<h1>M\u00f6belpolsterung<\/h1>\n<p data-sourcepos=\"3:1-3:269\">Suchen Sie einen Polsterer, der Ihnen erstklassigen Service und makellose Ergebnisse bietet? Dann sind Sie bei uns genau richtig! Wir bieten ein breites Spektrum an Polsterarbeiten f\u00fcr alle Arten von M\u00f6beln an, von St\u00fchlen und Essgruppen bis hin zu Innent\u00fcren und Sofas.<\/p>\n<p data-sourcepos=\"5:1-5:18\"><strong>Unsere Dienstleistungen:<\/strong><\/p>\n<ul data-sourcepos=\"7:1-10:0\">\n<li data-sourcepos=\"7:1-7:173\"><strong>Polsterung von St\u00fchlen und Essbereichen:<\/strong>\u00a0Wir k\u00f6nnen eine Vielzahl von Materialien verwenden, wie zum Beispiel Stoff, Kunstleder und Naturleder, um den perfekten Look f\u00fcr Ihre M\u00f6bel zu kreieren.<\/li>\n<li data-sourcepos=\"8:1-8:98\"><strong>Polsterung von Innent\u00fcren:<\/strong>\u00a0Wir k\u00f6nnen alte und abgenutzte T\u00fcren restaurieren und ihnen ein neues Aussehen verleihen.<\/li>\n<li data-sourcepos=\"9:1-10:0\"><strong>Herstellung und Reparatur von Sofagarnituren:<\/strong>\u00a0Wir fertigen Sofas nach Ihren W\u00fcnschen oder reparieren Ihre bestehenden. Dabei verwenden wir verschiedene Materialien wie Stoff, Kunstleder und Echtleder.<\/li>\n<\/ul>\n<p data-sourcepos=\"11:1-11:22\"><strong>Warum Sie sich f\u00fcr uns entscheiden sollten:<\/strong><\/p>\n<ul data-sourcepos=\"13:1-17:0\">\n<li data-sourcepos=\"13:1-13:71\"><strong>Erfahrung:<\/strong> Wir verf\u00fcgen \u00fcber langj\u00e4hrige Erfahrung im Bereich M\u00f6belpolsterei.<\/li>\n<li data-sourcepos=\"14:1-14:85\"><strong>Sachverstand:<\/strong> Unser Team ist hochqualifiziert.<\/li>\n<li data-sourcepos=\"15:1-15:96\"><strong>Qualit\u00e4t:<\/strong>\u00a0Wir verwenden ausschlie\u00dflich Materialien h\u00f6chster Qualit\u00e4t und garantieren makellose Ergebnisse.<\/li>\n<li data-sourcepos=\"16:1-17:0\"><strong>G\u00fcnstige Preise:<\/strong>\u00a0Wir bieten wettbewerbsf\u00e4hige Preise f\u00fcr alle unsere Dienstleistungen.<\/li>\n<\/ul>\n<p data-sourcepos=\"18:1-18:49\"><a href=\"https:\/\/avtoprevleke.si\/de\/kontakt\/\"><strong>Kontaktieren Sie uns noch heute und \u00fcberzeugen Sie sich selbst!<\/strong><\/a><\/p>\n\n<div class=\"wpcf7 no-js\" id=\"wpcf7-f312-o1\" lang=\"sl-SI\" dir=\"ltr\" data-wpcf7-id=\"312\">\n<div class=\"screen-reader-response\"><p role=\"status\" aria-live=\"polite\" aria-atomic=\"true\"><\/p> <ul><\/ul><\/div>\n<form action=\"\/de\/wp-json\/wp\/v2\/pages\/32671#wpcf7-f312-o1\" method=\"post\" class=\"wpcf7-form init\" aria-label=\"Kontaktni obrazec\" novalidate=\"novalidate\" data-status=\"init\" data-trp-original-action=\"\/de\/wp-json\/wp\/v2\/pages\/32671#wpcf7-f312-o1\">\n<fieldset class=\"hidden-fields-container\"><input type=\"hidden\" name=\"_wpcf7\" value=\"312\" \/><input type=\"hidden\" name=\"_wpcf7_version\" value=\"6.1.5\" \/><input type=\"hidden\" name=\"_wpcf7_locale\" value=\"sl_SI\" \/><input type=\"hidden\" name=\"_wpcf7_unit_tag\" value=\"wpcf7-f312-o1\" \/><input type=\"hidden\" name=\"_wpcf7_container_post\" value=\"0\" \/><input type=\"hidden\" name=\"_wpcf7_posted_data_hash\" value=\"\" \/>\n<\/fieldset>\n<p><label> Vor- und Nachname (erforderlich)<br \/>\n<span class=\"wpcf7-form-control-wrap\" data-name=\"your-name\"><input size=\"40\" maxlength=\"400\" class=\"wpcf7-form-control wpcf7-text wpcf7-validates-as-required\" aria-required=\"true\" aria-invalid=\"false\" value=\"\" type=\"text\" name=\"your-name\" \/><\/span> <\/label>\n<\/p>\n<p><label> E-Mail-Adresse (erforderlich)<br \/>\n<span class=\"wpcf7-form-control-wrap\" data-name=\"your-email\"><input size=\"40\" maxlength=\"400\" class=\"wpcf7-form-control wpcf7-email wpcf7-validates-as-required wpcf7-text wpcf7-validates-as-email\" aria-required=\"true\" aria-invalid=\"false\" value=\"\" type=\"email\" name=\"your-email\" \/><\/span> <\/label>\n<\/p>\n<p><label> Thema<br \/>\n<span class=\"wpcf7-form-control-wrap\" data-name=\"your-subject\"><input size=\"40\" maxlength=\"400\" class=\"wpcf7-form-control wpcf7-text\" aria-invalid=\"false\" value=\"\" type=\"text\" name=\"your-subject\" \/><\/span> <\/label>\n<\/p>\n<p><label> Nachricht (erforderlich)<br \/>\n<span class=\"wpcf7-form-control-wrap\" data-name=\"your-message\"><textarea cols=\"40\" rows=\"10\" maxlength=\"2000\" class=\"wpcf7-form-control wpcf7-textarea wpcf7-validates-as-required\" aria-required=\"true\" aria-invalid=\"false\" name=\"your-message\"><\/textarea><\/span> <\/label>\n<\/p>\n<p><input class=\"wpcf7-form-control wpcf7-submit has-spinner\" type=\"submit\" value=\"Schicken\" \/>\n<\/p><div class=\"wpcf7-response-output\" aria-hidden=\"true\"><\/div>\n<input type=\"hidden\" name=\"trp-form-language\" value=\"de\"\/><\/form>\n<\/div>","protected":false},"excerpt":{"rendered":"","protected":false},"author":1,"featured_media":0,"parent":0,"menu_order":0,"comment_status":"closed","ping_status":"closed","template":"","meta":{"footnotes":""},"class_list":["post-32671","page","type-page","status-publish","hentry"],"yoast_head":"<!-- This site is optimized with the Yoast SEO plugin v27.3 - https:\/\/yoast.com\/product\/yoast-seo-wordpress\/ -->\n<title>Oblazinjenje pohi\u0161tva - Avtoprevleke po meri | TECH PLUS<\/title>\n<meta name=\"robots\" content=\"index, follow, max-snippet:-1, max-image-preview:large, max-video-preview:-1\" \/>\n<link rel=\"canonical\" href=\"https:\/\/avtoprevleke.si\/de\/mobelpolsterung\/\" \/>\n<meta property=\"og:locale\" content=\"de_DE\" \/>\n<meta property=\"og:type\" content=\"article\" \/>\n<meta property=\"og:title\" content=\"Oblazinjenje pohi\u0161tva - Avtoprevleke po meri | TECH PLUS\" \/>\n<meta property=\"og:url\" content=\"https:\/\/avtoprevleke.si\/de\/mobelpolsterung\/\" \/>\n<meta property=\"og:site_name\" content=\"Avtoprevleke po meri | TECH PLUS\" \/>\n<meta property=\"article:modified_time\" content=\"2024-03-18T09:03:29+00:00\" \/>\n<meta name=\"twitter:card\" content=\"summary_large_image\" \/>\n<meta name=\"twitter:label1\" content=\"Gesch\u00e4tzte Lesezeit\" \/>\n\t<meta name=\"twitter:data1\" content=\"1\u00a0Minute\" \/>\n<script type=\"application\/ld+json\" class=\"yoast-schema-graph\">{\"@context\":\"https:\\\/\\\/schema.org\",\"@graph\":[{\"@type\":\"WebPage\",\"@id\":\"https:\\\/\\\/avtoprevleke.si\\\/oblazinjenje-pohistva\\\/\",\"url\":\"https:\\\/\\\/avtoprevleke.si\\\/oblazinjenje-pohistva\\\/\",\"name\":\"Oblazinjenje pohi\u0161tva - Avtoprevleke po meri | TECH PLUS\",\"isPartOf\":{\"@id\":\"https:\\\/\\\/avtoprevleke.si\\\/#website\"},\"datePublished\":\"2021-10-07T07:30:55+00:00\",\"dateModified\":\"2024-03-18T09:03:29+00:00\",\"breadcrumb\":{\"@id\":\"https:\\\/\\\/avtoprevleke.si\\\/oblazinjenje-pohistva\\\/#breadcrumb\"},\"inLanguage\":\"de\",\"potentialAction\":[{\"@type\":\"ReadAction\",\"target\":[\"https:\\\/\\\/avtoprevleke.si\\\/oblazinjenje-pohistva\\\/\"]}]},{\"@type\":\"BreadcrumbList\",\"@id\":\"https:\\\/\\\/avtoprevleke.si\\\/oblazinjenje-pohistva\\\/#breadcrumb\",\"itemListElement\":[{\"@type\":\"ListItem\",\"position\":1,\"name\":\"Home\",\"item\":\"https:\\\/\\\/avtoprevleke.si\\\/\"},{\"@type\":\"ListItem\",\"position\":2,\"name\":\"Oblazinjenje pohi\u0161tva\"}]},{\"@type\":\"WebSite\",\"@id\":\"https:\\\/\\\/avtoprevleke.si\\\/#website\",\"url\":\"https:\\\/\\\/avtoprevleke.si\\\/\",\"name\":\"Avtoprevleke po meri | TECH PLUS\",\"description\":\"Tipske avtoprevleke - sede\u017ene prevleke za avto\",\"publisher\":{\"@id\":\"https:\\\/\\\/avtoprevleke.si\\\/#organization\"},\"potentialAction\":[{\"@type\":\"SearchAction\",\"target\":{\"@type\":\"EntryPoint\",\"urlTemplate\":\"https:\\\/\\\/avtoprevleke.si\\\/?s={search_term_string}\"},\"query-input\":{\"@type\":\"PropertyValueSpecification\",\"valueRequired\":true,\"valueName\":\"search_term_string\"}}],\"inLanguage\":\"de\"},{\"@type\":\"Organization\",\"@id\":\"https:\\\/\\\/avtoprevleke.si\\\/#organization\",\"name\":\"Avtoprevleke po meri | TECH PLUS\",\"url\":\"https:\\\/\\\/avtoprevleke.si\\\/\",\"logo\":{\"@type\":\"ImageObject\",\"inLanguage\":\"de\",\"@id\":\"https:\\\/\\\/avtoprevleke.si\\\/#\\\/schema\\\/logo\\\/image\\\/\",\"url\":\"https:\\\/\\\/avtoprevleke.si\\\/wp-content\\\/uploads\\\/2018\\\/09\\\/avtoprevleke-logo.png\",\"contentUrl\":\"https:\\\/\\\/avtoprevleke.si\\\/wp-content\\\/uploads\\\/2018\\\/09\\\/avtoprevleke-logo.png\",\"width\":856,\"height\":330,\"caption\":\"Avtoprevleke po meri | TECH PLUS\"},\"image\":{\"@id\":\"https:\\\/\\\/avtoprevleke.si\\\/#\\\/schema\\\/logo\\\/image\\\/\"}}]}<\/script>\n<!-- \/ Yoast SEO plugin. -->","yoast_head_json":{"title":"M\u00f6belpolsterung \u2013 Ma\u00dfgefertigte Autoabdeckungen | TECH PLUS","robots":{"index":"index","follow":"follow","max-snippet":"max-snippet:-1","max-image-preview":"max-image-preview:large","max-video-preview":"max-video-preview:-1"},"canonical":"https:\/\/avtoprevleke.si\/de\/mobelpolsterung\/","og_locale":"de_DE","og_type":"article","og_title":"Oblazinjenje pohi\u0161tva - Avtoprevleke po meri | TECH PLUS","og_url":"https:\/\/avtoprevleke.si\/de\/mobelpolsterung\/","og_site_name":"Avtoprevleke po meri | TECH PLUS","article_modified_time":"2024-03-18T09:03:29+00:00","twitter_card":"summary_large_image","twitter_misc":{"Gesch\u00e4tzte Lesezeit":"1\u00a0Minute"},"schema":{"@context":"https:\/\/schema.org","@graph":[{"@type":"WebPage","@id":"https:\/\/avtoprevleke.si\/oblazinjenje-pohistva\/","url":"https:\/\/avtoprevleke.si\/oblazinjenje-pohistva\/","name":"M\u00f6belpolsterung \u2013 Ma\u00dfgefertigte Autoabdeckungen | TECH PLUS","isPartOf":{"@id":"https:\/\/avtoprevleke.si\/#website"},"datePublished":"2021-10-07T07:30:55+00:00","dateModified":"2024-03-18T09:03:29+00:00","breadcrumb":{"@id":"https:\/\/avtoprevleke.si\/oblazinjenje-pohistva\/#breadcrumb"},"inLanguage":"de","potentialAction":[{"@type":"ReadAction","target":["https:\/\/avtoprevleke.si\/oblazinjenje-pohistva\/"]}]},{"@type":"BreadcrumbList","@id":"https:\/\/avtoprevleke.si\/oblazinjenje-pohistva\/#breadcrumb","itemListElement":[{"@type":"ListItem","position":1,"name":"Home","item":"https:\/\/avtoprevleke.si\/"},{"@type":"ListItem","position":2,"name":"Oblazinjenje pohi\u0161tva"}]},{"@type":"WebSite","@id":"https:\/\/avtoprevleke.si\/#website","url":"https:\/\/avtoprevleke.si\/","name":"Ma\u00dfgeschneiderte Autositzbez\u00fcge | TECH PLUS","description":"Standard-Autoabdeckungen \u2013 Autositzbez\u00fcge","publisher":{"@id":"https:\/\/avtoprevleke.si\/#organization"},"potentialAction":[{"@type":"SearchAction","target":{"@type":"EntryPoint","urlTemplate":"https:\/\/avtoprevleke.si\/?s={search_term_string}"},"query-input":{"@type":"PropertyValueSpecification","valueRequired":true,"valueName":"search_term_string"}}],"inLanguage":"de"},{"@type":"Organization","@id":"https:\/\/avtoprevleke.si\/#organization","name":"Ma\u00dfgeschneiderte Autositzbez\u00fcge | TECH PLUS","url":"https:\/\/avtoprevleke.si\/","logo":{"@type":"ImageObject","inLanguage":"de","@id":"https:\/\/avtoprevleke.si\/#\/schema\/logo\/image\/","url":"https:\/\/avtoprevleke.si\/wp-content\/uploads\/2018\/09\/avtoprevleke-logo.png","contentUrl":"https:\/\/avtoprevleke.si\/wp-content\/uploads\/2018\/09\/avtoprevleke-logo.png","width":856,"height":330,"caption":"Avtoprevleke po meri | TECH PLUS"},"image":{"@id":"https:\/\/avtoprevleke.si\/#\/schema\/logo\/image\/"}}]}},"_links":{"self":[{"href":"https:\/\/avtoprevleke.si\/de\/wp-json\/wp\/v2\/pages\/32671","targetHints":{"allow":["GET"]}}],"collection":[{"href":"https:\/\/avtoprevleke.si\/de\/wp-json\/wp\/v2\/pages"}],"about":[{"href":"https:\/\/avtoprevleke.si\/de\/wp-json\/wp\/v2\/types\/page"}],"author":[{"embeddable":true,"href":"https:\/\/avtoprevleke.si\/de\/wp-json\/wp\/v2\/users\/1"}],"replies":[{"embeddable":true,"href":"https:\/\/avtoprevleke.si\/de\/wp-json\/wp\/v2\/comments?post=32671"}],"version-history":[{"count":3,"href":"https:\/\/avtoprevleke.si\/de\/wp-json\/wp\/v2\/pages\/32671\/revisions"}],"predecessor-version":[{"id":34154,"href":"https:\/\/avtoprevleke.si\/de\/wp-json\/wp\/v2\/pages\/32671\/revisions\/34154"}],"wp:attachment":[{"href":"https:\/\/avtoprevleke.si\/de\/wp-json\/wp\/v2\/media?parent=32671"}],"curies":[{"name":"wp","href":"https:\/\/api.w.org\/{rel}","templated":true}]}}