{"id":3,"date":"2018-08-08T17:45:25","date_gmt":"2018-08-08T17:45:25","guid":{"rendered":"https:\/\/avtoprevleke.si\/?page_id=3"},"modified":"2024-07-24T13:16:51","modified_gmt":"2024-07-24T12:16:51","slug":"datenschutzrichtlinie","status":"publish","type":"page","link":"https:\/\/avtoprevleke.si\/de\/privacy-policy\/","title":{"rendered":"Gesch\u00e4ftsbedingungen"},"content":{"rendered":"<h1>GESCH\u00c4FTSBEDINGUNGEN<\/h1>\n<p>\u00a0<\/p>\n<h1>Nutzungsbedingungen<\/h1>\n<p>Allgemeine Gesch\u00e4ftsbedingungen des Online-Shops\u00a0<strong>carcovers.si<\/strong><\/p>\n<h2>Manager<\/h2>\n<p><strong>carcovers.si<\/strong>\u00a0(im Folgenden als \u201c<strong>Online-Shop<\/strong>\u201c&quot;) ist eine Website, die dem Unternehmen geh\u00f6rt und von diesem betrieben wird.\u00a0<strong>TECH PLUS doo,<\/strong>\u00a0(im Folgenden als \u201c<strong>Anbieter<\/strong>\u201c&quot;).<\/p>\n<p>Beim Einloggen in das Online-Shopsystem wird der Besucher (nachfolgend als \u201c\u201c bezeichnet)\u201c<strong>Benutzer<\/strong>\u201cDer Nutzer erh\u00e4lt einen Benutzernamen und ein Passwort, mit denen er auf sein Konto zugreifen und bei jedem Besuch im Online-Shop einkaufen kann. Benutzername und Passwort identifizieren den Nutzer eindeutig und verkn\u00fcpfen ihn mit den eingegebenen Daten. Die Allgemeinen Gesch\u00e4ftsbedingungen regeln den Betrieb des Online-Shops, die Rechte des Nutzers und die Gesch\u00e4ftsbeziehung zwischen dem Betreiber des Online-Shops und dem Verbraucher.<\/p>\n<h2>Bedingungen der Zusammenarbeit<\/h2>\n<p>Mit der Nutzung dieser Website erkl\u00e4rt sich der Nutzer mit den Allgemeinen Gesch\u00e4ftsbedingungen einverstanden. Der Nutzer ist verpflichtet, ausschlie\u00dflich korrekte, wahrheitsgem\u00e4\u00dfe und aktuelle Daten anzugeben. Unrichtige oder fehlerhafte Angaben werden als Missbrauch gewertet und der Rechtsabteilung gemeldet. Daten, die \u00fcber Online-Formulare und bei Bestellungen erhoben werden, werden ausschlie\u00dflich f\u00fcr Gesch\u00e4ftszwecke von TECH PLUS doo verwendet.<\/p>\n<h2>Online-Katalog, Artikel und Preisliste<\/h2>\n<p>Der Online-Katalog enth\u00e4lt das aktuelle Angebot aus unserem Verkaufsprogramm mit allen notwendigen Informationen.<br \/>Alle Produktfotos dienen nur der Veranschaulichung und stellen keine Garantie f\u00fcr die Produkteigenschaften dar.<br \/>Die Preise in der Preisliste verstehen sich in Euro und inklusive Mehrwertsteuer. Die Preise gelten am Tag der Bestellung.<\/p>\n<p><strong>Kommunikation und elektronische Benachrichtigungen<\/strong><\/p>\n<p><strong>Der Anbieter beh\u00e4lt sich das Recht vor, den Nutzer unter seiner Telefonnummer anzurufen.,\u00a0<\/strong>wenn dies zur Erf\u00fcllung einer Bestellung oder zur L\u00f6sung von Problemen im Zusammenhang mit dem Benutzer erforderlich ist.<\/p>\n<p>Der Anbieter beh\u00e4lt sich das Recht vor, die Nutzer per E-Mail \u00fcber Neuigkeiten im Zusammenhang mit dem Angebot oder dem Betrieb des Online-Shops zu informieren, jedoch nur, wenn der Nutzer dem nicht ausdr\u00fccklich widerspricht.<\/p>\n<h2>WARENBESTELLUNG<\/h2>\n<p>Der Nutzer bestellt die gew\u00fcnschten Waren elektronisch \u00fcber den Online-Katalog oder das Bestellformular per E-Mail:\u00a0<a href=\"mailto:info@techplus.si?subject=Narocilo\">info@techplus.si<\/a>,Sie k\u00f6nnen per Telefon oder telefonisch anhand der Preisliste bestellen. Daten zum abgeschlossenen Vertrag oder zur Bestellung werden vom Anbieter gespeichert. Der Vertrag kann in slowenischer Sprache geschlossen werden. Sie k\u00f6nnen einen Vertrag oder eine Bestellung telefonisch, per E-Mail oder \u00fcber den Online-Shop abschlie\u00dfen. Korrekturen oder Erg\u00e4nzungen zur Bestellung k\u00f6nnen Sie uns innerhalb von zwei Stunden nach Bestelleingang telefonisch (w\u00e4hrend der Gesch\u00e4ftszeiten) oder per E-Mail mitteilen.<\/p>\n<p><strong>KAUFABLAUF \u2013 ABSCHLUSS EINES VERTRAGS ODER EINER BESTELLUNG<\/strong><\/p>\n<p>Bevor der Besucher des Online-Shops eine Bestellung aufgeben kann, muss er sich als Benutzer registrieren.<br \/>Nach der Registrierung kann der Nutzer den Bestellvorgang starten.<br \/>Wenn ein Nutzer im Katalog des Online-Shops einen Artikel findet, den er bestellen m\u00f6chte, f\u00fcgt er ihn dem Warenkorb hinzu, indem er auf die Schaltfl\u00e4che \u201cIn den Warenkorb\u201d klickt.<\/p>\n<p><strong>Schritte zum Kauf aus dem Warenkorb:<\/strong><\/p>\n<ul>\n<li>Der Benutzer w\u00e4hlt die Anzahl der Artikel aus, die er im Warenkorb bestellen m\u00f6chte, und best\u00e4tigt diese durch Klicken auf den Button \u201cZur Kasse\u201d.\u201d<\/li>\n<li>Der Benutzer w\u00e4hlt anschlie\u00dfend die Adresse des Zahlers aus.<\/li>\n<li>Der Nutzer w\u00e4hlt die Adresse und die Zustellmethode aus.<\/li>\n<li>Der Nutzer w\u00e4hlt die Zahlungsmethode f\u00fcr die ausgew\u00e4hlten Waren.<\/li>\n<li>Der Nutzer best\u00e4tigt, dass er den Allgemeinen Gesch\u00e4ftsbedingungen zustimmt, andernfalls kann die Bestellung nicht abgeschlossen werden.<\/li>\n<li>Der Nutzer \u00fcberpr\u00fcft die Bestellung ein letztes Mal, bevor er sie absendet, und best\u00e4tigt sie durch Anklicken der Schaltfl\u00e4che \u201cBestellung best\u00e4tigen\u201d.<\/li>\n<\/ul>\n<p>Nach dem letzten Schritt ist die Bestellung abgeschlossen und abgeschickt. Nach dem Absenden der Bestellung erh\u00e4lt der Nutzer eine E-Mail mit der Best\u00e4tigung und den Bestellinformationen.<\/p>\n<p><strong>Auftrag best\u00e4tigt \u2013 Vertrag abgeschlossen<\/strong><\/p>\n<p>Sp\u00e4testens innerhalb von 48 Stunden pr\u00fcft der Anbieter die Bestellung, die Produktverf\u00fcgbarkeit und best\u00e4tigt oder lehnt die Bestellung ab. Sollte sich der Preis w\u00e4hrend der Bearbeitung der Bestellung \u00e4ndern, bem\u00fcht sich der Anbieter, dem Nutzer einen g\u00fcnstigeren Preis oder eine f\u00fcr beide Seiten zufriedenstellende L\u00f6sung anzubieten. Der Vertrag zwischen Anbieter und Nutzer kommt mit der Best\u00e4tigung der Bestellung durch die Meldung \u201cBestellung best\u00e4tigt\u201d unwiderruflich zustande. Im Falle einer Ablehnung der Bestellung kommt kein Vertrag zustande. Bei Sonderanfertigungen ist eine R\u00fcckerstattung ausgeschlossen. Bitte \u00fcberpr\u00fcfen Sie daher vor der Bestellung noch einmal Ihr Fahrzeugmodell, um unn\u00f6tige Probleme zu vermeiden.<\/p>\n<h2>BESTELLSTATUS<\/h2>\n<p>Der Nutzer kann die Bestellung stornieren.<strong>\u00a0innerhalb von zwei Stunden nach der Bestellung<\/strong>\u00a0per E-Mail oder Telefon.<\/p>\n<h2>LIEFERUNG \/ WAREN\u00dcBERMITTLUNG<\/h2>\n<p>Der Anbieter verpackt und versendet die Ware innerhalb des zugesagten Zeitraums zusammen mit der Originalrechnung, allen Anleitungen und der Garantiekarte. Die bestellte Ware wird dem K\u00e4ufer vom vom Anbieter beauftragten Lieferdienst zugestellt. Wir k\u00f6nnen die bestellten Artikel per Vertragslieferdienst zu Ihnen nach Hause liefern. Die Lieferung erfolgt an die Adresse, die Sie bei der Bestellung angeben. Zus\u00e4tzlich zur Hauptadresse k\u00f6nnen Sie eine weitere Adresse angeben, falls die Ware an eine andere Adresse geliefert werden soll. Die Lieferzeit betr\u00e4gt in der Regel 2\u20133 Tage, kann aber je nach Lieferant des jeweiligen Artikels variieren. Sollte ein bestellter Artikel zum Zeitpunkt Ihrer Bestellung nicht vorr\u00e4tig sein, wird die Sendung so schnell wie m\u00f6glich versendet, d. h. am Tag der Verf\u00fcgbarkeit des Artikels. Falls der K\u00e4ufer mit dem daraufhin mitgeteilten voraussichtlichen Liefertermin nicht einverstanden ist, vereinbaren Anbieter und K\u00e4ufer eine f\u00fcr beide Seiten zufriedenstellende L\u00f6sung.<\/p>\n<h2>Versandkosten<\/h2>\n<p>S\u00e4mtliche Liefer- und Verpackungskosten werden bereits w\u00e4hrend des Bestellvorgangs berechnet und auf dem Bestellformular\/der Rechnung angezeigt.<\/p>\n<p>Die Lieferkosten in Slowenien betragen <strong>5,60 EUR<\/strong>, mit Nachnahme <strong>6,99 EUR<\/strong>.<\/p>\n<h2>RECHT AUF R\u00dcCKTRITT VOM VERTRAG<\/h2>\n<p>Der K\u00e4ufer hat das Recht, innerhalb von 15 Tagen nach Erhalt der Ware ohne Angabe von Gr\u00fcnden vom Vertrag oder der Bestellung zur\u00fcckzutreten. Die Widerrufserkl\u00e4rung kann \u00fcber das Online-Formular (abrufbar unter avtoprevleke.si\/kontakt), per E-Mail oder telefonisch eingereicht werden. Dem K\u00e4ufer entstehen im Zusammenhang mit dem Widerruf lediglich die unmittelbaren Kosten der R\u00fccksendung. Die Ware muss sp\u00e4testens 30 Tage nach der Widerrufserkl\u00e4rung an den Verk\u00e4ufer zur\u00fcckgesendet werden.\u00a0<strong>unbesch\u00e4digt<\/strong>,\u00a0<strong>in Originalverpackung\u00a0<\/strong>Und\u00a0<strong>in unver\u00e4nderter Menge\u00a0<\/strong>und senden Sie es an den Verk\u00e4ufer.\u00a0<strong>Eine R\u00fcckgabe bereits montierter Artikel ist nicht m\u00f6glich!\u00a0<\/strong>Wir akzeptieren keine L\u00f6segeldsendungen.<strong>Bei Sonderanfertigungen gibt es keine R\u00fcckerstattung. Bitte \u00fcberpr\u00fcfen Sie daher vor der Bestellung Ihr Fahrzeugmodell, um unn\u00f6tige Probleme zu vermeiden.<\/strong><\/p>\n<h2>ERSTATTUNG<\/h2>\n<p>Tritt der K\u00e4ufer gem\u00e4\u00df den Widerrufsbedingungen von der Bestellung oder dem Vertrag zur\u00fcck, ist der Verk\u00e4ufer verpflichtet, den gezahlten Kaufpreis auf das Bankkonto des K\u00e4ufers zur\u00fcckzuerstatten.<\/p>\n<h2>Rechnungsstellung, Vertragsabschluss und Warenzahlung<\/h2>\n<p>Die Firma TECH PLUS doo stellt eine Rechnung f\u00fcr die bestellten Waren aus und \u00fcbergibt dem K\u00e4ufer bei Warenlieferung neben der Rechnung auch die weiteren erforderlichen Unterlagen. Der K\u00e4ufer bezahlt die bestellten, lagernden Waren per Vorauszahlung. Die bestellten Waren bleiben bis zur vollst\u00e4ndigen Bezahlung Eigentum der Firma TECH PLUS doo.<\/p>\n<h2>ZAHLUNGSMETHODEN<\/h2>\n<p>Der Online-Shop akzeptiert folgende Zahlungsmethoden:<\/p>\n<ul>\n<li>Zahlung auf das Girokonto des Online-Shops (<strong>Zahlung per Rechnung<\/strong>)<\/li>\n<li>Maestro\/Mastercard\/VISA<\/li>\n<\/ul>\n<h2>PREISE UND IHRE G\u00dcLTIGKEIT<\/h2>\n<p><strong>Die Preise gelten zum Zeitpunkt der Bestellung.<\/strong>\u00a0und haben keine vorbestimmte G\u00fcltigkeit.<\/p>\n<p>Es gelten die angegebenen Preise bei Zahlung mit den oben genannten Zahlungsmethoden.<br \/>Trotz gr\u00f6\u00dfter Bem\u00fchungen, stets aktuelle und korrekte Informationen bereitzustellen, kann es vorkommen, dass Preisangaben fehlerhaft sind. In diesem Fall oder falls sich der Preis w\u00e4hrend der Bestellabwicklung \u00e4ndert, erm\u00f6glicht der Anbieter dem K\u00e4ufer den R\u00fccktritt vom Kauf und bietet gleichzeitig eine f\u00fcr beide Seiten zufriedenstellende L\u00f6sung an.<\/p>\n<p>Der Kaufvertrag zwischen Anbieter und K\u00e4ufer kommt mit der Auftragsbest\u00e4tigung durch den Anbieter zustande (der K\u00e4ufer erh\u00e4lt eine E-Mail mit dem Status \u201eBestellung best\u00e4tigt\u201c). Ab diesem Zeitpunkt sind alle Preise und sonstigen Bedingungen f\u00fcr beide Parteien verbindlich.<\/p>\n<h2>RECHTLICHER HINWEIS<\/h2>\n<p>Auf Websites ver\u00f6ffentlichte Inhalte\u00a0<a href=\"https:\/\/avtoprevleke.si\/de\/\">carcovers.si<\/a>, Die Inhalte dieser Website sind Eigentum von TECH PLUS doo und seinen Lieferanten und d\u00fcrfen ausschlie\u00dflich f\u00fcr nichtkommerzielle Zwecke verwendet werden. Alle Urheberrechtshinweise m\u00fcssen erhalten bleiben. Daher ist es untersagt, die Inhalte zu kopieren, zu vervielf\u00e4ltigen oder anderweitig zu verbreiten. TECH PLUS doo ist stets bem\u00fcht, die Inhalte aktuell und korrekt zu halten, \u00fcbernimmt jedoch keine Haftung f\u00fcr gelegentliche Ausf\u00e4lle, fehlerhafte Informationen oder Sch\u00e4den, die durch die Nutzung fehlerhafter oder unvollst\u00e4ndiger Informationen entstehen. Weder TECH PLUS doo noch andere an der Erstellung dieser Website beteiligte nat\u00fcrliche oder juristische Personen haften f\u00fcr Sch\u00e4den, die durch den Zugriff auf, die Nutzung oder die Unm\u00f6glichkeit der Nutzung der Informationen auf dieser Website oder durch Fehler oder M\u00e4ngel in deren Inhalt entstehen. TECH PLUS doo beh\u00e4lt sich au\u00dferdem das Recht vor, die Inhalte jederzeit und ohne vorherige Ank\u00fcndigung zu \u00e4ndern.<\/p>\n<h2>RECHTSSCHUTZ<\/h2>\n<p>F\u00fcr sonstige, in den Allgemeinen Gesch\u00e4ftsbedingungen nicht genannte Bedingungen gelten die Bestimmungen der jeweils anwendbaren einschl\u00e4gigen Gesetzgebung.<\/p>\n<h2>Benutzerunterst\u00fctzung<\/h2>\n<p>Bei Fragen zu Zahlungen, Artikeln, Beschwerden und dem Gesch\u00e4ft selbst k\u00f6nnen Sie uns jederzeit per E-Mail oder w\u00e4hrend der Gesch\u00e4ftszeiten telefonisch kontaktieren.<\/p>\n<p>E-Mail:\u00a0<a href=\"mailto:info@techplus.si?subject=Povpra%C5%A1evanje\">info@techplus.si<\/a><\/p>\n<p>Telefon:\u00a0<strong>041 589 022<\/strong><\/p>","protected":false},"excerpt":{"rendered":"","protected":false},"author":1,"featured_media":0,"parent":0,"menu_order":0,"comment_status":"closed","ping_status":"open","template":"","meta":{"footnotes":""},"class_list":["post-3","page","type-page","status-publish","hentry"],"yoast_head":"<!-- This site is optimized with the Yoast SEO plugin v27.3 - https:\/\/yoast.com\/product\/yoast-seo-wordpress\/ -->\n<title>Pogoji poslovanja - Avtoprevleke po meri | TECH PLUS<\/title>\n<meta name=\"robots\" content=\"index, follow, max-snippet:-1, max-image-preview:large, max-video-preview:-1\" \/>\n<link rel=\"canonical\" href=\"https:\/\/avtoprevleke.si\/de\/datenschutzrichtlinie\/\" \/>\n<meta property=\"og:locale\" content=\"de_DE\" \/>\n<meta property=\"og:type\" content=\"article\" \/>\n<meta property=\"og:title\" content=\"Pogoji poslovanja - Avtoprevleke po meri | TECH PLUS\" \/>\n<meta property=\"og:url\" content=\"https:\/\/avtoprevleke.si\/de\/datenschutzrichtlinie\/\" \/>\n<meta property=\"og:site_name\" content=\"Avtoprevleke po meri | TECH PLUS\" \/>\n<meta property=\"article:modified_time\" content=\"2024-07-24T12:16:51+00:00\" \/>\n<meta name=\"twitter:card\" content=\"summary_large_image\" \/>\n<meta name=\"twitter:label1\" content=\"Gesch\u00e4tzte Lesezeit\" \/>\n\t<meta name=\"twitter:data1\" content=\"8\u00a0Minuten\" \/>\n<script type=\"application\/ld+json\" class=\"yoast-schema-graph\">{\"@context\":\"https:\\\/\\\/schema.org\",\"@graph\":[{\"@type\":\"WebPage\",\"@id\":\"https:\\\/\\\/avtoprevleke.si\\\/privacy-policy\\\/\",\"url\":\"https:\\\/\\\/avtoprevleke.si\\\/privacy-policy\\\/\",\"name\":\"Pogoji poslovanja - Avtoprevleke po meri | TECH PLUS\",\"isPartOf\":{\"@id\":\"https:\\\/\\\/avtoprevleke.si\\\/#website\"},\"datePublished\":\"2018-08-08T17:45:25+00:00\",\"dateModified\":\"2024-07-24T12:16:51+00:00\",\"breadcrumb\":{\"@id\":\"https:\\\/\\\/avtoprevleke.si\\\/privacy-policy\\\/#breadcrumb\"},\"inLanguage\":\"de\",\"potentialAction\":[{\"@type\":\"ReadAction\",\"target\":[\"https:\\\/\\\/avtoprevleke.si\\\/privacy-policy\\\/\"]}]},{\"@type\":\"BreadcrumbList\",\"@id\":\"https:\\\/\\\/avtoprevleke.si\\\/privacy-policy\\\/#breadcrumb\",\"itemListElement\":[{\"@type\":\"ListItem\",\"position\":1,\"name\":\"Home\",\"item\":\"https:\\\/\\\/avtoprevleke.si\\\/\"},{\"@type\":\"ListItem\",\"position\":2,\"name\":\"Pogoji poslovanja\"}]},{\"@type\":\"WebSite\",\"@id\":\"https:\\\/\\\/avtoprevleke.si\\\/#website\",\"url\":\"https:\\\/\\\/avtoprevleke.si\\\/\",\"name\":\"Avtoprevleke po meri | TECH PLUS\",\"description\":\"Tipske avtoprevleke - sede\u017ene prevleke za avto\",\"publisher\":{\"@id\":\"https:\\\/\\\/avtoprevleke.si\\\/#organization\"},\"potentialAction\":[{\"@type\":\"SearchAction\",\"target\":{\"@type\":\"EntryPoint\",\"urlTemplate\":\"https:\\\/\\\/avtoprevleke.si\\\/?s={search_term_string}\"},\"query-input\":{\"@type\":\"PropertyValueSpecification\",\"valueRequired\":true,\"valueName\":\"search_term_string\"}}],\"inLanguage\":\"de\"},{\"@type\":\"Organization\",\"@id\":\"https:\\\/\\\/avtoprevleke.si\\\/#organization\",\"name\":\"Avtoprevleke po meri | TECH PLUS\",\"url\":\"https:\\\/\\\/avtoprevleke.si\\\/\",\"logo\":{\"@type\":\"ImageObject\",\"inLanguage\":\"de\",\"@id\":\"https:\\\/\\\/avtoprevleke.si\\\/#\\\/schema\\\/logo\\\/image\\\/\",\"url\":\"https:\\\/\\\/avtoprevleke.si\\\/wp-content\\\/uploads\\\/2018\\\/09\\\/avtoprevleke-logo.png\",\"contentUrl\":\"https:\\\/\\\/avtoprevleke.si\\\/wp-content\\\/uploads\\\/2018\\\/09\\\/avtoprevleke-logo.png\",\"width\":856,\"height\":330,\"caption\":\"Avtoprevleke po meri | TECH PLUS\"},\"image\":{\"@id\":\"https:\\\/\\\/avtoprevleke.si\\\/#\\\/schema\\\/logo\\\/image\\\/\"}}]}<\/script>\n<!-- \/ Yoast SEO plugin. -->","yoast_head_json":{"title":"Allgemeine Gesch\u00e4ftsbedingungen \u2013 Ma\u00dfgefertigte Autoabdeckungen | TECH PLUS","robots":{"index":"index","follow":"follow","max-snippet":"max-snippet:-1","max-image-preview":"max-image-preview:large","max-video-preview":"max-video-preview:-1"},"canonical":"https:\/\/avtoprevleke.si\/de\/datenschutzrichtlinie\/","og_locale":"de_DE","og_type":"article","og_title":"Pogoji poslovanja - Avtoprevleke po meri | TECH PLUS","og_url":"https:\/\/avtoprevleke.si\/de\/datenschutzrichtlinie\/","og_site_name":"Avtoprevleke po meri | TECH PLUS","article_modified_time":"2024-07-24T12:16:51+00:00","twitter_card":"summary_large_image","twitter_misc":{"Gesch\u00e4tzte Lesezeit":"8\u00a0Minuten"},"schema":{"@context":"https:\/\/schema.org","@graph":[{"@type":"WebPage","@id":"https:\/\/avtoprevleke.si\/privacy-policy\/","url":"https:\/\/avtoprevleke.si\/privacy-policy\/","name":"Allgemeine Gesch\u00e4ftsbedingungen \u2013 Ma\u00dfgefertigte Autoabdeckungen | TECH PLUS","isPartOf":{"@id":"https:\/\/avtoprevleke.si\/#website"},"datePublished":"2018-08-08T17:45:25+00:00","dateModified":"2024-07-24T12:16:51+00:00","breadcrumb":{"@id":"https:\/\/avtoprevleke.si\/privacy-policy\/#breadcrumb"},"inLanguage":"de","potentialAction":[{"@type":"ReadAction","target":["https:\/\/avtoprevleke.si\/privacy-policy\/"]}]},{"@type":"BreadcrumbList","@id":"https:\/\/avtoprevleke.si\/privacy-policy\/#breadcrumb","itemListElement":[{"@type":"ListItem","position":1,"name":"Home","item":"https:\/\/avtoprevleke.si\/"},{"@type":"ListItem","position":2,"name":"Pogoji poslovanja"}]},{"@type":"WebSite","@id":"https:\/\/avtoprevleke.si\/#website","url":"https:\/\/avtoprevleke.si\/","name":"Ma\u00dfgeschneiderte Autositzbez\u00fcge | TECH PLUS","description":"Standard-Autoabdeckungen \u2013 Autositzbez\u00fcge","publisher":{"@id":"https:\/\/avtoprevleke.si\/#organization"},"potentialAction":[{"@type":"SearchAction","target":{"@type":"EntryPoint","urlTemplate":"https:\/\/avtoprevleke.si\/?s={search_term_string}"},"query-input":{"@type":"PropertyValueSpecification","valueRequired":true,"valueName":"search_term_string"}}],"inLanguage":"de"},{"@type":"Organization","@id":"https:\/\/avtoprevleke.si\/#organization","name":"Ma\u00dfgeschneiderte Autositzbez\u00fcge | TECH PLUS","url":"https:\/\/avtoprevleke.si\/","logo":{"@type":"ImageObject","inLanguage":"de","@id":"https:\/\/avtoprevleke.si\/#\/schema\/logo\/image\/","url":"https:\/\/avtoprevleke.si\/wp-content\/uploads\/2018\/09\/avtoprevleke-logo.png","contentUrl":"https:\/\/avtoprevleke.si\/wp-content\/uploads\/2018\/09\/avtoprevleke-logo.png","width":856,"height":330,"caption":"Avtoprevleke po meri | TECH PLUS"},"image":{"@id":"https:\/\/avtoprevleke.si\/#\/schema\/logo\/image\/"}}]}},"_links":{"self":[{"href":"https:\/\/avtoprevleke.si\/de\/wp-json\/wp\/v2\/pages\/3","targetHints":{"allow":["GET"]}}],"collection":[{"href":"https:\/\/avtoprevleke.si\/de\/wp-json\/wp\/v2\/pages"}],"about":[{"href":"https:\/\/avtoprevleke.si\/de\/wp-json\/wp\/v2\/types\/page"}],"author":[{"embeddable":true,"href":"https:\/\/avtoprevleke.si\/de\/wp-json\/wp\/v2\/users\/1"}],"replies":[{"embeddable":true,"href":"https:\/\/avtoprevleke.si\/de\/wp-json\/wp\/v2\/comments?post=3"}],"version-history":[{"count":3,"href":"https:\/\/avtoprevleke.si\/de\/wp-json\/wp\/v2\/pages\/3\/revisions"}],"predecessor-version":[{"id":34255,"href":"https:\/\/avtoprevleke.si\/de\/wp-json\/wp\/v2\/pages\/3\/revisions\/34255"}],"wp:attachment":[{"href":"https:\/\/avtoprevleke.si\/de\/wp-json\/wp\/v2\/media?parent=3"}],"curies":[{"name":"wp","href":"https:\/\/api.w.org\/{rel}","templated":true}]}}