{"id":34400,"date":"2025-02-28T12:17:24","date_gmt":"2025-02-28T11:17:24","guid":{"rendered":"https:\/\/avtoprevleke.si\/?post_type=product&#038;p=34400"},"modified":"2026-03-30T12:31:07","modified_gmt":"2026-03-30T11:31:07","slug":"custom-car-cover-for-volkswagen-t7-2021-multivan","status":"publish","type":"product","link":"http:\/\/avtoprevleke.si\/en\/izdelki\/avtoprevleka-po-meri-za-volkswagen-t7-2021-multivan\/","title":{"rendered":"Custom car trailer for Volkswagen T7 (2021+) Multivan"},"content":{"rendered":"<p>1. type of seats:<br \/>\nThe front seats are conventional, with active pillows. There are four front armrests attached to the backrests. The seats shall include an airbag and plastic folding tables at the rear of the front backrests.<\/p>\n<p>2. type of seats:<br \/>\nTwo separate seats, with Isofix system attached to the upholstery. The seats have handles for folding the backrests. There are four rear armrests attached to the backrests.<\/p>\n<p>3rd row of seats:<br \/>\nThe third (middle) belt comes out of the middle backrest and Isofix is also attached to the upholstery.<\/p>\n<p>Code: PM37437<\/p>","protected":false},"excerpt":{"rendered":"<p>3 rows of seats, 1st row: regular front seats, active front pillows, 4 front armrests attached to the backrests, airbag, plastic folding tables at the back of the front backrests, 2nd row. Type 2: 2 separate seats, isofix attached to the upholstery, handles for folding the backrests, 4 rear armrests attached to the backrests, Type 3: rear backrest and seat divisible by 1\/3+1\/3+1\/3, third (middle) belt protrudes from the middle backrest, isofix attached to the upholstery.<\/p>","protected":false},"featured_media":34418,"comment_status":"open","ping_status":"closed","template":"","meta":[],"product_brand":[],"product_cat":[1265],"product_tag":[1016],"class_list":{"0":"post-34400","1":"product","2":"type-product","3":"status-publish","4":"has-post-thumbnail","6":"product_cat-2021-t7","7":"product_tag-volkswagen","9":"first","10":"instock","11":"sale","12":"shipping-taxable","13":"purchasable","14":"product-type-variable"},"yoast_head":"<!-- This site is optimized with the Yoast SEO plugin v27.5 - https:\/\/yoast.com\/product\/yoast-seo-wordpress\/ -->\n<title>Avtoprevleka po meri za Volkswagen T7 (2021+) Multivan - Avtoprevleke po meri | TECH PLUS<\/title>\n<meta name=\"robots\" content=\"index, follow, max-snippet:-1, max-image-preview:large, max-video-preview:-1\" \/>\n<link rel=\"canonical\" href=\"https:\/\/avtoprevleke.si\/en\/products\/custom-car-cover-for-volkswagen-t7-2021-multivan\/\" \/>\n<meta property=\"og:locale\" content=\"en_GB\" \/>\n<meta property=\"og:type\" content=\"article\" \/>\n<meta property=\"og:title\" content=\"Avtoprevleka po meri za Volkswagen T7 (2021+) Multivan - Avtoprevleke po meri | TECH PLUS\" \/>\n<meta property=\"og:description\" content=\"3 vrste sede\u017eev, 1. vrsta: navadni sprednji sede\u017ei, aktivni sprednji vzglavniki, 4 sprednji nasloni za roke pritrjeni na naslonjala, zra\u010dna blazina, plasti\u010dne zlo\u017eljive mizice na zadnji strani sprednjih naslonjal, 2. vrsta: 2 lo\u010dena sede\u017ea, isofix pritrjen na oblazinjenje, ro\u010daji za zlaganje naslonjal, 4 zadnji nasloni za roke pritrjeni na naslonjala, 3. vrsta: zadnji naslon in sede\u017e deljiv 1\/3+1\/3+1\/3, tretji (srednji) pas izstopa iz srednjega naslonjala, isofix pritrjen na oblazinjenje.\" \/>\n<meta property=\"og:url\" content=\"https:\/\/avtoprevleke.si\/en\/products\/custom-car-cover-for-volkswagen-t7-2021-multivan\/\" \/>\n<meta property=\"og:site_name\" content=\"Avtoprevleke po meri | TECH PLUS\" \/>\n<meta property=\"article:modified_time\" content=\"2026-03-30T11:31:07+00:00\" \/>\n<meta property=\"og:image\" content=\"https:\/\/avtoprevleke.si\/wp-content\/uploads\/2025\/02\/avtoprevleka-po-meri-vw-t7-2021-multivan.jpg\" \/>\n\t<meta property=\"og:image:width\" content=\"510\" \/>\n\t<meta property=\"og:image:height\" content=\"510\" \/>\n\t<meta property=\"og:image:type\" content=\"image\/jpeg\" \/>\n<meta name=\"twitter:card\" content=\"summary_large_image\" \/>\n<meta name=\"twitter:label1\" content=\"Estimated reading time\" \/>\n\t<meta name=\"twitter:data1\" content=\"1 minute\" \/>\n<script type=\"application\/ld+json\" class=\"yoast-schema-graph\">{\"@context\":\"https:\\\/\\\/schema.org\",\"@graph\":[{\"@type\":\"WebPage\",\"@id\":\"https:\\\/\\\/avtoprevleke.si\\\/izdelki\\\/avtoprevleka-po-meri-za-volkswagen-t7-2021-multivan\\\/\",\"url\":\"https:\\\/\\\/avtoprevleke.si\\\/izdelki\\\/avtoprevleka-po-meri-za-volkswagen-t7-2021-multivan\\\/\",\"name\":\"Avtoprevleka po meri za Volkswagen T7 (2021+) Multivan - Avtoprevleke po meri | TECH PLUS\",\"isPartOf\":{\"@id\":\"https:\\\/\\\/avtoprevleke.si\\\/#website\"},\"primaryImageOfPage\":{\"@id\":\"https:\\\/\\\/avtoprevleke.si\\\/izdelki\\\/avtoprevleka-po-meri-za-volkswagen-t7-2021-multivan\\\/#primaryimage\"},\"image\":{\"@id\":\"https:\\\/\\\/avtoprevleke.si\\\/izdelki\\\/avtoprevleka-po-meri-za-volkswagen-t7-2021-multivan\\\/#primaryimage\"},\"thumbnailUrl\":\"https:\\\/\\\/avtoprevleke.si\\\/wp-content\\\/uploads\\\/2025\\\/02\\\/avtoprevleka-po-meri-vw-t7-2021-multivan.jpg\",\"datePublished\":\"2025-02-28T11:17:24+00:00\",\"dateModified\":\"2026-03-30T11:31:07+00:00\",\"breadcrumb\":{\"@id\":\"https:\\\/\\\/avtoprevleke.si\\\/izdelki\\\/avtoprevleka-po-meri-za-volkswagen-t7-2021-multivan\\\/#breadcrumb\"},\"inLanguage\":\"en-GB\",\"potentialAction\":[{\"@type\":\"ReadAction\",\"target\":[\"https:\\\/\\\/avtoprevleke.si\\\/izdelki\\\/avtoprevleka-po-meri-za-volkswagen-t7-2021-multivan\\\/\"]}]},{\"@type\":\"ImageObject\",\"inLanguage\":\"en-GB\",\"@id\":\"https:\\\/\\\/avtoprevleke.si\\\/izdelki\\\/avtoprevleka-po-meri-za-volkswagen-t7-2021-multivan\\\/#primaryimage\",\"url\":\"https:\\\/\\\/avtoprevleke.si\\\/wp-content\\\/uploads\\\/2025\\\/02\\\/avtoprevleka-po-meri-vw-t7-2021-multivan.jpg\",\"contentUrl\":\"https:\\\/\\\/avtoprevleke.si\\\/wp-content\\\/uploads\\\/2025\\\/02\\\/avtoprevleka-po-meri-vw-t7-2021-multivan.jpg\",\"width\":510,\"height\":510,\"caption\":\"Avtoprevleka po meri za VW T7 Multivan\"},{\"@type\":\"BreadcrumbList\",\"@id\":\"https:\\\/\\\/avtoprevleke.si\\\/izdelki\\\/avtoprevleka-po-meri-za-volkswagen-t7-2021-multivan\\\/#breadcrumb\",\"itemListElement\":[{\"@type\":\"ListItem\",\"position\":1,\"name\":\"Home\",\"item\":\"https:\\\/\\\/avtoprevleke.si\\\/\"},{\"@type\":\"ListItem\",\"position\":2,\"name\":\"Prevleke po meri\",\"item\":\"https:\\\/\\\/avtoprevleke.si\\\/de\\\/individuelle-abdeckungen\\\/\"},{\"@type\":\"ListItem\",\"position\":3,\"name\":\"Avtoprevleka po meri za Volkswagen T7 (2021+) Multivan\"}]},{\"@type\":\"WebSite\",\"@id\":\"https:\\\/\\\/avtoprevleke.si\\\/#website\",\"url\":\"https:\\\/\\\/avtoprevleke.si\\\/\",\"name\":\"Avtoprevleke po meri | TECH PLUS\",\"description\":\"Tipske avtoprevleke - sede\u017ene prevleke za avto\",\"publisher\":{\"@id\":\"https:\\\/\\\/avtoprevleke.si\\\/#organization\"},\"potentialAction\":[{\"@type\":\"SearchAction\",\"target\":{\"@type\":\"EntryPoint\",\"urlTemplate\":\"https:\\\/\\\/avtoprevleke.si\\\/?s={search_term_string}\"},\"query-input\":{\"@type\":\"PropertyValueSpecification\",\"valueRequired\":true,\"valueName\":\"search_term_string\"}}],\"inLanguage\":\"en-GB\"},{\"@type\":\"Organization\",\"@id\":\"https:\\\/\\\/avtoprevleke.si\\\/#organization\",\"name\":\"Avtoprevleke po meri | TECH PLUS\",\"url\":\"https:\\\/\\\/avtoprevleke.si\\\/\",\"logo\":{\"@type\":\"ImageObject\",\"inLanguage\":\"en-GB\",\"@id\":\"https:\\\/\\\/avtoprevleke.si\\\/#\\\/schema\\\/logo\\\/image\\\/\",\"url\":\"https:\\\/\\\/avtoprevleke.si\\\/wp-content\\\/uploads\\\/2018\\\/09\\\/avtoprevleke-logo.png\",\"contentUrl\":\"https:\\\/\\\/avtoprevleke.si\\\/wp-content\\\/uploads\\\/2018\\\/09\\\/avtoprevleke-logo.png\",\"width\":856,\"height\":330,\"caption\":\"Avtoprevleke po meri | TECH PLUS\"},\"image\":{\"@id\":\"https:\\\/\\\/avtoprevleke.si\\\/#\\\/schema\\\/logo\\\/image\\\/\"}}]}<\/script>\n<!-- \/ Yoast SEO plugin. -->","yoast_head_json":{"title":"Avtoprevleka po meri za Volkswagen T7 (2021+) Multivan - Avtoprevleke po meri | TECH PLUS","robots":{"index":"index","follow":"follow","max-snippet":"max-snippet:-1","max-image-preview":"max-image-preview:large","max-video-preview":"max-video-preview:-1"},"canonical":"https:\/\/avtoprevleke.si\/en\/products\/custom-car-cover-for-volkswagen-t7-2021-multivan\/","og_locale":"en_GB","og_type":"article","og_title":"Avtoprevleka po meri za Volkswagen T7 (2021+) Multivan - Avtoprevleke po meri | TECH PLUS","og_description":"3 vrste sede\u017eev, 1. vrsta: navadni sprednji sede\u017ei, aktivni sprednji vzglavniki, 4 sprednji nasloni za roke pritrjeni na naslonjala, zra\u010dna blazina, plasti\u010dne zlo\u017eljive mizice na zadnji strani sprednjih naslonjal, 2. vrsta: 2 lo\u010dena sede\u017ea, isofix pritrjen na oblazinjenje, ro\u010daji za zlaganje naslonjal, 4 zadnji nasloni za roke pritrjeni na naslonjala, 3. vrsta: zadnji naslon in sede\u017e deljiv 1\/3+1\/3+1\/3, tretji (srednji) pas izstopa iz srednjega naslonjala, isofix pritrjen na oblazinjenje.","og_url":"https:\/\/avtoprevleke.si\/en\/products\/custom-car-cover-for-volkswagen-t7-2021-multivan\/","og_site_name":"Avtoprevleke po meri | TECH PLUS","article_modified_time":"2026-03-30T11:31:07+00:00","og_image":[{"width":510,"height":510,"url":"https:\/\/avtoprevleke.si\/wp-content\/uploads\/2025\/02\/avtoprevleka-po-meri-vw-t7-2021-multivan.jpg","type":"image\/jpeg"}],"twitter_card":"summary_large_image","twitter_misc":{"Estimated reading time":"1 minute"},"schema":{"@context":"https:\/\/schema.org","@graph":[{"@type":"WebPage","@id":"https:\/\/avtoprevleke.si\/izdelki\/avtoprevleka-po-meri-za-volkswagen-t7-2021-multivan\/","url":"https:\/\/avtoprevleke.si\/izdelki\/avtoprevleka-po-meri-za-volkswagen-t7-2021-multivan\/","name":"Avtoprevleka po meri za Volkswagen T7 (2021+) Multivan - Avtoprevleke po meri | TECH PLUS","isPartOf":{"@id":"https:\/\/avtoprevleke.si\/#website"},"primaryImageOfPage":{"@id":"https:\/\/avtoprevleke.si\/izdelki\/avtoprevleka-po-meri-za-volkswagen-t7-2021-multivan\/#primaryimage"},"image":{"@id":"https:\/\/avtoprevleke.si\/izdelki\/avtoprevleka-po-meri-za-volkswagen-t7-2021-multivan\/#primaryimage"},"thumbnailUrl":"https:\/\/avtoprevleke.si\/wp-content\/uploads\/2025\/02\/avtoprevleka-po-meri-vw-t7-2021-multivan.jpg","datePublished":"2025-02-28T11:17:24+00:00","dateModified":"2026-03-30T11:31:07+00:00","breadcrumb":{"@id":"https:\/\/avtoprevleke.si\/izdelki\/avtoprevleka-po-meri-za-volkswagen-t7-2021-multivan\/#breadcrumb"},"inLanguage":"en-GB","potentialAction":[{"@type":"ReadAction","target":["https:\/\/avtoprevleke.si\/izdelki\/avtoprevleka-po-meri-za-volkswagen-t7-2021-multivan\/"]}]},{"@type":"ImageObject","inLanguage":"en-GB","@id":"https:\/\/avtoprevleke.si\/izdelki\/avtoprevleka-po-meri-za-volkswagen-t7-2021-multivan\/#primaryimage","url":"https:\/\/avtoprevleke.si\/wp-content\/uploads\/2025\/02\/avtoprevleka-po-meri-vw-t7-2021-multivan.jpg","contentUrl":"https:\/\/avtoprevleke.si\/wp-content\/uploads\/2025\/02\/avtoprevleka-po-meri-vw-t7-2021-multivan.jpg","width":510,"height":510,"caption":"Avtoprevleka po meri za VW T7 Multivan"},{"@type":"BreadcrumbList","@id":"https:\/\/avtoprevleke.si\/izdelki\/avtoprevleka-po-meri-za-volkswagen-t7-2021-multivan\/#breadcrumb","itemListElement":[{"@type":"ListItem","position":1,"name":"Home","item":"https:\/\/avtoprevleke.si\/"},{"@type":"ListItem","position":2,"name":"Prevleke po meri","item":"https:\/\/avtoprevleke.si\/de\/individuelle-abdeckungen\/"},{"@type":"ListItem","position":3,"name":"Avtoprevleka po meri za Volkswagen T7 (2021+) Multivan"}]},{"@type":"WebSite","@id":"https:\/\/avtoprevleke.si\/#website","url":"https:\/\/avtoprevleke.si\/","name":"Custom-made car seat covers | TECH PLUS","description":"Standard car covers - car seat covers","publisher":{"@id":"https:\/\/avtoprevleke.si\/#organization"},"potentialAction":[{"@type":"SearchAction","target":{"@type":"EntryPoint","urlTemplate":"https:\/\/avtoprevleke.si\/?s={search_term_string}"},"query-input":{"@type":"PropertyValueSpecification","valueRequired":true,"valueName":"search_term_string"}}],"inLanguage":"en-GB"},{"@type":"Organization","@id":"https:\/\/avtoprevleke.si\/#organization","name":"Custom-made car seat covers | TECH PLUS","url":"https:\/\/avtoprevleke.si\/","logo":{"@type":"ImageObject","inLanguage":"en-GB","@id":"https:\/\/avtoprevleke.si\/#\/schema\/logo\/image\/","url":"https:\/\/avtoprevleke.si\/wp-content\/uploads\/2018\/09\/avtoprevleke-logo.png","contentUrl":"https:\/\/avtoprevleke.si\/wp-content\/uploads\/2018\/09\/avtoprevleke-logo.png","width":856,"height":330,"caption":"Avtoprevleke po meri | TECH PLUS"},"image":{"@id":"https:\/\/avtoprevleke.si\/#\/schema\/logo\/image\/"}}]}},"_links":{"self":[{"href":"http:\/\/avtoprevleke.si\/en\/wp-json\/wp\/v2\/product\/34400","targetHints":{"allow":["GET"]}}],"collection":[{"href":"http:\/\/avtoprevleke.si\/en\/wp-json\/wp\/v2\/product"}],"about":[{"href":"http:\/\/avtoprevleke.si\/en\/wp-json\/wp\/v2\/types\/product"}],"replies":[{"embeddable":true,"href":"http:\/\/avtoprevleke.si\/en\/wp-json\/wp\/v2\/comments?post=34400"}],"wp:featuredmedia":[{"embeddable":true,"href":"http:\/\/avtoprevleke.si\/en\/wp-json\/wp\/v2\/media\/34418"}],"wp:attachment":[{"href":"http:\/\/avtoprevleke.si\/en\/wp-json\/wp\/v2\/media?parent=34400"}],"wp:term":[{"taxonomy":"product_brand","embeddable":true,"href":"http:\/\/avtoprevleke.si\/en\/wp-json\/wp\/v2\/product_brand?post=34400"},{"taxonomy":"product_cat","embeddable":true,"href":"http:\/\/avtoprevleke.si\/en\/wp-json\/wp\/v2\/product_cat?post=34400"},{"taxonomy":"product_tag","embeddable":true,"href":"http:\/\/avtoprevleke.si\/en\/wp-json\/wp\/v2\/product_tag?post=34400"}],"curies":[{"name":"wp","href":"https:\/\/api.w.org\/{rel}","templated":true}]}}