{"id":33839,"date":"2024-02-15T14:32:12","date_gmt":"2024-02-15T13:32:12","guid":{"rendered":"https:\/\/avtoprevleke.si\/?post_type=product&#038;p=33839"},"modified":"2026-03-30T12:30:30","modified_gmt":"2026-03-30T11:30:30","slug":"masgefertigte-autoabdeckung-fur-volkswagen-id-buzz-pro-2022","status":"publish","type":"product","link":"http:\/\/avtoprevleke.si\/de\/izdelki\/avtoprevleka-po-meri-za-volkswagen-id-buzz-pro-2022\/","title":{"rendered":"Ma\u00dfgefertigte Autoabdeckung f\u00fcr Volkswagen ID.Buzz Pro (ab 2022)"},"content":{"rendered":"<p>Die Vordersitze sind ergonomisch geformt und verf\u00fcgen \u00fcber klappbare Kunststofftische an den R\u00fcckenlehnen. Die vorderen Kopfst\u00fctzen sind serienm\u00e4\u00dfig. Vier Armlehnen sind an den R\u00fcckenlehnen befestigt. Drei Airbags (einer au\u00dfen an den Vordersitzen und einer innen am Fahrersitz) sind vorhanden. Die Vordersitze lassen sich ausziehen. Der Bezug kann nur bei vollst\u00e4ndig zur\u00fcckgelehnten Sitzen angebracht werden. R\u00fccksitzbank und Sitzfl\u00e4che sind im Verh\u00e4ltnis 1\/3 + 2\/3 teilbar. Der dritte (mittlere) Gurt wird aus der R\u00fcckenlehne herausgef\u00fchrt. Isofix ist am Bezug der R\u00fccksitze befestigt. Code: S37404 C<\/p>","protected":false},"excerpt":{"rendered":"<p>Die Vordersitze sind ergonomisch geformt, an ihren R\u00fcckseiten befinden sich klappbare Kunststofftische, die vorderen Kopfst\u00fctzen geh\u00f6ren zur Serienausstattung, vier Armlehnen sind an den R\u00fcckenlehnen befestigt, drei Airbags (einer au\u00dfen an den Vordersitzen und einer innen am Fahrersitz) sind vorhanden, die Vordersitze verf\u00fcgen \u00fcber ein ausziehbares Segment, und der Bezug kann nur bei vollst\u00e4ndig zur\u00fcckgelehnten Sitzen angebracht werden, die R\u00fccksitzlehne und -fl\u00e4che sind im Verh\u00e4ltnis 1\/3 + 2\/3 teilbar, der dritte (mittlere) Gurt kommt aus der R\u00fcckenlehne heraus, Isofix ist am Bezug befestigt, die R\u00fccksitzlehnen<\/p>","protected":false},"featured_media":33568,"comment_status":"open","ping_status":"closed","template":"","meta":[],"product_brand":[],"product_cat":[1248],"product_tag":[1016],"class_list":{"0":"post-33839","1":"product","2":"type-product","3":"status-publish","4":"has-post-thumbnail","6":"product_cat-1248","7":"product_tag-volkswagen","9":"first","10":"instock","11":"sale","12":"shipping-taxable","13":"purchasable","14":"product-type-variable"},"yoast_head":"<!-- This site is optimized with the Yoast SEO plugin v27.5 - https:\/\/yoast.com\/product\/yoast-seo-wordpress\/ -->\n<title>Avtoprevleka po meri za Volkswagen ID.Buzz Pro (2022+) - Avtoprevleke po meri | TECH PLUS<\/title>\n<meta name=\"robots\" content=\"index, follow, max-snippet:-1, max-image-preview:large, max-video-preview:-1\" \/>\n<link rel=\"canonical\" href=\"https:\/\/avtoprevleke.si\/de\/produkte\/masgefertigte-autoabdeckung-fur-volkswagen-id-buzz-pro-2022\/\" \/>\n<meta property=\"og:locale\" content=\"de_DE\" \/>\n<meta property=\"og:type\" content=\"article\" \/>\n<meta property=\"og:title\" content=\"Avtoprevleka po meri za Volkswagen ID.Buzz Pro (2022+) - Avtoprevleke po meri | TECH PLUS\" \/>\n<meta property=\"og:description\" content=\"sprednji sede\u017ei so ergonomski, na hrbtni strani sprednjih naslonjal so plasti\u010dne zlo\u017eljive mizice, sprednji vzglavniki so obi\u010dajni, 4 sprednji nasloni za roke pritrjeni na sede\u017ena naslonjala, 3 airbagi (na zunanji strani sprednjih naslonjal in na voznikovem naslonjalu na notranja stran), sprednja sede\u017ea imata izvle\u010dni del, prevleko pa je mo\u017eno namestiti le na popolnoma povle\u010dene sede\u017ee, zadnje naslonjalo in sede\u017e deljiva 1\/3+2\/3, tretji (srednji) pas izhaja iz naslonjala, isofix povezan s prevlekeo, zadnjih naslonjal\" \/>\n<meta property=\"og:url\" content=\"https:\/\/avtoprevleke.si\/de\/produkte\/masgefertigte-autoabdeckung-fur-volkswagen-id-buzz-pro-2022\/\" \/>\n<meta property=\"og:site_name\" content=\"Avtoprevleke po meri | TECH PLUS\" \/>\n<meta property=\"article:modified_time\" content=\"2026-03-30T11:30:30+00:00\" \/>\n<meta property=\"og:image\" content=\"https:\/\/avtoprevleke.si\/wp-content\/uploads\/2024\/02\/avtoprevleka-za-vw-id-buzz-2022-pro.jpg\" \/>\n\t<meta property=\"og:image:width\" content=\"520\" \/>\n\t<meta property=\"og:image:height\" content=\"520\" \/>\n\t<meta property=\"og:image:type\" content=\"image\/jpeg\" \/>\n<meta name=\"twitter:card\" content=\"summary_large_image\" \/>\n<script type=\"application\/ld+json\" class=\"yoast-schema-graph\">{\"@context\":\"https:\\\/\\\/schema.org\",\"@graph\":[{\"@type\":\"WebPage\",\"@id\":\"https:\\\/\\\/avtoprevleke.si\\\/izdelki\\\/avtoprevleka-po-meri-za-volkswagen-id-buzz-pro-2022\\\/\",\"url\":\"https:\\\/\\\/avtoprevleke.si\\\/izdelki\\\/avtoprevleka-po-meri-za-volkswagen-id-buzz-pro-2022\\\/\",\"name\":\"Avtoprevleka po meri za Volkswagen ID.Buzz Pro (2022+) - Avtoprevleke po meri | TECH PLUS\",\"isPartOf\":{\"@id\":\"https:\\\/\\\/avtoprevleke.si\\\/#website\"},\"primaryImageOfPage\":{\"@id\":\"https:\\\/\\\/avtoprevleke.si\\\/izdelki\\\/avtoprevleka-po-meri-za-volkswagen-id-buzz-pro-2022\\\/#primaryimage\"},\"image\":{\"@id\":\"https:\\\/\\\/avtoprevleke.si\\\/izdelki\\\/avtoprevleka-po-meri-za-volkswagen-id-buzz-pro-2022\\\/#primaryimage\"},\"thumbnailUrl\":\"https:\\\/\\\/avtoprevleke.si\\\/wp-content\\\/uploads\\\/2024\\\/02\\\/avtoprevleka-za-vw-id-buzz-2022-pro.jpg\",\"datePublished\":\"2024-02-15T13:32:12+00:00\",\"dateModified\":\"2026-03-30T11:30:30+00:00\",\"breadcrumb\":{\"@id\":\"https:\\\/\\\/avtoprevleke.si\\\/izdelki\\\/avtoprevleka-po-meri-za-volkswagen-id-buzz-pro-2022\\\/#breadcrumb\"},\"inLanguage\":\"de\",\"potentialAction\":[{\"@type\":\"ReadAction\",\"target\":[\"https:\\\/\\\/avtoprevleke.si\\\/izdelki\\\/avtoprevleka-po-meri-za-volkswagen-id-buzz-pro-2022\\\/\"]}]},{\"@type\":\"ImageObject\",\"inLanguage\":\"de\",\"@id\":\"https:\\\/\\\/avtoprevleke.si\\\/izdelki\\\/avtoprevleka-po-meri-za-volkswagen-id-buzz-pro-2022\\\/#primaryimage\",\"url\":\"https:\\\/\\\/avtoprevleke.si\\\/wp-content\\\/uploads\\\/2024\\\/02\\\/avtoprevleka-za-vw-id-buzz-2022-pro.jpg\",\"contentUrl\":\"https:\\\/\\\/avtoprevleke.si\\\/wp-content\\\/uploads\\\/2024\\\/02\\\/avtoprevleka-za-vw-id-buzz-2022-pro.jpg\",\"width\":520,\"height\":520},{\"@type\":\"BreadcrumbList\",\"@id\":\"https:\\\/\\\/avtoprevleke.si\\\/izdelki\\\/avtoprevleka-po-meri-za-volkswagen-id-buzz-pro-2022\\\/#breadcrumb\",\"itemListElement\":[{\"@type\":\"ListItem\",\"position\":1,\"name\":\"Home\",\"item\":\"https:\\\/\\\/avtoprevleke.si\\\/\"},{\"@type\":\"ListItem\",\"position\":2,\"name\":\"Prevleke po meri\",\"item\":\"https:\\\/\\\/avtoprevleke.si\\\/de\\\/individuelle-abdeckungen\\\/\"},{\"@type\":\"ListItem\",\"position\":3,\"name\":\"Avtoprevleka po meri za Volkswagen ID.Buzz Pro (2022+)\"}]},{\"@type\":\"WebSite\",\"@id\":\"https:\\\/\\\/avtoprevleke.si\\\/#website\",\"url\":\"https:\\\/\\\/avtoprevleke.si\\\/\",\"name\":\"Avtoprevleke po meri | TECH PLUS\",\"description\":\"Tipske avtoprevleke - sede\u017ene prevleke za avto\",\"publisher\":{\"@id\":\"https:\\\/\\\/avtoprevleke.si\\\/#organization\"},\"potentialAction\":[{\"@type\":\"SearchAction\",\"target\":{\"@type\":\"EntryPoint\",\"urlTemplate\":\"https:\\\/\\\/avtoprevleke.si\\\/?s={search_term_string}\"},\"query-input\":{\"@type\":\"PropertyValueSpecification\",\"valueRequired\":true,\"valueName\":\"search_term_string\"}}],\"inLanguage\":\"de\"},{\"@type\":\"Organization\",\"@id\":\"https:\\\/\\\/avtoprevleke.si\\\/#organization\",\"name\":\"Avtoprevleke po meri | TECH PLUS\",\"url\":\"https:\\\/\\\/avtoprevleke.si\\\/\",\"logo\":{\"@type\":\"ImageObject\",\"inLanguage\":\"de\",\"@id\":\"https:\\\/\\\/avtoprevleke.si\\\/#\\\/schema\\\/logo\\\/image\\\/\",\"url\":\"https:\\\/\\\/avtoprevleke.si\\\/wp-content\\\/uploads\\\/2018\\\/09\\\/avtoprevleke-logo.png\",\"contentUrl\":\"https:\\\/\\\/avtoprevleke.si\\\/wp-content\\\/uploads\\\/2018\\\/09\\\/avtoprevleke-logo.png\",\"width\":856,\"height\":330,\"caption\":\"Avtoprevleke po meri | TECH PLUS\"},\"image\":{\"@id\":\"https:\\\/\\\/avtoprevleke.si\\\/#\\\/schema\\\/logo\\\/image\\\/\"}}]}<\/script>\n<!-- \/ Yoast SEO plugin. -->","yoast_head_json":{"title":"Ma\u00dfgefertigte Autoabdeckung f\u00fcr Volkswagen ID.Buzz Pro (ab 2022) \u2013 Ma\u00dfgefertigte Autoabdeckungen | TECH PLUS","robots":{"index":"index","follow":"follow","max-snippet":"max-snippet:-1","max-image-preview":"max-image-preview:large","max-video-preview":"max-video-preview:-1"},"canonical":"https:\/\/avtoprevleke.si\/de\/produkte\/masgefertigte-autoabdeckung-fur-volkswagen-id-buzz-pro-2022\/","og_locale":"de_DE","og_type":"article","og_title":"Avtoprevleka po meri za Volkswagen ID.Buzz Pro (2022+) - Avtoprevleke po meri | TECH PLUS","og_description":"sprednji sede\u017ei so ergonomski, na hrbtni strani sprednjih naslonjal so plasti\u010dne zlo\u017eljive mizice, sprednji vzglavniki so obi\u010dajni, 4 sprednji nasloni za roke pritrjeni na sede\u017ena naslonjala, 3 airbagi (na zunanji strani sprednjih naslonjal in na voznikovem naslonjalu na notranja stran), sprednja sede\u017ea imata izvle\u010dni del, prevleko pa je mo\u017eno namestiti le na popolnoma povle\u010dene sede\u017ee, zadnje naslonjalo in sede\u017e deljiva 1\/3+2\/3, tretji (srednji) pas izhaja iz naslonjala, isofix povezan s prevlekeo, zadnjih naslonjal","og_url":"https:\/\/avtoprevleke.si\/de\/produkte\/masgefertigte-autoabdeckung-fur-volkswagen-id-buzz-pro-2022\/","og_site_name":"Avtoprevleke po meri | TECH PLUS","article_modified_time":"2026-03-30T11:30:30+00:00","og_image":[{"width":520,"height":520,"url":"https:\/\/avtoprevleke.si\/wp-content\/uploads\/2024\/02\/avtoprevleka-za-vw-id-buzz-2022-pro.jpg","type":"image\/jpeg"}],"twitter_card":"summary_large_image","schema":{"@context":"https:\/\/schema.org","@graph":[{"@type":"WebPage","@id":"https:\/\/avtoprevleke.si\/izdelki\/avtoprevleka-po-meri-za-volkswagen-id-buzz-pro-2022\/","url":"https:\/\/avtoprevleke.si\/izdelki\/avtoprevleka-po-meri-za-volkswagen-id-buzz-pro-2022\/","name":"Ma\u00dfgefertigte Autoabdeckung f\u00fcr Volkswagen ID.Buzz Pro (ab 2022) \u2013 Ma\u00dfgefertigte Autoabdeckungen | TECH PLUS","isPartOf":{"@id":"https:\/\/avtoprevleke.si\/#website"},"primaryImageOfPage":{"@id":"https:\/\/avtoprevleke.si\/izdelki\/avtoprevleka-po-meri-za-volkswagen-id-buzz-pro-2022\/#primaryimage"},"image":{"@id":"https:\/\/avtoprevleke.si\/izdelki\/avtoprevleka-po-meri-za-volkswagen-id-buzz-pro-2022\/#primaryimage"},"thumbnailUrl":"https:\/\/avtoprevleke.si\/wp-content\/uploads\/2024\/02\/avtoprevleka-za-vw-id-buzz-2022-pro.jpg","datePublished":"2024-02-15T13:32:12+00:00","dateModified":"2026-03-30T11:30:30+00:00","breadcrumb":{"@id":"https:\/\/avtoprevleke.si\/izdelki\/avtoprevleka-po-meri-za-volkswagen-id-buzz-pro-2022\/#breadcrumb"},"inLanguage":"de","potentialAction":[{"@type":"ReadAction","target":["https:\/\/avtoprevleke.si\/izdelki\/avtoprevleka-po-meri-za-volkswagen-id-buzz-pro-2022\/"]}]},{"@type":"ImageObject","inLanguage":"de","@id":"https:\/\/avtoprevleke.si\/izdelki\/avtoprevleka-po-meri-za-volkswagen-id-buzz-pro-2022\/#primaryimage","url":"https:\/\/avtoprevleke.si\/wp-content\/uploads\/2024\/02\/avtoprevleka-za-vw-id-buzz-2022-pro.jpg","contentUrl":"https:\/\/avtoprevleke.si\/wp-content\/uploads\/2024\/02\/avtoprevleka-za-vw-id-buzz-2022-pro.jpg","width":520,"height":520},{"@type":"BreadcrumbList","@id":"https:\/\/avtoprevleke.si\/izdelki\/avtoprevleka-po-meri-za-volkswagen-id-buzz-pro-2022\/#breadcrumb","itemListElement":[{"@type":"ListItem","position":1,"name":"Home","item":"https:\/\/avtoprevleke.si\/"},{"@type":"ListItem","position":2,"name":"Prevleke po meri","item":"https:\/\/avtoprevleke.si\/de\/individuelle-abdeckungen\/"},{"@type":"ListItem","position":3,"name":"Avtoprevleka po meri za Volkswagen ID.Buzz Pro (2022+)"}]},{"@type":"WebSite","@id":"https:\/\/avtoprevleke.si\/#website","url":"https:\/\/avtoprevleke.si\/","name":"Ma\u00dfgeschneiderte Autositzbez\u00fcge | TECH PLUS","description":"Standard-Autoabdeckungen \u2013 Autositzbez\u00fcge","publisher":{"@id":"https:\/\/avtoprevleke.si\/#organization"},"potentialAction":[{"@type":"SearchAction","target":{"@type":"EntryPoint","urlTemplate":"https:\/\/avtoprevleke.si\/?s={search_term_string}"},"query-input":{"@type":"PropertyValueSpecification","valueRequired":true,"valueName":"search_term_string"}}],"inLanguage":"de"},{"@type":"Organization","@id":"https:\/\/avtoprevleke.si\/#organization","name":"Ma\u00dfgeschneiderte Autositzbez\u00fcge | TECH PLUS","url":"https:\/\/avtoprevleke.si\/","logo":{"@type":"ImageObject","inLanguage":"de","@id":"https:\/\/avtoprevleke.si\/#\/schema\/logo\/image\/","url":"https:\/\/avtoprevleke.si\/wp-content\/uploads\/2018\/09\/avtoprevleke-logo.png","contentUrl":"https:\/\/avtoprevleke.si\/wp-content\/uploads\/2018\/09\/avtoprevleke-logo.png","width":856,"height":330,"caption":"Avtoprevleke po meri | TECH PLUS"},"image":{"@id":"https:\/\/avtoprevleke.si\/#\/schema\/logo\/image\/"}}]}},"_links":{"self":[{"href":"http:\/\/avtoprevleke.si\/de\/wp-json\/wp\/v2\/product\/33839","targetHints":{"allow":["GET"]}}],"collection":[{"href":"http:\/\/avtoprevleke.si\/de\/wp-json\/wp\/v2\/product"}],"about":[{"href":"http:\/\/avtoprevleke.si\/de\/wp-json\/wp\/v2\/types\/product"}],"replies":[{"embeddable":true,"href":"http:\/\/avtoprevleke.si\/de\/wp-json\/wp\/v2\/comments?post=33839"}],"wp:featuredmedia":[{"embeddable":true,"href":"http:\/\/avtoprevleke.si\/de\/wp-json\/wp\/v2\/media\/33568"}],"wp:attachment":[{"href":"http:\/\/avtoprevleke.si\/de\/wp-json\/wp\/v2\/media?parent=33839"}],"wp:term":[{"taxonomy":"product_brand","embeddable":true,"href":"http:\/\/avtoprevleke.si\/de\/wp-json\/wp\/v2\/product_brand?post=33839"},{"taxonomy":"product_cat","embeddable":true,"href":"http:\/\/avtoprevleke.si\/de\/wp-json\/wp\/v2\/product_cat?post=33839"},{"taxonomy":"product_tag","embeddable":true,"href":"http:\/\/avtoprevleke.si\/de\/wp-json\/wp\/v2\/product_tag?post=33839"}],"curies":[{"name":"wp","href":"https:\/\/api.w.org\/{rel}","templated":true}]}}